{"id":1436,"date":"2023-10-09T13:30:18","date_gmt":"2023-10-09T13:30:18","guid":{"rendered":"http:\/\/instant-light-shows-2.local\/product\/intimidator-spot-60-ils\/"},"modified":"2024-01-29T21:47:27","modified_gmt":"2024-01-29T21:47:27","slug":"intimidator-spot-60-ils","status":"publish","type":"product","link":"https:\/\/chauvetdj-ils.com\/de\/produkt\/intimidator-spot-60-ils\/","title":{"rendered":"Intimidator Spot 60 ILS"},"content":{"rendered":"<div class=\"content content-block\">\n<p>Der Intimidator Spot 60 ILS ist ein kompakter, leistungsstarker 70-Watt-Moving Head f\u00fcr unterwegs. Dieser Scheinwerfer ist klein, aber m\u00e4chtig und ideal f\u00fcr den mobilen Einsatz. Der Intimidator Spot 60 ILS ist mit unserem ILS*-\u00d6kosystem kompatibel, d. h. er l\u00e4sst sich einfach einrichten und mit einer Vielzahl von Ger\u00e4tetypen synchronisieren und ist f\u00fcr die kabellose Steuerung mit D-Fi kompatibel. Als ideales Gegenst\u00fcck zum Intimidator Free Spot 60 ILS verf\u00fcgt dieser Scheinwerfer \u00fcber die gleichen beeindruckenden Funktionen wie rotierende Gobos, ein 3-Facetten-Prisma, manuellen Zoom und automatischen Fokus. Hinzu kommen Features wie die neue Home-Position, der innovative Totem-Modus, der die Beams auf der Tanzfl\u00e4che h\u00e4lt, und eine \u00bc-Drehung der Aufh\u00e4ngung, mit der Auf- und Abbau eurer Gigs im Handumdrehen m\u00f6glich ist. Hinzu kommen Features wie die neue Home-Position, der innovative Totem-Modus, der die Beams auf der Tanzfl\u00e4che h\u00e4lt, und eine Aufh\u00e4ngevorrichtung, die den Auf- und Abbau von Gigs im Handumdrehen erm\u00f6glicht. Genie\u00dft\u00a0 mit dem Intimidator Spot 60 ILS modernste ILS-Technologie mit den Vorteilen eines kompakten Scheinwerfers.<\/p>\n<p>*Zum Patent angemeldet<\/p>\n<\/div>\n","protected":false},"excerpt":{"rendered":"<p>Der Intimidator Spot 60 ILS ist ein kompakter, leistungsstarker 70-Watt-Moving Head f\u00fcr unterwegs. Dieser Scheinwerfer ist klein, aber m\u00e4chtig und ideal f\u00fcr den mobilen Einsatz. Der Intimidator Spot 60 ILS ist mit unserem ILS*-\u00d6kosystem kompatibel, d. h. er l\u00e4sst sich einfach einrichten und mit einer Vielzahl von Ger\u00e4tetypen synchronisieren und ist f\u00fcr die kabellose Steuerung [&hellip;]<\/p>\n","protected":false},"featured_media":4300,"comment_status":"open","ping_status":"closed","template":"","meta":[],"product_cat":[60],"product_tag":[67],"class_list":{"0":"post-1436","1":"product","2":"type-product","3":"status-publish","4":"has-post-thumbnail","6":"product_cat-ils-de","7":"product_tag-moving-heads-de","9":"first","10":"instock","11":"product-type-simple"},"acf":[],"yoast_head":"<!-- This site is optimized with the Yoast SEO plugin v27.1.1 - https:\/\/yoast.com\/product\/yoast-seo-wordpress\/ -->\n<title>Intimidator Spot 60 ILS - CHAUVET DJ | Instant Light Shows<\/title>\n<meta name=\"robots\" content=\"index, follow, max-snippet:-1, max-image-preview:large, max-video-preview:-1\" \/>\n<link rel=\"canonical\" href=\"https:\/\/chauvetdj-ils.com\/de\/produkt\/intimidator-spot-60-ils\/\" \/>\n<meta property=\"og:locale\" content=\"de_DE\" \/>\n<meta property=\"og:type\" content=\"article\" \/>\n<meta property=\"og:title\" content=\"Intimidator Spot 60 ILS - CHAUVET DJ | Instant Light Shows\" \/>\n<meta property=\"og:description\" content=\"Der Intimidator Spot 60 ILS ist ein kompakter, leistungsstarker 70-Watt-Moving Head f\u00fcr unterwegs. Dieser Scheinwerfer ist klein, aber m\u00e4chtig und ideal f\u00fcr den mobilen Einsatz. Der Intimidator Spot 60 ILS ist mit unserem ILS*-\u00d6kosystem kompatibel, d. h. er l\u00e4sst sich einfach einrichten und mit einer Vielzahl von Ger\u00e4tetypen synchronisieren und ist f\u00fcr die kabellose Steuerung [&hellip;]\" \/>\n<meta property=\"og:url\" content=\"https:\/\/chauvetdj-ils.com\/de\/produkt\/intimidator-spot-60-ils\/\" \/>\n<meta property=\"og:site_name\" content=\"CHAUVET DJ | Instant Light Shows\" \/>\n<meta property=\"article:modified_time\" content=\"2024-01-29T21:47:27+00:00\" \/>\n<meta property=\"og:image\" content=\"https:\/\/chauvetdj-ils.com\/wp-content\/uploads\/2023\/10\/INTIMIDATOR-SPOT-60-ILS-FRONT-OFF.png\" \/>\n\t<meta property=\"og:image:width\" content=\"800\" \/>\n\t<meta property=\"og:image:height\" content=\"800\" \/>\n\t<meta property=\"og:image:type\" content=\"image\/png\" \/>\n<meta name=\"twitter:card\" content=\"summary_large_image\" \/>\n<meta name=\"twitter:label1\" content=\"Est. reading time\" \/>\n\t<meta name=\"twitter:data1\" content=\"1 Minute\" \/>\n<script type=\"application\/ld+json\" class=\"yoast-schema-graph\">{\"@context\":\"https:\/\/schema.org\",\"@graph\":[{\"@type\":\"WebPage\",\"@id\":\"https:\/\/chauvetdj-ils.com\/de\/produkt\/intimidator-spot-60-ils\/\",\"url\":\"https:\/\/chauvetdj-ils.com\/de\/produkt\/intimidator-spot-60-ils\/\",\"name\":\"Intimidator Spot 60 ILS - CHAUVET DJ | Instant Light Shows\",\"isPartOf\":{\"@id\":\"https:\/\/chauvetdj-ils.com\/#website\"},\"primaryImageOfPage\":{\"@id\":\"https:\/\/chauvetdj-ils.com\/de\/produkt\/intimidator-spot-60-ils\/#primaryimage\"},\"image\":{\"@id\":\"https:\/\/chauvetdj-ils.com\/de\/produkt\/intimidator-spot-60-ils\/#primaryimage\"},\"thumbnailUrl\":\"https:\/\/chauvetdj-ils.com\/wp-content\/uploads\/2023\/10\/INTIMIDATOR-SPOT-60-ILS-FRONT-OFF.png\",\"datePublished\":\"2023-10-09T13:30:18+00:00\",\"dateModified\":\"2024-01-29T21:47:27+00:00\",\"breadcrumb\":{\"@id\":\"https:\/\/chauvetdj-ils.com\/de\/produkt\/intimidator-spot-60-ils\/#breadcrumb\"},\"inLanguage\":\"de-DE\",\"potentialAction\":[{\"@type\":\"ReadAction\",\"target\":[\"https:\/\/chauvetdj-ils.com\/de\/produkt\/intimidator-spot-60-ils\/\"]}]},{\"@type\":\"ImageObject\",\"inLanguage\":\"de-DE\",\"@id\":\"https:\/\/chauvetdj-ils.com\/de\/produkt\/intimidator-spot-60-ils\/#primaryimage\",\"url\":\"https:\/\/chauvetdj-ils.com\/wp-content\/uploads\/2023\/10\/INTIMIDATOR-SPOT-60-ILS-FRONT-OFF.png\",\"contentUrl\":\"https:\/\/chauvetdj-ils.com\/wp-content\/uploads\/2023\/10\/INTIMIDATOR-SPOT-60-ILS-FRONT-OFF.png\",\"width\":800,\"height\":800},{\"@type\":\"BreadcrumbList\",\"@id\":\"https:\/\/chauvetdj-ils.com\/de\/produkt\/intimidator-spot-60-ils\/#breadcrumb\",\"itemListElement\":[{\"@type\":\"ListItem\",\"position\":1,\"name\":\"Home\",\"item\":\"https:\/\/chauvetdj-ils.com\/de\/\"},{\"@type\":\"ListItem\",\"position\":2,\"name\":\"Home\",\"item\":\"https:\/\/chauvetdj-ils.com\/de\/\"},{\"@type\":\"ListItem\",\"position\":3,\"name\":\"Intimidator Spot 60 ILS\"}]},{\"@type\":\"WebSite\",\"@id\":\"https:\/\/chauvetdj-ils.com\/#website\",\"url\":\"https:\/\/chauvetdj-ils.com\/\",\"name\":\"CHAUVET DJ | Instant Light Shows\",\"description\":\"\",\"publisher\":{\"@id\":\"https:\/\/chauvetdj-ils.com\/#organization\"},\"potentialAction\":[{\"@type\":\"SearchAction\",\"target\":{\"@type\":\"EntryPoint\",\"urlTemplate\":\"https:\/\/chauvetdj-ils.com\/?s={search_term_string}\"},\"query-input\":{\"@type\":\"PropertyValueSpecification\",\"valueRequired\":true,\"valueName\":\"search_term_string\"}}],\"inLanguage\":\"de-DE\"},{\"@type\":\"Organization\",\"@id\":\"https:\/\/chauvetdj-ils.com\/#organization\",\"name\":\"CHAUVET DJ | Instant Light Shows\",\"url\":\"https:\/\/chauvetdj-ils.com\/\",\"logo\":{\"@type\":\"ImageObject\",\"inLanguage\":\"de-DE\",\"@id\":\"https:\/\/chauvetdj-ils.com\/#\/schema\/logo\/image\/\",\"url\":\"https:\/\/chauvetdj-ils.com\/wp-content\/uploads\/2023\/11\/dj-logo.png\",\"contentUrl\":\"https:\/\/chauvetdj-ils.com\/wp-content\/uploads\/2023\/11\/dj-logo.png\",\"width\":253,\"height\":100,\"caption\":\"CHAUVET DJ | Instant Light Shows\"},\"image\":{\"@id\":\"https:\/\/chauvetdj-ils.com\/#\/schema\/logo\/image\/\"}}]}<\/script>\n<!-- \/ Yoast SEO plugin. -->","yoast_head_json":{"title":"Intimidator Spot 60 ILS - CHAUVET DJ | Instant Light Shows","robots":{"index":"index","follow":"follow","max-snippet":"max-snippet:-1","max-image-preview":"max-image-preview:large","max-video-preview":"max-video-preview:-1"},"canonical":"https:\/\/chauvetdj-ils.com\/de\/produkt\/intimidator-spot-60-ils\/","og_locale":"de_DE","og_type":"article","og_title":"Intimidator Spot 60 ILS - CHAUVET DJ | Instant Light Shows","og_description":"Der Intimidator Spot 60 ILS ist ein kompakter, leistungsstarker 70-Watt-Moving Head f\u00fcr unterwegs. Dieser Scheinwerfer ist klein, aber m\u00e4chtig und ideal f\u00fcr den mobilen Einsatz. Der Intimidator Spot 60 ILS ist mit unserem ILS*-\u00d6kosystem kompatibel, d. h. er l\u00e4sst sich einfach einrichten und mit einer Vielzahl von Ger\u00e4tetypen synchronisieren und ist f\u00fcr die kabellose Steuerung [&hellip;]","og_url":"https:\/\/chauvetdj-ils.com\/de\/produkt\/intimidator-spot-60-ils\/","og_site_name":"CHAUVET DJ | Instant Light Shows","article_modified_time":"2024-01-29T21:47:27+00:00","og_image":[{"width":800,"height":800,"url":"https:\/\/chauvetdj-ils.com\/wp-content\/uploads\/2023\/10\/INTIMIDATOR-SPOT-60-ILS-FRONT-OFF.png","type":"image\/png"}],"twitter_card":"summary_large_image","twitter_misc":{"Est. reading time":"1 Minute"},"schema":{"@context":"https:\/\/schema.org","@graph":[{"@type":"WebPage","@id":"https:\/\/chauvetdj-ils.com\/de\/produkt\/intimidator-spot-60-ils\/","url":"https:\/\/chauvetdj-ils.com\/de\/produkt\/intimidator-spot-60-ils\/","name":"Intimidator Spot 60 ILS - CHAUVET DJ | Instant Light Shows","isPartOf":{"@id":"https:\/\/chauvetdj-ils.com\/#website"},"primaryImageOfPage":{"@id":"https:\/\/chauvetdj-ils.com\/de\/produkt\/intimidator-spot-60-ils\/#primaryimage"},"image":{"@id":"https:\/\/chauvetdj-ils.com\/de\/produkt\/intimidator-spot-60-ils\/#primaryimage"},"thumbnailUrl":"https:\/\/chauvetdj-ils.com\/wp-content\/uploads\/2023\/10\/INTIMIDATOR-SPOT-60-ILS-FRONT-OFF.png","datePublished":"2023-10-09T13:30:18+00:00","dateModified":"2024-01-29T21:47:27+00:00","breadcrumb":{"@id":"https:\/\/chauvetdj-ils.com\/de\/produkt\/intimidator-spot-60-ils\/#breadcrumb"},"inLanguage":"de-DE","potentialAction":[{"@type":"ReadAction","target":["https:\/\/chauvetdj-ils.com\/de\/produkt\/intimidator-spot-60-ils\/"]}]},{"@type":"ImageObject","inLanguage":"de-DE","@id":"https:\/\/chauvetdj-ils.com\/de\/produkt\/intimidator-spot-60-ils\/#primaryimage","url":"https:\/\/chauvetdj-ils.com\/wp-content\/uploads\/2023\/10\/INTIMIDATOR-SPOT-60-ILS-FRONT-OFF.png","contentUrl":"https:\/\/chauvetdj-ils.com\/wp-content\/uploads\/2023\/10\/INTIMIDATOR-SPOT-60-ILS-FRONT-OFF.png","width":800,"height":800},{"@type":"BreadcrumbList","@id":"https:\/\/chauvetdj-ils.com\/de\/produkt\/intimidator-spot-60-ils\/#breadcrumb","itemListElement":[{"@type":"ListItem","position":1,"name":"Home","item":"https:\/\/chauvetdj-ils.com\/de\/"},{"@type":"ListItem","position":2,"name":"Home","item":"https:\/\/chauvetdj-ils.com\/de\/"},{"@type":"ListItem","position":3,"name":"Intimidator Spot 60 ILS"}]},{"@type":"WebSite","@id":"https:\/\/chauvetdj-ils.com\/#website","url":"https:\/\/chauvetdj-ils.com\/","name":"CHAUVET DJ | Instant Light Shows","description":"","publisher":{"@id":"https:\/\/chauvetdj-ils.com\/#organization"},"potentialAction":[{"@type":"SearchAction","target":{"@type":"EntryPoint","urlTemplate":"https:\/\/chauvetdj-ils.com\/?s={search_term_string}"},"query-input":{"@type":"PropertyValueSpecification","valueRequired":true,"valueName":"search_term_string"}}],"inLanguage":"de-DE"},{"@type":"Organization","@id":"https:\/\/chauvetdj-ils.com\/#organization","name":"CHAUVET DJ | Instant Light Shows","url":"https:\/\/chauvetdj-ils.com\/","logo":{"@type":"ImageObject","inLanguage":"de-DE","@id":"https:\/\/chauvetdj-ils.com\/#\/schema\/logo\/image\/","url":"https:\/\/chauvetdj-ils.com\/wp-content\/uploads\/2023\/11\/dj-logo.png","contentUrl":"https:\/\/chauvetdj-ils.com\/wp-content\/uploads\/2023\/11\/dj-logo.png","width":253,"height":100,"caption":"CHAUVET DJ | Instant Light Shows"},"image":{"@id":"https:\/\/chauvetdj-ils.com\/#\/schema\/logo\/image\/"}}]}},"_links":{"self":[{"href":"https:\/\/chauvetdj-ils.com\/de\/wp-json\/wp\/v2\/product\/1436","targetHints":{"allow":["GET"]}}],"collection":[{"href":"https:\/\/chauvetdj-ils.com\/de\/wp-json\/wp\/v2\/product"}],"about":[{"href":"https:\/\/chauvetdj-ils.com\/de\/wp-json\/wp\/v2\/types\/product"}],"replies":[{"embeddable":true,"href":"https:\/\/chauvetdj-ils.com\/de\/wp-json\/wp\/v2\/comments?post=1436"}],"wp:featuredmedia":[{"embeddable":true,"href":"https:\/\/chauvetdj-ils.com\/de\/wp-json\/wp\/v2\/media\/4300"}],"wp:attachment":[{"href":"https:\/\/chauvetdj-ils.com\/de\/wp-json\/wp\/v2\/media?parent=1436"}],"wp:term":[{"taxonomy":"product_cat","embeddable":true,"href":"https:\/\/chauvetdj-ils.com\/de\/wp-json\/wp\/v2\/product_cat?post=1436"},{"taxonomy":"product_tag","embeddable":true,"href":"https:\/\/chauvetdj-ils.com\/de\/wp-json\/wp\/v2\/product_tag?post=1436"}],"curies":[{"name":"wp","href":"https:\/\/api.w.org\/{rel}","templated":true}]}}