{"id":2351,"date":"2023-05-15T13:49:49","date_gmt":"2023-05-15T13:49:49","guid":{"rendered":"http:\/\/chauvetdj-ils.com\/product\/ezlink-par-q6bt-ils\/"},"modified":"2024-01-29T22:22:12","modified_gmt":"2024-01-29T22:22:12","slug":"ezlink-par-q6bt-ils","status":"publish","type":"product","link":"https:\/\/chauvetdj-ils.com\/de\/produkt\/ezlink-par-q6bt-ils\/","title":{"rendered":"EZLink Par Q6BT ILS"},"content":{"rendered":"<p>Der EZLink Par Q6BT ILS ist ein batteriebetriebener, vierfarbiger (RGBA) LED-Par-Scheinwerfer mit integrierter ILS-Kompatibilit\u00e4t f\u00fcr den Einsatz im ILS-\u00d6kosystem, mit dem sich schnell und einfach koordinierte Lichtshows mit einer unbegrenzten Anzahl verschiedener Scheinwerfertypen erstellen lassen. Die kabellose Bluetooth\u00ae-Technologie ist ebenfalls an Bord, so dass Sie den EZLink Par Q6BT ILS ohne zus\u00e4tzliche Hardware direkt von einem Smartphone oder Tablet aus steuern k\u00f6nnen. Dar\u00fcber hinaus ist der EZLink Par Q6BT ILS kompatibel mit D-Fi USB f\u00fcr drahtlose Lead\/Follower- oder DMX-Steuerung. Sie k\u00f6nnen ein breites Farbspektrum und nat\u00fcrlich wirkende Farbtemperaturen mit hellen, Amber LEDs erzeugen und auff\u00e4llige Effekte mit klangaktivierten und automatisierten Programmen erzielen.<\/p>\n","protected":false},"excerpt":{"rendered":"<p>Der EZLink Par Q6BT ILS ist ein batteriebetriebener, vierfarbiger (RGBA) LED-Par-Scheinwerfer mit integrierter ILS-Kompatibilit\u00e4t f\u00fcr den Einsatz im ILS-\u00d6kosystem, mit dem sich schnell und einfach koordinierte Lichtshows mit einer unbegrenzten Anzahl verschiedener Scheinwerfertypen erstellen lassen. Die kabellose Bluetooth\u00ae-Technologie ist ebenfalls an Bord, so dass Sie den EZLink Par Q6BT ILS ohne zus\u00e4tzliche Hardware direkt von [&hellip;]<\/p>\n","protected":false},"featured_media":3503,"comment_status":"open","ping_status":"closed","template":"","meta":[],"product_cat":[98,60],"product_tag":[80],"class_list":{"0":"post-2351","1":"product","2":"type-product","3":"status-publish","4":"has-post-thumbnail","6":"product_cat-europe-only-de","7":"product_cat-ils-de","8":"product_tag-pars-de","10":"first","11":"instock","12":"product-type-simple"},"acf":[],"yoast_head":"<!-- This site is optimized with the Yoast SEO plugin v27.1.1 - https:\/\/yoast.com\/product\/yoast-seo-wordpress\/ -->\n<title>EZLink Par Q6BT ILS - CHAUVET DJ | Instant Light Shows<\/title>\n<meta name=\"robots\" content=\"index, follow, max-snippet:-1, max-image-preview:large, max-video-preview:-1\" \/>\n<link rel=\"canonical\" href=\"https:\/\/chauvetdj-ils.com\/de\/produkt\/ezlink-par-q6bt-ils\/\" \/>\n<meta property=\"og:locale\" content=\"de_DE\" \/>\n<meta property=\"og:type\" content=\"article\" \/>\n<meta property=\"og:title\" content=\"EZLink Par Q6BT ILS - CHAUVET DJ | Instant Light Shows\" \/>\n<meta property=\"og:description\" content=\"Der EZLink Par Q6BT ILS ist ein batteriebetriebener, vierfarbiger (RGBA) LED-Par-Scheinwerfer mit integrierter ILS-Kompatibilit\u00e4t f\u00fcr den Einsatz im ILS-\u00d6kosystem, mit dem sich schnell und einfach koordinierte Lichtshows mit einer unbegrenzten Anzahl verschiedener Scheinwerfertypen erstellen lassen. Die kabellose Bluetooth\u00ae-Technologie ist ebenfalls an Bord, so dass Sie den EZLink Par Q6BT ILS ohne zus\u00e4tzliche Hardware direkt von [&hellip;]\" \/>\n<meta property=\"og:url\" content=\"https:\/\/chauvetdj-ils.com\/de\/produkt\/ezlink-par-q6bt-ils\/\" \/>\n<meta property=\"og:site_name\" content=\"CHAUVET DJ | Instant Light Shows\" \/>\n<meta property=\"article:modified_time\" content=\"2024-01-29T22:22:12+00:00\" \/>\n<meta property=\"og:image\" content=\"https:\/\/chauvetdj-ils.com\/wp-content\/uploads\/2023\/11\/EZLink-Par-Q6-BT-ILS-off.png\" \/>\n\t<meta property=\"og:image:width\" content=\"800\" \/>\n\t<meta property=\"og:image:height\" content=\"800\" \/>\n\t<meta property=\"og:image:type\" content=\"image\/png\" \/>\n<meta name=\"twitter:card\" content=\"summary_large_image\" \/>\n<meta name=\"twitter:label1\" content=\"Est. reading time\" \/>\n\t<meta name=\"twitter:data1\" content=\"1 Minute\" \/>\n<script type=\"application\/ld+json\" class=\"yoast-schema-graph\">{\"@context\":\"https:\/\/schema.org\",\"@graph\":[{\"@type\":\"WebPage\",\"@id\":\"https:\/\/chauvetdj-ils.com\/de\/produkt\/ezlink-par-q6bt-ils\/\",\"url\":\"https:\/\/chauvetdj-ils.com\/de\/produkt\/ezlink-par-q6bt-ils\/\",\"name\":\"EZLink Par Q6BT ILS - CHAUVET DJ | Instant Light Shows\",\"isPartOf\":{\"@id\":\"https:\/\/chauvetdj-ils.com\/#website\"},\"primaryImageOfPage\":{\"@id\":\"https:\/\/chauvetdj-ils.com\/de\/produkt\/ezlink-par-q6bt-ils\/#primaryimage\"},\"image\":{\"@id\":\"https:\/\/chauvetdj-ils.com\/de\/produkt\/ezlink-par-q6bt-ils\/#primaryimage\"},\"thumbnailUrl\":\"https:\/\/chauvetdj-ils.com\/wp-content\/uploads\/2023\/11\/EZLink-Par-Q6-BT-ILS-off.png\",\"datePublished\":\"2023-05-15T13:49:49+00:00\",\"dateModified\":\"2024-01-29T22:22:12+00:00\",\"breadcrumb\":{\"@id\":\"https:\/\/chauvetdj-ils.com\/de\/produkt\/ezlink-par-q6bt-ils\/#breadcrumb\"},\"inLanguage\":\"de-DE\",\"potentialAction\":[{\"@type\":\"ReadAction\",\"target\":[\"https:\/\/chauvetdj-ils.com\/de\/produkt\/ezlink-par-q6bt-ils\/\"]}]},{\"@type\":\"ImageObject\",\"inLanguage\":\"de-DE\",\"@id\":\"https:\/\/chauvetdj-ils.com\/de\/produkt\/ezlink-par-q6bt-ils\/#primaryimage\",\"url\":\"https:\/\/chauvetdj-ils.com\/wp-content\/uploads\/2023\/11\/EZLink-Par-Q6-BT-ILS-off.png\",\"contentUrl\":\"https:\/\/chauvetdj-ils.com\/wp-content\/uploads\/2023\/11\/EZLink-Par-Q6-BT-ILS-off.png\",\"width\":800,\"height\":800},{\"@type\":\"BreadcrumbList\",\"@id\":\"https:\/\/chauvetdj-ils.com\/de\/produkt\/ezlink-par-q6bt-ils\/#breadcrumb\",\"itemListElement\":[{\"@type\":\"ListItem\",\"position\":1,\"name\":\"Home\",\"item\":\"https:\/\/chauvetdj-ils.com\/de\/\"},{\"@type\":\"ListItem\",\"position\":2,\"name\":\"Home\",\"item\":\"https:\/\/chauvetdj-ils.com\/de\/\"},{\"@type\":\"ListItem\",\"position\":3,\"name\":\"EZLink Par Q6BT ILS\"}]},{\"@type\":\"WebSite\",\"@id\":\"https:\/\/chauvetdj-ils.com\/#website\",\"url\":\"https:\/\/chauvetdj-ils.com\/\",\"name\":\"CHAUVET DJ | Instant Light Shows\",\"description\":\"\",\"publisher\":{\"@id\":\"https:\/\/chauvetdj-ils.com\/#organization\"},\"potentialAction\":[{\"@type\":\"SearchAction\",\"target\":{\"@type\":\"EntryPoint\",\"urlTemplate\":\"https:\/\/chauvetdj-ils.com\/?s={search_term_string}\"},\"query-input\":{\"@type\":\"PropertyValueSpecification\",\"valueRequired\":true,\"valueName\":\"search_term_string\"}}],\"inLanguage\":\"de-DE\"},{\"@type\":\"Organization\",\"@id\":\"https:\/\/chauvetdj-ils.com\/#organization\",\"name\":\"CHAUVET DJ | Instant Light Shows\",\"url\":\"https:\/\/chauvetdj-ils.com\/\",\"logo\":{\"@type\":\"ImageObject\",\"inLanguage\":\"de-DE\",\"@id\":\"https:\/\/chauvetdj-ils.com\/#\/schema\/logo\/image\/\",\"url\":\"https:\/\/chauvetdj-ils.com\/wp-content\/uploads\/2023\/11\/dj-logo.png\",\"contentUrl\":\"https:\/\/chauvetdj-ils.com\/wp-content\/uploads\/2023\/11\/dj-logo.png\",\"width\":253,\"height\":100,\"caption\":\"CHAUVET DJ | Instant Light Shows\"},\"image\":{\"@id\":\"https:\/\/chauvetdj-ils.com\/#\/schema\/logo\/image\/\"}}]}<\/script>\n<!-- \/ Yoast SEO plugin. -->","yoast_head_json":{"title":"EZLink Par Q6BT ILS - CHAUVET DJ | Instant Light Shows","robots":{"index":"index","follow":"follow","max-snippet":"max-snippet:-1","max-image-preview":"max-image-preview:large","max-video-preview":"max-video-preview:-1"},"canonical":"https:\/\/chauvetdj-ils.com\/de\/produkt\/ezlink-par-q6bt-ils\/","og_locale":"de_DE","og_type":"article","og_title":"EZLink Par Q6BT ILS - CHAUVET DJ | Instant Light Shows","og_description":"Der EZLink Par Q6BT ILS ist ein batteriebetriebener, vierfarbiger (RGBA) LED-Par-Scheinwerfer mit integrierter ILS-Kompatibilit\u00e4t f\u00fcr den Einsatz im ILS-\u00d6kosystem, mit dem sich schnell und einfach koordinierte Lichtshows mit einer unbegrenzten Anzahl verschiedener Scheinwerfertypen erstellen lassen. Die kabellose Bluetooth\u00ae-Technologie ist ebenfalls an Bord, so dass Sie den EZLink Par Q6BT ILS ohne zus\u00e4tzliche Hardware direkt von [&hellip;]","og_url":"https:\/\/chauvetdj-ils.com\/de\/produkt\/ezlink-par-q6bt-ils\/","og_site_name":"CHAUVET DJ | Instant Light Shows","article_modified_time":"2024-01-29T22:22:12+00:00","og_image":[{"width":800,"height":800,"url":"https:\/\/chauvetdj-ils.com\/wp-content\/uploads\/2023\/11\/EZLink-Par-Q6-BT-ILS-off.png","type":"image\/png"}],"twitter_card":"summary_large_image","twitter_misc":{"Est. reading time":"1 Minute"},"schema":{"@context":"https:\/\/schema.org","@graph":[{"@type":"WebPage","@id":"https:\/\/chauvetdj-ils.com\/de\/produkt\/ezlink-par-q6bt-ils\/","url":"https:\/\/chauvetdj-ils.com\/de\/produkt\/ezlink-par-q6bt-ils\/","name":"EZLink Par Q6BT ILS - CHAUVET DJ | Instant Light Shows","isPartOf":{"@id":"https:\/\/chauvetdj-ils.com\/#website"},"primaryImageOfPage":{"@id":"https:\/\/chauvetdj-ils.com\/de\/produkt\/ezlink-par-q6bt-ils\/#primaryimage"},"image":{"@id":"https:\/\/chauvetdj-ils.com\/de\/produkt\/ezlink-par-q6bt-ils\/#primaryimage"},"thumbnailUrl":"https:\/\/chauvetdj-ils.com\/wp-content\/uploads\/2023\/11\/EZLink-Par-Q6-BT-ILS-off.png","datePublished":"2023-05-15T13:49:49+00:00","dateModified":"2024-01-29T22:22:12+00:00","breadcrumb":{"@id":"https:\/\/chauvetdj-ils.com\/de\/produkt\/ezlink-par-q6bt-ils\/#breadcrumb"},"inLanguage":"de-DE","potentialAction":[{"@type":"ReadAction","target":["https:\/\/chauvetdj-ils.com\/de\/produkt\/ezlink-par-q6bt-ils\/"]}]},{"@type":"ImageObject","inLanguage":"de-DE","@id":"https:\/\/chauvetdj-ils.com\/de\/produkt\/ezlink-par-q6bt-ils\/#primaryimage","url":"https:\/\/chauvetdj-ils.com\/wp-content\/uploads\/2023\/11\/EZLink-Par-Q6-BT-ILS-off.png","contentUrl":"https:\/\/chauvetdj-ils.com\/wp-content\/uploads\/2023\/11\/EZLink-Par-Q6-BT-ILS-off.png","width":800,"height":800},{"@type":"BreadcrumbList","@id":"https:\/\/chauvetdj-ils.com\/de\/produkt\/ezlink-par-q6bt-ils\/#breadcrumb","itemListElement":[{"@type":"ListItem","position":1,"name":"Home","item":"https:\/\/chauvetdj-ils.com\/de\/"},{"@type":"ListItem","position":2,"name":"Home","item":"https:\/\/chauvetdj-ils.com\/de\/"},{"@type":"ListItem","position":3,"name":"EZLink Par Q6BT ILS"}]},{"@type":"WebSite","@id":"https:\/\/chauvetdj-ils.com\/#website","url":"https:\/\/chauvetdj-ils.com\/","name":"CHAUVET DJ | Instant Light Shows","description":"","publisher":{"@id":"https:\/\/chauvetdj-ils.com\/#organization"},"potentialAction":[{"@type":"SearchAction","target":{"@type":"EntryPoint","urlTemplate":"https:\/\/chauvetdj-ils.com\/?s={search_term_string}"},"query-input":{"@type":"PropertyValueSpecification","valueRequired":true,"valueName":"search_term_string"}}],"inLanguage":"de-DE"},{"@type":"Organization","@id":"https:\/\/chauvetdj-ils.com\/#organization","name":"CHAUVET DJ | Instant Light Shows","url":"https:\/\/chauvetdj-ils.com\/","logo":{"@type":"ImageObject","inLanguage":"de-DE","@id":"https:\/\/chauvetdj-ils.com\/#\/schema\/logo\/image\/","url":"https:\/\/chauvetdj-ils.com\/wp-content\/uploads\/2023\/11\/dj-logo.png","contentUrl":"https:\/\/chauvetdj-ils.com\/wp-content\/uploads\/2023\/11\/dj-logo.png","width":253,"height":100,"caption":"CHAUVET DJ | Instant Light Shows"},"image":{"@id":"https:\/\/chauvetdj-ils.com\/#\/schema\/logo\/image\/"}}]}},"_links":{"self":[{"href":"https:\/\/chauvetdj-ils.com\/de\/wp-json\/wp\/v2\/product\/2351","targetHints":{"allow":["GET"]}}],"collection":[{"href":"https:\/\/chauvetdj-ils.com\/de\/wp-json\/wp\/v2\/product"}],"about":[{"href":"https:\/\/chauvetdj-ils.com\/de\/wp-json\/wp\/v2\/types\/product"}],"replies":[{"embeddable":true,"href":"https:\/\/chauvetdj-ils.com\/de\/wp-json\/wp\/v2\/comments?post=2351"}],"wp:featuredmedia":[{"embeddable":true,"href":"https:\/\/chauvetdj-ils.com\/de\/wp-json\/wp\/v2\/media\/3503"}],"wp:attachment":[{"href":"https:\/\/chauvetdj-ils.com\/de\/wp-json\/wp\/v2\/media?parent=2351"}],"wp:term":[{"taxonomy":"product_cat","embeddable":true,"href":"https:\/\/chauvetdj-ils.com\/de\/wp-json\/wp\/v2\/product_cat?post=2351"},{"taxonomy":"product_tag","embeddable":true,"href":"https:\/\/chauvetdj-ils.com\/de\/wp-json\/wp\/v2\/product_tag?post=2351"}],"curies":[{"name":"wp","href":"https:\/\/api.w.org\/{rel}","templated":true}]}}