{"id":2363,"date":"2023-03-23T21:51:42","date_gmt":"2023-03-23T21:51:42","guid":{"rendered":"http:\/\/chauvetdj-ils.com\/product\/colorband-pix-m-ils\/"},"modified":"2024-01-30T14:54:43","modified_gmt":"2024-01-30T14:54:43","slug":"colorband-pix-m-ils","status":"publish","type":"product","link":"https:\/\/chauvetdj-ils.com\/de\/produkt\/colorband-pix-m-ils\/","title":{"rendered":"COLORband PiX-M ILS"},"content":{"rendered":"<p>Zusammen mit der Leistung eines vollwertigen linearen Washlights mit 10 dreifarbigen (RGB) LEDs, einer schwungvollen Bewegung und einer \u00fcberw\u00e4ltigenden Anzahl an Steuerungsoptionen ist das COLORBand Pix M ILS ein Ger\u00e4t, das jede Veranstaltung erhellt und mit Energie f\u00fcllt! Dieses bewegliche Lichtband erzeugt dynamische, schwungvolle Effekte und funktioniert als Pixel-Mapping-Effekt, Blinder oder Wandfluter. Mit den eingebauten Motoren l\u00e4sst sich das Licht einfach dorthin lenken, wo es gebraucht wird. Richtig spannend wird es aber, wenn man die LEDs einzeln ansteuert und so auff\u00e4llige Animationen und Videoeffekte erzeugt. Die Steuerung dieses Kraftpakets k\u00f6nnte nicht einfacher und komfortabler sein. Es verf\u00fcgt \u00fcber einen eingebauten RF-Empf\u00e4nger f\u00fcr die drahtlose Steuerung mit den optionalen RFC- oder RFC-XL-Fernbedienungen, ILS-Kompatibilit\u00e4t f\u00fcr den Einsatz im ILS-\u00d6kosystem und D-Fi USB-Kompatibilit\u00e4t f\u00fcr die drahtlose Master\/Slave- oder DMX-Steuerung. Auch die DMX-Anschlussm\u00f6glichkeiten sind mit den integrierten 3- und 5-poligen DMX-Anschl\u00fcssen flexibel.<\/p>\n","protected":false},"excerpt":{"rendered":"<p>Zusammen mit der Leistung eines vollwertigen linearen Washlights mit 10 dreifarbigen (RGB) LEDs, einer schwungvollen Bewegung und einer \u00fcberw\u00e4ltigenden Anzahl an Steuerungsoptionen ist das COLORBand Pix M ILS ein Ger\u00e4t, das jede Veranstaltung erhellt und mit Energie f\u00fcllt! Dieses bewegliche Lichtband erzeugt dynamische, schwungvolle Effekte und funktioniert als Pixel-Mapping-Effekt, Blinder oder Wandfluter. Mit den eingebauten [&hellip;]<\/p>\n","protected":false},"featured_media":3395,"comment_status":"open","ping_status":"closed","template":"","meta":[],"product_cat":[60],"product_tag":[83],"class_list":{"0":"post-2363","1":"product","2":"type-product","3":"status-publish","4":"has-post-thumbnail","6":"product_cat-ils-de","7":"product_tag-wash-lights-de","9":"first","10":"instock","11":"product-type-simple"},"acf":[],"yoast_head":"<!-- This site is optimized with the Yoast SEO plugin v27.1.1 - https:\/\/yoast.com\/product\/yoast-seo-wordpress\/ -->\n<title>COLORband PiX-M ILS - CHAUVET DJ | Instant Light Shows<\/title>\n<meta name=\"robots\" content=\"index, follow, max-snippet:-1, max-image-preview:large, max-video-preview:-1\" \/>\n<link rel=\"canonical\" href=\"https:\/\/chauvetdj-ils.com\/de\/produkt\/colorband-pix-m-ils\/\" \/>\n<meta property=\"og:locale\" content=\"de_DE\" \/>\n<meta property=\"og:type\" content=\"article\" \/>\n<meta property=\"og:title\" content=\"COLORband PiX-M ILS - CHAUVET DJ | Instant Light Shows\" \/>\n<meta property=\"og:description\" content=\"Zusammen mit der Leistung eines vollwertigen linearen Washlights mit 10 dreifarbigen (RGB) LEDs, einer schwungvollen Bewegung und einer \u00fcberw\u00e4ltigenden Anzahl an Steuerungsoptionen ist das COLORBand Pix M ILS ein Ger\u00e4t, das jede Veranstaltung erhellt und mit Energie f\u00fcllt! Dieses bewegliche Lichtband erzeugt dynamische, schwungvolle Effekte und funktioniert als Pixel-Mapping-Effekt, Blinder oder Wandfluter. Mit den eingebauten [&hellip;]\" \/>\n<meta property=\"og:url\" content=\"https:\/\/chauvetdj-ils.com\/de\/produkt\/colorband-pix-m-ils\/\" \/>\n<meta property=\"og:site_name\" content=\"CHAUVET DJ | Instant Light Shows\" \/>\n<meta property=\"article:modified_time\" content=\"2024-01-30T14:54:43+00:00\" \/>\n<meta property=\"og:image\" content=\"https:\/\/chauvetdj-ils.com\/wp-content\/uploads\/2023\/11\/COLORBAND-PIX-M-ILS-feat.png\" \/>\n\t<meta property=\"og:image:width\" content=\"800\" \/>\n\t<meta property=\"og:image:height\" content=\"800\" \/>\n\t<meta property=\"og:image:type\" content=\"image\/png\" \/>\n<meta name=\"twitter:card\" content=\"summary_large_image\" \/>\n<meta name=\"twitter:label1\" content=\"Est. reading time\" \/>\n\t<meta name=\"twitter:data1\" content=\"1 Minute\" \/>\n<script type=\"application\/ld+json\" class=\"yoast-schema-graph\">{\"@context\":\"https:\/\/schema.org\",\"@graph\":[{\"@type\":\"WebPage\",\"@id\":\"https:\/\/chauvetdj-ils.com\/de\/produkt\/colorband-pix-m-ils\/\",\"url\":\"https:\/\/chauvetdj-ils.com\/de\/produkt\/colorband-pix-m-ils\/\",\"name\":\"COLORband PiX-M ILS - CHAUVET DJ | Instant Light Shows\",\"isPartOf\":{\"@id\":\"https:\/\/chauvetdj-ils.com\/#website\"},\"primaryImageOfPage\":{\"@id\":\"https:\/\/chauvetdj-ils.com\/de\/produkt\/colorband-pix-m-ils\/#primaryimage\"},\"image\":{\"@id\":\"https:\/\/chauvetdj-ils.com\/de\/produkt\/colorband-pix-m-ils\/#primaryimage\"},\"thumbnailUrl\":\"https:\/\/chauvetdj-ils.com\/wp-content\/uploads\/2023\/11\/COLORBAND-PIX-M-ILS-feat.png\",\"datePublished\":\"2023-03-23T21:51:42+00:00\",\"dateModified\":\"2024-01-30T14:54:43+00:00\",\"breadcrumb\":{\"@id\":\"https:\/\/chauvetdj-ils.com\/de\/produkt\/colorband-pix-m-ils\/#breadcrumb\"},\"inLanguage\":\"de-DE\",\"potentialAction\":[{\"@type\":\"ReadAction\",\"target\":[\"https:\/\/chauvetdj-ils.com\/de\/produkt\/colorband-pix-m-ils\/\"]}]},{\"@type\":\"ImageObject\",\"inLanguage\":\"de-DE\",\"@id\":\"https:\/\/chauvetdj-ils.com\/de\/produkt\/colorband-pix-m-ils\/#primaryimage\",\"url\":\"https:\/\/chauvetdj-ils.com\/wp-content\/uploads\/2023\/11\/COLORBAND-PIX-M-ILS-feat.png\",\"contentUrl\":\"https:\/\/chauvetdj-ils.com\/wp-content\/uploads\/2023\/11\/COLORBAND-PIX-M-ILS-feat.png\",\"width\":800,\"height\":800},{\"@type\":\"BreadcrumbList\",\"@id\":\"https:\/\/chauvetdj-ils.com\/de\/produkt\/colorband-pix-m-ils\/#breadcrumb\",\"itemListElement\":[{\"@type\":\"ListItem\",\"position\":1,\"name\":\"Home\",\"item\":\"https:\/\/chauvetdj-ils.com\/de\/\"},{\"@type\":\"ListItem\",\"position\":2,\"name\":\"Home\",\"item\":\"https:\/\/chauvetdj-ils.com\/de\/\"},{\"@type\":\"ListItem\",\"position\":3,\"name\":\"COLORband PiX-M ILS\"}]},{\"@type\":\"WebSite\",\"@id\":\"https:\/\/chauvetdj-ils.com\/#website\",\"url\":\"https:\/\/chauvetdj-ils.com\/\",\"name\":\"CHAUVET DJ | Instant Light Shows\",\"description\":\"\",\"publisher\":{\"@id\":\"https:\/\/chauvetdj-ils.com\/#organization\"},\"potentialAction\":[{\"@type\":\"SearchAction\",\"target\":{\"@type\":\"EntryPoint\",\"urlTemplate\":\"https:\/\/chauvetdj-ils.com\/?s={search_term_string}\"},\"query-input\":{\"@type\":\"PropertyValueSpecification\",\"valueRequired\":true,\"valueName\":\"search_term_string\"}}],\"inLanguage\":\"de-DE\"},{\"@type\":\"Organization\",\"@id\":\"https:\/\/chauvetdj-ils.com\/#organization\",\"name\":\"CHAUVET DJ | Instant Light Shows\",\"url\":\"https:\/\/chauvetdj-ils.com\/\",\"logo\":{\"@type\":\"ImageObject\",\"inLanguage\":\"de-DE\",\"@id\":\"https:\/\/chauvetdj-ils.com\/#\/schema\/logo\/image\/\",\"url\":\"https:\/\/chauvetdj-ils.com\/wp-content\/uploads\/2023\/11\/dj-logo.png\",\"contentUrl\":\"https:\/\/chauvetdj-ils.com\/wp-content\/uploads\/2023\/11\/dj-logo.png\",\"width\":253,\"height\":100,\"caption\":\"CHAUVET DJ | Instant Light Shows\"},\"image\":{\"@id\":\"https:\/\/chauvetdj-ils.com\/#\/schema\/logo\/image\/\"}}]}<\/script>\n<!-- \/ Yoast SEO plugin. -->","yoast_head_json":{"title":"COLORband PiX-M ILS - CHAUVET DJ | Instant Light Shows","robots":{"index":"index","follow":"follow","max-snippet":"max-snippet:-1","max-image-preview":"max-image-preview:large","max-video-preview":"max-video-preview:-1"},"canonical":"https:\/\/chauvetdj-ils.com\/de\/produkt\/colorband-pix-m-ils\/","og_locale":"de_DE","og_type":"article","og_title":"COLORband PiX-M ILS - CHAUVET DJ | Instant Light Shows","og_description":"Zusammen mit der Leistung eines vollwertigen linearen Washlights mit 10 dreifarbigen (RGB) LEDs, einer schwungvollen Bewegung und einer \u00fcberw\u00e4ltigenden Anzahl an Steuerungsoptionen ist das COLORBand Pix M ILS ein Ger\u00e4t, das jede Veranstaltung erhellt und mit Energie f\u00fcllt! Dieses bewegliche Lichtband erzeugt dynamische, schwungvolle Effekte und funktioniert als Pixel-Mapping-Effekt, Blinder oder Wandfluter. Mit den eingebauten [&hellip;]","og_url":"https:\/\/chauvetdj-ils.com\/de\/produkt\/colorband-pix-m-ils\/","og_site_name":"CHAUVET DJ | Instant Light Shows","article_modified_time":"2024-01-30T14:54:43+00:00","og_image":[{"width":800,"height":800,"url":"https:\/\/chauvetdj-ils.com\/wp-content\/uploads\/2023\/11\/COLORBAND-PIX-M-ILS-feat.png","type":"image\/png"}],"twitter_card":"summary_large_image","twitter_misc":{"Est. reading time":"1 Minute"},"schema":{"@context":"https:\/\/schema.org","@graph":[{"@type":"WebPage","@id":"https:\/\/chauvetdj-ils.com\/de\/produkt\/colorband-pix-m-ils\/","url":"https:\/\/chauvetdj-ils.com\/de\/produkt\/colorband-pix-m-ils\/","name":"COLORband PiX-M ILS - CHAUVET DJ | Instant Light Shows","isPartOf":{"@id":"https:\/\/chauvetdj-ils.com\/#website"},"primaryImageOfPage":{"@id":"https:\/\/chauvetdj-ils.com\/de\/produkt\/colorband-pix-m-ils\/#primaryimage"},"image":{"@id":"https:\/\/chauvetdj-ils.com\/de\/produkt\/colorband-pix-m-ils\/#primaryimage"},"thumbnailUrl":"https:\/\/chauvetdj-ils.com\/wp-content\/uploads\/2023\/11\/COLORBAND-PIX-M-ILS-feat.png","datePublished":"2023-03-23T21:51:42+00:00","dateModified":"2024-01-30T14:54:43+00:00","breadcrumb":{"@id":"https:\/\/chauvetdj-ils.com\/de\/produkt\/colorband-pix-m-ils\/#breadcrumb"},"inLanguage":"de-DE","potentialAction":[{"@type":"ReadAction","target":["https:\/\/chauvetdj-ils.com\/de\/produkt\/colorband-pix-m-ils\/"]}]},{"@type":"ImageObject","inLanguage":"de-DE","@id":"https:\/\/chauvetdj-ils.com\/de\/produkt\/colorband-pix-m-ils\/#primaryimage","url":"https:\/\/chauvetdj-ils.com\/wp-content\/uploads\/2023\/11\/COLORBAND-PIX-M-ILS-feat.png","contentUrl":"https:\/\/chauvetdj-ils.com\/wp-content\/uploads\/2023\/11\/COLORBAND-PIX-M-ILS-feat.png","width":800,"height":800},{"@type":"BreadcrumbList","@id":"https:\/\/chauvetdj-ils.com\/de\/produkt\/colorband-pix-m-ils\/#breadcrumb","itemListElement":[{"@type":"ListItem","position":1,"name":"Home","item":"https:\/\/chauvetdj-ils.com\/de\/"},{"@type":"ListItem","position":2,"name":"Home","item":"https:\/\/chauvetdj-ils.com\/de\/"},{"@type":"ListItem","position":3,"name":"COLORband PiX-M ILS"}]},{"@type":"WebSite","@id":"https:\/\/chauvetdj-ils.com\/#website","url":"https:\/\/chauvetdj-ils.com\/","name":"CHAUVET DJ | Instant Light Shows","description":"","publisher":{"@id":"https:\/\/chauvetdj-ils.com\/#organization"},"potentialAction":[{"@type":"SearchAction","target":{"@type":"EntryPoint","urlTemplate":"https:\/\/chauvetdj-ils.com\/?s={search_term_string}"},"query-input":{"@type":"PropertyValueSpecification","valueRequired":true,"valueName":"search_term_string"}}],"inLanguage":"de-DE"},{"@type":"Organization","@id":"https:\/\/chauvetdj-ils.com\/#organization","name":"CHAUVET DJ | Instant Light Shows","url":"https:\/\/chauvetdj-ils.com\/","logo":{"@type":"ImageObject","inLanguage":"de-DE","@id":"https:\/\/chauvetdj-ils.com\/#\/schema\/logo\/image\/","url":"https:\/\/chauvetdj-ils.com\/wp-content\/uploads\/2023\/11\/dj-logo.png","contentUrl":"https:\/\/chauvetdj-ils.com\/wp-content\/uploads\/2023\/11\/dj-logo.png","width":253,"height":100,"caption":"CHAUVET DJ | Instant Light Shows"},"image":{"@id":"https:\/\/chauvetdj-ils.com\/#\/schema\/logo\/image\/"}}]}},"_links":{"self":[{"href":"https:\/\/chauvetdj-ils.com\/de\/wp-json\/wp\/v2\/product\/2363","targetHints":{"allow":["GET"]}}],"collection":[{"href":"https:\/\/chauvetdj-ils.com\/de\/wp-json\/wp\/v2\/product"}],"about":[{"href":"https:\/\/chauvetdj-ils.com\/de\/wp-json\/wp\/v2\/types\/product"}],"replies":[{"embeddable":true,"href":"https:\/\/chauvetdj-ils.com\/de\/wp-json\/wp\/v2\/comments?post=2363"}],"wp:featuredmedia":[{"embeddable":true,"href":"https:\/\/chauvetdj-ils.com\/de\/wp-json\/wp\/v2\/media\/3395"}],"wp:attachment":[{"href":"https:\/\/chauvetdj-ils.com\/de\/wp-json\/wp\/v2\/media?parent=2363"}],"wp:term":[{"taxonomy":"product_cat","embeddable":true,"href":"https:\/\/chauvetdj-ils.com\/de\/wp-json\/wp\/v2\/product_cat?post=2363"},{"taxonomy":"product_tag","embeddable":true,"href":"https:\/\/chauvetdj-ils.com\/de\/wp-json\/wp\/v2\/product_tag?post=2363"}],"curies":[{"name":"wp","href":"https:\/\/api.w.org\/{rel}","templated":true}]}}