{"id":2366,"date":"2023-03-23T21:21:25","date_gmt":"2023-03-23T21:21:25","guid":{"rendered":"http:\/\/chauvetdj-ils.com\/product\/colorband-q3bt-ils\/"},"modified":"2024-01-30T15:07:55","modified_gmt":"2024-01-30T15:07:55","slug":"colorband-q3bt-ils","status":"publish","type":"product","link":"https:\/\/chauvetdj-ils.com\/de\/produkt\/colorband-q3bt-ils\/","title":{"rendered":"COLORband Q3BT ILS"},"content":{"rendered":"<p>Das ILS-Universum w\u00e4chst mit diesem leistungsstarken, vierfarbigen (RGBA) linearen Washlight in voller Gr\u00f6\u00dfe mit integrierter Bluetooth\u00ae-Funktechnologie. Bluetooth\u00ae und ILS-Kompatibilit\u00e4t bedeuten nahezu unbegrenzten Komfort bei den Steuerungsoptionen. Nat\u00fcrlich bedeutet die integrierte Bluetooth\u00ae-Technologie, dass Sie das Ger\u00e4t ohne zus\u00e4tzliche Hardware direkt \u00fcber ein Smartphone oder Tablet steuern k\u00f6nnen. Aber das ist noch nicht alles. COLORband Q3BT ILS bietet auch D-Fi USB-Kompatibilit\u00e4t f\u00fcr drahtlose Master\/Slave- oder DMX-Steuerung. Mit den 3 Steuerzonen k\u00f6nnen Sie erstaunliche, automatisierte Effekte erzeugen. Kompatible mit dem CHS-60 VIP Gear Bag.<\/p>\n","protected":false},"excerpt":{"rendered":"<p>Das ILS-Universum w\u00e4chst mit diesem leistungsstarken, vierfarbigen (RGBA) linearen Washlight in voller Gr\u00f6\u00dfe mit integrierter Bluetooth\u00ae-Funktechnologie. Bluetooth\u00ae und ILS-Kompatibilit\u00e4t bedeuten nahezu unbegrenzten Komfort bei den Steuerungsoptionen. Nat\u00fcrlich bedeutet die integrierte Bluetooth\u00ae-Technologie, dass Sie das Ger\u00e4t ohne zus\u00e4tzliche Hardware direkt \u00fcber ein Smartphone oder Tablet steuern k\u00f6nnen. Aber das ist noch nicht alles. COLORband Q3BT ILS [&hellip;]<\/p>\n","protected":false},"featured_media":3299,"comment_status":"open","ping_status":"closed","template":"","meta":[],"product_cat":[60],"product_tag":[83],"class_list":{"0":"post-2366","1":"product","2":"type-product","3":"status-publish","4":"has-post-thumbnail","6":"product_cat-ils-de","7":"product_tag-wash-lights-de","9":"first","10":"instock","11":"product-type-simple"},"acf":[],"yoast_head":"<!-- This site is optimized with the Yoast SEO plugin v27.1.1 - https:\/\/yoast.com\/product\/yoast-seo-wordpress\/ -->\n<title>COLORband Q3BT ILS - CHAUVET DJ | Instant Light Shows<\/title>\n<meta name=\"robots\" content=\"index, follow, max-snippet:-1, max-image-preview:large, max-video-preview:-1\" \/>\n<link rel=\"canonical\" href=\"https:\/\/chauvetdj-ils.com\/de\/produkt\/colorband-q3bt-ils\/\" \/>\n<meta property=\"og:locale\" content=\"de_DE\" \/>\n<meta property=\"og:type\" content=\"article\" \/>\n<meta property=\"og:title\" content=\"COLORband Q3BT ILS - CHAUVET DJ | Instant Light Shows\" \/>\n<meta property=\"og:description\" content=\"Das ILS-Universum w\u00e4chst mit diesem leistungsstarken, vierfarbigen (RGBA) linearen Washlight in voller Gr\u00f6\u00dfe mit integrierter Bluetooth\u00ae-Funktechnologie. Bluetooth\u00ae und ILS-Kompatibilit\u00e4t bedeuten nahezu unbegrenzten Komfort bei den Steuerungsoptionen. Nat\u00fcrlich bedeutet die integrierte Bluetooth\u00ae-Technologie, dass Sie das Ger\u00e4t ohne zus\u00e4tzliche Hardware direkt \u00fcber ein Smartphone oder Tablet steuern k\u00f6nnen. Aber das ist noch nicht alles. COLORband Q3BT ILS [&hellip;]\" \/>\n<meta property=\"og:url\" content=\"https:\/\/chauvetdj-ils.com\/de\/produkt\/colorband-q3bt-ils\/\" \/>\n<meta property=\"og:site_name\" content=\"CHAUVET DJ | Instant Light Shows\" \/>\n<meta property=\"article:modified_time\" content=\"2024-01-30T15:07:55+00:00\" \/>\n<meta property=\"og:image\" content=\"https:\/\/chauvetdj-ils.com\/wp-content\/uploads\/2023\/11\/COLORBAND-Q3BT-ILS-FRONT-OFF.jpg\" \/>\n\t<meta property=\"og:image:width\" content=\"800\" \/>\n\t<meta property=\"og:image:height\" content=\"800\" \/>\n\t<meta property=\"og:image:type\" content=\"image\/jpeg\" \/>\n<meta name=\"twitter:card\" content=\"summary_large_image\" \/>\n<script type=\"application\/ld+json\" class=\"yoast-schema-graph\">{\"@context\":\"https:\/\/schema.org\",\"@graph\":[{\"@type\":\"WebPage\",\"@id\":\"https:\/\/chauvetdj-ils.com\/de\/produkt\/colorband-q3bt-ils\/\",\"url\":\"https:\/\/chauvetdj-ils.com\/de\/produkt\/colorband-q3bt-ils\/\",\"name\":\"COLORband Q3BT ILS - CHAUVET DJ | Instant Light Shows\",\"isPartOf\":{\"@id\":\"https:\/\/chauvetdj-ils.com\/#website\"},\"primaryImageOfPage\":{\"@id\":\"https:\/\/chauvetdj-ils.com\/de\/produkt\/colorband-q3bt-ils\/#primaryimage\"},\"image\":{\"@id\":\"https:\/\/chauvetdj-ils.com\/de\/produkt\/colorband-q3bt-ils\/#primaryimage\"},\"thumbnailUrl\":\"https:\/\/chauvetdj-ils.com\/wp-content\/uploads\/2023\/11\/COLORBAND-Q3BT-ILS-FRONT-OFF.jpg\",\"datePublished\":\"2023-03-23T21:21:25+00:00\",\"dateModified\":\"2024-01-30T15:07:55+00:00\",\"breadcrumb\":{\"@id\":\"https:\/\/chauvetdj-ils.com\/de\/produkt\/colorband-q3bt-ils\/#breadcrumb\"},\"inLanguage\":\"de-DE\",\"potentialAction\":[{\"@type\":\"ReadAction\",\"target\":[\"https:\/\/chauvetdj-ils.com\/de\/produkt\/colorband-q3bt-ils\/\"]}]},{\"@type\":\"ImageObject\",\"inLanguage\":\"de-DE\",\"@id\":\"https:\/\/chauvetdj-ils.com\/de\/produkt\/colorband-q3bt-ils\/#primaryimage\",\"url\":\"https:\/\/chauvetdj-ils.com\/wp-content\/uploads\/2023\/11\/COLORBAND-Q3BT-ILS-FRONT-OFF.jpg\",\"contentUrl\":\"https:\/\/chauvetdj-ils.com\/wp-content\/uploads\/2023\/11\/COLORBAND-Q3BT-ILS-FRONT-OFF.jpg\",\"width\":800,\"height\":800},{\"@type\":\"BreadcrumbList\",\"@id\":\"https:\/\/chauvetdj-ils.com\/de\/produkt\/colorband-q3bt-ils\/#breadcrumb\",\"itemListElement\":[{\"@type\":\"ListItem\",\"position\":1,\"name\":\"Home\",\"item\":\"https:\/\/chauvetdj-ils.com\/de\/\"},{\"@type\":\"ListItem\",\"position\":2,\"name\":\"Home\",\"item\":\"https:\/\/chauvetdj-ils.com\/de\/\"},{\"@type\":\"ListItem\",\"position\":3,\"name\":\"COLORband Q3BT ILS\"}]},{\"@type\":\"WebSite\",\"@id\":\"https:\/\/chauvetdj-ils.com\/#website\",\"url\":\"https:\/\/chauvetdj-ils.com\/\",\"name\":\"CHAUVET DJ | Instant Light Shows\",\"description\":\"\",\"publisher\":{\"@id\":\"https:\/\/chauvetdj-ils.com\/#organization\"},\"potentialAction\":[{\"@type\":\"SearchAction\",\"target\":{\"@type\":\"EntryPoint\",\"urlTemplate\":\"https:\/\/chauvetdj-ils.com\/?s={search_term_string}\"},\"query-input\":{\"@type\":\"PropertyValueSpecification\",\"valueRequired\":true,\"valueName\":\"search_term_string\"}}],\"inLanguage\":\"de-DE\"},{\"@type\":\"Organization\",\"@id\":\"https:\/\/chauvetdj-ils.com\/#organization\",\"name\":\"CHAUVET DJ | Instant Light Shows\",\"url\":\"https:\/\/chauvetdj-ils.com\/\",\"logo\":{\"@type\":\"ImageObject\",\"inLanguage\":\"de-DE\",\"@id\":\"https:\/\/chauvetdj-ils.com\/#\/schema\/logo\/image\/\",\"url\":\"https:\/\/chauvetdj-ils.com\/wp-content\/uploads\/2023\/11\/dj-logo.png\",\"contentUrl\":\"https:\/\/chauvetdj-ils.com\/wp-content\/uploads\/2023\/11\/dj-logo.png\",\"width\":253,\"height\":100,\"caption\":\"CHAUVET DJ | Instant Light Shows\"},\"image\":{\"@id\":\"https:\/\/chauvetdj-ils.com\/#\/schema\/logo\/image\/\"}}]}<\/script>\n<!-- \/ Yoast SEO plugin. -->","yoast_head_json":{"title":"COLORband Q3BT ILS - CHAUVET DJ | Instant Light Shows","robots":{"index":"index","follow":"follow","max-snippet":"max-snippet:-1","max-image-preview":"max-image-preview:large","max-video-preview":"max-video-preview:-1"},"canonical":"https:\/\/chauvetdj-ils.com\/de\/produkt\/colorband-q3bt-ils\/","og_locale":"de_DE","og_type":"article","og_title":"COLORband Q3BT ILS - CHAUVET DJ | Instant Light Shows","og_description":"Das ILS-Universum w\u00e4chst mit diesem leistungsstarken, vierfarbigen (RGBA) linearen Washlight in voller Gr\u00f6\u00dfe mit integrierter Bluetooth\u00ae-Funktechnologie. Bluetooth\u00ae und ILS-Kompatibilit\u00e4t bedeuten nahezu unbegrenzten Komfort bei den Steuerungsoptionen. Nat\u00fcrlich bedeutet die integrierte Bluetooth\u00ae-Technologie, dass Sie das Ger\u00e4t ohne zus\u00e4tzliche Hardware direkt \u00fcber ein Smartphone oder Tablet steuern k\u00f6nnen. Aber das ist noch nicht alles. COLORband Q3BT ILS [&hellip;]","og_url":"https:\/\/chauvetdj-ils.com\/de\/produkt\/colorband-q3bt-ils\/","og_site_name":"CHAUVET DJ | Instant Light Shows","article_modified_time":"2024-01-30T15:07:55+00:00","og_image":[{"width":800,"height":800,"url":"https:\/\/chauvetdj-ils.com\/wp-content\/uploads\/2023\/11\/COLORBAND-Q3BT-ILS-FRONT-OFF.jpg","type":"image\/jpeg"}],"twitter_card":"summary_large_image","schema":{"@context":"https:\/\/schema.org","@graph":[{"@type":"WebPage","@id":"https:\/\/chauvetdj-ils.com\/de\/produkt\/colorband-q3bt-ils\/","url":"https:\/\/chauvetdj-ils.com\/de\/produkt\/colorband-q3bt-ils\/","name":"COLORband Q3BT ILS - CHAUVET DJ | Instant Light Shows","isPartOf":{"@id":"https:\/\/chauvetdj-ils.com\/#website"},"primaryImageOfPage":{"@id":"https:\/\/chauvetdj-ils.com\/de\/produkt\/colorband-q3bt-ils\/#primaryimage"},"image":{"@id":"https:\/\/chauvetdj-ils.com\/de\/produkt\/colorband-q3bt-ils\/#primaryimage"},"thumbnailUrl":"https:\/\/chauvetdj-ils.com\/wp-content\/uploads\/2023\/11\/COLORBAND-Q3BT-ILS-FRONT-OFF.jpg","datePublished":"2023-03-23T21:21:25+00:00","dateModified":"2024-01-30T15:07:55+00:00","breadcrumb":{"@id":"https:\/\/chauvetdj-ils.com\/de\/produkt\/colorband-q3bt-ils\/#breadcrumb"},"inLanguage":"de-DE","potentialAction":[{"@type":"ReadAction","target":["https:\/\/chauvetdj-ils.com\/de\/produkt\/colorband-q3bt-ils\/"]}]},{"@type":"ImageObject","inLanguage":"de-DE","@id":"https:\/\/chauvetdj-ils.com\/de\/produkt\/colorband-q3bt-ils\/#primaryimage","url":"https:\/\/chauvetdj-ils.com\/wp-content\/uploads\/2023\/11\/COLORBAND-Q3BT-ILS-FRONT-OFF.jpg","contentUrl":"https:\/\/chauvetdj-ils.com\/wp-content\/uploads\/2023\/11\/COLORBAND-Q3BT-ILS-FRONT-OFF.jpg","width":800,"height":800},{"@type":"BreadcrumbList","@id":"https:\/\/chauvetdj-ils.com\/de\/produkt\/colorband-q3bt-ils\/#breadcrumb","itemListElement":[{"@type":"ListItem","position":1,"name":"Home","item":"https:\/\/chauvetdj-ils.com\/de\/"},{"@type":"ListItem","position":2,"name":"Home","item":"https:\/\/chauvetdj-ils.com\/de\/"},{"@type":"ListItem","position":3,"name":"COLORband Q3BT ILS"}]},{"@type":"WebSite","@id":"https:\/\/chauvetdj-ils.com\/#website","url":"https:\/\/chauvetdj-ils.com\/","name":"CHAUVET DJ | Instant Light Shows","description":"","publisher":{"@id":"https:\/\/chauvetdj-ils.com\/#organization"},"potentialAction":[{"@type":"SearchAction","target":{"@type":"EntryPoint","urlTemplate":"https:\/\/chauvetdj-ils.com\/?s={search_term_string}"},"query-input":{"@type":"PropertyValueSpecification","valueRequired":true,"valueName":"search_term_string"}}],"inLanguage":"de-DE"},{"@type":"Organization","@id":"https:\/\/chauvetdj-ils.com\/#organization","name":"CHAUVET DJ | Instant Light Shows","url":"https:\/\/chauvetdj-ils.com\/","logo":{"@type":"ImageObject","inLanguage":"de-DE","@id":"https:\/\/chauvetdj-ils.com\/#\/schema\/logo\/image\/","url":"https:\/\/chauvetdj-ils.com\/wp-content\/uploads\/2023\/11\/dj-logo.png","contentUrl":"https:\/\/chauvetdj-ils.com\/wp-content\/uploads\/2023\/11\/dj-logo.png","width":253,"height":100,"caption":"CHAUVET DJ | Instant Light Shows"},"image":{"@id":"https:\/\/chauvetdj-ils.com\/#\/schema\/logo\/image\/"}}]}},"_links":{"self":[{"href":"https:\/\/chauvetdj-ils.com\/de\/wp-json\/wp\/v2\/product\/2366","targetHints":{"allow":["GET"]}}],"collection":[{"href":"https:\/\/chauvetdj-ils.com\/de\/wp-json\/wp\/v2\/product"}],"about":[{"href":"https:\/\/chauvetdj-ils.com\/de\/wp-json\/wp\/v2\/types\/product"}],"replies":[{"embeddable":true,"href":"https:\/\/chauvetdj-ils.com\/de\/wp-json\/wp\/v2\/comments?post=2366"}],"wp:featuredmedia":[{"embeddable":true,"href":"https:\/\/chauvetdj-ils.com\/de\/wp-json\/wp\/v2\/media\/3299"}],"wp:attachment":[{"href":"https:\/\/chauvetdj-ils.com\/de\/wp-json\/wp\/v2\/media?parent=2366"}],"wp:term":[{"taxonomy":"product_cat","embeddable":true,"href":"https:\/\/chauvetdj-ils.com\/de\/wp-json\/wp\/v2\/product_cat?post=2366"},{"taxonomy":"product_tag","embeddable":true,"href":"https:\/\/chauvetdj-ils.com\/de\/wp-json\/wp\/v2\/product_tag?post=2366"}],"curies":[{"name":"wp","href":"https:\/\/api.w.org\/{rel}","templated":true}]}}