{"id":2369,"date":"2023-01-10T16:05:44","date_gmt":"2023-01-10T16:05:44","guid":{"rendered":"http:\/\/chauvetdj-ils.com\/product\/4bar-quad-ils\/"},"modified":"2024-01-30T15:18:25","modified_gmt":"2024-01-30T15:18:25","slug":"4bar-quad-ils","status":"publish","type":"product","link":"https:\/\/chauvetdj-ils.com\/de\/produkt\/4bar-quad-ils\/","title":{"rendered":"4BAR Quad ILS"},"content":{"rendered":"<p>4BAR Quad ILS ist eine komplette Wash-Beleuchtungsl\u00f6sung mit hochintensiven Vierfarb-LEDs (RGBA), die kabellos \u00fcber den mitgelieferten Fu\u00dfschalter oder den optional erh\u00e4ltlichen IRC-6-Controller gesteuert werden k\u00f6nnen. F\u00fcr eine wirklich bequeme Steuerung ist die Kompatibilit\u00e4t mit dem ILS, das die Erstellung koordinierter Lichtshows \u00fcber verschiedene Ger\u00e4tetypen hinweg so einfach wie das ABC macht. Erzeugt nat\u00fcrliche, warme Farbtemperaturen mit kr\u00e4ftigem Amber und erreicht eine vollst\u00e4ndige Fl\u00e4chenabdeckung durch individuelle Positionierung der 4 verstellbaren Pods. Das 4BAR Quad ILS ist kompatibel mit D-Fi USB f\u00fcr drahtlose Master\/Slave- oder DMX-Programmierung. Ein praktisches Stativ und eine Tragetasche sind im Lieferumfang enthalten und erm\u00f6glichen einen m\u00fchelosen Auf- und Abbau. Die 4BAR Quad ILS l\u00e4sst sich mit den eingebauten Schrauben sicher an der Traverse befestigen und erweitert so die Montagem\u00f6glichkeiten.<\/p>\n","protected":false},"excerpt":{"rendered":"<p>4BAR Quad ILS ist eine komplette Wash-Beleuchtungsl\u00f6sung mit hochintensiven Vierfarb-LEDs (RGBA), die kabellos \u00fcber den mitgelieferten Fu\u00dfschalter oder den optional erh\u00e4ltlichen IRC-6-Controller gesteuert werden k\u00f6nnen. F\u00fcr eine wirklich bequeme Steuerung ist die Kompatibilit\u00e4t mit dem ILS, das die Erstellung koordinierter Lichtshows \u00fcber verschiedene Ger\u00e4tetypen hinweg so einfach wie das ABC macht. Erzeugt nat\u00fcrliche, warme Farbtemperaturen [&hellip;]<\/p>\n","protected":false},"featured_media":3452,"comment_status":"open","ping_status":"closed","template":"","meta":[],"product_cat":[60],"product_tag":[83],"class_list":{"0":"post-2369","1":"product","2":"type-product","3":"status-publish","4":"has-post-thumbnail","6":"product_cat-ils-de","7":"product_tag-wash-lights-de","9":"first","10":"instock","11":"product-type-simple"},"acf":[],"yoast_head":"<!-- This site is optimized with the Yoast SEO plugin v27.1.1 - https:\/\/yoast.com\/product\/yoast-seo-wordpress\/ -->\n<title>4BAR Quad ILS - CHAUVET DJ | Instant Light Shows<\/title>\n<meta name=\"robots\" content=\"index, follow, max-snippet:-1, max-image-preview:large, max-video-preview:-1\" \/>\n<link rel=\"canonical\" href=\"https:\/\/chauvetdj-ils.com\/de\/produkt\/4bar-quad-ils\/\" \/>\n<meta property=\"og:locale\" content=\"de_DE\" \/>\n<meta property=\"og:type\" content=\"article\" \/>\n<meta property=\"og:title\" content=\"4BAR Quad ILS - CHAUVET DJ | Instant Light Shows\" \/>\n<meta property=\"og:description\" content=\"4BAR Quad ILS ist eine komplette Wash-Beleuchtungsl\u00f6sung mit hochintensiven Vierfarb-LEDs (RGBA), die kabellos \u00fcber den mitgelieferten Fu\u00dfschalter oder den optional erh\u00e4ltlichen IRC-6-Controller gesteuert werden k\u00f6nnen. F\u00fcr eine wirklich bequeme Steuerung ist die Kompatibilit\u00e4t mit dem ILS, das die Erstellung koordinierter Lichtshows \u00fcber verschiedene Ger\u00e4tetypen hinweg so einfach wie das ABC macht. Erzeugt nat\u00fcrliche, warme Farbtemperaturen [&hellip;]\" \/>\n<meta property=\"og:url\" content=\"https:\/\/chauvetdj-ils.com\/de\/produkt\/4bar-quad-ils\/\" \/>\n<meta property=\"og:site_name\" content=\"CHAUVET DJ | Instant Light Shows\" \/>\n<meta property=\"article:modified_time\" content=\"2024-01-30T15:18:25+00:00\" \/>\n<meta property=\"og:image\" content=\"https:\/\/chauvetdj-ils.com\/wp-content\/uploads\/2023\/11\/4BAR-Quad-ILS-FRONT-TRIPOD-off.png\" \/>\n\t<meta property=\"og:image:width\" content=\"800\" \/>\n\t<meta property=\"og:image:height\" content=\"800\" \/>\n\t<meta property=\"og:image:type\" content=\"image\/png\" \/>\n<meta name=\"twitter:card\" content=\"summary_large_image\" \/>\n<meta name=\"twitter:label1\" content=\"Est. reading time\" \/>\n\t<meta name=\"twitter:data1\" content=\"1 Minute\" \/>\n<script type=\"application\/ld+json\" class=\"yoast-schema-graph\">{\"@context\":\"https:\/\/schema.org\",\"@graph\":[{\"@type\":\"WebPage\",\"@id\":\"https:\/\/chauvetdj-ils.com\/de\/produkt\/4bar-quad-ils\/\",\"url\":\"https:\/\/chauvetdj-ils.com\/de\/produkt\/4bar-quad-ils\/\",\"name\":\"4BAR Quad ILS - CHAUVET DJ | Instant Light Shows\",\"isPartOf\":{\"@id\":\"https:\/\/chauvetdj-ils.com\/#website\"},\"primaryImageOfPage\":{\"@id\":\"https:\/\/chauvetdj-ils.com\/de\/produkt\/4bar-quad-ils\/#primaryimage\"},\"image\":{\"@id\":\"https:\/\/chauvetdj-ils.com\/de\/produkt\/4bar-quad-ils\/#primaryimage\"},\"thumbnailUrl\":\"https:\/\/chauvetdj-ils.com\/wp-content\/uploads\/2023\/11\/4BAR-Quad-ILS-FRONT-TRIPOD-off.png\",\"datePublished\":\"2023-01-10T16:05:44+00:00\",\"dateModified\":\"2024-01-30T15:18:25+00:00\",\"breadcrumb\":{\"@id\":\"https:\/\/chauvetdj-ils.com\/de\/produkt\/4bar-quad-ils\/#breadcrumb\"},\"inLanguage\":\"de-DE\",\"potentialAction\":[{\"@type\":\"ReadAction\",\"target\":[\"https:\/\/chauvetdj-ils.com\/de\/produkt\/4bar-quad-ils\/\"]}]},{\"@type\":\"ImageObject\",\"inLanguage\":\"de-DE\",\"@id\":\"https:\/\/chauvetdj-ils.com\/de\/produkt\/4bar-quad-ils\/#primaryimage\",\"url\":\"https:\/\/chauvetdj-ils.com\/wp-content\/uploads\/2023\/11\/4BAR-Quad-ILS-FRONT-TRIPOD-off.png\",\"contentUrl\":\"https:\/\/chauvetdj-ils.com\/wp-content\/uploads\/2023\/11\/4BAR-Quad-ILS-FRONT-TRIPOD-off.png\",\"width\":800,\"height\":800},{\"@type\":\"BreadcrumbList\",\"@id\":\"https:\/\/chauvetdj-ils.com\/de\/produkt\/4bar-quad-ils\/#breadcrumb\",\"itemListElement\":[{\"@type\":\"ListItem\",\"position\":1,\"name\":\"Home\",\"item\":\"https:\/\/chauvetdj-ils.com\/de\/\"},{\"@type\":\"ListItem\",\"position\":2,\"name\":\"Home\",\"item\":\"https:\/\/chauvetdj-ils.com\/de\/\"},{\"@type\":\"ListItem\",\"position\":3,\"name\":\"4BAR Quad ILS\"}]},{\"@type\":\"WebSite\",\"@id\":\"https:\/\/chauvetdj-ils.com\/#website\",\"url\":\"https:\/\/chauvetdj-ils.com\/\",\"name\":\"CHAUVET DJ | Instant Light Shows\",\"description\":\"\",\"publisher\":{\"@id\":\"https:\/\/chauvetdj-ils.com\/#organization\"},\"potentialAction\":[{\"@type\":\"SearchAction\",\"target\":{\"@type\":\"EntryPoint\",\"urlTemplate\":\"https:\/\/chauvetdj-ils.com\/?s={search_term_string}\"},\"query-input\":{\"@type\":\"PropertyValueSpecification\",\"valueRequired\":true,\"valueName\":\"search_term_string\"}}],\"inLanguage\":\"de-DE\"},{\"@type\":\"Organization\",\"@id\":\"https:\/\/chauvetdj-ils.com\/#organization\",\"name\":\"CHAUVET DJ | Instant Light Shows\",\"url\":\"https:\/\/chauvetdj-ils.com\/\",\"logo\":{\"@type\":\"ImageObject\",\"inLanguage\":\"de-DE\",\"@id\":\"https:\/\/chauvetdj-ils.com\/#\/schema\/logo\/image\/\",\"url\":\"https:\/\/chauvetdj-ils.com\/wp-content\/uploads\/2023\/11\/dj-logo.png\",\"contentUrl\":\"https:\/\/chauvetdj-ils.com\/wp-content\/uploads\/2023\/11\/dj-logo.png\",\"width\":253,\"height\":100,\"caption\":\"CHAUVET DJ | Instant Light Shows\"},\"image\":{\"@id\":\"https:\/\/chauvetdj-ils.com\/#\/schema\/logo\/image\/\"}}]}<\/script>\n<!-- \/ Yoast SEO plugin. -->","yoast_head_json":{"title":"4BAR Quad ILS - CHAUVET DJ | Instant Light Shows","robots":{"index":"index","follow":"follow","max-snippet":"max-snippet:-1","max-image-preview":"max-image-preview:large","max-video-preview":"max-video-preview:-1"},"canonical":"https:\/\/chauvetdj-ils.com\/de\/produkt\/4bar-quad-ils\/","og_locale":"de_DE","og_type":"article","og_title":"4BAR Quad ILS - CHAUVET DJ | Instant Light Shows","og_description":"4BAR Quad ILS ist eine komplette Wash-Beleuchtungsl\u00f6sung mit hochintensiven Vierfarb-LEDs (RGBA), die kabellos \u00fcber den mitgelieferten Fu\u00dfschalter oder den optional erh\u00e4ltlichen IRC-6-Controller gesteuert werden k\u00f6nnen. F\u00fcr eine wirklich bequeme Steuerung ist die Kompatibilit\u00e4t mit dem ILS, das die Erstellung koordinierter Lichtshows \u00fcber verschiedene Ger\u00e4tetypen hinweg so einfach wie das ABC macht. Erzeugt nat\u00fcrliche, warme Farbtemperaturen [&hellip;]","og_url":"https:\/\/chauvetdj-ils.com\/de\/produkt\/4bar-quad-ils\/","og_site_name":"CHAUVET DJ | Instant Light Shows","article_modified_time":"2024-01-30T15:18:25+00:00","og_image":[{"width":800,"height":800,"url":"https:\/\/chauvetdj-ils.com\/wp-content\/uploads\/2023\/11\/4BAR-Quad-ILS-FRONT-TRIPOD-off.png","type":"image\/png"}],"twitter_card":"summary_large_image","twitter_misc":{"Est. reading time":"1 Minute"},"schema":{"@context":"https:\/\/schema.org","@graph":[{"@type":"WebPage","@id":"https:\/\/chauvetdj-ils.com\/de\/produkt\/4bar-quad-ils\/","url":"https:\/\/chauvetdj-ils.com\/de\/produkt\/4bar-quad-ils\/","name":"4BAR Quad ILS - CHAUVET DJ | Instant Light Shows","isPartOf":{"@id":"https:\/\/chauvetdj-ils.com\/#website"},"primaryImageOfPage":{"@id":"https:\/\/chauvetdj-ils.com\/de\/produkt\/4bar-quad-ils\/#primaryimage"},"image":{"@id":"https:\/\/chauvetdj-ils.com\/de\/produkt\/4bar-quad-ils\/#primaryimage"},"thumbnailUrl":"https:\/\/chauvetdj-ils.com\/wp-content\/uploads\/2023\/11\/4BAR-Quad-ILS-FRONT-TRIPOD-off.png","datePublished":"2023-01-10T16:05:44+00:00","dateModified":"2024-01-30T15:18:25+00:00","breadcrumb":{"@id":"https:\/\/chauvetdj-ils.com\/de\/produkt\/4bar-quad-ils\/#breadcrumb"},"inLanguage":"de-DE","potentialAction":[{"@type":"ReadAction","target":["https:\/\/chauvetdj-ils.com\/de\/produkt\/4bar-quad-ils\/"]}]},{"@type":"ImageObject","inLanguage":"de-DE","@id":"https:\/\/chauvetdj-ils.com\/de\/produkt\/4bar-quad-ils\/#primaryimage","url":"https:\/\/chauvetdj-ils.com\/wp-content\/uploads\/2023\/11\/4BAR-Quad-ILS-FRONT-TRIPOD-off.png","contentUrl":"https:\/\/chauvetdj-ils.com\/wp-content\/uploads\/2023\/11\/4BAR-Quad-ILS-FRONT-TRIPOD-off.png","width":800,"height":800},{"@type":"BreadcrumbList","@id":"https:\/\/chauvetdj-ils.com\/de\/produkt\/4bar-quad-ils\/#breadcrumb","itemListElement":[{"@type":"ListItem","position":1,"name":"Home","item":"https:\/\/chauvetdj-ils.com\/de\/"},{"@type":"ListItem","position":2,"name":"Home","item":"https:\/\/chauvetdj-ils.com\/de\/"},{"@type":"ListItem","position":3,"name":"4BAR Quad ILS"}]},{"@type":"WebSite","@id":"https:\/\/chauvetdj-ils.com\/#website","url":"https:\/\/chauvetdj-ils.com\/","name":"CHAUVET DJ | Instant Light Shows","description":"","publisher":{"@id":"https:\/\/chauvetdj-ils.com\/#organization"},"potentialAction":[{"@type":"SearchAction","target":{"@type":"EntryPoint","urlTemplate":"https:\/\/chauvetdj-ils.com\/?s={search_term_string}"},"query-input":{"@type":"PropertyValueSpecification","valueRequired":true,"valueName":"search_term_string"}}],"inLanguage":"de-DE"},{"@type":"Organization","@id":"https:\/\/chauvetdj-ils.com\/#organization","name":"CHAUVET DJ | Instant Light Shows","url":"https:\/\/chauvetdj-ils.com\/","logo":{"@type":"ImageObject","inLanguage":"de-DE","@id":"https:\/\/chauvetdj-ils.com\/#\/schema\/logo\/image\/","url":"https:\/\/chauvetdj-ils.com\/wp-content\/uploads\/2023\/11\/dj-logo.png","contentUrl":"https:\/\/chauvetdj-ils.com\/wp-content\/uploads\/2023\/11\/dj-logo.png","width":253,"height":100,"caption":"CHAUVET DJ | Instant Light Shows"},"image":{"@id":"https:\/\/chauvetdj-ils.com\/#\/schema\/logo\/image\/"}}]}},"_links":{"self":[{"href":"https:\/\/chauvetdj-ils.com\/de\/wp-json\/wp\/v2\/product\/2369","targetHints":{"allow":["GET"]}}],"collection":[{"href":"https:\/\/chauvetdj-ils.com\/de\/wp-json\/wp\/v2\/product"}],"about":[{"href":"https:\/\/chauvetdj-ils.com\/de\/wp-json\/wp\/v2\/types\/product"}],"replies":[{"embeddable":true,"href":"https:\/\/chauvetdj-ils.com\/de\/wp-json\/wp\/v2\/comments?post=2369"}],"wp:featuredmedia":[{"embeddable":true,"href":"https:\/\/chauvetdj-ils.com\/de\/wp-json\/wp\/v2\/media\/3452"}],"wp:attachment":[{"href":"https:\/\/chauvetdj-ils.com\/de\/wp-json\/wp\/v2\/media?parent=2369"}],"wp:term":[{"taxonomy":"product_cat","embeddable":true,"href":"https:\/\/chauvetdj-ils.com\/de\/wp-json\/wp\/v2\/product_cat?post=2369"},{"taxonomy":"product_tag","embeddable":true,"href":"https:\/\/chauvetdj-ils.com\/de\/wp-json\/wp\/v2\/product_tag?post=2369"}],"curies":[{"name":"wp","href":"https:\/\/api.w.org\/{rel}","templated":true}]}}