{"id":2372,"date":"2023-01-10T15:13:15","date_gmt":"2023-01-10T15:13:15","guid":{"rendered":"http:\/\/chauvetdj-ils.com\/product\/4bar-flex-q-ils\/"},"modified":"2024-01-30T15:35:08","modified_gmt":"2024-01-30T15:35:08","slug":"4bar-flex-q-ils","status":"publish","type":"product","link":"https:\/\/chauvetdj-ils.com\/de\/produkt\/4bar-flex-q-ils\/","title":{"rendered":"4BAR Flex Q ILS"},"content":{"rendered":"<p>Mit 4BAR Flex Q ILS erreicht der Beleuchtungskomfort neue Dimensionen. Dieses All-in-One-System ist mit vier Par-Scheinwerfern an einer Schiene ausgestattet. Das 4BAR Flex Q ILS ist kompatibel mit ILS, was die Erstellung koordinierter Lichtshows mit verschiedenen Ger\u00e4tetypen so einfach macht wie das ABC. Kein DMX erforderlich. Hochintensive, vierfarbige (RGBA) LEDs erzeugen ein breites Farbspektrum und erzielen mit ihren kr\u00e4ftigen bernsteinfarbenen LEDs nat\u00fcrlich wirkende Farbtemperaturen. Der 4BAR Flex Q ILS ist in wenigen Minuten auf- und abgebaut und wird mit einer praktischen Tragetasche geliefert. Die Vielseitigkeit des Ger\u00e4ts wird durch zwei L-Halterungen erh\u00f6ht, mit denen Sie die Aufstellungsm\u00f6glichkeiten und Konfigurationen maximieren k\u00f6nnen. An der Oberseite der 4BAR Flex Q ILS lassen sich bis zu 4 zus\u00e4tzliche Scheinwerfer befestigen, die \u00fcber die eingebauten Edison-Stecker mit Strom versorgt werden k\u00f6nnen. Der 4BAR Flex Q ILS l\u00e4sst sich mit Hilfe der Durchgangsbohrung an den meisten Stativen oder Lautsprecherst\u00e4ndern befestigen, ohne dass zus\u00e4tzliche Klemmen erforderlich sind. D-Fi\u2122 USB-Kompatibilit\u00e4t f\u00fcr drahtlose Master\/Slave- oder DMX-Steuerung ist an Bord, und mehrere Steuerungsoptionen umfassen Standalone, DMX-Modus, drahtlosen Fu\u00dfschalter oder die IRC-6.<\/p>\n","protected":false},"excerpt":{"rendered":"<p>Mit 4BAR Flex Q ILS erreicht der Beleuchtungskomfort neue Dimensionen. Dieses All-in-One-System ist mit vier Par-Scheinwerfern an einer Schiene ausgestattet. Das 4BAR Flex Q ILS ist kompatibel mit ILS, was die Erstellung koordinierter Lichtshows mit verschiedenen Ger\u00e4tetypen so einfach macht wie das ABC. Kein DMX erforderlich. Hochintensive, vierfarbige (RGBA) LEDs erzeugen ein breites Farbspektrum und [&hellip;]<\/p>\n","protected":false},"featured_media":3356,"comment_status":"open","ping_status":"closed","template":"","meta":[],"product_cat":[60],"product_tag":[83],"class_list":{"0":"post-2372","1":"product","2":"type-product","3":"status-publish","4":"has-post-thumbnail","6":"product_cat-ils-de","7":"product_tag-wash-lights-de","9":"first","10":"instock","11":"product-type-simple"},"acf":[],"yoast_head":"<!-- This site is optimized with the Yoast SEO plugin v27.1.1 - https:\/\/yoast.com\/product\/yoast-seo-wordpress\/ -->\n<title>4BAR Flex Q ILS - CHAUVET DJ | Instant Light Shows<\/title>\n<meta name=\"robots\" content=\"index, follow, max-snippet:-1, max-image-preview:large, max-video-preview:-1\" \/>\n<link rel=\"canonical\" href=\"https:\/\/chauvetdj-ils.com\/de\/produkt\/4bar-flex-q-ils\/\" \/>\n<meta property=\"og:locale\" content=\"de_DE\" \/>\n<meta property=\"og:type\" content=\"article\" \/>\n<meta property=\"og:title\" content=\"4BAR Flex Q ILS - CHAUVET DJ | Instant Light Shows\" \/>\n<meta property=\"og:description\" content=\"Mit 4BAR Flex Q ILS erreicht der Beleuchtungskomfort neue Dimensionen. Dieses All-in-One-System ist mit vier Par-Scheinwerfern an einer Schiene ausgestattet. Das 4BAR Flex Q ILS ist kompatibel mit ILS, was die Erstellung koordinierter Lichtshows mit verschiedenen Ger\u00e4tetypen so einfach macht wie das ABC. Kein DMX erforderlich. Hochintensive, vierfarbige (RGBA) LEDs erzeugen ein breites Farbspektrum und [&hellip;]\" \/>\n<meta property=\"og:url\" content=\"https:\/\/chauvetdj-ils.com\/de\/produkt\/4bar-flex-q-ils\/\" \/>\n<meta property=\"og:site_name\" content=\"CHAUVET DJ | Instant Light Shows\" \/>\n<meta property=\"article:modified_time\" content=\"2024-01-30T15:35:08+00:00\" \/>\n<meta property=\"og:image\" content=\"https:\/\/chauvetdj-ils.com\/wp-content\/uploads\/2023\/11\/4Bars-flex-q-ILS-off.png\" \/>\n\t<meta property=\"og:image:width\" content=\"800\" \/>\n\t<meta property=\"og:image:height\" content=\"800\" \/>\n\t<meta property=\"og:image:type\" content=\"image\/png\" \/>\n<meta name=\"twitter:card\" content=\"summary_large_image\" \/>\n<meta name=\"twitter:label1\" content=\"Est. reading time\" \/>\n\t<meta name=\"twitter:data1\" content=\"1 Minute\" \/>\n<script type=\"application\/ld+json\" class=\"yoast-schema-graph\">{\"@context\":\"https:\/\/schema.org\",\"@graph\":[{\"@type\":\"WebPage\",\"@id\":\"https:\/\/chauvetdj-ils.com\/de\/produkt\/4bar-flex-q-ils\/\",\"url\":\"https:\/\/chauvetdj-ils.com\/de\/produkt\/4bar-flex-q-ils\/\",\"name\":\"4BAR Flex Q ILS - CHAUVET DJ | Instant Light Shows\",\"isPartOf\":{\"@id\":\"https:\/\/chauvetdj-ils.com\/#website\"},\"primaryImageOfPage\":{\"@id\":\"https:\/\/chauvetdj-ils.com\/de\/produkt\/4bar-flex-q-ils\/#primaryimage\"},\"image\":{\"@id\":\"https:\/\/chauvetdj-ils.com\/de\/produkt\/4bar-flex-q-ils\/#primaryimage\"},\"thumbnailUrl\":\"https:\/\/chauvetdj-ils.com\/wp-content\/uploads\/2023\/11\/4Bars-flex-q-ILS-off.png\",\"datePublished\":\"2023-01-10T15:13:15+00:00\",\"dateModified\":\"2024-01-30T15:35:08+00:00\",\"breadcrumb\":{\"@id\":\"https:\/\/chauvetdj-ils.com\/de\/produkt\/4bar-flex-q-ils\/#breadcrumb\"},\"inLanguage\":\"de-DE\",\"potentialAction\":[{\"@type\":\"ReadAction\",\"target\":[\"https:\/\/chauvetdj-ils.com\/de\/produkt\/4bar-flex-q-ils\/\"]}]},{\"@type\":\"ImageObject\",\"inLanguage\":\"de-DE\",\"@id\":\"https:\/\/chauvetdj-ils.com\/de\/produkt\/4bar-flex-q-ils\/#primaryimage\",\"url\":\"https:\/\/chauvetdj-ils.com\/wp-content\/uploads\/2023\/11\/4Bars-flex-q-ILS-off.png\",\"contentUrl\":\"https:\/\/chauvetdj-ils.com\/wp-content\/uploads\/2023\/11\/4Bars-flex-q-ILS-off.png\",\"width\":800,\"height\":800},{\"@type\":\"BreadcrumbList\",\"@id\":\"https:\/\/chauvetdj-ils.com\/de\/produkt\/4bar-flex-q-ils\/#breadcrumb\",\"itemListElement\":[{\"@type\":\"ListItem\",\"position\":1,\"name\":\"Home\",\"item\":\"https:\/\/chauvetdj-ils.com\/de\/\"},{\"@type\":\"ListItem\",\"position\":2,\"name\":\"Home\",\"item\":\"https:\/\/chauvetdj-ils.com\/de\/\"},{\"@type\":\"ListItem\",\"position\":3,\"name\":\"4BAR Flex Q ILS\"}]},{\"@type\":\"WebSite\",\"@id\":\"https:\/\/chauvetdj-ils.com\/#website\",\"url\":\"https:\/\/chauvetdj-ils.com\/\",\"name\":\"CHAUVET DJ | Instant Light Shows\",\"description\":\"\",\"publisher\":{\"@id\":\"https:\/\/chauvetdj-ils.com\/#organization\"},\"potentialAction\":[{\"@type\":\"SearchAction\",\"target\":{\"@type\":\"EntryPoint\",\"urlTemplate\":\"https:\/\/chauvetdj-ils.com\/?s={search_term_string}\"},\"query-input\":{\"@type\":\"PropertyValueSpecification\",\"valueRequired\":true,\"valueName\":\"search_term_string\"}}],\"inLanguage\":\"de-DE\"},{\"@type\":\"Organization\",\"@id\":\"https:\/\/chauvetdj-ils.com\/#organization\",\"name\":\"CHAUVET DJ | Instant Light Shows\",\"url\":\"https:\/\/chauvetdj-ils.com\/\",\"logo\":{\"@type\":\"ImageObject\",\"inLanguage\":\"de-DE\",\"@id\":\"https:\/\/chauvetdj-ils.com\/#\/schema\/logo\/image\/\",\"url\":\"https:\/\/chauvetdj-ils.com\/wp-content\/uploads\/2023\/11\/dj-logo.png\",\"contentUrl\":\"https:\/\/chauvetdj-ils.com\/wp-content\/uploads\/2023\/11\/dj-logo.png\",\"width\":253,\"height\":100,\"caption\":\"CHAUVET DJ | Instant Light Shows\"},\"image\":{\"@id\":\"https:\/\/chauvetdj-ils.com\/#\/schema\/logo\/image\/\"}}]}<\/script>\n<!-- \/ Yoast SEO plugin. -->","yoast_head_json":{"title":"4BAR Flex Q ILS - CHAUVET DJ | Instant Light Shows","robots":{"index":"index","follow":"follow","max-snippet":"max-snippet:-1","max-image-preview":"max-image-preview:large","max-video-preview":"max-video-preview:-1"},"canonical":"https:\/\/chauvetdj-ils.com\/de\/produkt\/4bar-flex-q-ils\/","og_locale":"de_DE","og_type":"article","og_title":"4BAR Flex Q ILS - CHAUVET DJ | Instant Light Shows","og_description":"Mit 4BAR Flex Q ILS erreicht der Beleuchtungskomfort neue Dimensionen. Dieses All-in-One-System ist mit vier Par-Scheinwerfern an einer Schiene ausgestattet. Das 4BAR Flex Q ILS ist kompatibel mit ILS, was die Erstellung koordinierter Lichtshows mit verschiedenen Ger\u00e4tetypen so einfach macht wie das ABC. Kein DMX erforderlich. Hochintensive, vierfarbige (RGBA) LEDs erzeugen ein breites Farbspektrum und [&hellip;]","og_url":"https:\/\/chauvetdj-ils.com\/de\/produkt\/4bar-flex-q-ils\/","og_site_name":"CHAUVET DJ | Instant Light Shows","article_modified_time":"2024-01-30T15:35:08+00:00","og_image":[{"width":800,"height":800,"url":"https:\/\/chauvetdj-ils.com\/wp-content\/uploads\/2023\/11\/4Bars-flex-q-ILS-off.png","type":"image\/png"}],"twitter_card":"summary_large_image","twitter_misc":{"Est. reading time":"1 Minute"},"schema":{"@context":"https:\/\/schema.org","@graph":[{"@type":"WebPage","@id":"https:\/\/chauvetdj-ils.com\/de\/produkt\/4bar-flex-q-ils\/","url":"https:\/\/chauvetdj-ils.com\/de\/produkt\/4bar-flex-q-ils\/","name":"4BAR Flex Q ILS - CHAUVET DJ | Instant Light Shows","isPartOf":{"@id":"https:\/\/chauvetdj-ils.com\/#website"},"primaryImageOfPage":{"@id":"https:\/\/chauvetdj-ils.com\/de\/produkt\/4bar-flex-q-ils\/#primaryimage"},"image":{"@id":"https:\/\/chauvetdj-ils.com\/de\/produkt\/4bar-flex-q-ils\/#primaryimage"},"thumbnailUrl":"https:\/\/chauvetdj-ils.com\/wp-content\/uploads\/2023\/11\/4Bars-flex-q-ILS-off.png","datePublished":"2023-01-10T15:13:15+00:00","dateModified":"2024-01-30T15:35:08+00:00","breadcrumb":{"@id":"https:\/\/chauvetdj-ils.com\/de\/produkt\/4bar-flex-q-ils\/#breadcrumb"},"inLanguage":"de-DE","potentialAction":[{"@type":"ReadAction","target":["https:\/\/chauvetdj-ils.com\/de\/produkt\/4bar-flex-q-ils\/"]}]},{"@type":"ImageObject","inLanguage":"de-DE","@id":"https:\/\/chauvetdj-ils.com\/de\/produkt\/4bar-flex-q-ils\/#primaryimage","url":"https:\/\/chauvetdj-ils.com\/wp-content\/uploads\/2023\/11\/4Bars-flex-q-ILS-off.png","contentUrl":"https:\/\/chauvetdj-ils.com\/wp-content\/uploads\/2023\/11\/4Bars-flex-q-ILS-off.png","width":800,"height":800},{"@type":"BreadcrumbList","@id":"https:\/\/chauvetdj-ils.com\/de\/produkt\/4bar-flex-q-ils\/#breadcrumb","itemListElement":[{"@type":"ListItem","position":1,"name":"Home","item":"https:\/\/chauvetdj-ils.com\/de\/"},{"@type":"ListItem","position":2,"name":"Home","item":"https:\/\/chauvetdj-ils.com\/de\/"},{"@type":"ListItem","position":3,"name":"4BAR Flex Q ILS"}]},{"@type":"WebSite","@id":"https:\/\/chauvetdj-ils.com\/#website","url":"https:\/\/chauvetdj-ils.com\/","name":"CHAUVET DJ | Instant Light Shows","description":"","publisher":{"@id":"https:\/\/chauvetdj-ils.com\/#organization"},"potentialAction":[{"@type":"SearchAction","target":{"@type":"EntryPoint","urlTemplate":"https:\/\/chauvetdj-ils.com\/?s={search_term_string}"},"query-input":{"@type":"PropertyValueSpecification","valueRequired":true,"valueName":"search_term_string"}}],"inLanguage":"de-DE"},{"@type":"Organization","@id":"https:\/\/chauvetdj-ils.com\/#organization","name":"CHAUVET DJ | Instant Light Shows","url":"https:\/\/chauvetdj-ils.com\/","logo":{"@type":"ImageObject","inLanguage":"de-DE","@id":"https:\/\/chauvetdj-ils.com\/#\/schema\/logo\/image\/","url":"https:\/\/chauvetdj-ils.com\/wp-content\/uploads\/2023\/11\/dj-logo.png","contentUrl":"https:\/\/chauvetdj-ils.com\/wp-content\/uploads\/2023\/11\/dj-logo.png","width":253,"height":100,"caption":"CHAUVET DJ | Instant Light Shows"},"image":{"@id":"https:\/\/chauvetdj-ils.com\/#\/schema\/logo\/image\/"}}]}},"_links":{"self":[{"href":"https:\/\/chauvetdj-ils.com\/de\/wp-json\/wp\/v2\/product\/2372","targetHints":{"allow":["GET"]}}],"collection":[{"href":"https:\/\/chauvetdj-ils.com\/de\/wp-json\/wp\/v2\/product"}],"about":[{"href":"https:\/\/chauvetdj-ils.com\/de\/wp-json\/wp\/v2\/types\/product"}],"replies":[{"embeddable":true,"href":"https:\/\/chauvetdj-ils.com\/de\/wp-json\/wp\/v2\/comments?post=2372"}],"wp:featuredmedia":[{"embeddable":true,"href":"https:\/\/chauvetdj-ils.com\/de\/wp-json\/wp\/v2\/media\/3356"}],"wp:attachment":[{"href":"https:\/\/chauvetdj-ils.com\/de\/wp-json\/wp\/v2\/media?parent=2372"}],"wp:term":[{"taxonomy":"product_cat","embeddable":true,"href":"https:\/\/chauvetdj-ils.com\/de\/wp-json\/wp\/v2\/product_cat?post=2372"},{"taxonomy":"product_tag","embeddable":true,"href":"https:\/\/chauvetdj-ils.com\/de\/wp-json\/wp\/v2\/product_tag?post=2372"}],"curies":[{"name":"wp","href":"https:\/\/api.w.org\/{rel}","templated":true}]}}