{"id":2381,"date":"2022-10-06T15:10:38","date_gmt":"2022-10-06T15:10:38","guid":{"rendered":"http:\/\/chauvetdj-ils.com\/product\/slimpar-q6-ils\/"},"modified":"2024-01-30T17:18:48","modified_gmt":"2024-01-30T17:18:48","slug":"slimpar-q6-ils","status":"publish","type":"product","link":"https:\/\/chauvetdj-ils.com\/de\/produkt\/slimpar-q6-ils\/","title":{"rendered":"SlimPAR Q6 ILS"},"content":{"rendered":"<p>Der SlimPAR Q6 ILS ist kein gew\u00f6hnlicher SlimPAR. Dieser flache LED-Par mit hoher Leistung und vier Farben (RGBA) ist mit dem ILS-\u00d6kosystem kompatibel, was die Erstellung von koordinierten Lichtshows \u00fcber verschiedene Ger\u00e4tetypen hinweg erleichtert. Aber das ist noch nicht alles an Steuerungsoptionen. Die SlimPAR Q6 ILS ist auch D-Fi USB-kompatibel f\u00fcr drahtlose Master\/Slave- oder DMX-Steuerung. Das Herzst\u00fcck des SlimPAR Q6 ILS ist jedoch das Wash-Licht, mit dem Sie ein breites Farbspektrum erzeugen und nat\u00fcrlich wirkende Farbtemperaturen mit kr\u00e4ftigen bernsteinfarbenen LEDs erreichen k\u00f6nnen, mit bequemem Zugriff auf RGBA-Farbmischung und statische Farben mit oder ohne DMX. Wenn Sie einen warmen Wash f\u00fcr die Videoproduktion ben\u00f6tigen, bietet SlimPAR Q6 ILS einen flimmerfreien Betrieb, der sich perfekt f\u00fcr den Einsatz auf der Kamera eignet.<\/p>\n","protected":false},"excerpt":{"rendered":"<p>Der SlimPAR Q6 ILS ist kein gew\u00f6hnlicher SlimPAR. Dieser flache LED-Par mit hoher Leistung und vier Farben (RGBA) ist mit dem ILS-\u00d6kosystem kompatibel, was die Erstellung von koordinierten Lichtshows \u00fcber verschiedene Ger\u00e4tetypen hinweg erleichtert. Aber das ist noch nicht alles an Steuerungsoptionen. Die SlimPAR Q6 ILS ist auch D-Fi USB-kompatibel f\u00fcr drahtlose Master\/Slave- oder DMX-Steuerung. [&hellip;]<\/p>\n","protected":false},"featured_media":3056,"comment_status":"open","ping_status":"closed","template":"","meta":[],"product_cat":[60],"product_tag":[80],"class_list":{"0":"post-2381","1":"product","2":"type-product","3":"status-publish","4":"has-post-thumbnail","6":"product_cat-ils-de","7":"product_tag-pars-de","9":"first","10":"instock","11":"product-type-simple"},"acf":[],"yoast_head":"<!-- This site is optimized with the Yoast SEO plugin v27.1.1 - https:\/\/yoast.com\/product\/yoast-seo-wordpress\/ -->\n<title>SlimPAR Q6 ILS - CHAUVET DJ | Instant Light Shows<\/title>\n<meta name=\"robots\" content=\"index, follow, max-snippet:-1, max-image-preview:large, max-video-preview:-1\" \/>\n<link rel=\"canonical\" href=\"https:\/\/chauvetdj-ils.com\/de\/produkt\/slimpar-q6-ils\/\" \/>\n<meta property=\"og:locale\" content=\"de_DE\" \/>\n<meta property=\"og:type\" content=\"article\" \/>\n<meta property=\"og:title\" content=\"SlimPAR Q6 ILS - CHAUVET DJ | Instant Light Shows\" \/>\n<meta property=\"og:description\" content=\"Der SlimPAR Q6 ILS ist kein gew\u00f6hnlicher SlimPAR. Dieser flache LED-Par mit hoher Leistung und vier Farben (RGBA) ist mit dem ILS-\u00d6kosystem kompatibel, was die Erstellung von koordinierten Lichtshows \u00fcber verschiedene Ger\u00e4tetypen hinweg erleichtert. Aber das ist noch nicht alles an Steuerungsoptionen. Die SlimPAR Q6 ILS ist auch D-Fi USB-kompatibel f\u00fcr drahtlose Master\/Slave- oder DMX-Steuerung. [&hellip;]\" \/>\n<meta property=\"og:url\" content=\"https:\/\/chauvetdj-ils.com\/de\/produkt\/slimpar-q6-ils\/\" \/>\n<meta property=\"og:site_name\" content=\"CHAUVET DJ | Instant Light Shows\" \/>\n<meta property=\"article:modified_time\" content=\"2024-01-30T17:18:48+00:00\" \/>\n<meta property=\"og:image\" content=\"https:\/\/chauvetdj-ils.com\/wp-content\/uploads\/2023\/11\/SlimPAR-Q6-ILS-feat-1.jpg\" \/>\n\t<meta property=\"og:image:width\" content=\"800\" \/>\n\t<meta property=\"og:image:height\" content=\"800\" \/>\n\t<meta property=\"og:image:type\" content=\"image\/jpeg\" \/>\n<meta name=\"twitter:card\" content=\"summary_large_image\" \/>\n<meta name=\"twitter:label1\" content=\"Est. reading time\" \/>\n\t<meta name=\"twitter:data1\" content=\"1 Minute\" \/>\n<script type=\"application\/ld+json\" class=\"yoast-schema-graph\">{\"@context\":\"https:\/\/schema.org\",\"@graph\":[{\"@type\":\"WebPage\",\"@id\":\"https:\/\/chauvetdj-ils.com\/de\/produkt\/slimpar-q6-ils\/\",\"url\":\"https:\/\/chauvetdj-ils.com\/de\/produkt\/slimpar-q6-ils\/\",\"name\":\"SlimPAR Q6 ILS - CHAUVET DJ | Instant Light Shows\",\"isPartOf\":{\"@id\":\"https:\/\/chauvetdj-ils.com\/#website\"},\"primaryImageOfPage\":{\"@id\":\"https:\/\/chauvetdj-ils.com\/de\/produkt\/slimpar-q6-ils\/#primaryimage\"},\"image\":{\"@id\":\"https:\/\/chauvetdj-ils.com\/de\/produkt\/slimpar-q6-ils\/#primaryimage\"},\"thumbnailUrl\":\"https:\/\/chauvetdj-ils.com\/wp-content\/uploads\/2023\/11\/SlimPAR-Q6-ILS-feat-1.jpg\",\"datePublished\":\"2022-10-06T15:10:38+00:00\",\"dateModified\":\"2024-01-30T17:18:48+00:00\",\"breadcrumb\":{\"@id\":\"https:\/\/chauvetdj-ils.com\/de\/produkt\/slimpar-q6-ils\/#breadcrumb\"},\"inLanguage\":\"de-DE\",\"potentialAction\":[{\"@type\":\"ReadAction\",\"target\":[\"https:\/\/chauvetdj-ils.com\/de\/produkt\/slimpar-q6-ils\/\"]}]},{\"@type\":\"ImageObject\",\"inLanguage\":\"de-DE\",\"@id\":\"https:\/\/chauvetdj-ils.com\/de\/produkt\/slimpar-q6-ils\/#primaryimage\",\"url\":\"https:\/\/chauvetdj-ils.com\/wp-content\/uploads\/2023\/11\/SlimPAR-Q6-ILS-feat-1.jpg\",\"contentUrl\":\"https:\/\/chauvetdj-ils.com\/wp-content\/uploads\/2023\/11\/SlimPAR-Q6-ILS-feat-1.jpg\",\"width\":800,\"height\":800},{\"@type\":\"BreadcrumbList\",\"@id\":\"https:\/\/chauvetdj-ils.com\/de\/produkt\/slimpar-q6-ils\/#breadcrumb\",\"itemListElement\":[{\"@type\":\"ListItem\",\"position\":1,\"name\":\"Home\",\"item\":\"https:\/\/chauvetdj-ils.com\/de\/\"},{\"@type\":\"ListItem\",\"position\":2,\"name\":\"Home\",\"item\":\"https:\/\/chauvetdj-ils.com\/de\/\"},{\"@type\":\"ListItem\",\"position\":3,\"name\":\"SlimPAR Q6 ILS\"}]},{\"@type\":\"WebSite\",\"@id\":\"https:\/\/chauvetdj-ils.com\/#website\",\"url\":\"https:\/\/chauvetdj-ils.com\/\",\"name\":\"CHAUVET DJ | Instant Light Shows\",\"description\":\"\",\"publisher\":{\"@id\":\"https:\/\/chauvetdj-ils.com\/#organization\"},\"potentialAction\":[{\"@type\":\"SearchAction\",\"target\":{\"@type\":\"EntryPoint\",\"urlTemplate\":\"https:\/\/chauvetdj-ils.com\/?s={search_term_string}\"},\"query-input\":{\"@type\":\"PropertyValueSpecification\",\"valueRequired\":true,\"valueName\":\"search_term_string\"}}],\"inLanguage\":\"de-DE\"},{\"@type\":\"Organization\",\"@id\":\"https:\/\/chauvetdj-ils.com\/#organization\",\"name\":\"CHAUVET DJ | Instant Light Shows\",\"url\":\"https:\/\/chauvetdj-ils.com\/\",\"logo\":{\"@type\":\"ImageObject\",\"inLanguage\":\"de-DE\",\"@id\":\"https:\/\/chauvetdj-ils.com\/#\/schema\/logo\/image\/\",\"url\":\"https:\/\/chauvetdj-ils.com\/wp-content\/uploads\/2023\/11\/dj-logo.png\",\"contentUrl\":\"https:\/\/chauvetdj-ils.com\/wp-content\/uploads\/2023\/11\/dj-logo.png\",\"width\":253,\"height\":100,\"caption\":\"CHAUVET DJ | Instant Light Shows\"},\"image\":{\"@id\":\"https:\/\/chauvetdj-ils.com\/#\/schema\/logo\/image\/\"}}]}<\/script>\n<!-- \/ Yoast SEO plugin. -->","yoast_head_json":{"title":"SlimPAR Q6 ILS - CHAUVET DJ | Instant Light Shows","robots":{"index":"index","follow":"follow","max-snippet":"max-snippet:-1","max-image-preview":"max-image-preview:large","max-video-preview":"max-video-preview:-1"},"canonical":"https:\/\/chauvetdj-ils.com\/de\/produkt\/slimpar-q6-ils\/","og_locale":"de_DE","og_type":"article","og_title":"SlimPAR Q6 ILS - CHAUVET DJ | Instant Light Shows","og_description":"Der SlimPAR Q6 ILS ist kein gew\u00f6hnlicher SlimPAR. Dieser flache LED-Par mit hoher Leistung und vier Farben (RGBA) ist mit dem ILS-\u00d6kosystem kompatibel, was die Erstellung von koordinierten Lichtshows \u00fcber verschiedene Ger\u00e4tetypen hinweg erleichtert. Aber das ist noch nicht alles an Steuerungsoptionen. Die SlimPAR Q6 ILS ist auch D-Fi USB-kompatibel f\u00fcr drahtlose Master\/Slave- oder DMX-Steuerung. [&hellip;]","og_url":"https:\/\/chauvetdj-ils.com\/de\/produkt\/slimpar-q6-ils\/","og_site_name":"CHAUVET DJ | Instant Light Shows","article_modified_time":"2024-01-30T17:18:48+00:00","og_image":[{"width":800,"height":800,"url":"https:\/\/chauvetdj-ils.com\/wp-content\/uploads\/2023\/11\/SlimPAR-Q6-ILS-feat-1.jpg","type":"image\/jpeg"}],"twitter_card":"summary_large_image","twitter_misc":{"Est. reading time":"1 Minute"},"schema":{"@context":"https:\/\/schema.org","@graph":[{"@type":"WebPage","@id":"https:\/\/chauvetdj-ils.com\/de\/produkt\/slimpar-q6-ils\/","url":"https:\/\/chauvetdj-ils.com\/de\/produkt\/slimpar-q6-ils\/","name":"SlimPAR Q6 ILS - CHAUVET DJ | Instant Light Shows","isPartOf":{"@id":"https:\/\/chauvetdj-ils.com\/#website"},"primaryImageOfPage":{"@id":"https:\/\/chauvetdj-ils.com\/de\/produkt\/slimpar-q6-ils\/#primaryimage"},"image":{"@id":"https:\/\/chauvetdj-ils.com\/de\/produkt\/slimpar-q6-ils\/#primaryimage"},"thumbnailUrl":"https:\/\/chauvetdj-ils.com\/wp-content\/uploads\/2023\/11\/SlimPAR-Q6-ILS-feat-1.jpg","datePublished":"2022-10-06T15:10:38+00:00","dateModified":"2024-01-30T17:18:48+00:00","breadcrumb":{"@id":"https:\/\/chauvetdj-ils.com\/de\/produkt\/slimpar-q6-ils\/#breadcrumb"},"inLanguage":"de-DE","potentialAction":[{"@type":"ReadAction","target":["https:\/\/chauvetdj-ils.com\/de\/produkt\/slimpar-q6-ils\/"]}]},{"@type":"ImageObject","inLanguage":"de-DE","@id":"https:\/\/chauvetdj-ils.com\/de\/produkt\/slimpar-q6-ils\/#primaryimage","url":"https:\/\/chauvetdj-ils.com\/wp-content\/uploads\/2023\/11\/SlimPAR-Q6-ILS-feat-1.jpg","contentUrl":"https:\/\/chauvetdj-ils.com\/wp-content\/uploads\/2023\/11\/SlimPAR-Q6-ILS-feat-1.jpg","width":800,"height":800},{"@type":"BreadcrumbList","@id":"https:\/\/chauvetdj-ils.com\/de\/produkt\/slimpar-q6-ils\/#breadcrumb","itemListElement":[{"@type":"ListItem","position":1,"name":"Home","item":"https:\/\/chauvetdj-ils.com\/de\/"},{"@type":"ListItem","position":2,"name":"Home","item":"https:\/\/chauvetdj-ils.com\/de\/"},{"@type":"ListItem","position":3,"name":"SlimPAR Q6 ILS"}]},{"@type":"WebSite","@id":"https:\/\/chauvetdj-ils.com\/#website","url":"https:\/\/chauvetdj-ils.com\/","name":"CHAUVET DJ | Instant Light Shows","description":"","publisher":{"@id":"https:\/\/chauvetdj-ils.com\/#organization"},"potentialAction":[{"@type":"SearchAction","target":{"@type":"EntryPoint","urlTemplate":"https:\/\/chauvetdj-ils.com\/?s={search_term_string}"},"query-input":{"@type":"PropertyValueSpecification","valueRequired":true,"valueName":"search_term_string"}}],"inLanguage":"de-DE"},{"@type":"Organization","@id":"https:\/\/chauvetdj-ils.com\/#organization","name":"CHAUVET DJ | Instant Light Shows","url":"https:\/\/chauvetdj-ils.com\/","logo":{"@type":"ImageObject","inLanguage":"de-DE","@id":"https:\/\/chauvetdj-ils.com\/#\/schema\/logo\/image\/","url":"https:\/\/chauvetdj-ils.com\/wp-content\/uploads\/2023\/11\/dj-logo.png","contentUrl":"https:\/\/chauvetdj-ils.com\/wp-content\/uploads\/2023\/11\/dj-logo.png","width":253,"height":100,"caption":"CHAUVET DJ | Instant Light Shows"},"image":{"@id":"https:\/\/chauvetdj-ils.com\/#\/schema\/logo\/image\/"}}]}},"_links":{"self":[{"href":"https:\/\/chauvetdj-ils.com\/de\/wp-json\/wp\/v2\/product\/2381","targetHints":{"allow":["GET"]}}],"collection":[{"href":"https:\/\/chauvetdj-ils.com\/de\/wp-json\/wp\/v2\/product"}],"about":[{"href":"https:\/\/chauvetdj-ils.com\/de\/wp-json\/wp\/v2\/types\/product"}],"replies":[{"embeddable":true,"href":"https:\/\/chauvetdj-ils.com\/de\/wp-json\/wp\/v2\/comments?post=2381"}],"wp:featuredmedia":[{"embeddable":true,"href":"https:\/\/chauvetdj-ils.com\/de\/wp-json\/wp\/v2\/media\/3056"}],"wp:attachment":[{"href":"https:\/\/chauvetdj-ils.com\/de\/wp-json\/wp\/v2\/media?parent=2381"}],"wp:term":[{"taxonomy":"product_cat","embeddable":true,"href":"https:\/\/chauvetdj-ils.com\/de\/wp-json\/wp\/v2\/product_cat?post=2381"},{"taxonomy":"product_tag","embeddable":true,"href":"https:\/\/chauvetdj-ils.com\/de\/wp-json\/wp\/v2\/product_tag?post=2381"}],"curies":[{"name":"wp","href":"https:\/\/api.w.org\/{rel}","templated":true}]}}