{"id":2384,"date":"2022-08-15T13:38:10","date_gmt":"2022-08-15T13:38:10","guid":{"rendered":"http:\/\/chauvetdj-ils.com\/product\/colorband-h9-ils\/"},"modified":"2024-01-30T18:13:40","modified_gmt":"2024-01-30T18:13:40","slug":"colorband-h9-ils","status":"publish","type":"product","link":"https:\/\/chauvetdj-ils.com\/de\/produkt\/colorband-h9-ils\/","title":{"rendered":"COLORband H9 ILS"},"content":{"rendered":"<p>COLORband H9 ILS ist ein hexagonales LED-Lichtband in voller Gr\u00f6\u00dfe, das als Lauflichteffekt, Blinder oder Wandfluter mit 3 Regelzonen funktioniert, um erstaunliche Effekte zu erzeugen. Erzeugt ein breites Farbspektrum und erzielt nat\u00fcrlich wirkende Farbtemperaturen mit der 6-in-1-LED-Technologie. Zu den leistungsstarken Funktionen geh\u00f6rt auch die ILS-Kompatibilit\u00e4t, mit der sich koordinierte Lichtshows \u00fcber verschiedene Ger\u00e4tetypen hinweg im Handumdrehen erstellen lassen. Doch damit nicht genug der Steuerungsm\u00f6glichkeiten. COLORband H9 ILS ist auch D-Fi USB-kompatibel f\u00fcr drahtlose Master\/Slave- oder DMX-Steuerung und verf\u00fcgt \u00fcber einen eingebauten RF-Empf\u00e4nger, der mit den optionalen RFC- und RFC-XL-Fernbedienungen kompatibel ist. Nat\u00fcrlich hat COLORband H9 ILS bequemen Zugriff auf mehrere vorgefertigte Programme mit oder ohne DMX und ist aufgrund des ger\u00e4uschlosen Betriebs und des Fehlens beweglicher Teile ideal f\u00fcr leise Anwendungen.<\/p>\n","protected":false},"excerpt":{"rendered":"<p>COLORband H9 ILS ist ein hexagonales LED-Lichtband in voller Gr\u00f6\u00dfe, das als Lauflichteffekt, Blinder oder Wandfluter mit 3 Regelzonen funktioniert, um erstaunliche Effekte zu erzeugen. Erzeugt ein breites Farbspektrum und erzielt nat\u00fcrlich wirkende Farbtemperaturen mit der 6-in-1-LED-Technologie. Zu den leistungsstarken Funktionen geh\u00f6rt auch die ILS-Kompatibilit\u00e4t, mit der sich koordinierte Lichtshows \u00fcber verschiedene Ger\u00e4tetypen hinweg im [&hellip;]<\/p>\n","protected":false},"featured_media":2642,"comment_status":"open","ping_status":"closed","template":"","meta":[],"product_cat":[60],"product_tag":[83],"class_list":{"0":"post-2384","1":"product","2":"type-product","3":"status-publish","4":"has-post-thumbnail","6":"product_cat-ils-de","7":"product_tag-wash-lights-de","9":"first","10":"instock","11":"product-type-simple"},"acf":[],"yoast_head":"<!-- This site is optimized with the Yoast SEO plugin v27.1.1 - https:\/\/yoast.com\/product\/yoast-seo-wordpress\/ -->\n<title>COLORband H9 ILS - CHAUVET DJ | Instant Light Shows<\/title>\n<meta name=\"robots\" content=\"index, follow, max-snippet:-1, max-image-preview:large, max-video-preview:-1\" \/>\n<link rel=\"canonical\" href=\"https:\/\/chauvetdj-ils.com\/de\/produkt\/colorband-h9-ils\/\" \/>\n<meta property=\"og:locale\" content=\"de_DE\" \/>\n<meta property=\"og:type\" content=\"article\" \/>\n<meta property=\"og:title\" content=\"COLORband H9 ILS - CHAUVET DJ | Instant Light Shows\" \/>\n<meta property=\"og:description\" content=\"COLORband H9 ILS ist ein hexagonales LED-Lichtband in voller Gr\u00f6\u00dfe, das als Lauflichteffekt, Blinder oder Wandfluter mit 3 Regelzonen funktioniert, um erstaunliche Effekte zu erzeugen. Erzeugt ein breites Farbspektrum und erzielt nat\u00fcrlich wirkende Farbtemperaturen mit der 6-in-1-LED-Technologie. Zu den leistungsstarken Funktionen geh\u00f6rt auch die ILS-Kompatibilit\u00e4t, mit der sich koordinierte Lichtshows \u00fcber verschiedene Ger\u00e4tetypen hinweg im [&hellip;]\" \/>\n<meta property=\"og:url\" content=\"https:\/\/chauvetdj-ils.com\/de\/produkt\/colorband-h9-ils\/\" \/>\n<meta property=\"og:site_name\" content=\"CHAUVET DJ | Instant Light Shows\" \/>\n<meta property=\"article:modified_time\" content=\"2024-01-30T18:13:40+00:00\" \/>\n<meta property=\"og:image\" content=\"https:\/\/chauvetdj-ils.com\/wp-content\/uploads\/2023\/11\/COLORBAND-H9-ILS-off.jpg\" \/>\n\t<meta property=\"og:image:width\" content=\"800\" \/>\n\t<meta property=\"og:image:height\" content=\"800\" \/>\n\t<meta property=\"og:image:type\" content=\"image\/jpeg\" \/>\n<meta name=\"twitter:card\" content=\"summary_large_image\" \/>\n<meta name=\"twitter:label1\" content=\"Est. reading time\" \/>\n\t<meta name=\"twitter:data1\" content=\"1 Minute\" \/>\n<script type=\"application\/ld+json\" class=\"yoast-schema-graph\">{\"@context\":\"https:\/\/schema.org\",\"@graph\":[{\"@type\":\"WebPage\",\"@id\":\"https:\/\/chauvetdj-ils.com\/de\/produkt\/colorband-h9-ils\/\",\"url\":\"https:\/\/chauvetdj-ils.com\/de\/produkt\/colorband-h9-ils\/\",\"name\":\"COLORband H9 ILS - CHAUVET DJ | Instant Light Shows\",\"isPartOf\":{\"@id\":\"https:\/\/chauvetdj-ils.com\/#website\"},\"primaryImageOfPage\":{\"@id\":\"https:\/\/chauvetdj-ils.com\/de\/produkt\/colorband-h9-ils\/#primaryimage\"},\"image\":{\"@id\":\"https:\/\/chauvetdj-ils.com\/de\/produkt\/colorband-h9-ils\/#primaryimage\"},\"thumbnailUrl\":\"https:\/\/chauvetdj-ils.com\/wp-content\/uploads\/2023\/11\/COLORBAND-H9-ILS-off.jpg\",\"datePublished\":\"2022-08-15T13:38:10+00:00\",\"dateModified\":\"2024-01-30T18:13:40+00:00\",\"breadcrumb\":{\"@id\":\"https:\/\/chauvetdj-ils.com\/de\/produkt\/colorband-h9-ils\/#breadcrumb\"},\"inLanguage\":\"de-DE\",\"potentialAction\":[{\"@type\":\"ReadAction\",\"target\":[\"https:\/\/chauvetdj-ils.com\/de\/produkt\/colorband-h9-ils\/\"]}]},{\"@type\":\"ImageObject\",\"inLanguage\":\"de-DE\",\"@id\":\"https:\/\/chauvetdj-ils.com\/de\/produkt\/colorband-h9-ils\/#primaryimage\",\"url\":\"https:\/\/chauvetdj-ils.com\/wp-content\/uploads\/2023\/11\/COLORBAND-H9-ILS-off.jpg\",\"contentUrl\":\"https:\/\/chauvetdj-ils.com\/wp-content\/uploads\/2023\/11\/COLORBAND-H9-ILS-off.jpg\",\"width\":800,\"height\":800},{\"@type\":\"BreadcrumbList\",\"@id\":\"https:\/\/chauvetdj-ils.com\/de\/produkt\/colorband-h9-ils\/#breadcrumb\",\"itemListElement\":[{\"@type\":\"ListItem\",\"position\":1,\"name\":\"Home\",\"item\":\"https:\/\/chauvetdj-ils.com\/de\/\"},{\"@type\":\"ListItem\",\"position\":2,\"name\":\"Home\",\"item\":\"https:\/\/chauvetdj-ils.com\/de\/\"},{\"@type\":\"ListItem\",\"position\":3,\"name\":\"COLORband H9 ILS\"}]},{\"@type\":\"WebSite\",\"@id\":\"https:\/\/chauvetdj-ils.com\/#website\",\"url\":\"https:\/\/chauvetdj-ils.com\/\",\"name\":\"CHAUVET DJ | Instant Light Shows\",\"description\":\"\",\"publisher\":{\"@id\":\"https:\/\/chauvetdj-ils.com\/#organization\"},\"potentialAction\":[{\"@type\":\"SearchAction\",\"target\":{\"@type\":\"EntryPoint\",\"urlTemplate\":\"https:\/\/chauvetdj-ils.com\/?s={search_term_string}\"},\"query-input\":{\"@type\":\"PropertyValueSpecification\",\"valueRequired\":true,\"valueName\":\"search_term_string\"}}],\"inLanguage\":\"de-DE\"},{\"@type\":\"Organization\",\"@id\":\"https:\/\/chauvetdj-ils.com\/#organization\",\"name\":\"CHAUVET DJ | Instant Light Shows\",\"url\":\"https:\/\/chauvetdj-ils.com\/\",\"logo\":{\"@type\":\"ImageObject\",\"inLanguage\":\"de-DE\",\"@id\":\"https:\/\/chauvetdj-ils.com\/#\/schema\/logo\/image\/\",\"url\":\"https:\/\/chauvetdj-ils.com\/wp-content\/uploads\/2023\/11\/dj-logo.png\",\"contentUrl\":\"https:\/\/chauvetdj-ils.com\/wp-content\/uploads\/2023\/11\/dj-logo.png\",\"width\":253,\"height\":100,\"caption\":\"CHAUVET DJ | Instant Light Shows\"},\"image\":{\"@id\":\"https:\/\/chauvetdj-ils.com\/#\/schema\/logo\/image\/\"}}]}<\/script>\n<!-- \/ Yoast SEO plugin. -->","yoast_head_json":{"title":"COLORband H9 ILS - CHAUVET DJ | Instant Light Shows","robots":{"index":"index","follow":"follow","max-snippet":"max-snippet:-1","max-image-preview":"max-image-preview:large","max-video-preview":"max-video-preview:-1"},"canonical":"https:\/\/chauvetdj-ils.com\/de\/produkt\/colorband-h9-ils\/","og_locale":"de_DE","og_type":"article","og_title":"COLORband H9 ILS - CHAUVET DJ | Instant Light Shows","og_description":"COLORband H9 ILS ist ein hexagonales LED-Lichtband in voller Gr\u00f6\u00dfe, das als Lauflichteffekt, Blinder oder Wandfluter mit 3 Regelzonen funktioniert, um erstaunliche Effekte zu erzeugen. Erzeugt ein breites Farbspektrum und erzielt nat\u00fcrlich wirkende Farbtemperaturen mit der 6-in-1-LED-Technologie. Zu den leistungsstarken Funktionen geh\u00f6rt auch die ILS-Kompatibilit\u00e4t, mit der sich koordinierte Lichtshows \u00fcber verschiedene Ger\u00e4tetypen hinweg im [&hellip;]","og_url":"https:\/\/chauvetdj-ils.com\/de\/produkt\/colorband-h9-ils\/","og_site_name":"CHAUVET DJ | Instant Light Shows","article_modified_time":"2024-01-30T18:13:40+00:00","og_image":[{"width":800,"height":800,"url":"https:\/\/chauvetdj-ils.com\/wp-content\/uploads\/2023\/11\/COLORBAND-H9-ILS-off.jpg","type":"image\/jpeg"}],"twitter_card":"summary_large_image","twitter_misc":{"Est. reading time":"1 Minute"},"schema":{"@context":"https:\/\/schema.org","@graph":[{"@type":"WebPage","@id":"https:\/\/chauvetdj-ils.com\/de\/produkt\/colorband-h9-ils\/","url":"https:\/\/chauvetdj-ils.com\/de\/produkt\/colorband-h9-ils\/","name":"COLORband H9 ILS - CHAUVET DJ | Instant Light Shows","isPartOf":{"@id":"https:\/\/chauvetdj-ils.com\/#website"},"primaryImageOfPage":{"@id":"https:\/\/chauvetdj-ils.com\/de\/produkt\/colorband-h9-ils\/#primaryimage"},"image":{"@id":"https:\/\/chauvetdj-ils.com\/de\/produkt\/colorband-h9-ils\/#primaryimage"},"thumbnailUrl":"https:\/\/chauvetdj-ils.com\/wp-content\/uploads\/2023\/11\/COLORBAND-H9-ILS-off.jpg","datePublished":"2022-08-15T13:38:10+00:00","dateModified":"2024-01-30T18:13:40+00:00","breadcrumb":{"@id":"https:\/\/chauvetdj-ils.com\/de\/produkt\/colorband-h9-ils\/#breadcrumb"},"inLanguage":"de-DE","potentialAction":[{"@type":"ReadAction","target":["https:\/\/chauvetdj-ils.com\/de\/produkt\/colorband-h9-ils\/"]}]},{"@type":"ImageObject","inLanguage":"de-DE","@id":"https:\/\/chauvetdj-ils.com\/de\/produkt\/colorband-h9-ils\/#primaryimage","url":"https:\/\/chauvetdj-ils.com\/wp-content\/uploads\/2023\/11\/COLORBAND-H9-ILS-off.jpg","contentUrl":"https:\/\/chauvetdj-ils.com\/wp-content\/uploads\/2023\/11\/COLORBAND-H9-ILS-off.jpg","width":800,"height":800},{"@type":"BreadcrumbList","@id":"https:\/\/chauvetdj-ils.com\/de\/produkt\/colorband-h9-ils\/#breadcrumb","itemListElement":[{"@type":"ListItem","position":1,"name":"Home","item":"https:\/\/chauvetdj-ils.com\/de\/"},{"@type":"ListItem","position":2,"name":"Home","item":"https:\/\/chauvetdj-ils.com\/de\/"},{"@type":"ListItem","position":3,"name":"COLORband H9 ILS"}]},{"@type":"WebSite","@id":"https:\/\/chauvetdj-ils.com\/#website","url":"https:\/\/chauvetdj-ils.com\/","name":"CHAUVET DJ | Instant Light Shows","description":"","publisher":{"@id":"https:\/\/chauvetdj-ils.com\/#organization"},"potentialAction":[{"@type":"SearchAction","target":{"@type":"EntryPoint","urlTemplate":"https:\/\/chauvetdj-ils.com\/?s={search_term_string}"},"query-input":{"@type":"PropertyValueSpecification","valueRequired":true,"valueName":"search_term_string"}}],"inLanguage":"de-DE"},{"@type":"Organization","@id":"https:\/\/chauvetdj-ils.com\/#organization","name":"CHAUVET DJ | Instant Light Shows","url":"https:\/\/chauvetdj-ils.com\/","logo":{"@type":"ImageObject","inLanguage":"de-DE","@id":"https:\/\/chauvetdj-ils.com\/#\/schema\/logo\/image\/","url":"https:\/\/chauvetdj-ils.com\/wp-content\/uploads\/2023\/11\/dj-logo.png","contentUrl":"https:\/\/chauvetdj-ils.com\/wp-content\/uploads\/2023\/11\/dj-logo.png","width":253,"height":100,"caption":"CHAUVET DJ | Instant Light Shows"},"image":{"@id":"https:\/\/chauvetdj-ils.com\/#\/schema\/logo\/image\/"}}]}},"_links":{"self":[{"href":"https:\/\/chauvetdj-ils.com\/de\/wp-json\/wp\/v2\/product\/2384","targetHints":{"allow":["GET"]}}],"collection":[{"href":"https:\/\/chauvetdj-ils.com\/de\/wp-json\/wp\/v2\/product"}],"about":[{"href":"https:\/\/chauvetdj-ils.com\/de\/wp-json\/wp\/v2\/types\/product"}],"replies":[{"embeddable":true,"href":"https:\/\/chauvetdj-ils.com\/de\/wp-json\/wp\/v2\/comments?post=2384"}],"wp:featuredmedia":[{"embeddable":true,"href":"https:\/\/chauvetdj-ils.com\/de\/wp-json\/wp\/v2\/media\/2642"}],"wp:attachment":[{"href":"https:\/\/chauvetdj-ils.com\/de\/wp-json\/wp\/v2\/media?parent=2384"}],"wp:term":[{"taxonomy":"product_cat","embeddable":true,"href":"https:\/\/chauvetdj-ils.com\/de\/wp-json\/wp\/v2\/product_cat?post=2384"},{"taxonomy":"product_tag","embeddable":true,"href":"https:\/\/chauvetdj-ils.com\/de\/wp-json\/wp\/v2\/product_tag?post=2384"}],"curies":[{"name":"wp","href":"https:\/\/api.w.org\/{rel}","templated":true}]}}