{"id":2390,"date":"2022-06-04T16:28:49","date_gmt":"2022-06-04T16:28:49","guid":{"rendered":"http:\/\/chauvetdj-ils.com\/product\/corepar-q120\/"},"modified":"2024-01-30T19:03:07","modified_gmt":"2024-01-30T19:03:07","slug":"corepar-q120","status":"publish","type":"product","link":"https:\/\/chauvetdj-ils.com\/de\/produkt\/corepar-q120\/","title":{"rendered":"COREpar Q120 ILS"},"content":{"rendered":"<p>Der COREpar Q120 ILS ist eine 120-Watt-Quad-Color-LED mit vier Farben (RGBW) und COB (Chip-on-Board), die ein volles Lichtspektrum mit un\u00fcbertroffener Farbmischung erzeugt. Das robuste Geh\u00e4use widersteht den Strapazen des Transports von Gig zu Gig. Das flache Geh\u00e4usedesign schmiegt sich an den Boden an und verf\u00fcgt \u00fcber Strom- und DMX-Anschl\u00fcsse an der Seite des Ger\u00e4ts f\u00fcr einfache Verbindungen. Zu den leistungsstarken Funktionen des COREpar Q120 geh\u00f6rt die ILS-Kompatibilit\u00e4t, die das Erstellen von koordinierten Lichtshows mit verschiedenen Ger\u00e4tetypen so einfach wie das ABC macht. D-Fi USB-Kompatibilit\u00e4t ist ebenfalls an Bord f\u00fcr drahtlose Master\/Slave- oder DMX-Steuerung. Die mitgelieferte magnetische Fresnel-Linse bietet die Flexibilit\u00e4t, in Sekundenschnelle von einem extrem breiten zu einem schmalen Lichtkegel zu wechseln, und erm\u00f6glicht so einen flimmerfreien Videoaufnahmen. Mit dem eingebauten LED-Display k\u00f6nnen Sie individuelle Farben erzeugen und mit den eingebauten Dimmkurven ein sanftes LED-Fading erzielen.<\/p>\n","protected":false},"excerpt":{"rendered":"<p>Der COREpar Q120 ILS ist eine 120-Watt-Quad-Color-LED mit vier Farben (RGBW) und COB (Chip-on-Board), die ein volles Lichtspektrum mit un\u00fcbertroffener Farbmischung erzeugt. Das robuste Geh\u00e4use widersteht den Strapazen des Transports von Gig zu Gig. Das flache Geh\u00e4usedesign schmiegt sich an den Boden an und verf\u00fcgt \u00fcber Strom- und DMX-Anschl\u00fcsse an der Seite des Ger\u00e4ts f\u00fcr [&hellip;]<\/p>\n","protected":false},"featured_media":2966,"comment_status":"open","ping_status":"closed","template":"","meta":[],"product_cat":[60],"product_tag":[80],"class_list":{"0":"post-2390","1":"product","2":"type-product","3":"status-publish","4":"has-post-thumbnail","6":"product_cat-ils-de","7":"product_tag-pars-de","9":"first","10":"instock","11":"product-type-simple"},"acf":[],"yoast_head":"<!-- This site is optimized with the Yoast SEO plugin v27.1.1 - https:\/\/yoast.com\/product\/yoast-seo-wordpress\/ -->\n<title>COREpar Q120 ILS - CHAUVET DJ | Instant Light Shows<\/title>\n<meta name=\"robots\" content=\"index, follow, max-snippet:-1, max-image-preview:large, max-video-preview:-1\" \/>\n<link rel=\"canonical\" href=\"https:\/\/chauvetdj-ils.com\/de\/produkt\/corepar-q120\/\" \/>\n<meta property=\"og:locale\" content=\"de_DE\" \/>\n<meta property=\"og:type\" content=\"article\" \/>\n<meta property=\"og:title\" content=\"COREpar Q120 ILS - CHAUVET DJ | Instant Light Shows\" \/>\n<meta property=\"og:description\" content=\"Der COREpar Q120 ILS ist eine 120-Watt-Quad-Color-LED mit vier Farben (RGBW) und COB (Chip-on-Board), die ein volles Lichtspektrum mit un\u00fcbertroffener Farbmischung erzeugt. Das robuste Geh\u00e4use widersteht den Strapazen des Transports von Gig zu Gig. Das flache Geh\u00e4usedesign schmiegt sich an den Boden an und verf\u00fcgt \u00fcber Strom- und DMX-Anschl\u00fcsse an der Seite des Ger\u00e4ts f\u00fcr [&hellip;]\" \/>\n<meta property=\"og:url\" content=\"https:\/\/chauvetdj-ils.com\/de\/produkt\/corepar-q120\/\" \/>\n<meta property=\"og:site_name\" content=\"CHAUVET DJ | Instant Light Shows\" \/>\n<meta property=\"article:modified_time\" content=\"2024-01-30T19:03:07+00:00\" \/>\n<meta property=\"og:image\" content=\"https:\/\/chauvetdj-ils.com\/wp-content\/uploads\/2023\/11\/COREpar-Q120-ILS-feat.jpg\" \/>\n\t<meta property=\"og:image:width\" content=\"800\" \/>\n\t<meta property=\"og:image:height\" content=\"800\" \/>\n\t<meta property=\"og:image:type\" content=\"image\/jpeg\" \/>\n<meta name=\"twitter:card\" content=\"summary_large_image\" \/>\n<meta name=\"twitter:label1\" content=\"Est. reading time\" \/>\n\t<meta name=\"twitter:data1\" content=\"1 Minute\" \/>\n<script type=\"application\/ld+json\" class=\"yoast-schema-graph\">{\"@context\":\"https:\/\/schema.org\",\"@graph\":[{\"@type\":\"WebPage\",\"@id\":\"https:\/\/chauvetdj-ils.com\/de\/produkt\/corepar-q120\/\",\"url\":\"https:\/\/chauvetdj-ils.com\/de\/produkt\/corepar-q120\/\",\"name\":\"COREpar Q120 ILS - CHAUVET DJ | Instant Light Shows\",\"isPartOf\":{\"@id\":\"https:\/\/chauvetdj-ils.com\/#website\"},\"primaryImageOfPage\":{\"@id\":\"https:\/\/chauvetdj-ils.com\/de\/produkt\/corepar-q120\/#primaryimage\"},\"image\":{\"@id\":\"https:\/\/chauvetdj-ils.com\/de\/produkt\/corepar-q120\/#primaryimage\"},\"thumbnailUrl\":\"https:\/\/chauvetdj-ils.com\/wp-content\/uploads\/2023\/11\/COREpar-Q120-ILS-feat.jpg\",\"datePublished\":\"2022-06-04T16:28:49+00:00\",\"dateModified\":\"2024-01-30T19:03:07+00:00\",\"breadcrumb\":{\"@id\":\"https:\/\/chauvetdj-ils.com\/de\/produkt\/corepar-q120\/#breadcrumb\"},\"inLanguage\":\"de-DE\",\"potentialAction\":[{\"@type\":\"ReadAction\",\"target\":[\"https:\/\/chauvetdj-ils.com\/de\/produkt\/corepar-q120\/\"]}]},{\"@type\":\"ImageObject\",\"inLanguage\":\"de-DE\",\"@id\":\"https:\/\/chauvetdj-ils.com\/de\/produkt\/corepar-q120\/#primaryimage\",\"url\":\"https:\/\/chauvetdj-ils.com\/wp-content\/uploads\/2023\/11\/COREpar-Q120-ILS-feat.jpg\",\"contentUrl\":\"https:\/\/chauvetdj-ils.com\/wp-content\/uploads\/2023\/11\/COREpar-Q120-ILS-feat.jpg\",\"width\":800,\"height\":800},{\"@type\":\"BreadcrumbList\",\"@id\":\"https:\/\/chauvetdj-ils.com\/de\/produkt\/corepar-q120\/#breadcrumb\",\"itemListElement\":[{\"@type\":\"ListItem\",\"position\":1,\"name\":\"Home\",\"item\":\"https:\/\/chauvetdj-ils.com\/de\/\"},{\"@type\":\"ListItem\",\"position\":2,\"name\":\"Home\",\"item\":\"https:\/\/chauvetdj-ils.com\/de\/\"},{\"@type\":\"ListItem\",\"position\":3,\"name\":\"COREpar Q120 ILS\"}]},{\"@type\":\"WebSite\",\"@id\":\"https:\/\/chauvetdj-ils.com\/#website\",\"url\":\"https:\/\/chauvetdj-ils.com\/\",\"name\":\"CHAUVET DJ | Instant Light Shows\",\"description\":\"\",\"publisher\":{\"@id\":\"https:\/\/chauvetdj-ils.com\/#organization\"},\"potentialAction\":[{\"@type\":\"SearchAction\",\"target\":{\"@type\":\"EntryPoint\",\"urlTemplate\":\"https:\/\/chauvetdj-ils.com\/?s={search_term_string}\"},\"query-input\":{\"@type\":\"PropertyValueSpecification\",\"valueRequired\":true,\"valueName\":\"search_term_string\"}}],\"inLanguage\":\"de-DE\"},{\"@type\":\"Organization\",\"@id\":\"https:\/\/chauvetdj-ils.com\/#organization\",\"name\":\"CHAUVET DJ | Instant Light Shows\",\"url\":\"https:\/\/chauvetdj-ils.com\/\",\"logo\":{\"@type\":\"ImageObject\",\"inLanguage\":\"de-DE\",\"@id\":\"https:\/\/chauvetdj-ils.com\/#\/schema\/logo\/image\/\",\"url\":\"https:\/\/chauvetdj-ils.com\/wp-content\/uploads\/2023\/11\/dj-logo.png\",\"contentUrl\":\"https:\/\/chauvetdj-ils.com\/wp-content\/uploads\/2023\/11\/dj-logo.png\",\"width\":253,\"height\":100,\"caption\":\"CHAUVET DJ | Instant Light Shows\"},\"image\":{\"@id\":\"https:\/\/chauvetdj-ils.com\/#\/schema\/logo\/image\/\"}}]}<\/script>\n<!-- \/ Yoast SEO plugin. -->","yoast_head_json":{"title":"COREpar Q120 ILS - CHAUVET DJ | Instant Light Shows","robots":{"index":"index","follow":"follow","max-snippet":"max-snippet:-1","max-image-preview":"max-image-preview:large","max-video-preview":"max-video-preview:-1"},"canonical":"https:\/\/chauvetdj-ils.com\/de\/produkt\/corepar-q120\/","og_locale":"de_DE","og_type":"article","og_title":"COREpar Q120 ILS - CHAUVET DJ | Instant Light Shows","og_description":"Der COREpar Q120 ILS ist eine 120-Watt-Quad-Color-LED mit vier Farben (RGBW) und COB (Chip-on-Board), die ein volles Lichtspektrum mit un\u00fcbertroffener Farbmischung erzeugt. Das robuste Geh\u00e4use widersteht den Strapazen des Transports von Gig zu Gig. Das flache Geh\u00e4usedesign schmiegt sich an den Boden an und verf\u00fcgt \u00fcber Strom- und DMX-Anschl\u00fcsse an der Seite des Ger\u00e4ts f\u00fcr [&hellip;]","og_url":"https:\/\/chauvetdj-ils.com\/de\/produkt\/corepar-q120\/","og_site_name":"CHAUVET DJ | Instant Light Shows","article_modified_time":"2024-01-30T19:03:07+00:00","og_image":[{"width":800,"height":800,"url":"https:\/\/chauvetdj-ils.com\/wp-content\/uploads\/2023\/11\/COREpar-Q120-ILS-feat.jpg","type":"image\/jpeg"}],"twitter_card":"summary_large_image","twitter_misc":{"Est. reading time":"1 Minute"},"schema":{"@context":"https:\/\/schema.org","@graph":[{"@type":"WebPage","@id":"https:\/\/chauvetdj-ils.com\/de\/produkt\/corepar-q120\/","url":"https:\/\/chauvetdj-ils.com\/de\/produkt\/corepar-q120\/","name":"COREpar Q120 ILS - CHAUVET DJ | Instant Light Shows","isPartOf":{"@id":"https:\/\/chauvetdj-ils.com\/#website"},"primaryImageOfPage":{"@id":"https:\/\/chauvetdj-ils.com\/de\/produkt\/corepar-q120\/#primaryimage"},"image":{"@id":"https:\/\/chauvetdj-ils.com\/de\/produkt\/corepar-q120\/#primaryimage"},"thumbnailUrl":"https:\/\/chauvetdj-ils.com\/wp-content\/uploads\/2023\/11\/COREpar-Q120-ILS-feat.jpg","datePublished":"2022-06-04T16:28:49+00:00","dateModified":"2024-01-30T19:03:07+00:00","breadcrumb":{"@id":"https:\/\/chauvetdj-ils.com\/de\/produkt\/corepar-q120\/#breadcrumb"},"inLanguage":"de-DE","potentialAction":[{"@type":"ReadAction","target":["https:\/\/chauvetdj-ils.com\/de\/produkt\/corepar-q120\/"]}]},{"@type":"ImageObject","inLanguage":"de-DE","@id":"https:\/\/chauvetdj-ils.com\/de\/produkt\/corepar-q120\/#primaryimage","url":"https:\/\/chauvetdj-ils.com\/wp-content\/uploads\/2023\/11\/COREpar-Q120-ILS-feat.jpg","contentUrl":"https:\/\/chauvetdj-ils.com\/wp-content\/uploads\/2023\/11\/COREpar-Q120-ILS-feat.jpg","width":800,"height":800},{"@type":"BreadcrumbList","@id":"https:\/\/chauvetdj-ils.com\/de\/produkt\/corepar-q120\/#breadcrumb","itemListElement":[{"@type":"ListItem","position":1,"name":"Home","item":"https:\/\/chauvetdj-ils.com\/de\/"},{"@type":"ListItem","position":2,"name":"Home","item":"https:\/\/chauvetdj-ils.com\/de\/"},{"@type":"ListItem","position":3,"name":"COREpar Q120 ILS"}]},{"@type":"WebSite","@id":"https:\/\/chauvetdj-ils.com\/#website","url":"https:\/\/chauvetdj-ils.com\/","name":"CHAUVET DJ | Instant Light Shows","description":"","publisher":{"@id":"https:\/\/chauvetdj-ils.com\/#organization"},"potentialAction":[{"@type":"SearchAction","target":{"@type":"EntryPoint","urlTemplate":"https:\/\/chauvetdj-ils.com\/?s={search_term_string}"},"query-input":{"@type":"PropertyValueSpecification","valueRequired":true,"valueName":"search_term_string"}}],"inLanguage":"de-DE"},{"@type":"Organization","@id":"https:\/\/chauvetdj-ils.com\/#organization","name":"CHAUVET DJ | Instant Light Shows","url":"https:\/\/chauvetdj-ils.com\/","logo":{"@type":"ImageObject","inLanguage":"de-DE","@id":"https:\/\/chauvetdj-ils.com\/#\/schema\/logo\/image\/","url":"https:\/\/chauvetdj-ils.com\/wp-content\/uploads\/2023\/11\/dj-logo.png","contentUrl":"https:\/\/chauvetdj-ils.com\/wp-content\/uploads\/2023\/11\/dj-logo.png","width":253,"height":100,"caption":"CHAUVET DJ | Instant Light Shows"},"image":{"@id":"https:\/\/chauvetdj-ils.com\/#\/schema\/logo\/image\/"}}]}},"_links":{"self":[{"href":"https:\/\/chauvetdj-ils.com\/de\/wp-json\/wp\/v2\/product\/2390","targetHints":{"allow":["GET"]}}],"collection":[{"href":"https:\/\/chauvetdj-ils.com\/de\/wp-json\/wp\/v2\/product"}],"about":[{"href":"https:\/\/chauvetdj-ils.com\/de\/wp-json\/wp\/v2\/types\/product"}],"replies":[{"embeddable":true,"href":"https:\/\/chauvetdj-ils.com\/de\/wp-json\/wp\/v2\/comments?post=2390"}],"wp:featuredmedia":[{"embeddable":true,"href":"https:\/\/chauvetdj-ils.com\/de\/wp-json\/wp\/v2\/media\/2966"}],"wp:attachment":[{"href":"https:\/\/chauvetdj-ils.com\/de\/wp-json\/wp\/v2\/media?parent=2390"}],"wp:term":[{"taxonomy":"product_cat","embeddable":true,"href":"https:\/\/chauvetdj-ils.com\/de\/wp-json\/wp\/v2\/product_cat?post=2390"},{"taxonomy":"product_tag","embeddable":true,"href":"https:\/\/chauvetdj-ils.com\/de\/wp-json\/wp\/v2\/product_tag?post=2390"}],"curies":[{"name":"wp","href":"https:\/\/api.w.org\/{rel}","templated":true}]}}