{"id":2393,"date":"2022-06-04T16:09:19","date_gmt":"2022-06-04T16:09:19","guid":{"rendered":"http:\/\/chauvetdj-ils.com\/product\/corepar-uv120-ils\/"},"modified":"2024-01-30T19:19:05","modified_gmt":"2024-01-30T19:19:05","slug":"corepar-uv120-ils","status":"publish","type":"product","link":"https:\/\/chauvetdj-ils.com\/de\/produkt\/corepar-uv120-ils\/","title":{"rendered":"COREpar UV 120 ILS"},"content":{"rendered":"<p>COREpar UV 120 ILS ist ein kompakter, ultrabreiter 120-Watt-UV-Wash mit COB-Technologie (Chip-on-Board). Ebenfalls an Bord ist die ILS-Kompatibilit\u00e4t f\u00fcr den Einsatz im ILS-System, das die Erstellung koordinierter Lichtshows \u00fcber verschiedene Ger\u00e4tetypen hinweg erleichtert. Der COREpar UV 120 ILS ist au\u00dferdem D-Fi USB-kompatibel f\u00fcr die kabellose Master\/Slave- oder DMX-Steuerung, und die Hochfrequenz-LED-Dimmung erm\u00f6glicht einen flimmerfreien Videobetrieb. Die im Lieferumfang enthaltene magnetische Fresnel-Linse erm\u00f6glicht den flexiblen Wechsel von einem extrem breiten zu einem schmalen Strahl in Sekundenschnelle. Das flache Geh\u00e4usedesign passt sich dem Boden an und verf\u00fcgt \u00fcber Strom- und DMX-Anschl\u00fcsse an der Seite des Ger\u00e4ts f\u00fcr einfache Verbindungen. Der COREpar UV 120 ILS hat ein robustes Geh\u00e4use, das auch den rauen Bedingungen auf der Reise von Gig zu Gig standh\u00e4lt.<\/p>\n","protected":false},"excerpt":{"rendered":"<p>COREpar UV 120 ILS ist ein kompakter, ultrabreiter 120-Watt-UV-Wash mit COB-Technologie (Chip-on-Board). Ebenfalls an Bord ist die ILS-Kompatibilit\u00e4t f\u00fcr den Einsatz im ILS-System, das die Erstellung koordinierter Lichtshows \u00fcber verschiedene Ger\u00e4tetypen hinweg erleichtert. Der COREpar UV 120 ILS ist au\u00dferdem D-Fi USB-kompatibel f\u00fcr die kabellose Master\/Slave- oder DMX-Steuerung, und die Hochfrequenz-LED-Dimmung erm\u00f6glicht einen flimmerfreien Videobetrieb. [&hellip;]<\/p>\n","protected":false},"featured_media":2918,"comment_status":"open","ping_status":"closed","template":"","meta":[],"product_cat":[60],"product_tag":[80],"class_list":{"0":"post-2393","1":"product","2":"type-product","3":"status-publish","4":"has-post-thumbnail","6":"product_cat-ils-de","7":"product_tag-pars-de","9":"first","10":"instock","11":"product-type-simple"},"acf":[],"yoast_head":"<!-- This site is optimized with the Yoast SEO plugin v27.1.1 - https:\/\/yoast.com\/product\/yoast-seo-wordpress\/ -->\n<title>COREpar UV 120 ILS - CHAUVET DJ | Instant Light Shows<\/title>\n<meta name=\"robots\" content=\"index, follow, max-snippet:-1, max-image-preview:large, max-video-preview:-1\" \/>\n<link rel=\"canonical\" href=\"https:\/\/chauvetdj-ils.com\/de\/produkt\/corepar-uv120-ils\/\" \/>\n<meta property=\"og:locale\" content=\"de_DE\" \/>\n<meta property=\"og:type\" content=\"article\" \/>\n<meta property=\"og:title\" content=\"COREpar UV 120 ILS - CHAUVET DJ | Instant Light Shows\" \/>\n<meta property=\"og:description\" content=\"COREpar UV 120 ILS ist ein kompakter, ultrabreiter 120-Watt-UV-Wash mit COB-Technologie (Chip-on-Board). Ebenfalls an Bord ist die ILS-Kompatibilit\u00e4t f\u00fcr den Einsatz im ILS-System, das die Erstellung koordinierter Lichtshows \u00fcber verschiedene Ger\u00e4tetypen hinweg erleichtert. Der COREpar UV 120 ILS ist au\u00dferdem D-Fi USB-kompatibel f\u00fcr die kabellose Master\/Slave- oder DMX-Steuerung, und die Hochfrequenz-LED-Dimmung erm\u00f6glicht einen flimmerfreien Videobetrieb. [&hellip;]\" \/>\n<meta property=\"og:url\" content=\"https:\/\/chauvetdj-ils.com\/de\/produkt\/corepar-uv120-ils\/\" \/>\n<meta property=\"og:site_name\" content=\"CHAUVET DJ | Instant Light Shows\" \/>\n<meta property=\"article:modified_time\" content=\"2024-01-30T19:19:05+00:00\" \/>\n<meta property=\"og:image\" content=\"https:\/\/chauvetdj-ils.com\/wp-content\/uploads\/2023\/11\/COREpar-UV-120-ILS-feat.jpg\" \/>\n\t<meta property=\"og:image:width\" content=\"800\" \/>\n\t<meta property=\"og:image:height\" content=\"800\" \/>\n\t<meta property=\"og:image:type\" content=\"image\/jpeg\" \/>\n<meta name=\"twitter:card\" content=\"summary_large_image\" \/>\n<meta name=\"twitter:label1\" content=\"Est. reading time\" \/>\n\t<meta name=\"twitter:data1\" content=\"1 Minute\" \/>\n<script type=\"application\/ld+json\" class=\"yoast-schema-graph\">{\"@context\":\"https:\/\/schema.org\",\"@graph\":[{\"@type\":\"WebPage\",\"@id\":\"https:\/\/chauvetdj-ils.com\/de\/produkt\/corepar-uv120-ils\/\",\"url\":\"https:\/\/chauvetdj-ils.com\/de\/produkt\/corepar-uv120-ils\/\",\"name\":\"COREpar UV 120 ILS - CHAUVET DJ | Instant Light Shows\",\"isPartOf\":{\"@id\":\"https:\/\/chauvetdj-ils.com\/#website\"},\"primaryImageOfPage\":{\"@id\":\"https:\/\/chauvetdj-ils.com\/de\/produkt\/corepar-uv120-ils\/#primaryimage\"},\"image\":{\"@id\":\"https:\/\/chauvetdj-ils.com\/de\/produkt\/corepar-uv120-ils\/#primaryimage\"},\"thumbnailUrl\":\"https:\/\/chauvetdj-ils.com\/wp-content\/uploads\/2023\/11\/COREpar-UV-120-ILS-feat.jpg\",\"datePublished\":\"2022-06-04T16:09:19+00:00\",\"dateModified\":\"2024-01-30T19:19:05+00:00\",\"breadcrumb\":{\"@id\":\"https:\/\/chauvetdj-ils.com\/de\/produkt\/corepar-uv120-ils\/#breadcrumb\"},\"inLanguage\":\"de-DE\",\"potentialAction\":[{\"@type\":\"ReadAction\",\"target\":[\"https:\/\/chauvetdj-ils.com\/de\/produkt\/corepar-uv120-ils\/\"]}]},{\"@type\":\"ImageObject\",\"inLanguage\":\"de-DE\",\"@id\":\"https:\/\/chauvetdj-ils.com\/de\/produkt\/corepar-uv120-ils\/#primaryimage\",\"url\":\"https:\/\/chauvetdj-ils.com\/wp-content\/uploads\/2023\/11\/COREpar-UV-120-ILS-feat.jpg\",\"contentUrl\":\"https:\/\/chauvetdj-ils.com\/wp-content\/uploads\/2023\/11\/COREpar-UV-120-ILS-feat.jpg\",\"width\":800,\"height\":800},{\"@type\":\"BreadcrumbList\",\"@id\":\"https:\/\/chauvetdj-ils.com\/de\/produkt\/corepar-uv120-ils\/#breadcrumb\",\"itemListElement\":[{\"@type\":\"ListItem\",\"position\":1,\"name\":\"Home\",\"item\":\"https:\/\/chauvetdj-ils.com\/de\/\"},{\"@type\":\"ListItem\",\"position\":2,\"name\":\"Home\",\"item\":\"https:\/\/chauvetdj-ils.com\/de\/\"},{\"@type\":\"ListItem\",\"position\":3,\"name\":\"COREpar UV 120 ILS\"}]},{\"@type\":\"WebSite\",\"@id\":\"https:\/\/chauvetdj-ils.com\/#website\",\"url\":\"https:\/\/chauvetdj-ils.com\/\",\"name\":\"CHAUVET DJ | Instant Light Shows\",\"description\":\"\",\"publisher\":{\"@id\":\"https:\/\/chauvetdj-ils.com\/#organization\"},\"potentialAction\":[{\"@type\":\"SearchAction\",\"target\":{\"@type\":\"EntryPoint\",\"urlTemplate\":\"https:\/\/chauvetdj-ils.com\/?s={search_term_string}\"},\"query-input\":{\"@type\":\"PropertyValueSpecification\",\"valueRequired\":true,\"valueName\":\"search_term_string\"}}],\"inLanguage\":\"de-DE\"},{\"@type\":\"Organization\",\"@id\":\"https:\/\/chauvetdj-ils.com\/#organization\",\"name\":\"CHAUVET DJ | Instant Light Shows\",\"url\":\"https:\/\/chauvetdj-ils.com\/\",\"logo\":{\"@type\":\"ImageObject\",\"inLanguage\":\"de-DE\",\"@id\":\"https:\/\/chauvetdj-ils.com\/#\/schema\/logo\/image\/\",\"url\":\"https:\/\/chauvetdj-ils.com\/wp-content\/uploads\/2023\/11\/dj-logo.png\",\"contentUrl\":\"https:\/\/chauvetdj-ils.com\/wp-content\/uploads\/2023\/11\/dj-logo.png\",\"width\":253,\"height\":100,\"caption\":\"CHAUVET DJ | Instant Light Shows\"},\"image\":{\"@id\":\"https:\/\/chauvetdj-ils.com\/#\/schema\/logo\/image\/\"}}]}<\/script>\n<!-- \/ Yoast SEO plugin. -->","yoast_head_json":{"title":"COREpar UV 120 ILS - CHAUVET DJ | Instant Light Shows","robots":{"index":"index","follow":"follow","max-snippet":"max-snippet:-1","max-image-preview":"max-image-preview:large","max-video-preview":"max-video-preview:-1"},"canonical":"https:\/\/chauvetdj-ils.com\/de\/produkt\/corepar-uv120-ils\/","og_locale":"de_DE","og_type":"article","og_title":"COREpar UV 120 ILS - CHAUVET DJ | Instant Light Shows","og_description":"COREpar UV 120 ILS ist ein kompakter, ultrabreiter 120-Watt-UV-Wash mit COB-Technologie (Chip-on-Board). Ebenfalls an Bord ist die ILS-Kompatibilit\u00e4t f\u00fcr den Einsatz im ILS-System, das die Erstellung koordinierter Lichtshows \u00fcber verschiedene Ger\u00e4tetypen hinweg erleichtert. Der COREpar UV 120 ILS ist au\u00dferdem D-Fi USB-kompatibel f\u00fcr die kabellose Master\/Slave- oder DMX-Steuerung, und die Hochfrequenz-LED-Dimmung erm\u00f6glicht einen flimmerfreien Videobetrieb. [&hellip;]","og_url":"https:\/\/chauvetdj-ils.com\/de\/produkt\/corepar-uv120-ils\/","og_site_name":"CHAUVET DJ | Instant Light Shows","article_modified_time":"2024-01-30T19:19:05+00:00","og_image":[{"width":800,"height":800,"url":"https:\/\/chauvetdj-ils.com\/wp-content\/uploads\/2023\/11\/COREpar-UV-120-ILS-feat.jpg","type":"image\/jpeg"}],"twitter_card":"summary_large_image","twitter_misc":{"Est. reading time":"1 Minute"},"schema":{"@context":"https:\/\/schema.org","@graph":[{"@type":"WebPage","@id":"https:\/\/chauvetdj-ils.com\/de\/produkt\/corepar-uv120-ils\/","url":"https:\/\/chauvetdj-ils.com\/de\/produkt\/corepar-uv120-ils\/","name":"COREpar UV 120 ILS - CHAUVET DJ | Instant Light Shows","isPartOf":{"@id":"https:\/\/chauvetdj-ils.com\/#website"},"primaryImageOfPage":{"@id":"https:\/\/chauvetdj-ils.com\/de\/produkt\/corepar-uv120-ils\/#primaryimage"},"image":{"@id":"https:\/\/chauvetdj-ils.com\/de\/produkt\/corepar-uv120-ils\/#primaryimage"},"thumbnailUrl":"https:\/\/chauvetdj-ils.com\/wp-content\/uploads\/2023\/11\/COREpar-UV-120-ILS-feat.jpg","datePublished":"2022-06-04T16:09:19+00:00","dateModified":"2024-01-30T19:19:05+00:00","breadcrumb":{"@id":"https:\/\/chauvetdj-ils.com\/de\/produkt\/corepar-uv120-ils\/#breadcrumb"},"inLanguage":"de-DE","potentialAction":[{"@type":"ReadAction","target":["https:\/\/chauvetdj-ils.com\/de\/produkt\/corepar-uv120-ils\/"]}]},{"@type":"ImageObject","inLanguage":"de-DE","@id":"https:\/\/chauvetdj-ils.com\/de\/produkt\/corepar-uv120-ils\/#primaryimage","url":"https:\/\/chauvetdj-ils.com\/wp-content\/uploads\/2023\/11\/COREpar-UV-120-ILS-feat.jpg","contentUrl":"https:\/\/chauvetdj-ils.com\/wp-content\/uploads\/2023\/11\/COREpar-UV-120-ILS-feat.jpg","width":800,"height":800},{"@type":"BreadcrumbList","@id":"https:\/\/chauvetdj-ils.com\/de\/produkt\/corepar-uv120-ils\/#breadcrumb","itemListElement":[{"@type":"ListItem","position":1,"name":"Home","item":"https:\/\/chauvetdj-ils.com\/de\/"},{"@type":"ListItem","position":2,"name":"Home","item":"https:\/\/chauvetdj-ils.com\/de\/"},{"@type":"ListItem","position":3,"name":"COREpar UV 120 ILS"}]},{"@type":"WebSite","@id":"https:\/\/chauvetdj-ils.com\/#website","url":"https:\/\/chauvetdj-ils.com\/","name":"CHAUVET DJ | Instant Light Shows","description":"","publisher":{"@id":"https:\/\/chauvetdj-ils.com\/#organization"},"potentialAction":[{"@type":"SearchAction","target":{"@type":"EntryPoint","urlTemplate":"https:\/\/chauvetdj-ils.com\/?s={search_term_string}"},"query-input":{"@type":"PropertyValueSpecification","valueRequired":true,"valueName":"search_term_string"}}],"inLanguage":"de-DE"},{"@type":"Organization","@id":"https:\/\/chauvetdj-ils.com\/#organization","name":"CHAUVET DJ | Instant Light Shows","url":"https:\/\/chauvetdj-ils.com\/","logo":{"@type":"ImageObject","inLanguage":"de-DE","@id":"https:\/\/chauvetdj-ils.com\/#\/schema\/logo\/image\/","url":"https:\/\/chauvetdj-ils.com\/wp-content\/uploads\/2023\/11\/dj-logo.png","contentUrl":"https:\/\/chauvetdj-ils.com\/wp-content\/uploads\/2023\/11\/dj-logo.png","width":253,"height":100,"caption":"CHAUVET DJ | Instant Light Shows"},"image":{"@id":"https:\/\/chauvetdj-ils.com\/#\/schema\/logo\/image\/"}}]}},"_links":{"self":[{"href":"https:\/\/chauvetdj-ils.com\/de\/wp-json\/wp\/v2\/product\/2393","targetHints":{"allow":["GET"]}}],"collection":[{"href":"https:\/\/chauvetdj-ils.com\/de\/wp-json\/wp\/v2\/product"}],"about":[{"href":"https:\/\/chauvetdj-ils.com\/de\/wp-json\/wp\/v2\/types\/product"}],"replies":[{"embeddable":true,"href":"https:\/\/chauvetdj-ils.com\/de\/wp-json\/wp\/v2\/comments?post=2393"}],"wp:featuredmedia":[{"embeddable":true,"href":"https:\/\/chauvetdj-ils.com\/de\/wp-json\/wp\/v2\/media\/2918"}],"wp:attachment":[{"href":"https:\/\/chauvetdj-ils.com\/de\/wp-json\/wp\/v2\/media?parent=2393"}],"wp:term":[{"taxonomy":"product_cat","embeddable":true,"href":"https:\/\/chauvetdj-ils.com\/de\/wp-json\/wp\/v2\/product_cat?post=2393"},{"taxonomy":"product_tag","embeddable":true,"href":"https:\/\/chauvetdj-ils.com\/de\/wp-json\/wp\/v2\/product_tag?post=2393"}],"curies":[{"name":"wp","href":"https:\/\/api.w.org\/{rel}","templated":true}]}}