{"id":2408,"date":"2022-05-31T13:24:09","date_gmt":"2022-05-31T13:24:09","guid":{"rendered":"http:\/\/chauvetdj-ils.com\/product\/slimbank-q18-ils\/"},"modified":"2024-01-30T21:36:24","modified_gmt":"2024-01-30T21:36:24","slug":"slimbank-q18-ils","status":"publish","type":"product","link":"https:\/\/chauvetdj-ils.com\/de\/produkt\/slimbank-q18-ils\/","title":{"rendered":"SlimBANK Q18 ILS"},"content":{"rendered":"<p>Der SlimBANK Q18 ILS ist ein vielseitiger vierfarbiger (RGBA) LED-Washlight mit brillanten Eye-Catcher-Effekten. Er ist mit dem hochmodernen ILS-System kompatibel, das die Erstellung koordinierter Lichtshows \u00fcber verschiedene Ger\u00e4tetypen hinweg erleichtert. Zu den Steuerungsoptionen geh\u00f6ren die D-Fi USB-Kompatibilit\u00e4t f\u00fcr die drahtlose Master\/Slave- oder DMX-Steuerung sowie der Zugriff auf integrierte Automatikprogramme \u00fcber die IRC-6-Fernbedienung. Mit dieser LED-Fluter lassen sich komplexe Looks dank integrierter, auff\u00e4lliger Automatikprogramme mit Sektionssteuerung ganz einfach erstellen. Die verstellbaren Torblenden helfen bei der Ausrichtung und Fokussierung des Lichts. SlimBANK Q18 ILS verf\u00fcgt \u00fcber integrierte Dimmkurven f\u00fcr ein sanftes \u00dcberblenden der LEDs und eignet sich dank seiner Geh\u00e4usek\u00fchlung ideal f\u00fcr ger\u00e4uschempfindliche Umgebungen.<\/p>\n","protected":false},"excerpt":{"rendered":"<p>Der SlimBANK Q18 ILS ist ein vielseitiger vierfarbiger (RGBA) LED-Washlight mit brillanten Eye-Catcher-Effekten. Er ist mit dem hochmodernen ILS-System kompatibel, das die Erstellung koordinierter Lichtshows \u00fcber verschiedene Ger\u00e4tetypen hinweg erleichtert. Zu den Steuerungsoptionen geh\u00f6ren die D-Fi USB-Kompatibilit\u00e4t f\u00fcr die drahtlose Master\/Slave- oder DMX-Steuerung sowie der Zugriff auf integrierte Automatikprogramme \u00fcber die IRC-6-Fernbedienung. Mit dieser LED-Fluter [&hellip;]<\/p>\n","protected":false},"featured_media":2528,"comment_status":"open","ping_status":"closed","template":"","meta":[],"product_cat":[60],"product_tag":[86,83],"class_list":{"0":"post-2408","1":"product","2":"type-product","3":"status-publish","4":"has-post-thumbnail","6":"product_cat-ils-de","7":"product_tag-fx-de","8":"product_tag-wash-lights-de","10":"first","11":"instock","12":"product-type-simple"},"acf":[],"yoast_head":"<!-- This site is optimized with the Yoast SEO plugin v27.1.1 - https:\/\/yoast.com\/product\/yoast-seo-wordpress\/ -->\n<title>SlimBANK Q18 ILS - CHAUVET DJ | Instant Light Shows<\/title>\n<meta name=\"robots\" content=\"index, follow, max-snippet:-1, max-image-preview:large, max-video-preview:-1\" \/>\n<link rel=\"canonical\" href=\"https:\/\/chauvetdj-ils.com\/de\/produkt\/slimbank-q18-ils\/\" \/>\n<meta property=\"og:locale\" content=\"de_DE\" \/>\n<meta property=\"og:type\" content=\"article\" \/>\n<meta property=\"og:title\" content=\"SlimBANK Q18 ILS - CHAUVET DJ | Instant Light Shows\" \/>\n<meta property=\"og:description\" content=\"Der SlimBANK Q18 ILS ist ein vielseitiger vierfarbiger (RGBA) LED-Washlight mit brillanten Eye-Catcher-Effekten. Er ist mit dem hochmodernen ILS-System kompatibel, das die Erstellung koordinierter Lichtshows \u00fcber verschiedene Ger\u00e4tetypen hinweg erleichtert. Zu den Steuerungsoptionen geh\u00f6ren die D-Fi USB-Kompatibilit\u00e4t f\u00fcr die drahtlose Master\/Slave- oder DMX-Steuerung sowie der Zugriff auf integrierte Automatikprogramme \u00fcber die IRC-6-Fernbedienung. Mit dieser LED-Fluter [&hellip;]\" \/>\n<meta property=\"og:url\" content=\"https:\/\/chauvetdj-ils.com\/de\/produkt\/slimbank-q18-ils\/\" \/>\n<meta property=\"og:site_name\" content=\"CHAUVET DJ | Instant Light Shows\" \/>\n<meta property=\"article:modified_time\" content=\"2024-01-30T21:36:24+00:00\" \/>\n<meta property=\"og:image\" content=\"https:\/\/chauvetdj-ils.com\/wp-content\/uploads\/2023\/11\/SLIMBANK-Q18-ILS-off.jpg\" \/>\n\t<meta property=\"og:image:width\" content=\"800\" \/>\n\t<meta property=\"og:image:height\" content=\"800\" \/>\n\t<meta property=\"og:image:type\" content=\"image\/jpeg\" \/>\n<meta name=\"twitter:card\" content=\"summary_large_image\" \/>\n<meta name=\"twitter:label1\" content=\"Est. reading time\" \/>\n\t<meta name=\"twitter:data1\" content=\"1 Minute\" \/>\n<script type=\"application\/ld+json\" class=\"yoast-schema-graph\">{\"@context\":\"https:\/\/schema.org\",\"@graph\":[{\"@type\":\"WebPage\",\"@id\":\"https:\/\/chauvetdj-ils.com\/de\/produkt\/slimbank-q18-ils\/\",\"url\":\"https:\/\/chauvetdj-ils.com\/de\/produkt\/slimbank-q18-ils\/\",\"name\":\"SlimBANK Q18 ILS - CHAUVET DJ | Instant Light Shows\",\"isPartOf\":{\"@id\":\"https:\/\/chauvetdj-ils.com\/#website\"},\"primaryImageOfPage\":{\"@id\":\"https:\/\/chauvetdj-ils.com\/de\/produkt\/slimbank-q18-ils\/#primaryimage\"},\"image\":{\"@id\":\"https:\/\/chauvetdj-ils.com\/de\/produkt\/slimbank-q18-ils\/#primaryimage\"},\"thumbnailUrl\":\"https:\/\/chauvetdj-ils.com\/wp-content\/uploads\/2023\/11\/SLIMBANK-Q18-ILS-off.jpg\",\"datePublished\":\"2022-05-31T13:24:09+00:00\",\"dateModified\":\"2024-01-30T21:36:24+00:00\",\"breadcrumb\":{\"@id\":\"https:\/\/chauvetdj-ils.com\/de\/produkt\/slimbank-q18-ils\/#breadcrumb\"},\"inLanguage\":\"de-DE\",\"potentialAction\":[{\"@type\":\"ReadAction\",\"target\":[\"https:\/\/chauvetdj-ils.com\/de\/produkt\/slimbank-q18-ils\/\"]}]},{\"@type\":\"ImageObject\",\"inLanguage\":\"de-DE\",\"@id\":\"https:\/\/chauvetdj-ils.com\/de\/produkt\/slimbank-q18-ils\/#primaryimage\",\"url\":\"https:\/\/chauvetdj-ils.com\/wp-content\/uploads\/2023\/11\/SLIMBANK-Q18-ILS-off.jpg\",\"contentUrl\":\"https:\/\/chauvetdj-ils.com\/wp-content\/uploads\/2023\/11\/SLIMBANK-Q18-ILS-off.jpg\",\"width\":800,\"height\":800},{\"@type\":\"BreadcrumbList\",\"@id\":\"https:\/\/chauvetdj-ils.com\/de\/produkt\/slimbank-q18-ils\/#breadcrumb\",\"itemListElement\":[{\"@type\":\"ListItem\",\"position\":1,\"name\":\"Home\",\"item\":\"https:\/\/chauvetdj-ils.com\/de\/\"},{\"@type\":\"ListItem\",\"position\":2,\"name\":\"Home\",\"item\":\"https:\/\/chauvetdj-ils.com\/de\/\"},{\"@type\":\"ListItem\",\"position\":3,\"name\":\"SlimBANK Q18 ILS\"}]},{\"@type\":\"WebSite\",\"@id\":\"https:\/\/chauvetdj-ils.com\/#website\",\"url\":\"https:\/\/chauvetdj-ils.com\/\",\"name\":\"CHAUVET DJ | Instant Light Shows\",\"description\":\"\",\"publisher\":{\"@id\":\"https:\/\/chauvetdj-ils.com\/#organization\"},\"potentialAction\":[{\"@type\":\"SearchAction\",\"target\":{\"@type\":\"EntryPoint\",\"urlTemplate\":\"https:\/\/chauvetdj-ils.com\/?s={search_term_string}\"},\"query-input\":{\"@type\":\"PropertyValueSpecification\",\"valueRequired\":true,\"valueName\":\"search_term_string\"}}],\"inLanguage\":\"de-DE\"},{\"@type\":\"Organization\",\"@id\":\"https:\/\/chauvetdj-ils.com\/#organization\",\"name\":\"CHAUVET DJ | Instant Light Shows\",\"url\":\"https:\/\/chauvetdj-ils.com\/\",\"logo\":{\"@type\":\"ImageObject\",\"inLanguage\":\"de-DE\",\"@id\":\"https:\/\/chauvetdj-ils.com\/#\/schema\/logo\/image\/\",\"url\":\"https:\/\/chauvetdj-ils.com\/wp-content\/uploads\/2023\/11\/dj-logo.png\",\"contentUrl\":\"https:\/\/chauvetdj-ils.com\/wp-content\/uploads\/2023\/11\/dj-logo.png\",\"width\":253,\"height\":100,\"caption\":\"CHAUVET DJ | Instant Light Shows\"},\"image\":{\"@id\":\"https:\/\/chauvetdj-ils.com\/#\/schema\/logo\/image\/\"}}]}<\/script>\n<!-- \/ Yoast SEO plugin. -->","yoast_head_json":{"title":"SlimBANK Q18 ILS - CHAUVET DJ | Instant Light Shows","robots":{"index":"index","follow":"follow","max-snippet":"max-snippet:-1","max-image-preview":"max-image-preview:large","max-video-preview":"max-video-preview:-1"},"canonical":"https:\/\/chauvetdj-ils.com\/de\/produkt\/slimbank-q18-ils\/","og_locale":"de_DE","og_type":"article","og_title":"SlimBANK Q18 ILS - CHAUVET DJ | Instant Light Shows","og_description":"Der SlimBANK Q18 ILS ist ein vielseitiger vierfarbiger (RGBA) LED-Washlight mit brillanten Eye-Catcher-Effekten. Er ist mit dem hochmodernen ILS-System kompatibel, das die Erstellung koordinierter Lichtshows \u00fcber verschiedene Ger\u00e4tetypen hinweg erleichtert. Zu den Steuerungsoptionen geh\u00f6ren die D-Fi USB-Kompatibilit\u00e4t f\u00fcr die drahtlose Master\/Slave- oder DMX-Steuerung sowie der Zugriff auf integrierte Automatikprogramme \u00fcber die IRC-6-Fernbedienung. Mit dieser LED-Fluter [&hellip;]","og_url":"https:\/\/chauvetdj-ils.com\/de\/produkt\/slimbank-q18-ils\/","og_site_name":"CHAUVET DJ | Instant Light Shows","article_modified_time":"2024-01-30T21:36:24+00:00","og_image":[{"width":800,"height":800,"url":"https:\/\/chauvetdj-ils.com\/wp-content\/uploads\/2023\/11\/SLIMBANK-Q18-ILS-off.jpg","type":"image\/jpeg"}],"twitter_card":"summary_large_image","twitter_misc":{"Est. reading time":"1 Minute"},"schema":{"@context":"https:\/\/schema.org","@graph":[{"@type":"WebPage","@id":"https:\/\/chauvetdj-ils.com\/de\/produkt\/slimbank-q18-ils\/","url":"https:\/\/chauvetdj-ils.com\/de\/produkt\/slimbank-q18-ils\/","name":"SlimBANK Q18 ILS - CHAUVET DJ | Instant Light Shows","isPartOf":{"@id":"https:\/\/chauvetdj-ils.com\/#website"},"primaryImageOfPage":{"@id":"https:\/\/chauvetdj-ils.com\/de\/produkt\/slimbank-q18-ils\/#primaryimage"},"image":{"@id":"https:\/\/chauvetdj-ils.com\/de\/produkt\/slimbank-q18-ils\/#primaryimage"},"thumbnailUrl":"https:\/\/chauvetdj-ils.com\/wp-content\/uploads\/2023\/11\/SLIMBANK-Q18-ILS-off.jpg","datePublished":"2022-05-31T13:24:09+00:00","dateModified":"2024-01-30T21:36:24+00:00","breadcrumb":{"@id":"https:\/\/chauvetdj-ils.com\/de\/produkt\/slimbank-q18-ils\/#breadcrumb"},"inLanguage":"de-DE","potentialAction":[{"@type":"ReadAction","target":["https:\/\/chauvetdj-ils.com\/de\/produkt\/slimbank-q18-ils\/"]}]},{"@type":"ImageObject","inLanguage":"de-DE","@id":"https:\/\/chauvetdj-ils.com\/de\/produkt\/slimbank-q18-ils\/#primaryimage","url":"https:\/\/chauvetdj-ils.com\/wp-content\/uploads\/2023\/11\/SLIMBANK-Q18-ILS-off.jpg","contentUrl":"https:\/\/chauvetdj-ils.com\/wp-content\/uploads\/2023\/11\/SLIMBANK-Q18-ILS-off.jpg","width":800,"height":800},{"@type":"BreadcrumbList","@id":"https:\/\/chauvetdj-ils.com\/de\/produkt\/slimbank-q18-ils\/#breadcrumb","itemListElement":[{"@type":"ListItem","position":1,"name":"Home","item":"https:\/\/chauvetdj-ils.com\/de\/"},{"@type":"ListItem","position":2,"name":"Home","item":"https:\/\/chauvetdj-ils.com\/de\/"},{"@type":"ListItem","position":3,"name":"SlimBANK Q18 ILS"}]},{"@type":"WebSite","@id":"https:\/\/chauvetdj-ils.com\/#website","url":"https:\/\/chauvetdj-ils.com\/","name":"CHAUVET DJ | Instant Light Shows","description":"","publisher":{"@id":"https:\/\/chauvetdj-ils.com\/#organization"},"potentialAction":[{"@type":"SearchAction","target":{"@type":"EntryPoint","urlTemplate":"https:\/\/chauvetdj-ils.com\/?s={search_term_string}"},"query-input":{"@type":"PropertyValueSpecification","valueRequired":true,"valueName":"search_term_string"}}],"inLanguage":"de-DE"},{"@type":"Organization","@id":"https:\/\/chauvetdj-ils.com\/#organization","name":"CHAUVET DJ | Instant Light Shows","url":"https:\/\/chauvetdj-ils.com\/","logo":{"@type":"ImageObject","inLanguage":"de-DE","@id":"https:\/\/chauvetdj-ils.com\/#\/schema\/logo\/image\/","url":"https:\/\/chauvetdj-ils.com\/wp-content\/uploads\/2023\/11\/dj-logo.png","contentUrl":"https:\/\/chauvetdj-ils.com\/wp-content\/uploads\/2023\/11\/dj-logo.png","width":253,"height":100,"caption":"CHAUVET DJ | Instant Light Shows"},"image":{"@id":"https:\/\/chauvetdj-ils.com\/#\/schema\/logo\/image\/"}}]}},"_links":{"self":[{"href":"https:\/\/chauvetdj-ils.com\/de\/wp-json\/wp\/v2\/product\/2408","targetHints":{"allow":["GET"]}}],"collection":[{"href":"https:\/\/chauvetdj-ils.com\/de\/wp-json\/wp\/v2\/product"}],"about":[{"href":"https:\/\/chauvetdj-ils.com\/de\/wp-json\/wp\/v2\/types\/product"}],"replies":[{"embeddable":true,"href":"https:\/\/chauvetdj-ils.com\/de\/wp-json\/wp\/v2\/comments?post=2408"}],"wp:featuredmedia":[{"embeddable":true,"href":"https:\/\/chauvetdj-ils.com\/de\/wp-json\/wp\/v2\/media\/2528"}],"wp:attachment":[{"href":"https:\/\/chauvetdj-ils.com\/de\/wp-json\/wp\/v2\/media?parent=2408"}],"wp:term":[{"taxonomy":"product_cat","embeddable":true,"href":"https:\/\/chauvetdj-ils.com\/de\/wp-json\/wp\/v2\/product_cat?post=2408"},{"taxonomy":"product_tag","embeddable":true,"href":"https:\/\/chauvetdj-ils.com\/de\/wp-json\/wp\/v2\/product_tag?post=2408"}],"curies":[{"name":"wp","href":"https:\/\/api.w.org\/{rel}","templated":true}]}}