{"id":2423,"date":"2022-05-31T13:10:53","date_gmt":"2022-05-31T13:10:53","guid":{"rendered":"http:\/\/chauvetdj-ils.com\/product\/gigbar-move-ils\/"},"modified":"2024-02-01T14:43:11","modified_gmt":"2024-02-01T14:43:11","slug":"gigbar-move-ils","status":"publish","type":"product","link":"https:\/\/chauvetdj-ils.com\/de\/produkt\/gigbar-move-ils\/","title":{"rendered":"GigBAR Move + ILS"},"content":{"rendered":"<p>Mit GigBAR Move + ILS beginnt die Zukunft der einfachen Lichtsynchronisation. GigBAR Move + ILS kann jedes ILS-f\u00e4hige Ger\u00e4t steuern, sowohl drahtgebunden als auch drahtlos. GigBAR Move + ILS ist ein 5-in-1 Beleuchtungssystem, das Moving Heads, Derbies, Washes, einen Laser- und einen Strobe-Effekt auf einer einzigen Bar vereint. Die einfache Navigation und der Zugriff auf die leistungsstarken 32 Watt Moving Heads erfolgt direkt \u00fcber das Vollfarb-LCD-Display. Zus\u00e4tzlich verf\u00fcgt die kompakte Bar \u00fcber einen Totem-Modus. Dieser sorgt daf\u00fcr, dass sich die Moving Heads beispielsweise nur auf die Tanzfl\u00e4che konzentrieren. Eingebaute UV-LEDs beleuchten fluoreszierende Objekte f\u00fcr blendende Schwarzlicht-Effekte. Mit der GigBAR Move + ILS k\u00f6nnen Sie jeden Effekt einzeln steuern, um sicherzustellen, dass Ihre Show so aussieht, wie Sie es sich w\u00fcnschen, ohne dass Sie eine Fernbedienung direkt auf das Ger\u00e4t richten m\u00fcssen! Die mitgelieferte RF-Fernbedienung l\u00f6st die integrierten Shows auch ohne Sichtkontakt aus. Weitere einfache Steuerungsoptionen sind der Standalone-Modus, DMX oder ein kabelloser Fu\u00dfschalter. Das GigBAR Move + ILS Paket enth\u00e4lt ein Stativ, einen kabellosen Fu\u00dfschalter, eine RF-Fernbedienung und eine Tragetasche f\u00fcr den schnellen Aufbau.<\/p>\n<p><img loading=\"lazy\" decoding=\"async\" class=\"alignnone size-thumbnail wp-image-104357\" src=\"http:\/\/chauvetdj-ils.com\/wp-content\/uploads\/2023\/11\/Final-Pro-Mobile-Awards-logo-150x150.png\" alt=\"\" width=\"75\" height=\"75\" \/><\/p>\n","protected":false},"excerpt":{"rendered":"<p>Mit GigBAR Move + ILS beginnt die Zukunft der einfachen Lichtsynchronisation. GigBAR Move + ILS kann jedes ILS-f\u00e4hige Ger\u00e4t steuern, sowohl drahtgebunden als auch drahtlos. GigBAR Move + ILS ist ein 5-in-1 Beleuchtungssystem, das Moving Heads, Derbies, Washes, einen Laser- und einen Strobe-Effekt auf einer einzigen Bar vereint. Die einfache Navigation und der Zugriff auf [&hellip;]<\/p>\n","protected":false},"featured_media":4849,"comment_status":"open","ping_status":"closed","template":"","meta":[],"product_cat":[60],"product_tag":[86,89,77,83],"class_list":{"0":"post-2423","1":"product","2":"type-product","3":"status-publish","4":"has-post-thumbnail","6":"product_cat-ils-de","7":"product_tag-fx-de","8":"product_tag-lasers-de","9":"product_tag-leaders-de","10":"product_tag-wash-lights-de","12":"first","13":"instock","14":"product-type-simple"},"acf":[],"yoast_head":"<!-- This site is optimized with the Yoast SEO plugin v27.1.1 - https:\/\/yoast.com\/product\/yoast-seo-wordpress\/ -->\n<title>GigBAR Move + ILS - CHAUVET DJ | Instant Light Shows<\/title>\n<meta name=\"robots\" content=\"index, follow, max-snippet:-1, max-image-preview:large, max-video-preview:-1\" \/>\n<link rel=\"canonical\" href=\"https:\/\/chauvetdj-ils.com\/de\/produkt\/gigbar-move-ils\/\" \/>\n<meta property=\"og:locale\" content=\"de_DE\" \/>\n<meta property=\"og:type\" content=\"article\" \/>\n<meta property=\"og:title\" content=\"GigBAR Move + ILS - CHAUVET DJ | Instant Light Shows\" \/>\n<meta property=\"og:description\" content=\"Mit GigBAR Move + ILS beginnt die Zukunft der einfachen Lichtsynchronisation. GigBAR Move + ILS kann jedes ILS-f\u00e4hige Ger\u00e4t steuern, sowohl drahtgebunden als auch drahtlos. GigBAR Move + ILS ist ein 5-in-1 Beleuchtungssystem, das Moving Heads, Derbies, Washes, einen Laser- und einen Strobe-Effekt auf einer einzigen Bar vereint. Die einfache Navigation und der Zugriff auf [&hellip;]\" \/>\n<meta property=\"og:url\" content=\"https:\/\/chauvetdj-ils.com\/de\/produkt\/gigbar-move-ils\/\" \/>\n<meta property=\"og:site_name\" content=\"CHAUVET DJ | Instant Light Shows\" \/>\n<meta property=\"article:modified_time\" content=\"2024-02-01T14:43:11+00:00\" \/>\n<meta property=\"og:image\" content=\"https:\/\/chauvetdj-ils.com\/wp-content\/uploads\/2022\/05\/GigBAR-Move-ILS.png\" \/>\n\t<meta property=\"og:image:width\" content=\"800\" \/>\n\t<meta property=\"og:image:height\" content=\"800\" \/>\n\t<meta property=\"og:image:type\" content=\"image\/png\" \/>\n<meta name=\"twitter:card\" content=\"summary_large_image\" \/>\n<meta name=\"twitter:label1\" content=\"Est. reading time\" \/>\n\t<meta name=\"twitter:data1\" content=\"1 Minute\" \/>\n<script type=\"application\/ld+json\" class=\"yoast-schema-graph\">{\"@context\":\"https:\/\/schema.org\",\"@graph\":[{\"@type\":\"WebPage\",\"@id\":\"https:\/\/chauvetdj-ils.com\/de\/produkt\/gigbar-move-ils\/\",\"url\":\"https:\/\/chauvetdj-ils.com\/de\/produkt\/gigbar-move-ils\/\",\"name\":\"GigBAR Move + ILS - CHAUVET DJ | Instant Light Shows\",\"isPartOf\":{\"@id\":\"https:\/\/chauvetdj-ils.com\/#website\"},\"primaryImageOfPage\":{\"@id\":\"https:\/\/chauvetdj-ils.com\/de\/produkt\/gigbar-move-ils\/#primaryimage\"},\"image\":{\"@id\":\"https:\/\/chauvetdj-ils.com\/de\/produkt\/gigbar-move-ils\/#primaryimage\"},\"thumbnailUrl\":\"https:\/\/chauvetdj-ils.com\/wp-content\/uploads\/2022\/05\/GigBAR-Move-ILS.png\",\"datePublished\":\"2022-05-31T13:10:53+00:00\",\"dateModified\":\"2024-02-01T14:43:11+00:00\",\"breadcrumb\":{\"@id\":\"https:\/\/chauvetdj-ils.com\/de\/produkt\/gigbar-move-ils\/#breadcrumb\"},\"inLanguage\":\"de-DE\",\"potentialAction\":[{\"@type\":\"ReadAction\",\"target\":[\"https:\/\/chauvetdj-ils.com\/de\/produkt\/gigbar-move-ils\/\"]}]},{\"@type\":\"ImageObject\",\"inLanguage\":\"de-DE\",\"@id\":\"https:\/\/chauvetdj-ils.com\/de\/produkt\/gigbar-move-ils\/#primaryimage\",\"url\":\"https:\/\/chauvetdj-ils.com\/wp-content\/uploads\/2022\/05\/GigBAR-Move-ILS.png\",\"contentUrl\":\"https:\/\/chauvetdj-ils.com\/wp-content\/uploads\/2022\/05\/GigBAR-Move-ILS.png\",\"width\":800,\"height\":800},{\"@type\":\"BreadcrumbList\",\"@id\":\"https:\/\/chauvetdj-ils.com\/de\/produkt\/gigbar-move-ils\/#breadcrumb\",\"itemListElement\":[{\"@type\":\"ListItem\",\"position\":1,\"name\":\"Home\",\"item\":\"https:\/\/chauvetdj-ils.com\/de\/\"},{\"@type\":\"ListItem\",\"position\":2,\"name\":\"Home\",\"item\":\"https:\/\/chauvetdj-ils.com\/de\/\"},{\"@type\":\"ListItem\",\"position\":3,\"name\":\"GigBAR Move + ILS\"}]},{\"@type\":\"WebSite\",\"@id\":\"https:\/\/chauvetdj-ils.com\/#website\",\"url\":\"https:\/\/chauvetdj-ils.com\/\",\"name\":\"CHAUVET DJ | Instant Light Shows\",\"description\":\"\",\"publisher\":{\"@id\":\"https:\/\/chauvetdj-ils.com\/#organization\"},\"potentialAction\":[{\"@type\":\"SearchAction\",\"target\":{\"@type\":\"EntryPoint\",\"urlTemplate\":\"https:\/\/chauvetdj-ils.com\/?s={search_term_string}\"},\"query-input\":{\"@type\":\"PropertyValueSpecification\",\"valueRequired\":true,\"valueName\":\"search_term_string\"}}],\"inLanguage\":\"de-DE\"},{\"@type\":\"Organization\",\"@id\":\"https:\/\/chauvetdj-ils.com\/#organization\",\"name\":\"CHAUVET DJ | Instant Light Shows\",\"url\":\"https:\/\/chauvetdj-ils.com\/\",\"logo\":{\"@type\":\"ImageObject\",\"inLanguage\":\"de-DE\",\"@id\":\"https:\/\/chauvetdj-ils.com\/#\/schema\/logo\/image\/\",\"url\":\"https:\/\/chauvetdj-ils.com\/wp-content\/uploads\/2023\/11\/dj-logo.png\",\"contentUrl\":\"https:\/\/chauvetdj-ils.com\/wp-content\/uploads\/2023\/11\/dj-logo.png\",\"width\":253,\"height\":100,\"caption\":\"CHAUVET DJ | Instant Light Shows\"},\"image\":{\"@id\":\"https:\/\/chauvetdj-ils.com\/#\/schema\/logo\/image\/\"}}]}<\/script>\n<!-- \/ Yoast SEO plugin. -->","yoast_head_json":{"title":"GigBAR Move + ILS - CHAUVET DJ | Instant Light Shows","robots":{"index":"index","follow":"follow","max-snippet":"max-snippet:-1","max-image-preview":"max-image-preview:large","max-video-preview":"max-video-preview:-1"},"canonical":"https:\/\/chauvetdj-ils.com\/de\/produkt\/gigbar-move-ils\/","og_locale":"de_DE","og_type":"article","og_title":"GigBAR Move + ILS - CHAUVET DJ | Instant Light Shows","og_description":"Mit GigBAR Move + ILS beginnt die Zukunft der einfachen Lichtsynchronisation. GigBAR Move + ILS kann jedes ILS-f\u00e4hige Ger\u00e4t steuern, sowohl drahtgebunden als auch drahtlos. GigBAR Move + ILS ist ein 5-in-1 Beleuchtungssystem, das Moving Heads, Derbies, Washes, einen Laser- und einen Strobe-Effekt auf einer einzigen Bar vereint. Die einfache Navigation und der Zugriff auf [&hellip;]","og_url":"https:\/\/chauvetdj-ils.com\/de\/produkt\/gigbar-move-ils\/","og_site_name":"CHAUVET DJ | Instant Light Shows","article_modified_time":"2024-02-01T14:43:11+00:00","og_image":[{"width":800,"height":800,"url":"https:\/\/chauvetdj-ils.com\/wp-content\/uploads\/2022\/05\/GigBAR-Move-ILS.png","type":"image\/png"}],"twitter_card":"summary_large_image","twitter_misc":{"Est. reading time":"1 Minute"},"schema":{"@context":"https:\/\/schema.org","@graph":[{"@type":"WebPage","@id":"https:\/\/chauvetdj-ils.com\/de\/produkt\/gigbar-move-ils\/","url":"https:\/\/chauvetdj-ils.com\/de\/produkt\/gigbar-move-ils\/","name":"GigBAR Move + ILS - CHAUVET DJ | Instant Light Shows","isPartOf":{"@id":"https:\/\/chauvetdj-ils.com\/#website"},"primaryImageOfPage":{"@id":"https:\/\/chauvetdj-ils.com\/de\/produkt\/gigbar-move-ils\/#primaryimage"},"image":{"@id":"https:\/\/chauvetdj-ils.com\/de\/produkt\/gigbar-move-ils\/#primaryimage"},"thumbnailUrl":"https:\/\/chauvetdj-ils.com\/wp-content\/uploads\/2022\/05\/GigBAR-Move-ILS.png","datePublished":"2022-05-31T13:10:53+00:00","dateModified":"2024-02-01T14:43:11+00:00","breadcrumb":{"@id":"https:\/\/chauvetdj-ils.com\/de\/produkt\/gigbar-move-ils\/#breadcrumb"},"inLanguage":"de-DE","potentialAction":[{"@type":"ReadAction","target":["https:\/\/chauvetdj-ils.com\/de\/produkt\/gigbar-move-ils\/"]}]},{"@type":"ImageObject","inLanguage":"de-DE","@id":"https:\/\/chauvetdj-ils.com\/de\/produkt\/gigbar-move-ils\/#primaryimage","url":"https:\/\/chauvetdj-ils.com\/wp-content\/uploads\/2022\/05\/GigBAR-Move-ILS.png","contentUrl":"https:\/\/chauvetdj-ils.com\/wp-content\/uploads\/2022\/05\/GigBAR-Move-ILS.png","width":800,"height":800},{"@type":"BreadcrumbList","@id":"https:\/\/chauvetdj-ils.com\/de\/produkt\/gigbar-move-ils\/#breadcrumb","itemListElement":[{"@type":"ListItem","position":1,"name":"Home","item":"https:\/\/chauvetdj-ils.com\/de\/"},{"@type":"ListItem","position":2,"name":"Home","item":"https:\/\/chauvetdj-ils.com\/de\/"},{"@type":"ListItem","position":3,"name":"GigBAR Move + ILS"}]},{"@type":"WebSite","@id":"https:\/\/chauvetdj-ils.com\/#website","url":"https:\/\/chauvetdj-ils.com\/","name":"CHAUVET DJ | Instant Light Shows","description":"","publisher":{"@id":"https:\/\/chauvetdj-ils.com\/#organization"},"potentialAction":[{"@type":"SearchAction","target":{"@type":"EntryPoint","urlTemplate":"https:\/\/chauvetdj-ils.com\/?s={search_term_string}"},"query-input":{"@type":"PropertyValueSpecification","valueRequired":true,"valueName":"search_term_string"}}],"inLanguage":"de-DE"},{"@type":"Organization","@id":"https:\/\/chauvetdj-ils.com\/#organization","name":"CHAUVET DJ | Instant Light Shows","url":"https:\/\/chauvetdj-ils.com\/","logo":{"@type":"ImageObject","inLanguage":"de-DE","@id":"https:\/\/chauvetdj-ils.com\/#\/schema\/logo\/image\/","url":"https:\/\/chauvetdj-ils.com\/wp-content\/uploads\/2023\/11\/dj-logo.png","contentUrl":"https:\/\/chauvetdj-ils.com\/wp-content\/uploads\/2023\/11\/dj-logo.png","width":253,"height":100,"caption":"CHAUVET DJ | Instant Light Shows"},"image":{"@id":"https:\/\/chauvetdj-ils.com\/#\/schema\/logo\/image\/"}}]}},"_links":{"self":[{"href":"https:\/\/chauvetdj-ils.com\/de\/wp-json\/wp\/v2\/product\/2423","targetHints":{"allow":["GET"]}}],"collection":[{"href":"https:\/\/chauvetdj-ils.com\/de\/wp-json\/wp\/v2\/product"}],"about":[{"href":"https:\/\/chauvetdj-ils.com\/de\/wp-json\/wp\/v2\/types\/product"}],"replies":[{"embeddable":true,"href":"https:\/\/chauvetdj-ils.com\/de\/wp-json\/wp\/v2\/comments?post=2423"}],"wp:featuredmedia":[{"embeddable":true,"href":"https:\/\/chauvetdj-ils.com\/de\/wp-json\/wp\/v2\/media\/4849"}],"wp:attachment":[{"href":"https:\/\/chauvetdj-ils.com\/de\/wp-json\/wp\/v2\/media?parent=2423"}],"wp:term":[{"taxonomy":"product_cat","embeddable":true,"href":"https:\/\/chauvetdj-ils.com\/de\/wp-json\/wp\/v2\/product_cat?post=2423"},{"taxonomy":"product_tag","embeddable":true,"href":"https:\/\/chauvetdj-ils.com\/de\/wp-json\/wp\/v2\/product_tag?post=2423"}],"curies":[{"name":"wp","href":"https:\/\/api.w.org\/{rel}","templated":true}]}}