{"id":2426,"date":"2022-05-31T10:00:23","date_gmt":"2022-05-31T10:00:23","guid":{"rendered":"http:\/\/chauvetdj-ils.com\/product\/kinta-fx-ils\/"},"modified":"2024-01-31T14:42:56","modified_gmt":"2024-01-31T14:42:56","slug":"kinta-fx-ils","status":"publish","type":"product","link":"https:\/\/chauvetdj-ils.com\/de\/produkt\/kinta-fx-ils\/","title":{"rendered":"Kinta FX ILS"},"content":{"rendered":"<p>Unz\u00e4hlige rasiermesserscharfe Multicolor-Strahlen. Aufsehenerregende Stroboskop-Effekte und Lauflichter. Hunderte von roten und gr\u00fcnen Laserstrahlen. Dies sind nur einige der Effekte, mit denen der Kinta FX ILS \u00fcberzeugen kann. Der Chauvet DJ Kinta FX ILS ist ein kompaktes Multieffektlicht mit Derby, Laser und SMD-Strobe, welches Ihre G\u00e4ste Erstaunen versetzen wird. Was dieses aufregende Effektlicht noch leistungsf\u00e4higer macht, ist seine ILS-Kompatibilit\u00e4t mit dem hochmodernen System, das die Erstellung koordinierter Lichtshows \u00fcber verschiedene Scheinwerfertypen hinweg erleichtert. Der Kinta FX ILS ist au\u00dferdem D-Fi USB-kompatibel f\u00fcr kabellose Master\/Slave- oder DMX-Steuerung. Der Lichteffekt kann ganz einfach \u00fcber DMX, Master\/Slave, IRC-6 oder das digitale Display gesteuert werden.<\/p>\n","protected":false},"excerpt":{"rendered":"<p>Unz\u00e4hlige rasiermesserscharfe Multicolor-Strahlen. Aufsehenerregende Stroboskop-Effekte und Lauflichter. Hunderte von roten und gr\u00fcnen Laserstrahlen. Dies sind nur einige der Effekte, mit denen der Kinta FX ILS \u00fcberzeugen kann. Der Chauvet DJ Kinta FX ILS ist ein kompaktes Multieffektlicht mit Derby, Laser und SMD-Strobe, welches Ihre G\u00e4ste Erstaunen versetzen wird. Was dieses aufregende Effektlicht noch leistungsf\u00e4higer macht, [&hellip;]<\/p>\n","protected":false},"featured_media":2606,"comment_status":"open","ping_status":"closed","template":"","meta":[],"product_cat":[60],"product_tag":[86],"class_list":{"0":"post-2426","1":"product","2":"type-product","3":"status-publish","4":"has-post-thumbnail","6":"product_cat-ils-de","7":"product_tag-fx-de","9":"first","10":"instock","11":"product-type-simple"},"acf":[],"yoast_head":"<!-- This site is optimized with the Yoast SEO plugin v27.1.1 - https:\/\/yoast.com\/product\/yoast-seo-wordpress\/ -->\n<title>Kinta FX ILS - CHAUVET DJ | Instant Light Shows<\/title>\n<meta name=\"robots\" content=\"index, follow, max-snippet:-1, max-image-preview:large, max-video-preview:-1\" \/>\n<link rel=\"canonical\" href=\"https:\/\/chauvetdj-ils.com\/de\/produkt\/kinta-fx-ils\/\" \/>\n<meta property=\"og:locale\" content=\"de_DE\" \/>\n<meta property=\"og:type\" content=\"article\" \/>\n<meta property=\"og:title\" content=\"Kinta FX ILS - CHAUVET DJ | Instant Light Shows\" \/>\n<meta property=\"og:description\" content=\"Unz\u00e4hlige rasiermesserscharfe Multicolor-Strahlen. Aufsehenerregende Stroboskop-Effekte und Lauflichter. Hunderte von roten und gr\u00fcnen Laserstrahlen. Dies sind nur einige der Effekte, mit denen der Kinta FX ILS \u00fcberzeugen kann. Der Chauvet DJ Kinta FX ILS ist ein kompaktes Multieffektlicht mit Derby, Laser und SMD-Strobe, welches Ihre G\u00e4ste Erstaunen versetzen wird. Was dieses aufregende Effektlicht noch leistungsf\u00e4higer macht, [&hellip;]\" \/>\n<meta property=\"og:url\" content=\"https:\/\/chauvetdj-ils.com\/de\/produkt\/kinta-fx-ils\/\" \/>\n<meta property=\"og:site_name\" content=\"CHAUVET DJ | Instant Light Shows\" \/>\n<meta property=\"article:modified_time\" content=\"2024-01-31T14:42:56+00:00\" \/>\n<meta property=\"og:image\" content=\"https:\/\/chauvetdj-ils.com\/wp-content\/uploads\/2023\/11\/KINTA-FX-ILS-off.jpg\" \/>\n\t<meta property=\"og:image:width\" content=\"800\" \/>\n\t<meta property=\"og:image:height\" content=\"800\" \/>\n\t<meta property=\"og:image:type\" content=\"image\/jpeg\" \/>\n<meta name=\"twitter:card\" content=\"summary_large_image\" \/>\n<meta name=\"twitter:label1\" content=\"Est. reading time\" \/>\n\t<meta name=\"twitter:data1\" content=\"1 Minute\" \/>\n<script type=\"application\/ld+json\" class=\"yoast-schema-graph\">{\"@context\":\"https:\/\/schema.org\",\"@graph\":[{\"@type\":\"WebPage\",\"@id\":\"https:\/\/chauvetdj-ils.com\/de\/produkt\/kinta-fx-ils\/\",\"url\":\"https:\/\/chauvetdj-ils.com\/de\/produkt\/kinta-fx-ils\/\",\"name\":\"Kinta FX ILS - CHAUVET DJ | Instant Light Shows\",\"isPartOf\":{\"@id\":\"https:\/\/chauvetdj-ils.com\/#website\"},\"primaryImageOfPage\":{\"@id\":\"https:\/\/chauvetdj-ils.com\/de\/produkt\/kinta-fx-ils\/#primaryimage\"},\"image\":{\"@id\":\"https:\/\/chauvetdj-ils.com\/de\/produkt\/kinta-fx-ils\/#primaryimage\"},\"thumbnailUrl\":\"https:\/\/chauvetdj-ils.com\/wp-content\/uploads\/2023\/11\/KINTA-FX-ILS-off.jpg\",\"datePublished\":\"2022-05-31T10:00:23+00:00\",\"dateModified\":\"2024-01-31T14:42:56+00:00\",\"breadcrumb\":{\"@id\":\"https:\/\/chauvetdj-ils.com\/de\/produkt\/kinta-fx-ils\/#breadcrumb\"},\"inLanguage\":\"de-DE\",\"potentialAction\":[{\"@type\":\"ReadAction\",\"target\":[\"https:\/\/chauvetdj-ils.com\/de\/produkt\/kinta-fx-ils\/\"]}]},{\"@type\":\"ImageObject\",\"inLanguage\":\"de-DE\",\"@id\":\"https:\/\/chauvetdj-ils.com\/de\/produkt\/kinta-fx-ils\/#primaryimage\",\"url\":\"https:\/\/chauvetdj-ils.com\/wp-content\/uploads\/2023\/11\/KINTA-FX-ILS-off.jpg\",\"contentUrl\":\"https:\/\/chauvetdj-ils.com\/wp-content\/uploads\/2023\/11\/KINTA-FX-ILS-off.jpg\",\"width\":800,\"height\":800},{\"@type\":\"BreadcrumbList\",\"@id\":\"https:\/\/chauvetdj-ils.com\/de\/produkt\/kinta-fx-ils\/#breadcrumb\",\"itemListElement\":[{\"@type\":\"ListItem\",\"position\":1,\"name\":\"Home\",\"item\":\"https:\/\/chauvetdj-ils.com\/de\/\"},{\"@type\":\"ListItem\",\"position\":2,\"name\":\"Home\",\"item\":\"https:\/\/chauvetdj-ils.com\/de\/\"},{\"@type\":\"ListItem\",\"position\":3,\"name\":\"Kinta FX ILS\"}]},{\"@type\":\"WebSite\",\"@id\":\"https:\/\/chauvetdj-ils.com\/#website\",\"url\":\"https:\/\/chauvetdj-ils.com\/\",\"name\":\"CHAUVET DJ | Instant Light Shows\",\"description\":\"\",\"publisher\":{\"@id\":\"https:\/\/chauvetdj-ils.com\/#organization\"},\"potentialAction\":[{\"@type\":\"SearchAction\",\"target\":{\"@type\":\"EntryPoint\",\"urlTemplate\":\"https:\/\/chauvetdj-ils.com\/?s={search_term_string}\"},\"query-input\":{\"@type\":\"PropertyValueSpecification\",\"valueRequired\":true,\"valueName\":\"search_term_string\"}}],\"inLanguage\":\"de-DE\"},{\"@type\":\"Organization\",\"@id\":\"https:\/\/chauvetdj-ils.com\/#organization\",\"name\":\"CHAUVET DJ | Instant Light Shows\",\"url\":\"https:\/\/chauvetdj-ils.com\/\",\"logo\":{\"@type\":\"ImageObject\",\"inLanguage\":\"de-DE\",\"@id\":\"https:\/\/chauvetdj-ils.com\/#\/schema\/logo\/image\/\",\"url\":\"https:\/\/chauvetdj-ils.com\/wp-content\/uploads\/2023\/11\/dj-logo.png\",\"contentUrl\":\"https:\/\/chauvetdj-ils.com\/wp-content\/uploads\/2023\/11\/dj-logo.png\",\"width\":253,\"height\":100,\"caption\":\"CHAUVET DJ | Instant Light Shows\"},\"image\":{\"@id\":\"https:\/\/chauvetdj-ils.com\/#\/schema\/logo\/image\/\"}}]}<\/script>\n<!-- \/ Yoast SEO plugin. -->","yoast_head_json":{"title":"Kinta FX ILS - CHAUVET DJ | Instant Light Shows","robots":{"index":"index","follow":"follow","max-snippet":"max-snippet:-1","max-image-preview":"max-image-preview:large","max-video-preview":"max-video-preview:-1"},"canonical":"https:\/\/chauvetdj-ils.com\/de\/produkt\/kinta-fx-ils\/","og_locale":"de_DE","og_type":"article","og_title":"Kinta FX ILS - CHAUVET DJ | Instant Light Shows","og_description":"Unz\u00e4hlige rasiermesserscharfe Multicolor-Strahlen. Aufsehenerregende Stroboskop-Effekte und Lauflichter. Hunderte von roten und gr\u00fcnen Laserstrahlen. Dies sind nur einige der Effekte, mit denen der Kinta FX ILS \u00fcberzeugen kann. Der Chauvet DJ Kinta FX ILS ist ein kompaktes Multieffektlicht mit Derby, Laser und SMD-Strobe, welches Ihre G\u00e4ste Erstaunen versetzen wird. Was dieses aufregende Effektlicht noch leistungsf\u00e4higer macht, [&hellip;]","og_url":"https:\/\/chauvetdj-ils.com\/de\/produkt\/kinta-fx-ils\/","og_site_name":"CHAUVET DJ | Instant Light Shows","article_modified_time":"2024-01-31T14:42:56+00:00","og_image":[{"width":800,"height":800,"url":"https:\/\/chauvetdj-ils.com\/wp-content\/uploads\/2023\/11\/KINTA-FX-ILS-off.jpg","type":"image\/jpeg"}],"twitter_card":"summary_large_image","twitter_misc":{"Est. reading time":"1 Minute"},"schema":{"@context":"https:\/\/schema.org","@graph":[{"@type":"WebPage","@id":"https:\/\/chauvetdj-ils.com\/de\/produkt\/kinta-fx-ils\/","url":"https:\/\/chauvetdj-ils.com\/de\/produkt\/kinta-fx-ils\/","name":"Kinta FX ILS - CHAUVET DJ | Instant Light Shows","isPartOf":{"@id":"https:\/\/chauvetdj-ils.com\/#website"},"primaryImageOfPage":{"@id":"https:\/\/chauvetdj-ils.com\/de\/produkt\/kinta-fx-ils\/#primaryimage"},"image":{"@id":"https:\/\/chauvetdj-ils.com\/de\/produkt\/kinta-fx-ils\/#primaryimage"},"thumbnailUrl":"https:\/\/chauvetdj-ils.com\/wp-content\/uploads\/2023\/11\/KINTA-FX-ILS-off.jpg","datePublished":"2022-05-31T10:00:23+00:00","dateModified":"2024-01-31T14:42:56+00:00","breadcrumb":{"@id":"https:\/\/chauvetdj-ils.com\/de\/produkt\/kinta-fx-ils\/#breadcrumb"},"inLanguage":"de-DE","potentialAction":[{"@type":"ReadAction","target":["https:\/\/chauvetdj-ils.com\/de\/produkt\/kinta-fx-ils\/"]}]},{"@type":"ImageObject","inLanguage":"de-DE","@id":"https:\/\/chauvetdj-ils.com\/de\/produkt\/kinta-fx-ils\/#primaryimage","url":"https:\/\/chauvetdj-ils.com\/wp-content\/uploads\/2023\/11\/KINTA-FX-ILS-off.jpg","contentUrl":"https:\/\/chauvetdj-ils.com\/wp-content\/uploads\/2023\/11\/KINTA-FX-ILS-off.jpg","width":800,"height":800},{"@type":"BreadcrumbList","@id":"https:\/\/chauvetdj-ils.com\/de\/produkt\/kinta-fx-ils\/#breadcrumb","itemListElement":[{"@type":"ListItem","position":1,"name":"Home","item":"https:\/\/chauvetdj-ils.com\/de\/"},{"@type":"ListItem","position":2,"name":"Home","item":"https:\/\/chauvetdj-ils.com\/de\/"},{"@type":"ListItem","position":3,"name":"Kinta FX ILS"}]},{"@type":"WebSite","@id":"https:\/\/chauvetdj-ils.com\/#website","url":"https:\/\/chauvetdj-ils.com\/","name":"CHAUVET DJ | Instant Light Shows","description":"","publisher":{"@id":"https:\/\/chauvetdj-ils.com\/#organization"},"potentialAction":[{"@type":"SearchAction","target":{"@type":"EntryPoint","urlTemplate":"https:\/\/chauvetdj-ils.com\/?s={search_term_string}"},"query-input":{"@type":"PropertyValueSpecification","valueRequired":true,"valueName":"search_term_string"}}],"inLanguage":"de-DE"},{"@type":"Organization","@id":"https:\/\/chauvetdj-ils.com\/#organization","name":"CHAUVET DJ | Instant Light Shows","url":"https:\/\/chauvetdj-ils.com\/","logo":{"@type":"ImageObject","inLanguage":"de-DE","@id":"https:\/\/chauvetdj-ils.com\/#\/schema\/logo\/image\/","url":"https:\/\/chauvetdj-ils.com\/wp-content\/uploads\/2023\/11\/dj-logo.png","contentUrl":"https:\/\/chauvetdj-ils.com\/wp-content\/uploads\/2023\/11\/dj-logo.png","width":253,"height":100,"caption":"CHAUVET DJ | Instant Light Shows"},"image":{"@id":"https:\/\/chauvetdj-ils.com\/#\/schema\/logo\/image\/"}}]}},"_links":{"self":[{"href":"https:\/\/chauvetdj-ils.com\/de\/wp-json\/wp\/v2\/product\/2426","targetHints":{"allow":["GET"]}}],"collection":[{"href":"https:\/\/chauvetdj-ils.com\/de\/wp-json\/wp\/v2\/product"}],"about":[{"href":"https:\/\/chauvetdj-ils.com\/de\/wp-json\/wp\/v2\/types\/product"}],"replies":[{"embeddable":true,"href":"https:\/\/chauvetdj-ils.com\/de\/wp-json\/wp\/v2\/comments?post=2426"}],"wp:featuredmedia":[{"embeddable":true,"href":"https:\/\/chauvetdj-ils.com\/de\/wp-json\/wp\/v2\/media\/2606"}],"wp:attachment":[{"href":"https:\/\/chauvetdj-ils.com\/de\/wp-json\/wp\/v2\/media?parent=2426"}],"wp:term":[{"taxonomy":"product_cat","embeddable":true,"href":"https:\/\/chauvetdj-ils.com\/de\/wp-json\/wp\/v2\/product_cat?post=2426"},{"taxonomy":"product_tag","embeddable":true,"href":"https:\/\/chauvetdj-ils.com\/de\/wp-json\/wp\/v2\/product_tag?post=2426"}],"curies":[{"name":"wp","href":"https:\/\/api.w.org\/{rel}","templated":true}]}}