{"id":3798,"date":"2024-01-11T20:43:49","date_gmt":"2024-01-11T20:43:49","guid":{"rendered":"http:\/\/chauvetdj-ils.com\/?post_type=product&#038;p=3798"},"modified":"2024-04-25T16:19:35","modified_gmt":"2024-04-25T16:19:35","slug":"ils-command","status":"publish","type":"product","link":"https:\/\/chauvetdj-ils.com\/de\/produkt\/ils-command\/","title":{"rendered":"ILS Command"},"content":{"rendered":"<p>Beleuchte die Nacht, ohne den ganzen Tag aufzubauen, mit dem ILS-System kannst Du schnell und einfach eine synchronisierte Lichtshow auf verschiedenen Ger\u00e4tetypen ohne DMX erstellen kannst. Mit ILS Command, einem leistungsstarken Pult, mit dem jedes ILS-f\u00e4hige Produkt programmiert werden kann, steht Euch das ILS-Universum zur Verf\u00fcgung. Dieser Hardware-Controller verf\u00fcgt \u00fcber einen integrierten D-Fi-Sender, mit dem eine unbegrenzte Anzahl ILS-kompatibler Ger\u00e4te drahtlos gesteuert werden kann. Erlebt die grenzenlose Kreativit\u00e4t beim Anpassen, Speichern und Abrufen von Presets, selbst in dunklen Umgebungen, in denen die hintergrundbeleuchteten Silikontasten eine f\u00fchlbare R\u00fcckmeldung und gute Sichtbarkeit bieten. Die Software des Controllers kann \u00fcber den integrierten USB-Port gesichert, wiederhergestellt und aktualisiert werden, und durch Aktivierung der integrierten Sperrfunktion k\u00f6nnen unbefugte Zugriffe verhindert werden. Ein innovativer Follow-Spot-Modus hebt gro\u00dfe Momente hervor, ohne den Rest der Show zu unterbrechen und ein integrierter Audioanschluss erm\u00f6glicht eine pr\u00e4zisere Ausl\u00f6sung der Lichter im Takt. Mit den 9 farbigen Schnellzugriffstasten k\u00f6nnen Ihr die Show w\u00e4hrend der Auff\u00fchrung manuell steuern. Die mitgelieferte Tragetasche erm\u00f6glicht einen sicheren Transport des Pultes.<\/p>\n","protected":false},"excerpt":{"rendered":"<p>Beleuchte die Nacht, ohne den ganzen Tag aufzubauen, mit dem ILS-System kannst Du schnell und einfach eine synchronisierte Lichtshow auf verschiedenen Ger\u00e4tetypen ohne DMX erstellen kannst. Mit ILS Command, einem leistungsstarken Pult, mit dem jedes ILS-f\u00e4hige Produkt programmiert werden kann, steht Euch das ILS-Universum zur Verf\u00fcgung. Dieser Hardware-Controller verf\u00fcgt \u00fcber einen integrierten D-Fi-Sender, mit dem [&hellip;]<\/p>\n","protected":false},"featured_media":4308,"comment_status":"open","ping_status":"closed","template":"","meta":[],"product_cat":[60],"product_tag":[77],"class_list":{"0":"post-3798","1":"product","2":"type-product","3":"status-publish","4":"has-post-thumbnail","6":"product_cat-ils-de","7":"product_tag-leaders-de","9":"first","10":"instock","11":"product-type-simple"},"acf":[],"yoast_head":"<!-- This site is optimized with the Yoast SEO plugin v27.1.1 - https:\/\/yoast.com\/product\/yoast-seo-wordpress\/ -->\n<title>ILS Command - CHAUVET DJ | Instant Light Shows<\/title>\n<meta name=\"robots\" content=\"index, follow, max-snippet:-1, max-image-preview:large, max-video-preview:-1\" \/>\n<link rel=\"canonical\" href=\"https:\/\/chauvetdj-ils.com\/de\/produkt\/ils-command\/\" \/>\n<meta property=\"og:locale\" content=\"de_DE\" \/>\n<meta property=\"og:type\" content=\"article\" \/>\n<meta property=\"og:title\" content=\"ILS Command - CHAUVET DJ | Instant Light Shows\" \/>\n<meta property=\"og:description\" content=\"Beleuchte die Nacht, ohne den ganzen Tag aufzubauen, mit dem ILS-System kannst Du schnell und einfach eine synchronisierte Lichtshow auf verschiedenen Ger\u00e4tetypen ohne DMX erstellen kannst. Mit ILS Command, einem leistungsstarken Pult, mit dem jedes ILS-f\u00e4hige Produkt programmiert werden kann, steht Euch das ILS-Universum zur Verf\u00fcgung. Dieser Hardware-Controller verf\u00fcgt \u00fcber einen integrierten D-Fi-Sender, mit dem [&hellip;]\" \/>\n<meta property=\"og:url\" content=\"https:\/\/chauvetdj-ils.com\/de\/produkt\/ils-command\/\" \/>\n<meta property=\"og:site_name\" content=\"CHAUVET DJ | Instant Light Shows\" \/>\n<meta property=\"article:modified_time\" content=\"2024-04-25T16:19:35+00:00\" \/>\n<meta property=\"og:image\" content=\"https:\/\/chauvetdj-ils.com\/wp-content\/uploads\/2024\/01\/ILS-COMMAND-FRONT-OFF-1.png\" \/>\n\t<meta property=\"og:image:width\" content=\"800\" \/>\n\t<meta property=\"og:image:height\" content=\"800\" \/>\n\t<meta property=\"og:image:type\" content=\"image\/png\" \/>\n<meta name=\"twitter:card\" content=\"summary_large_image\" \/>\n<meta name=\"twitter:label1\" content=\"Est. reading time\" \/>\n\t<meta name=\"twitter:data1\" content=\"1 Minute\" \/>\n<script type=\"application\/ld+json\" class=\"yoast-schema-graph\">{\"@context\":\"https:\/\/schema.org\",\"@graph\":[{\"@type\":\"WebPage\",\"@id\":\"https:\/\/chauvetdj-ils.com\/de\/produkt\/ils-command\/\",\"url\":\"https:\/\/chauvetdj-ils.com\/de\/produkt\/ils-command\/\",\"name\":\"ILS Command - CHAUVET DJ | Instant Light Shows\",\"isPartOf\":{\"@id\":\"https:\/\/chauvetdj-ils.com\/#website\"},\"primaryImageOfPage\":{\"@id\":\"https:\/\/chauvetdj-ils.com\/de\/produkt\/ils-command\/#primaryimage\"},\"image\":{\"@id\":\"https:\/\/chauvetdj-ils.com\/de\/produkt\/ils-command\/#primaryimage\"},\"thumbnailUrl\":\"https:\/\/chauvetdj-ils.com\/wp-content\/uploads\/2024\/01\/ILS-COMMAND-FRONT-OFF-1.png\",\"datePublished\":\"2024-01-11T20:43:49+00:00\",\"dateModified\":\"2024-04-25T16:19:35+00:00\",\"breadcrumb\":{\"@id\":\"https:\/\/chauvetdj-ils.com\/de\/produkt\/ils-command\/#breadcrumb\"},\"inLanguage\":\"de-DE\",\"potentialAction\":[{\"@type\":\"ReadAction\",\"target\":[\"https:\/\/chauvetdj-ils.com\/de\/produkt\/ils-command\/\"]}]},{\"@type\":\"ImageObject\",\"inLanguage\":\"de-DE\",\"@id\":\"https:\/\/chauvetdj-ils.com\/de\/produkt\/ils-command\/#primaryimage\",\"url\":\"https:\/\/chauvetdj-ils.com\/wp-content\/uploads\/2024\/01\/ILS-COMMAND-FRONT-OFF-1.png\",\"contentUrl\":\"https:\/\/chauvetdj-ils.com\/wp-content\/uploads\/2024\/01\/ILS-COMMAND-FRONT-OFF-1.png\",\"width\":800,\"height\":800},{\"@type\":\"BreadcrumbList\",\"@id\":\"https:\/\/chauvetdj-ils.com\/de\/produkt\/ils-command\/#breadcrumb\",\"itemListElement\":[{\"@type\":\"ListItem\",\"position\":1,\"name\":\"Home\",\"item\":\"https:\/\/chauvetdj-ils.com\/de\/\"},{\"@type\":\"ListItem\",\"position\":2,\"name\":\"Home\",\"item\":\"https:\/\/chauvetdj-ils.com\/de\/\"},{\"@type\":\"ListItem\",\"position\":3,\"name\":\"ILS Command\"}]},{\"@type\":\"WebSite\",\"@id\":\"https:\/\/chauvetdj-ils.com\/#website\",\"url\":\"https:\/\/chauvetdj-ils.com\/\",\"name\":\"CHAUVET DJ | Instant Light Shows\",\"description\":\"\",\"publisher\":{\"@id\":\"https:\/\/chauvetdj-ils.com\/#organization\"},\"potentialAction\":[{\"@type\":\"SearchAction\",\"target\":{\"@type\":\"EntryPoint\",\"urlTemplate\":\"https:\/\/chauvetdj-ils.com\/?s={search_term_string}\"},\"query-input\":{\"@type\":\"PropertyValueSpecification\",\"valueRequired\":true,\"valueName\":\"search_term_string\"}}],\"inLanguage\":\"de-DE\"},{\"@type\":\"Organization\",\"@id\":\"https:\/\/chauvetdj-ils.com\/#organization\",\"name\":\"CHAUVET DJ | Instant Light Shows\",\"url\":\"https:\/\/chauvetdj-ils.com\/\",\"logo\":{\"@type\":\"ImageObject\",\"inLanguage\":\"de-DE\",\"@id\":\"https:\/\/chauvetdj-ils.com\/#\/schema\/logo\/image\/\",\"url\":\"https:\/\/chauvetdj-ils.com\/wp-content\/uploads\/2023\/11\/dj-logo.png\",\"contentUrl\":\"https:\/\/chauvetdj-ils.com\/wp-content\/uploads\/2023\/11\/dj-logo.png\",\"width\":253,\"height\":100,\"caption\":\"CHAUVET DJ | Instant Light Shows\"},\"image\":{\"@id\":\"https:\/\/chauvetdj-ils.com\/#\/schema\/logo\/image\/\"}}]}<\/script>\n<!-- \/ Yoast SEO plugin. -->","yoast_head_json":{"title":"ILS Command - CHAUVET DJ | Instant Light Shows","robots":{"index":"index","follow":"follow","max-snippet":"max-snippet:-1","max-image-preview":"max-image-preview:large","max-video-preview":"max-video-preview:-1"},"canonical":"https:\/\/chauvetdj-ils.com\/de\/produkt\/ils-command\/","og_locale":"de_DE","og_type":"article","og_title":"ILS Command - CHAUVET DJ | Instant Light Shows","og_description":"Beleuchte die Nacht, ohne den ganzen Tag aufzubauen, mit dem ILS-System kannst Du schnell und einfach eine synchronisierte Lichtshow auf verschiedenen Ger\u00e4tetypen ohne DMX erstellen kannst. Mit ILS Command, einem leistungsstarken Pult, mit dem jedes ILS-f\u00e4hige Produkt programmiert werden kann, steht Euch das ILS-Universum zur Verf\u00fcgung. Dieser Hardware-Controller verf\u00fcgt \u00fcber einen integrierten D-Fi-Sender, mit dem [&hellip;]","og_url":"https:\/\/chauvetdj-ils.com\/de\/produkt\/ils-command\/","og_site_name":"CHAUVET DJ | Instant Light Shows","article_modified_time":"2024-04-25T16:19:35+00:00","og_image":[{"width":800,"height":800,"url":"https:\/\/chauvetdj-ils.com\/wp-content\/uploads\/2024\/01\/ILS-COMMAND-FRONT-OFF-1.png","type":"image\/png"}],"twitter_card":"summary_large_image","twitter_misc":{"Est. reading time":"1 Minute"},"schema":{"@context":"https:\/\/schema.org","@graph":[{"@type":"WebPage","@id":"https:\/\/chauvetdj-ils.com\/de\/produkt\/ils-command\/","url":"https:\/\/chauvetdj-ils.com\/de\/produkt\/ils-command\/","name":"ILS Command - CHAUVET DJ | Instant Light Shows","isPartOf":{"@id":"https:\/\/chauvetdj-ils.com\/#website"},"primaryImageOfPage":{"@id":"https:\/\/chauvetdj-ils.com\/de\/produkt\/ils-command\/#primaryimage"},"image":{"@id":"https:\/\/chauvetdj-ils.com\/de\/produkt\/ils-command\/#primaryimage"},"thumbnailUrl":"https:\/\/chauvetdj-ils.com\/wp-content\/uploads\/2024\/01\/ILS-COMMAND-FRONT-OFF-1.png","datePublished":"2024-01-11T20:43:49+00:00","dateModified":"2024-04-25T16:19:35+00:00","breadcrumb":{"@id":"https:\/\/chauvetdj-ils.com\/de\/produkt\/ils-command\/#breadcrumb"},"inLanguage":"de-DE","potentialAction":[{"@type":"ReadAction","target":["https:\/\/chauvetdj-ils.com\/de\/produkt\/ils-command\/"]}]},{"@type":"ImageObject","inLanguage":"de-DE","@id":"https:\/\/chauvetdj-ils.com\/de\/produkt\/ils-command\/#primaryimage","url":"https:\/\/chauvetdj-ils.com\/wp-content\/uploads\/2024\/01\/ILS-COMMAND-FRONT-OFF-1.png","contentUrl":"https:\/\/chauvetdj-ils.com\/wp-content\/uploads\/2024\/01\/ILS-COMMAND-FRONT-OFF-1.png","width":800,"height":800},{"@type":"BreadcrumbList","@id":"https:\/\/chauvetdj-ils.com\/de\/produkt\/ils-command\/#breadcrumb","itemListElement":[{"@type":"ListItem","position":1,"name":"Home","item":"https:\/\/chauvetdj-ils.com\/de\/"},{"@type":"ListItem","position":2,"name":"Home","item":"https:\/\/chauvetdj-ils.com\/de\/"},{"@type":"ListItem","position":3,"name":"ILS Command"}]},{"@type":"WebSite","@id":"https:\/\/chauvetdj-ils.com\/#website","url":"https:\/\/chauvetdj-ils.com\/","name":"CHAUVET DJ | Instant Light Shows","description":"","publisher":{"@id":"https:\/\/chauvetdj-ils.com\/#organization"},"potentialAction":[{"@type":"SearchAction","target":{"@type":"EntryPoint","urlTemplate":"https:\/\/chauvetdj-ils.com\/?s={search_term_string}"},"query-input":{"@type":"PropertyValueSpecification","valueRequired":true,"valueName":"search_term_string"}}],"inLanguage":"de-DE"},{"@type":"Organization","@id":"https:\/\/chauvetdj-ils.com\/#organization","name":"CHAUVET DJ | Instant Light Shows","url":"https:\/\/chauvetdj-ils.com\/","logo":{"@type":"ImageObject","inLanguage":"de-DE","@id":"https:\/\/chauvetdj-ils.com\/#\/schema\/logo\/image\/","url":"https:\/\/chauvetdj-ils.com\/wp-content\/uploads\/2023\/11\/dj-logo.png","contentUrl":"https:\/\/chauvetdj-ils.com\/wp-content\/uploads\/2023\/11\/dj-logo.png","width":253,"height":100,"caption":"CHAUVET DJ | Instant Light Shows"},"image":{"@id":"https:\/\/chauvetdj-ils.com\/#\/schema\/logo\/image\/"}}]}},"_links":{"self":[{"href":"https:\/\/chauvetdj-ils.com\/de\/wp-json\/wp\/v2\/product\/3798","targetHints":{"allow":["GET"]}}],"collection":[{"href":"https:\/\/chauvetdj-ils.com\/de\/wp-json\/wp\/v2\/product"}],"about":[{"href":"https:\/\/chauvetdj-ils.com\/de\/wp-json\/wp\/v2\/types\/product"}],"replies":[{"embeddable":true,"href":"https:\/\/chauvetdj-ils.com\/de\/wp-json\/wp\/v2\/comments?post=3798"}],"wp:featuredmedia":[{"embeddable":true,"href":"https:\/\/chauvetdj-ils.com\/de\/wp-json\/wp\/v2\/media\/4308"}],"wp:attachment":[{"href":"https:\/\/chauvetdj-ils.com\/de\/wp-json\/wp\/v2\/media?parent=3798"}],"wp:term":[{"taxonomy":"product_cat","embeddable":true,"href":"https:\/\/chauvetdj-ils.com\/de\/wp-json\/wp\/v2\/product_cat?post=3798"},{"taxonomy":"product_tag","embeddable":true,"href":"https:\/\/chauvetdj-ils.com\/de\/wp-json\/wp\/v2\/product_tag?post=3798"}],"curies":[{"name":"wp","href":"https:\/\/api.w.org\/{rel}","templated":true}]}}