{"id":3874,"date":"2024-01-17T22:10:12","date_gmt":"2024-01-17T22:10:12","guid":{"rendered":"http:\/\/chauvetdj-ils.com\/product\/intimidator-free-spot-60-ils\/"},"modified":"2024-04-11T14:56:41","modified_gmt":"2024-04-11T14:56:41","slug":"intimidator-free-spot-60-ils","status":"publish","type":"product","link":"https:\/\/chauvetdj-ils.com\/de\/produkt\/intimidator-free-spot-60-ils\/","title":{"rendered":"Intimidator Free Spot 60 ILS"},"content":{"rendered":"<p>Dieses revolution\u00e4re Kraftpaket ist ein 100% kabelloser, batteriebetriebener Moving Head mit eingebautem D-FI-Transceiver und ILS-Kompatibilit\u00e4t f\u00fcr den Einsatz im ILS-\u00d6kosystem. Ein eingebauter RF-Empf\u00e4nger erm\u00f6glicht die kabellose Steuerung mit den optionalen RFC- oder RFC-XL-Fernbedienungen und die einstellbaren Laufzeiten sorgen daf\u00fcr, dass der Mover nahezu jede Veranstaltung \u00fcbersteht. Der Intimidator Free Spot 60 ILS ist vollgepackt mit robusten Features wie einer neuen Home-Position f\u00fcr den beweglichen Kopf, die eine reibungslosere Programmierung erm\u00f6glicht, indem sie eine Peitschenbewegung verhindert, wenn Looks ausgel\u00f6st werden. Der motorisierte Fokus erm\u00f6glicht die Projektion gestochen scharfer Gobos aus nahezu jeder Entfernung, und das 3-Facetten-Prisma teilt den Strahl und deckt einen gr\u00f6\u00dferen Bereich ab. Der integrierte Lade- und Entladeschutz verl\u00e4ngert die Lebensdauer des Ger\u00e4tes und der integrierte innovative Totem-Modus sorgt daf\u00fcr, dass die Strahlen immer auf der Tanzfl\u00e4che bleiben. Intimidator Free Spot 60 ILS. Teil Intimidator. Teil Freedom. Volle Lichtpower.<\/p>\n","protected":false},"excerpt":{"rendered":"<p>Dieses revolution\u00e4re Kraftpaket ist ein 100% kabelloser, batteriebetriebener Moving Head mit eingebautem D-FI-Transceiver und ILS-Kompatibilit\u00e4t f\u00fcr den Einsatz im ILS-\u00d6kosystem. Ein eingebauter RF-Empf\u00e4nger erm\u00f6glicht die kabellose Steuerung mit den optionalen RFC- oder RFC-XL-Fernbedienungen und die einstellbaren Laufzeiten sorgen daf\u00fcr, dass der Mover nahezu jede Veranstaltung \u00fcbersteht. Der Intimidator Free Spot 60 ILS ist vollgepackt mit [&hellip;]<\/p>\n","protected":false},"featured_media":4294,"comment_status":"open","ping_status":"closed","template":"","meta":[],"product_cat":[60,102],"product_tag":[67],"class_list":{"0":"post-3874","1":"product","2":"type-product","3":"status-publish","4":"has-post-thumbnail","6":"product_cat-ils-de","7":"product_cat-neu","8":"product_tag-moving-heads-de","10":"first","11":"instock","12":"shipping-taxable","13":"product-type-simple"},"acf":[],"yoast_head":"<!-- This site is optimized with the Yoast SEO plugin v27.1.1 - https:\/\/yoast.com\/product\/yoast-seo-wordpress\/ -->\n<title>Intimidator Free Spot 60 ILS - CHAUVET DJ | Instant Light Shows<\/title>\n<meta name=\"robots\" content=\"index, follow, max-snippet:-1, max-image-preview:large, max-video-preview:-1\" \/>\n<link rel=\"canonical\" href=\"https:\/\/chauvetdj-ils.com\/de\/produkt\/intimidator-free-spot-60-ils\/\" \/>\n<meta property=\"og:locale\" content=\"de_DE\" \/>\n<meta property=\"og:type\" content=\"article\" \/>\n<meta property=\"og:title\" content=\"Intimidator Free Spot 60 ILS - CHAUVET DJ | Instant Light Shows\" \/>\n<meta property=\"og:description\" content=\"Dieses revolution\u00e4re Kraftpaket ist ein 100% kabelloser, batteriebetriebener Moving Head mit eingebautem D-FI-Transceiver und ILS-Kompatibilit\u00e4t f\u00fcr den Einsatz im ILS-\u00d6kosystem. Ein eingebauter RF-Empf\u00e4nger erm\u00f6glicht die kabellose Steuerung mit den optionalen RFC- oder RFC-XL-Fernbedienungen und die einstellbaren Laufzeiten sorgen daf\u00fcr, dass der Mover nahezu jede Veranstaltung \u00fcbersteht. Der Intimidator Free Spot 60 ILS ist vollgepackt mit [&hellip;]\" \/>\n<meta property=\"og:url\" content=\"https:\/\/chauvetdj-ils.com\/de\/produkt\/intimidator-free-spot-60-ils\/\" \/>\n<meta property=\"og:site_name\" content=\"CHAUVET DJ | Instant Light Shows\" \/>\n<meta property=\"article:modified_time\" content=\"2024-04-11T14:56:41+00:00\" \/>\n<meta property=\"og:image\" content=\"https:\/\/chauvetdj-ils.com\/wp-content\/uploads\/2024\/01\/INTIMIDATOR-FREE-SPOT-60-ILS-FRONT-OFF.png\" \/>\n\t<meta property=\"og:image:width\" content=\"800\" \/>\n\t<meta property=\"og:image:height\" content=\"800\" \/>\n\t<meta property=\"og:image:type\" content=\"image\/png\" \/>\n<meta name=\"twitter:card\" content=\"summary_large_image\" \/>\n<meta name=\"twitter:label1\" content=\"Est. reading time\" \/>\n\t<meta name=\"twitter:data1\" content=\"1 Minute\" \/>\n<script type=\"application\/ld+json\" class=\"yoast-schema-graph\">{\"@context\":\"https:\/\/schema.org\",\"@graph\":[{\"@type\":\"WebPage\",\"@id\":\"https:\/\/chauvetdj-ils.com\/de\/produkt\/intimidator-free-spot-60-ils\/\",\"url\":\"https:\/\/chauvetdj-ils.com\/de\/produkt\/intimidator-free-spot-60-ils\/\",\"name\":\"Intimidator Free Spot 60 ILS - CHAUVET DJ | Instant Light Shows\",\"isPartOf\":{\"@id\":\"https:\/\/chauvetdj-ils.com\/#website\"},\"primaryImageOfPage\":{\"@id\":\"https:\/\/chauvetdj-ils.com\/de\/produkt\/intimidator-free-spot-60-ils\/#primaryimage\"},\"image\":{\"@id\":\"https:\/\/chauvetdj-ils.com\/de\/produkt\/intimidator-free-spot-60-ils\/#primaryimage\"},\"thumbnailUrl\":\"https:\/\/chauvetdj-ils.com\/wp-content\/uploads\/2024\/01\/INTIMIDATOR-FREE-SPOT-60-ILS-FRONT-OFF.png\",\"datePublished\":\"2024-01-17T22:10:12+00:00\",\"dateModified\":\"2024-04-11T14:56:41+00:00\",\"breadcrumb\":{\"@id\":\"https:\/\/chauvetdj-ils.com\/de\/produkt\/intimidator-free-spot-60-ils\/#breadcrumb\"},\"inLanguage\":\"de-DE\",\"potentialAction\":[{\"@type\":\"ReadAction\",\"target\":[\"https:\/\/chauvetdj-ils.com\/de\/produkt\/intimidator-free-spot-60-ils\/\"]}]},{\"@type\":\"ImageObject\",\"inLanguage\":\"de-DE\",\"@id\":\"https:\/\/chauvetdj-ils.com\/de\/produkt\/intimidator-free-spot-60-ils\/#primaryimage\",\"url\":\"https:\/\/chauvetdj-ils.com\/wp-content\/uploads\/2024\/01\/INTIMIDATOR-FREE-SPOT-60-ILS-FRONT-OFF.png\",\"contentUrl\":\"https:\/\/chauvetdj-ils.com\/wp-content\/uploads\/2024\/01\/INTIMIDATOR-FREE-SPOT-60-ILS-FRONT-OFF.png\",\"width\":800,\"height\":800},{\"@type\":\"BreadcrumbList\",\"@id\":\"https:\/\/chauvetdj-ils.com\/de\/produkt\/intimidator-free-spot-60-ils\/#breadcrumb\",\"itemListElement\":[{\"@type\":\"ListItem\",\"position\":1,\"name\":\"Home\",\"item\":\"https:\/\/chauvetdj-ils.com\/de\/\"},{\"@type\":\"ListItem\",\"position\":2,\"name\":\"Home\",\"item\":\"https:\/\/chauvetdj-ils.com\/de\/\"},{\"@type\":\"ListItem\",\"position\":3,\"name\":\"Intimidator Free Spot 60 ILS\"}]},{\"@type\":\"WebSite\",\"@id\":\"https:\/\/chauvetdj-ils.com\/#website\",\"url\":\"https:\/\/chauvetdj-ils.com\/\",\"name\":\"CHAUVET DJ | Instant Light Shows\",\"description\":\"\",\"publisher\":{\"@id\":\"https:\/\/chauvetdj-ils.com\/#organization\"},\"potentialAction\":[{\"@type\":\"SearchAction\",\"target\":{\"@type\":\"EntryPoint\",\"urlTemplate\":\"https:\/\/chauvetdj-ils.com\/?s={search_term_string}\"},\"query-input\":{\"@type\":\"PropertyValueSpecification\",\"valueRequired\":true,\"valueName\":\"search_term_string\"}}],\"inLanguage\":\"de-DE\"},{\"@type\":\"Organization\",\"@id\":\"https:\/\/chauvetdj-ils.com\/#organization\",\"name\":\"CHAUVET DJ | Instant Light Shows\",\"url\":\"https:\/\/chauvetdj-ils.com\/\",\"logo\":{\"@type\":\"ImageObject\",\"inLanguage\":\"de-DE\",\"@id\":\"https:\/\/chauvetdj-ils.com\/#\/schema\/logo\/image\/\",\"url\":\"https:\/\/chauvetdj-ils.com\/wp-content\/uploads\/2023\/11\/dj-logo.png\",\"contentUrl\":\"https:\/\/chauvetdj-ils.com\/wp-content\/uploads\/2023\/11\/dj-logo.png\",\"width\":253,\"height\":100,\"caption\":\"CHAUVET DJ | Instant Light Shows\"},\"image\":{\"@id\":\"https:\/\/chauvetdj-ils.com\/#\/schema\/logo\/image\/\"}}]}<\/script>\n<!-- \/ Yoast SEO plugin. -->","yoast_head_json":{"title":"Intimidator Free Spot 60 ILS - CHAUVET DJ | Instant Light Shows","robots":{"index":"index","follow":"follow","max-snippet":"max-snippet:-1","max-image-preview":"max-image-preview:large","max-video-preview":"max-video-preview:-1"},"canonical":"https:\/\/chauvetdj-ils.com\/de\/produkt\/intimidator-free-spot-60-ils\/","og_locale":"de_DE","og_type":"article","og_title":"Intimidator Free Spot 60 ILS - CHAUVET DJ | Instant Light Shows","og_description":"Dieses revolution\u00e4re Kraftpaket ist ein 100% kabelloser, batteriebetriebener Moving Head mit eingebautem D-FI-Transceiver und ILS-Kompatibilit\u00e4t f\u00fcr den Einsatz im ILS-\u00d6kosystem. Ein eingebauter RF-Empf\u00e4nger erm\u00f6glicht die kabellose Steuerung mit den optionalen RFC- oder RFC-XL-Fernbedienungen und die einstellbaren Laufzeiten sorgen daf\u00fcr, dass der Mover nahezu jede Veranstaltung \u00fcbersteht. Der Intimidator Free Spot 60 ILS ist vollgepackt mit [&hellip;]","og_url":"https:\/\/chauvetdj-ils.com\/de\/produkt\/intimidator-free-spot-60-ils\/","og_site_name":"CHAUVET DJ | Instant Light Shows","article_modified_time":"2024-04-11T14:56:41+00:00","og_image":[{"width":800,"height":800,"url":"https:\/\/chauvetdj-ils.com\/wp-content\/uploads\/2024\/01\/INTIMIDATOR-FREE-SPOT-60-ILS-FRONT-OFF.png","type":"image\/png"}],"twitter_card":"summary_large_image","twitter_misc":{"Est. reading time":"1 Minute"},"schema":{"@context":"https:\/\/schema.org","@graph":[{"@type":"WebPage","@id":"https:\/\/chauvetdj-ils.com\/de\/produkt\/intimidator-free-spot-60-ils\/","url":"https:\/\/chauvetdj-ils.com\/de\/produkt\/intimidator-free-spot-60-ils\/","name":"Intimidator Free Spot 60 ILS - CHAUVET DJ | Instant Light Shows","isPartOf":{"@id":"https:\/\/chauvetdj-ils.com\/#website"},"primaryImageOfPage":{"@id":"https:\/\/chauvetdj-ils.com\/de\/produkt\/intimidator-free-spot-60-ils\/#primaryimage"},"image":{"@id":"https:\/\/chauvetdj-ils.com\/de\/produkt\/intimidator-free-spot-60-ils\/#primaryimage"},"thumbnailUrl":"https:\/\/chauvetdj-ils.com\/wp-content\/uploads\/2024\/01\/INTIMIDATOR-FREE-SPOT-60-ILS-FRONT-OFF.png","datePublished":"2024-01-17T22:10:12+00:00","dateModified":"2024-04-11T14:56:41+00:00","breadcrumb":{"@id":"https:\/\/chauvetdj-ils.com\/de\/produkt\/intimidator-free-spot-60-ils\/#breadcrumb"},"inLanguage":"de-DE","potentialAction":[{"@type":"ReadAction","target":["https:\/\/chauvetdj-ils.com\/de\/produkt\/intimidator-free-spot-60-ils\/"]}]},{"@type":"ImageObject","inLanguage":"de-DE","@id":"https:\/\/chauvetdj-ils.com\/de\/produkt\/intimidator-free-spot-60-ils\/#primaryimage","url":"https:\/\/chauvetdj-ils.com\/wp-content\/uploads\/2024\/01\/INTIMIDATOR-FREE-SPOT-60-ILS-FRONT-OFF.png","contentUrl":"https:\/\/chauvetdj-ils.com\/wp-content\/uploads\/2024\/01\/INTIMIDATOR-FREE-SPOT-60-ILS-FRONT-OFF.png","width":800,"height":800},{"@type":"BreadcrumbList","@id":"https:\/\/chauvetdj-ils.com\/de\/produkt\/intimidator-free-spot-60-ils\/#breadcrumb","itemListElement":[{"@type":"ListItem","position":1,"name":"Home","item":"https:\/\/chauvetdj-ils.com\/de\/"},{"@type":"ListItem","position":2,"name":"Home","item":"https:\/\/chauvetdj-ils.com\/de\/"},{"@type":"ListItem","position":3,"name":"Intimidator Free Spot 60 ILS"}]},{"@type":"WebSite","@id":"https:\/\/chauvetdj-ils.com\/#website","url":"https:\/\/chauvetdj-ils.com\/","name":"CHAUVET DJ | Instant Light Shows","description":"","publisher":{"@id":"https:\/\/chauvetdj-ils.com\/#organization"},"potentialAction":[{"@type":"SearchAction","target":{"@type":"EntryPoint","urlTemplate":"https:\/\/chauvetdj-ils.com\/?s={search_term_string}"},"query-input":{"@type":"PropertyValueSpecification","valueRequired":true,"valueName":"search_term_string"}}],"inLanguage":"de-DE"},{"@type":"Organization","@id":"https:\/\/chauvetdj-ils.com\/#organization","name":"CHAUVET DJ | Instant Light Shows","url":"https:\/\/chauvetdj-ils.com\/","logo":{"@type":"ImageObject","inLanguage":"de-DE","@id":"https:\/\/chauvetdj-ils.com\/#\/schema\/logo\/image\/","url":"https:\/\/chauvetdj-ils.com\/wp-content\/uploads\/2023\/11\/dj-logo.png","contentUrl":"https:\/\/chauvetdj-ils.com\/wp-content\/uploads\/2023\/11\/dj-logo.png","width":253,"height":100,"caption":"CHAUVET DJ | Instant Light Shows"},"image":{"@id":"https:\/\/chauvetdj-ils.com\/#\/schema\/logo\/image\/"}}]}},"_links":{"self":[{"href":"https:\/\/chauvetdj-ils.com\/de\/wp-json\/wp\/v2\/product\/3874","targetHints":{"allow":["GET"]}}],"collection":[{"href":"https:\/\/chauvetdj-ils.com\/de\/wp-json\/wp\/v2\/product"}],"about":[{"href":"https:\/\/chauvetdj-ils.com\/de\/wp-json\/wp\/v2\/types\/product"}],"replies":[{"embeddable":true,"href":"https:\/\/chauvetdj-ils.com\/de\/wp-json\/wp\/v2\/comments?post=3874"}],"wp:featuredmedia":[{"embeddable":true,"href":"https:\/\/chauvetdj-ils.com\/de\/wp-json\/wp\/v2\/media\/4294"}],"wp:attachment":[{"href":"https:\/\/chauvetdj-ils.com\/de\/wp-json\/wp\/v2\/media?parent=3874"}],"wp:term":[{"taxonomy":"product_cat","embeddable":true,"href":"https:\/\/chauvetdj-ils.com\/de\/wp-json\/wp\/v2\/product_cat?post=3874"},{"taxonomy":"product_tag","embeddable":true,"href":"https:\/\/chauvetdj-ils.com\/de\/wp-json\/wp\/v2\/product_tag?post=3874"}],"curies":[{"name":"wp","href":"https:\/\/api.w.org\/{rel}","templated":true}]}}