{"id":3949,"date":"2024-01-21T01:51:12","date_gmt":"2024-01-21T01:51:12","guid":{"rendered":"http:\/\/chauvetdj-ils.com\/product\/4bar-ltbt-ils\/"},"modified":"2024-01-26T19:34:55","modified_gmt":"2024-01-26T19:34:55","slug":"4bar-ltbt-ils","status":"publish","type":"product","link":"https:\/\/chauvetdj-ils.com\/de\/produkt\/4bar-ltbt-ils\/","title":{"rendered":"4BAR LTBT ILS"},"content":{"rendered":"<p>4BAR LTBT ILS ist ein praktisches System, das einfach auf- und abzubauen und leicht zu bedienen ist. Mit der zus\u00e4tzlichen Integrated Lighting System (ILS) Technologie ist es jetzt einfacher denn je, synchronisierte Lichtshows mit dem System zu kreieren. Dank der systeminternen Bluetooth\u00ae-Funktechnologie k\u00f6nnen mit der BTAir-App dynamische Looks ohne zus\u00e4tzliche Hardware direkt vom Smartphone oder Tablet aus erstellt und gesteuert werden. Die D-Fi USB-Kompatibilit\u00e4t macht das Lead\/Follow-Setup und die DMX-Steuerung zum Kinderspiel. Mit den vier individuell einstellbaren Pars kannst Du den gesamten Raum oder die B\u00fchne abdecken. Wie auch immer Du dieses System aufbaust und steuerst, die automatisierten Programme und die eingebauten soundaktivierten Programme machen den 4BAR LTBT ILS zur idealen L\u00f6sung f\u00fcr dein Beleuchtungs-Setups, das Du einfach aufstellen und vergessen kannst.<\/p>\n","protected":false},"excerpt":{"rendered":"<p>4BAR LTBT ILS ist ein praktisches System, das einfach auf- und abzubauen und leicht zu bedienen ist. Mit der zus\u00e4tzlichen Integrated Lighting System (ILS) Technologie ist es jetzt einfacher denn je, synchronisierte Lichtshows mit dem System zu kreieren. Dank der systeminternen Bluetooth\u00ae-Funktechnologie k\u00f6nnen mit der BTAir-App dynamische Looks ohne zus\u00e4tzliche Hardware direkt vom Smartphone oder [&hellip;]<\/p>\n","protected":false},"featured_media":3906,"comment_status":"open","ping_status":"closed","template":"","meta":[],"product_cat":[98,60,102],"product_tag":[83],"class_list":{"0":"post-3949","1":"product","2":"type-product","3":"status-publish","4":"has-post-thumbnail","6":"product_cat-europe-only-de","7":"product_cat-ils-de","8":"product_cat-neu","9":"product_tag-wash-lights-de","11":"first","12":"instock","13":"shipping-taxable","14":"product-type-simple"},"acf":[],"yoast_head":"<!-- This site is optimized with the Yoast SEO plugin v27.1.1 - https:\/\/yoast.com\/product\/yoast-seo-wordpress\/ -->\n<title>4BAR LTBT ILS - CHAUVET DJ | Instant Light Shows<\/title>\n<meta name=\"robots\" content=\"index, follow, max-snippet:-1, max-image-preview:large, max-video-preview:-1\" \/>\n<link rel=\"canonical\" href=\"https:\/\/chauvetdj-ils.com\/de\/produkt\/4bar-ltbt-ils\/\" \/>\n<meta property=\"og:locale\" content=\"de_DE\" \/>\n<meta property=\"og:type\" content=\"article\" \/>\n<meta property=\"og:title\" content=\"4BAR LTBT ILS - CHAUVET DJ | Instant Light Shows\" \/>\n<meta property=\"og:description\" content=\"4BAR LTBT ILS ist ein praktisches System, das einfach auf- und abzubauen und leicht zu bedienen ist. Mit der zus\u00e4tzlichen Integrated Lighting System (ILS) Technologie ist es jetzt einfacher denn je, synchronisierte Lichtshows mit dem System zu kreieren. Dank der systeminternen Bluetooth\u00ae-Funktechnologie k\u00f6nnen mit der BTAir-App dynamische Looks ohne zus\u00e4tzliche Hardware direkt vom Smartphone oder [&hellip;]\" \/>\n<meta property=\"og:url\" content=\"https:\/\/chauvetdj-ils.com\/de\/produkt\/4bar-ltbt-ils\/\" \/>\n<meta property=\"og:site_name\" content=\"CHAUVET DJ | Instant Light Shows\" \/>\n<meta property=\"article:modified_time\" content=\"2024-01-26T19:34:55+00:00\" \/>\n<meta property=\"og:image\" content=\"https:\/\/chauvetdj-ils.com\/wp-content\/uploads\/2024\/01\/4BAR-LTBT-ILS-front-off.png\" \/>\n\t<meta property=\"og:image:width\" content=\"800\" \/>\n\t<meta property=\"og:image:height\" content=\"800\" \/>\n\t<meta property=\"og:image:type\" content=\"image\/png\" \/>\n<meta name=\"twitter:card\" content=\"summary_large_image\" \/>\n<meta name=\"twitter:label1\" content=\"Est. reading time\" \/>\n\t<meta name=\"twitter:data1\" content=\"1 Minute\" \/>\n<script type=\"application\/ld+json\" class=\"yoast-schema-graph\">{\"@context\":\"https:\/\/schema.org\",\"@graph\":[{\"@type\":\"WebPage\",\"@id\":\"https:\/\/chauvetdj-ils.com\/de\/produkt\/4bar-ltbt-ils\/\",\"url\":\"https:\/\/chauvetdj-ils.com\/de\/produkt\/4bar-ltbt-ils\/\",\"name\":\"4BAR LTBT ILS - CHAUVET DJ | Instant Light Shows\",\"isPartOf\":{\"@id\":\"https:\/\/chauvetdj-ils.com\/#website\"},\"primaryImageOfPage\":{\"@id\":\"https:\/\/chauvetdj-ils.com\/de\/produkt\/4bar-ltbt-ils\/#primaryimage\"},\"image\":{\"@id\":\"https:\/\/chauvetdj-ils.com\/de\/produkt\/4bar-ltbt-ils\/#primaryimage\"},\"thumbnailUrl\":\"https:\/\/chauvetdj-ils.com\/wp-content\/uploads\/2024\/01\/4BAR-LTBT-ILS-front-off.png\",\"datePublished\":\"2024-01-21T01:51:12+00:00\",\"dateModified\":\"2024-01-26T19:34:55+00:00\",\"breadcrumb\":{\"@id\":\"https:\/\/chauvetdj-ils.com\/de\/produkt\/4bar-ltbt-ils\/#breadcrumb\"},\"inLanguage\":\"de-DE\",\"potentialAction\":[{\"@type\":\"ReadAction\",\"target\":[\"https:\/\/chauvetdj-ils.com\/de\/produkt\/4bar-ltbt-ils\/\"]}]},{\"@type\":\"ImageObject\",\"inLanguage\":\"de-DE\",\"@id\":\"https:\/\/chauvetdj-ils.com\/de\/produkt\/4bar-ltbt-ils\/#primaryimage\",\"url\":\"https:\/\/chauvetdj-ils.com\/wp-content\/uploads\/2024\/01\/4BAR-LTBT-ILS-front-off.png\",\"contentUrl\":\"https:\/\/chauvetdj-ils.com\/wp-content\/uploads\/2024\/01\/4BAR-LTBT-ILS-front-off.png\",\"width\":800,\"height\":800},{\"@type\":\"BreadcrumbList\",\"@id\":\"https:\/\/chauvetdj-ils.com\/de\/produkt\/4bar-ltbt-ils\/#breadcrumb\",\"itemListElement\":[{\"@type\":\"ListItem\",\"position\":1,\"name\":\"Home\",\"item\":\"https:\/\/chauvetdj-ils.com\/de\/\"},{\"@type\":\"ListItem\",\"position\":2,\"name\":\"Home\",\"item\":\"https:\/\/chauvetdj-ils.com\/de\/\"},{\"@type\":\"ListItem\",\"position\":3,\"name\":\"4BAR LTBT ILS\"}]},{\"@type\":\"WebSite\",\"@id\":\"https:\/\/chauvetdj-ils.com\/#website\",\"url\":\"https:\/\/chauvetdj-ils.com\/\",\"name\":\"CHAUVET DJ | Instant Light Shows\",\"description\":\"\",\"publisher\":{\"@id\":\"https:\/\/chauvetdj-ils.com\/#organization\"},\"potentialAction\":[{\"@type\":\"SearchAction\",\"target\":{\"@type\":\"EntryPoint\",\"urlTemplate\":\"https:\/\/chauvetdj-ils.com\/?s={search_term_string}\"},\"query-input\":{\"@type\":\"PropertyValueSpecification\",\"valueRequired\":true,\"valueName\":\"search_term_string\"}}],\"inLanguage\":\"de-DE\"},{\"@type\":\"Organization\",\"@id\":\"https:\/\/chauvetdj-ils.com\/#organization\",\"name\":\"CHAUVET DJ | Instant Light Shows\",\"url\":\"https:\/\/chauvetdj-ils.com\/\",\"logo\":{\"@type\":\"ImageObject\",\"inLanguage\":\"de-DE\",\"@id\":\"https:\/\/chauvetdj-ils.com\/#\/schema\/logo\/image\/\",\"url\":\"https:\/\/chauvetdj-ils.com\/wp-content\/uploads\/2023\/11\/dj-logo.png\",\"contentUrl\":\"https:\/\/chauvetdj-ils.com\/wp-content\/uploads\/2023\/11\/dj-logo.png\",\"width\":253,\"height\":100,\"caption\":\"CHAUVET DJ | Instant Light Shows\"},\"image\":{\"@id\":\"https:\/\/chauvetdj-ils.com\/#\/schema\/logo\/image\/\"}}]}<\/script>\n<!-- \/ Yoast SEO plugin. -->","yoast_head_json":{"title":"4BAR LTBT ILS - CHAUVET DJ | Instant Light Shows","robots":{"index":"index","follow":"follow","max-snippet":"max-snippet:-1","max-image-preview":"max-image-preview:large","max-video-preview":"max-video-preview:-1"},"canonical":"https:\/\/chauvetdj-ils.com\/de\/produkt\/4bar-ltbt-ils\/","og_locale":"de_DE","og_type":"article","og_title":"4BAR LTBT ILS - CHAUVET DJ | Instant Light Shows","og_description":"4BAR LTBT ILS ist ein praktisches System, das einfach auf- und abzubauen und leicht zu bedienen ist. Mit der zus\u00e4tzlichen Integrated Lighting System (ILS) Technologie ist es jetzt einfacher denn je, synchronisierte Lichtshows mit dem System zu kreieren. Dank der systeminternen Bluetooth\u00ae-Funktechnologie k\u00f6nnen mit der BTAir-App dynamische Looks ohne zus\u00e4tzliche Hardware direkt vom Smartphone oder [&hellip;]","og_url":"https:\/\/chauvetdj-ils.com\/de\/produkt\/4bar-ltbt-ils\/","og_site_name":"CHAUVET DJ | Instant Light Shows","article_modified_time":"2024-01-26T19:34:55+00:00","og_image":[{"width":800,"height":800,"url":"https:\/\/chauvetdj-ils.com\/wp-content\/uploads\/2024\/01\/4BAR-LTBT-ILS-front-off.png","type":"image\/png"}],"twitter_card":"summary_large_image","twitter_misc":{"Est. reading time":"1 Minute"},"schema":{"@context":"https:\/\/schema.org","@graph":[{"@type":"WebPage","@id":"https:\/\/chauvetdj-ils.com\/de\/produkt\/4bar-ltbt-ils\/","url":"https:\/\/chauvetdj-ils.com\/de\/produkt\/4bar-ltbt-ils\/","name":"4BAR LTBT ILS - CHAUVET DJ | Instant Light Shows","isPartOf":{"@id":"https:\/\/chauvetdj-ils.com\/#website"},"primaryImageOfPage":{"@id":"https:\/\/chauvetdj-ils.com\/de\/produkt\/4bar-ltbt-ils\/#primaryimage"},"image":{"@id":"https:\/\/chauvetdj-ils.com\/de\/produkt\/4bar-ltbt-ils\/#primaryimage"},"thumbnailUrl":"https:\/\/chauvetdj-ils.com\/wp-content\/uploads\/2024\/01\/4BAR-LTBT-ILS-front-off.png","datePublished":"2024-01-21T01:51:12+00:00","dateModified":"2024-01-26T19:34:55+00:00","breadcrumb":{"@id":"https:\/\/chauvetdj-ils.com\/de\/produkt\/4bar-ltbt-ils\/#breadcrumb"},"inLanguage":"de-DE","potentialAction":[{"@type":"ReadAction","target":["https:\/\/chauvetdj-ils.com\/de\/produkt\/4bar-ltbt-ils\/"]}]},{"@type":"ImageObject","inLanguage":"de-DE","@id":"https:\/\/chauvetdj-ils.com\/de\/produkt\/4bar-ltbt-ils\/#primaryimage","url":"https:\/\/chauvetdj-ils.com\/wp-content\/uploads\/2024\/01\/4BAR-LTBT-ILS-front-off.png","contentUrl":"https:\/\/chauvetdj-ils.com\/wp-content\/uploads\/2024\/01\/4BAR-LTBT-ILS-front-off.png","width":800,"height":800},{"@type":"BreadcrumbList","@id":"https:\/\/chauvetdj-ils.com\/de\/produkt\/4bar-ltbt-ils\/#breadcrumb","itemListElement":[{"@type":"ListItem","position":1,"name":"Home","item":"https:\/\/chauvetdj-ils.com\/de\/"},{"@type":"ListItem","position":2,"name":"Home","item":"https:\/\/chauvetdj-ils.com\/de\/"},{"@type":"ListItem","position":3,"name":"4BAR LTBT ILS"}]},{"@type":"WebSite","@id":"https:\/\/chauvetdj-ils.com\/#website","url":"https:\/\/chauvetdj-ils.com\/","name":"CHAUVET DJ | Instant Light Shows","description":"","publisher":{"@id":"https:\/\/chauvetdj-ils.com\/#organization"},"potentialAction":[{"@type":"SearchAction","target":{"@type":"EntryPoint","urlTemplate":"https:\/\/chauvetdj-ils.com\/?s={search_term_string}"},"query-input":{"@type":"PropertyValueSpecification","valueRequired":true,"valueName":"search_term_string"}}],"inLanguage":"de-DE"},{"@type":"Organization","@id":"https:\/\/chauvetdj-ils.com\/#organization","name":"CHAUVET DJ | Instant Light Shows","url":"https:\/\/chauvetdj-ils.com\/","logo":{"@type":"ImageObject","inLanguage":"de-DE","@id":"https:\/\/chauvetdj-ils.com\/#\/schema\/logo\/image\/","url":"https:\/\/chauvetdj-ils.com\/wp-content\/uploads\/2023\/11\/dj-logo.png","contentUrl":"https:\/\/chauvetdj-ils.com\/wp-content\/uploads\/2023\/11\/dj-logo.png","width":253,"height":100,"caption":"CHAUVET DJ | Instant Light Shows"},"image":{"@id":"https:\/\/chauvetdj-ils.com\/#\/schema\/logo\/image\/"}}]}},"_links":{"self":[{"href":"https:\/\/chauvetdj-ils.com\/de\/wp-json\/wp\/v2\/product\/3949","targetHints":{"allow":["GET"]}}],"collection":[{"href":"https:\/\/chauvetdj-ils.com\/de\/wp-json\/wp\/v2\/product"}],"about":[{"href":"https:\/\/chauvetdj-ils.com\/de\/wp-json\/wp\/v2\/types\/product"}],"replies":[{"embeddable":true,"href":"https:\/\/chauvetdj-ils.com\/de\/wp-json\/wp\/v2\/comments?post=3949"}],"wp:featuredmedia":[{"embeddable":true,"href":"https:\/\/chauvetdj-ils.com\/de\/wp-json\/wp\/v2\/media\/3906"}],"wp:attachment":[{"href":"https:\/\/chauvetdj-ils.com\/de\/wp-json\/wp\/v2\/media?parent=3949"}],"wp:term":[{"taxonomy":"product_cat","embeddable":true,"href":"https:\/\/chauvetdj-ils.com\/de\/wp-json\/wp\/v2\/product_cat?post=3949"},{"taxonomy":"product_tag","embeddable":true,"href":"https:\/\/chauvetdj-ils.com\/de\/wp-json\/wp\/v2\/product_tag?post=3949"}],"curies":[{"name":"wp","href":"https:\/\/api.w.org\/{rel}","templated":true}]}}