{"id":5065,"date":"2025-09-09T15:53:46","date_gmt":"2025-09-09T15:53:46","guid":{"rendered":"https:\/\/chauvetdj-ils.com\/product\/slimpar-56-ils\/"},"modified":"2025-09-09T15:56:35","modified_gmt":"2025-09-09T15:56:35","slug":"slimpar-56-ils","status":"publish","type":"product","link":"https:\/\/chauvetdj-ils.com\/de\/produkt\/slimpar-56-ils\/","title":{"rendered":"SlimPAR 56 ILS"},"content":{"rendered":"<p>Gestalten Sie mit SlimPAR 56 ILS ein unvergessliches, farbenpr\u00e4chtiges Erlebnis f\u00fcr Ihre Kunden. Es ist eine DJ-Beleuchtung, die sowohl schlagkr\u00e4ftig als auch schnell aufzustellen ist. Dieses kompakte Washlight verf\u00fcgt \u00fcber 108 dreifarbige (rot, gr\u00fcn und blau) LEDs. Dank der ILS-Kompatibilit\u00e4t ist die Erstellung koordinierter Lichtshows mit diesem Ger\u00e4t und verschiedenen Ger\u00e4tetypen so einfach wie 1, 2, 3. Dank des On-Fixture-Men\u00fcs haben Sie bequemen Zugriff auf Farbmischungen und statische Farben, ohne dass Sie DMX verwenden m\u00fcssen. Schalten Sie mehrere Ger\u00e4te zusammen und sorgen Sie mit diesem eleganten Par-Fixture f\u00fcr spektakul\u00e4re Momente an jedem Veranstaltungsort.<\/p>\n","protected":false},"excerpt":{"rendered":"<p>Gestalten Sie mit SlimPAR 56 ILS ein unvergessliches, farbenpr\u00e4chtiges Erlebnis f\u00fcr Ihre Kunden. Es ist eine DJ-Beleuchtung, die sowohl schlagkr\u00e4ftig als auch schnell aufzustellen ist. Dieses kompakte Washlight verf\u00fcgt \u00fcber 108 dreifarbige (rot, gr\u00fcn und blau) LEDs. Dank der ILS-Kompatibilit\u00e4t ist die Erstellung koordinierter Lichtshows mit diesem Ger\u00e4t und verschiedenen Ger\u00e4tetypen so einfach wie 1, [&hellip;]<\/p>\n","protected":false},"featured_media":5062,"comment_status":"open","ping_status":"closed","template":"","meta":[],"product_cat":[60,102],"product_tag":[],"class_list":{"0":"post-5065","1":"product","2":"type-product","3":"status-publish","4":"has-post-thumbnail","6":"product_cat-ils-de","7":"product_cat-neu","9":"first","10":"instock","11":"shipping-taxable","12":"product-type-simple"},"acf":[],"yoast_head":"<!-- This site is optimized with the Yoast SEO plugin v27.1.1 - https:\/\/yoast.com\/product\/yoast-seo-wordpress\/ -->\n<title>SlimPAR 56 ILS - CHAUVET DJ | Instant Light Shows<\/title>\n<meta name=\"robots\" content=\"index, follow, max-snippet:-1, max-image-preview:large, max-video-preview:-1\" \/>\n<link rel=\"canonical\" href=\"https:\/\/chauvetdj-ils.com\/de\/produkt\/slimpar-56-ils\/\" \/>\n<meta property=\"og:locale\" content=\"de_DE\" \/>\n<meta property=\"og:type\" content=\"article\" \/>\n<meta property=\"og:title\" content=\"SlimPAR 56 ILS - CHAUVET DJ | Instant Light Shows\" \/>\n<meta property=\"og:description\" content=\"Gestalten Sie mit SlimPAR 56 ILS ein unvergessliches, farbenpr\u00e4chtiges Erlebnis f\u00fcr Ihre Kunden. Es ist eine DJ-Beleuchtung, die sowohl schlagkr\u00e4ftig als auch schnell aufzustellen ist. Dieses kompakte Washlight verf\u00fcgt \u00fcber 108 dreifarbige (rot, gr\u00fcn und blau) LEDs. Dank der ILS-Kompatibilit\u00e4t ist die Erstellung koordinierter Lichtshows mit diesem Ger\u00e4t und verschiedenen Ger\u00e4tetypen so einfach wie 1, [&hellip;]\" \/>\n<meta property=\"og:url\" content=\"https:\/\/chauvetdj-ils.com\/de\/produkt\/slimpar-56-ils\/\" \/>\n<meta property=\"og:site_name\" content=\"CHAUVET DJ | Instant Light Shows\" \/>\n<meta property=\"article:modified_time\" content=\"2025-09-09T15:56:35+00:00\" \/>\n<meta property=\"og:image\" content=\"https:\/\/chauvetdj-ils.com\/wp-content\/uploads\/2024\/07\/SlimPAR-56-ILS-FRONT-OFF-Featured.jpg\" \/>\n\t<meta property=\"og:image:width\" content=\"800\" \/>\n\t<meta property=\"og:image:height\" content=\"800\" \/>\n\t<meta property=\"og:image:type\" content=\"image\/jpeg\" \/>\n<meta name=\"twitter:card\" content=\"summary_large_image\" \/>\n<meta name=\"twitter:label1\" content=\"Est. reading time\" \/>\n\t<meta name=\"twitter:data1\" content=\"1 Minute\" \/>\n<script type=\"application\/ld+json\" class=\"yoast-schema-graph\">{\"@context\":\"https:\/\/schema.org\",\"@graph\":[{\"@type\":\"WebPage\",\"@id\":\"https:\/\/chauvetdj-ils.com\/de\/produkt\/slimpar-56-ils\/\",\"url\":\"https:\/\/chauvetdj-ils.com\/de\/produkt\/slimpar-56-ils\/\",\"name\":\"SlimPAR 56 ILS - CHAUVET DJ | Instant Light Shows\",\"isPartOf\":{\"@id\":\"https:\/\/chauvetdj-ils.com\/#website\"},\"primaryImageOfPage\":{\"@id\":\"https:\/\/chauvetdj-ils.com\/de\/produkt\/slimpar-56-ils\/#primaryimage\"},\"image\":{\"@id\":\"https:\/\/chauvetdj-ils.com\/de\/produkt\/slimpar-56-ils\/#primaryimage\"},\"thumbnailUrl\":\"https:\/\/chauvetdj-ils.com\/wp-content\/uploads\/2024\/07\/SlimPAR-56-ILS-FRONT-OFF-Featured.jpg\",\"datePublished\":\"2025-09-09T15:53:46+00:00\",\"dateModified\":\"2025-09-09T15:56:35+00:00\",\"breadcrumb\":{\"@id\":\"https:\/\/chauvetdj-ils.com\/de\/produkt\/slimpar-56-ils\/#breadcrumb\"},\"inLanguage\":\"de-DE\",\"potentialAction\":[{\"@type\":\"ReadAction\",\"target\":[\"https:\/\/chauvetdj-ils.com\/de\/produkt\/slimpar-56-ils\/\"]}]},{\"@type\":\"ImageObject\",\"inLanguage\":\"de-DE\",\"@id\":\"https:\/\/chauvetdj-ils.com\/de\/produkt\/slimpar-56-ils\/#primaryimage\",\"url\":\"https:\/\/chauvetdj-ils.com\/wp-content\/uploads\/2024\/07\/SlimPAR-56-ILS-FRONT-OFF-Featured.jpg\",\"contentUrl\":\"https:\/\/chauvetdj-ils.com\/wp-content\/uploads\/2024\/07\/SlimPAR-56-ILS-FRONT-OFF-Featured.jpg\",\"width\":800,\"height\":800},{\"@type\":\"BreadcrumbList\",\"@id\":\"https:\/\/chauvetdj-ils.com\/de\/produkt\/slimpar-56-ils\/#breadcrumb\",\"itemListElement\":[{\"@type\":\"ListItem\",\"position\":1,\"name\":\"Home\",\"item\":\"https:\/\/chauvetdj-ils.com\/de\/\"},{\"@type\":\"ListItem\",\"position\":2,\"name\":\"Home\",\"item\":\"https:\/\/chauvetdj-ils.com\/de\/\"},{\"@type\":\"ListItem\",\"position\":3,\"name\":\"SlimPAR 56 ILS\"}]},{\"@type\":\"WebSite\",\"@id\":\"https:\/\/chauvetdj-ils.com\/#website\",\"url\":\"https:\/\/chauvetdj-ils.com\/\",\"name\":\"CHAUVET DJ | Instant Light Shows\",\"description\":\"\",\"publisher\":{\"@id\":\"https:\/\/chauvetdj-ils.com\/#organization\"},\"potentialAction\":[{\"@type\":\"SearchAction\",\"target\":{\"@type\":\"EntryPoint\",\"urlTemplate\":\"https:\/\/chauvetdj-ils.com\/?s={search_term_string}\"},\"query-input\":{\"@type\":\"PropertyValueSpecification\",\"valueRequired\":true,\"valueName\":\"search_term_string\"}}],\"inLanguage\":\"de-DE\"},{\"@type\":\"Organization\",\"@id\":\"https:\/\/chauvetdj-ils.com\/#organization\",\"name\":\"CHAUVET DJ | Instant Light Shows\",\"url\":\"https:\/\/chauvetdj-ils.com\/\",\"logo\":{\"@type\":\"ImageObject\",\"inLanguage\":\"de-DE\",\"@id\":\"https:\/\/chauvetdj-ils.com\/#\/schema\/logo\/image\/\",\"url\":\"https:\/\/chauvetdj-ils.com\/wp-content\/uploads\/2023\/11\/dj-logo.png\",\"contentUrl\":\"https:\/\/chauvetdj-ils.com\/wp-content\/uploads\/2023\/11\/dj-logo.png\",\"width\":253,\"height\":100,\"caption\":\"CHAUVET DJ | Instant Light Shows\"},\"image\":{\"@id\":\"https:\/\/chauvetdj-ils.com\/#\/schema\/logo\/image\/\"}}]}<\/script>\n<!-- \/ Yoast SEO plugin. -->","yoast_head_json":{"title":"SlimPAR 56 ILS - CHAUVET DJ | Instant Light Shows","robots":{"index":"index","follow":"follow","max-snippet":"max-snippet:-1","max-image-preview":"max-image-preview:large","max-video-preview":"max-video-preview:-1"},"canonical":"https:\/\/chauvetdj-ils.com\/de\/produkt\/slimpar-56-ils\/","og_locale":"de_DE","og_type":"article","og_title":"SlimPAR 56 ILS - CHAUVET DJ | Instant Light Shows","og_description":"Gestalten Sie mit SlimPAR 56 ILS ein unvergessliches, farbenpr\u00e4chtiges Erlebnis f\u00fcr Ihre Kunden. Es ist eine DJ-Beleuchtung, die sowohl schlagkr\u00e4ftig als auch schnell aufzustellen ist. Dieses kompakte Washlight verf\u00fcgt \u00fcber 108 dreifarbige (rot, gr\u00fcn und blau) LEDs. Dank der ILS-Kompatibilit\u00e4t ist die Erstellung koordinierter Lichtshows mit diesem Ger\u00e4t und verschiedenen Ger\u00e4tetypen so einfach wie 1, [&hellip;]","og_url":"https:\/\/chauvetdj-ils.com\/de\/produkt\/slimpar-56-ils\/","og_site_name":"CHAUVET DJ | Instant Light Shows","article_modified_time":"2025-09-09T15:56:35+00:00","og_image":[{"width":800,"height":800,"url":"https:\/\/chauvetdj-ils.com\/wp-content\/uploads\/2024\/07\/SlimPAR-56-ILS-FRONT-OFF-Featured.jpg","type":"image\/jpeg"}],"twitter_card":"summary_large_image","twitter_misc":{"Est. reading time":"1 Minute"},"schema":{"@context":"https:\/\/schema.org","@graph":[{"@type":"WebPage","@id":"https:\/\/chauvetdj-ils.com\/de\/produkt\/slimpar-56-ils\/","url":"https:\/\/chauvetdj-ils.com\/de\/produkt\/slimpar-56-ils\/","name":"SlimPAR 56 ILS - CHAUVET DJ | Instant Light Shows","isPartOf":{"@id":"https:\/\/chauvetdj-ils.com\/#website"},"primaryImageOfPage":{"@id":"https:\/\/chauvetdj-ils.com\/de\/produkt\/slimpar-56-ils\/#primaryimage"},"image":{"@id":"https:\/\/chauvetdj-ils.com\/de\/produkt\/slimpar-56-ils\/#primaryimage"},"thumbnailUrl":"https:\/\/chauvetdj-ils.com\/wp-content\/uploads\/2024\/07\/SlimPAR-56-ILS-FRONT-OFF-Featured.jpg","datePublished":"2025-09-09T15:53:46+00:00","dateModified":"2025-09-09T15:56:35+00:00","breadcrumb":{"@id":"https:\/\/chauvetdj-ils.com\/de\/produkt\/slimpar-56-ils\/#breadcrumb"},"inLanguage":"de-DE","potentialAction":[{"@type":"ReadAction","target":["https:\/\/chauvetdj-ils.com\/de\/produkt\/slimpar-56-ils\/"]}]},{"@type":"ImageObject","inLanguage":"de-DE","@id":"https:\/\/chauvetdj-ils.com\/de\/produkt\/slimpar-56-ils\/#primaryimage","url":"https:\/\/chauvetdj-ils.com\/wp-content\/uploads\/2024\/07\/SlimPAR-56-ILS-FRONT-OFF-Featured.jpg","contentUrl":"https:\/\/chauvetdj-ils.com\/wp-content\/uploads\/2024\/07\/SlimPAR-56-ILS-FRONT-OFF-Featured.jpg","width":800,"height":800},{"@type":"BreadcrumbList","@id":"https:\/\/chauvetdj-ils.com\/de\/produkt\/slimpar-56-ils\/#breadcrumb","itemListElement":[{"@type":"ListItem","position":1,"name":"Home","item":"https:\/\/chauvetdj-ils.com\/de\/"},{"@type":"ListItem","position":2,"name":"Home","item":"https:\/\/chauvetdj-ils.com\/de\/"},{"@type":"ListItem","position":3,"name":"SlimPAR 56 ILS"}]},{"@type":"WebSite","@id":"https:\/\/chauvetdj-ils.com\/#website","url":"https:\/\/chauvetdj-ils.com\/","name":"CHAUVET DJ | Instant Light Shows","description":"","publisher":{"@id":"https:\/\/chauvetdj-ils.com\/#organization"},"potentialAction":[{"@type":"SearchAction","target":{"@type":"EntryPoint","urlTemplate":"https:\/\/chauvetdj-ils.com\/?s={search_term_string}"},"query-input":{"@type":"PropertyValueSpecification","valueRequired":true,"valueName":"search_term_string"}}],"inLanguage":"de-DE"},{"@type":"Organization","@id":"https:\/\/chauvetdj-ils.com\/#organization","name":"CHAUVET DJ | Instant Light Shows","url":"https:\/\/chauvetdj-ils.com\/","logo":{"@type":"ImageObject","inLanguage":"de-DE","@id":"https:\/\/chauvetdj-ils.com\/#\/schema\/logo\/image\/","url":"https:\/\/chauvetdj-ils.com\/wp-content\/uploads\/2023\/11\/dj-logo.png","contentUrl":"https:\/\/chauvetdj-ils.com\/wp-content\/uploads\/2023\/11\/dj-logo.png","width":253,"height":100,"caption":"CHAUVET DJ | Instant Light Shows"},"image":{"@id":"https:\/\/chauvetdj-ils.com\/#\/schema\/logo\/image\/"}}]}},"_links":{"self":[{"href":"https:\/\/chauvetdj-ils.com\/de\/wp-json\/wp\/v2\/product\/5065","targetHints":{"allow":["GET"]}}],"collection":[{"href":"https:\/\/chauvetdj-ils.com\/de\/wp-json\/wp\/v2\/product"}],"about":[{"href":"https:\/\/chauvetdj-ils.com\/de\/wp-json\/wp\/v2\/types\/product"}],"replies":[{"embeddable":true,"href":"https:\/\/chauvetdj-ils.com\/de\/wp-json\/wp\/v2\/comments?post=5065"}],"wp:featuredmedia":[{"embeddable":true,"href":"https:\/\/chauvetdj-ils.com\/de\/wp-json\/wp\/v2\/media\/5062"}],"wp:attachment":[{"href":"https:\/\/chauvetdj-ils.com\/de\/wp-json\/wp\/v2\/media?parent=5065"}],"wp:term":[{"taxonomy":"product_cat","embeddable":true,"href":"https:\/\/chauvetdj-ils.com\/de\/wp-json\/wp\/v2\/product_cat?post=5065"},{"taxonomy":"product_tag","embeddable":true,"href":"https:\/\/chauvetdj-ils.com\/de\/wp-json\/wp\/v2\/product_tag?post=5065"}],"curies":[{"name":"wp","href":"https:\/\/api.w.org\/{rel}","templated":true}]}}