{"id":5118,"date":"2025-09-09T16:24:33","date_gmt":"2025-09-09T16:24:33","guid":{"rendered":"https:\/\/chauvetdj-ils.com\/product\/ezlink-wedge-q3bt-ils\/"},"modified":"2025-09-09T16:36:02","modified_gmt":"2025-09-09T16:36:02","slug":"ezlink-wedge-q3bt-ils","status":"publish","type":"product","link":"https:\/\/chauvetdj-ils.com\/de\/produkt\/ezlink-wedge-q3bt-ils\/","title":{"rendered":"EZLINK Wedge Q3BT ILS"},"content":{"rendered":"<p>Der EZLink Wedge Q3BT ILS ist eine zu 100 % kabellose, batteriebetriebene, vierfarbige (RGBA) LED-Wash-Light-L\u00f6sung. Sein keilf\u00f6rmiges Design macht ihn zum idealen Scheinwerfer f\u00fcr Veranstaltungsecken. Er verf\u00fcgt \u00fcber eine breite Palette an Steuerungsoptionen, einschlie\u00dflich IRC-6-Fernbedienung, ILS, Bluetooth und DMX. EZLink Wedge Q3BT ILS erzeugt ein breites Farbspektrum und erreicht dank der leistungsstarken Amber-LEDs nat\u00fcrliche Farbtemperaturen w\u00e4hrend der Veranstaltung.<\/p>\n","protected":false},"excerpt":{"rendered":"<p>Der EZLink Wedge Q3BT ILS ist eine zu 100 % kabellose, batteriebetriebene, vierfarbige (RGBA) LED-Wash-Light-L\u00f6sung. Sein keilf\u00f6rmiges Design macht ihn zum idealen Scheinwerfer f\u00fcr Veranstaltungsecken. Er verf\u00fcgt \u00fcber eine breite Palette an Steuerungsoptionen, einschlie\u00dflich IRC-6-Fernbedienung, ILS, Bluetooth und DMX. EZLink Wedge Q3BT ILS erzeugt ein breites Farbspektrum und erreicht dank der leistungsstarken Amber-LEDs nat\u00fcrliche Farbtemperaturen [&hellip;]<\/p>\n","protected":false},"featured_media":5115,"comment_status":"open","ping_status":"closed","template":"","meta":[],"product_cat":[60,102,95],"product_tag":[],"class_list":{"0":"post-5118","1":"product","2":"type-product","3":"status-publish","4":"has-post-thumbnail","6":"product_cat-ils-de","7":"product_cat-neu","8":"product_cat-us-only-de","10":"first","11":"instock","12":"shipping-taxable","13":"product-type-simple"},"acf":[],"yoast_head":"<!-- This site is optimized with the Yoast SEO plugin v27.1.1 - https:\/\/yoast.com\/product\/yoast-seo-wordpress\/ -->\n<title>EZLINK Wedge Q3BT ILS - CHAUVET DJ | Instant Light Shows<\/title>\n<meta name=\"robots\" content=\"index, follow, max-snippet:-1, max-image-preview:large, max-video-preview:-1\" \/>\n<link rel=\"canonical\" href=\"https:\/\/chauvetdj-ils.com\/de\/produkt\/ezlink-wedge-q3bt-ils\/\" \/>\n<meta property=\"og:locale\" content=\"de_DE\" \/>\n<meta property=\"og:type\" content=\"article\" \/>\n<meta property=\"og:title\" content=\"EZLINK Wedge Q3BT ILS - CHAUVET DJ | Instant Light Shows\" \/>\n<meta property=\"og:description\" content=\"Der EZLink Wedge Q3BT ILS ist eine zu 100 % kabellose, batteriebetriebene, vierfarbige (RGBA) LED-Wash-Light-L\u00f6sung. Sein keilf\u00f6rmiges Design macht ihn zum idealen Scheinwerfer f\u00fcr Veranstaltungsecken. Er verf\u00fcgt \u00fcber eine breite Palette an Steuerungsoptionen, einschlie\u00dflich IRC-6-Fernbedienung, ILS, Bluetooth und DMX. EZLink Wedge Q3BT ILS erzeugt ein breites Farbspektrum und erreicht dank der leistungsstarken Amber-LEDs nat\u00fcrliche Farbtemperaturen [&hellip;]\" \/>\n<meta property=\"og:url\" content=\"https:\/\/chauvetdj-ils.com\/de\/produkt\/ezlink-wedge-q3bt-ils\/\" \/>\n<meta property=\"og:site_name\" content=\"CHAUVET DJ | Instant Light Shows\" \/>\n<meta property=\"article:modified_time\" content=\"2025-09-09T16:36:02+00:00\" \/>\n<meta property=\"og:image\" content=\"https:\/\/chauvetdj-ils.com\/wp-content\/uploads\/2025\/09\/EZLINK-WEDGE-Q3BT-ILS-FRONT-OFF-fe-1.jpg\" \/>\n\t<meta property=\"og:image:width\" content=\"800\" \/>\n\t<meta property=\"og:image:height\" content=\"800\" \/>\n\t<meta property=\"og:image:type\" content=\"image\/jpeg\" \/>\n<meta name=\"twitter:card\" content=\"summary_large_image\" \/>\n<script type=\"application\/ld+json\" class=\"yoast-schema-graph\">{\"@context\":\"https:\/\/schema.org\",\"@graph\":[{\"@type\":\"WebPage\",\"@id\":\"https:\/\/chauvetdj-ils.com\/de\/produkt\/ezlink-wedge-q3bt-ils\/\",\"url\":\"https:\/\/chauvetdj-ils.com\/de\/produkt\/ezlink-wedge-q3bt-ils\/\",\"name\":\"EZLINK Wedge Q3BT ILS - CHAUVET DJ | Instant Light Shows\",\"isPartOf\":{\"@id\":\"https:\/\/chauvetdj-ils.com\/#website\"},\"primaryImageOfPage\":{\"@id\":\"https:\/\/chauvetdj-ils.com\/de\/produkt\/ezlink-wedge-q3bt-ils\/#primaryimage\"},\"image\":{\"@id\":\"https:\/\/chauvetdj-ils.com\/de\/produkt\/ezlink-wedge-q3bt-ils\/#primaryimage\"},\"thumbnailUrl\":\"https:\/\/chauvetdj-ils.com\/wp-content\/uploads\/2025\/09\/EZLINK-WEDGE-Q3BT-ILS-FRONT-OFF-fe-1.jpg\",\"datePublished\":\"2025-09-09T16:24:33+00:00\",\"dateModified\":\"2025-09-09T16:36:02+00:00\",\"breadcrumb\":{\"@id\":\"https:\/\/chauvetdj-ils.com\/de\/produkt\/ezlink-wedge-q3bt-ils\/#breadcrumb\"},\"inLanguage\":\"de-DE\",\"potentialAction\":[{\"@type\":\"ReadAction\",\"target\":[\"https:\/\/chauvetdj-ils.com\/de\/produkt\/ezlink-wedge-q3bt-ils\/\"]}]},{\"@type\":\"ImageObject\",\"inLanguage\":\"de-DE\",\"@id\":\"https:\/\/chauvetdj-ils.com\/de\/produkt\/ezlink-wedge-q3bt-ils\/#primaryimage\",\"url\":\"https:\/\/chauvetdj-ils.com\/wp-content\/uploads\/2025\/09\/EZLINK-WEDGE-Q3BT-ILS-FRONT-OFF-fe-1.jpg\",\"contentUrl\":\"https:\/\/chauvetdj-ils.com\/wp-content\/uploads\/2025\/09\/EZLINK-WEDGE-Q3BT-ILS-FRONT-OFF-fe-1.jpg\",\"width\":800,\"height\":800},{\"@type\":\"BreadcrumbList\",\"@id\":\"https:\/\/chauvetdj-ils.com\/de\/produkt\/ezlink-wedge-q3bt-ils\/#breadcrumb\",\"itemListElement\":[{\"@type\":\"ListItem\",\"position\":1,\"name\":\"Home\",\"item\":\"https:\/\/chauvetdj-ils.com\/de\/\"},{\"@type\":\"ListItem\",\"position\":2,\"name\":\"Home\",\"item\":\"https:\/\/chauvetdj-ils.com\/de\/\"},{\"@type\":\"ListItem\",\"position\":3,\"name\":\"EZLINK Wedge Q3BT ILS\"}]},{\"@type\":\"WebSite\",\"@id\":\"https:\/\/chauvetdj-ils.com\/#website\",\"url\":\"https:\/\/chauvetdj-ils.com\/\",\"name\":\"CHAUVET DJ | Instant Light Shows\",\"description\":\"\",\"publisher\":{\"@id\":\"https:\/\/chauvetdj-ils.com\/#organization\"},\"potentialAction\":[{\"@type\":\"SearchAction\",\"target\":{\"@type\":\"EntryPoint\",\"urlTemplate\":\"https:\/\/chauvetdj-ils.com\/?s={search_term_string}\"},\"query-input\":{\"@type\":\"PropertyValueSpecification\",\"valueRequired\":true,\"valueName\":\"search_term_string\"}}],\"inLanguage\":\"de-DE\"},{\"@type\":\"Organization\",\"@id\":\"https:\/\/chauvetdj-ils.com\/#organization\",\"name\":\"CHAUVET DJ | Instant Light Shows\",\"url\":\"https:\/\/chauvetdj-ils.com\/\",\"logo\":{\"@type\":\"ImageObject\",\"inLanguage\":\"de-DE\",\"@id\":\"https:\/\/chauvetdj-ils.com\/#\/schema\/logo\/image\/\",\"url\":\"https:\/\/chauvetdj-ils.com\/wp-content\/uploads\/2023\/11\/dj-logo.png\",\"contentUrl\":\"https:\/\/chauvetdj-ils.com\/wp-content\/uploads\/2023\/11\/dj-logo.png\",\"width\":253,\"height\":100,\"caption\":\"CHAUVET DJ | Instant Light Shows\"},\"image\":{\"@id\":\"https:\/\/chauvetdj-ils.com\/#\/schema\/logo\/image\/\"}}]}<\/script>\n<!-- \/ Yoast SEO plugin. -->","yoast_head_json":{"title":"EZLINK Wedge Q3BT ILS - CHAUVET DJ | Instant Light Shows","robots":{"index":"index","follow":"follow","max-snippet":"max-snippet:-1","max-image-preview":"max-image-preview:large","max-video-preview":"max-video-preview:-1"},"canonical":"https:\/\/chauvetdj-ils.com\/de\/produkt\/ezlink-wedge-q3bt-ils\/","og_locale":"de_DE","og_type":"article","og_title":"EZLINK Wedge Q3BT ILS - CHAUVET DJ | Instant Light Shows","og_description":"Der EZLink Wedge Q3BT ILS ist eine zu 100 % kabellose, batteriebetriebene, vierfarbige (RGBA) LED-Wash-Light-L\u00f6sung. Sein keilf\u00f6rmiges Design macht ihn zum idealen Scheinwerfer f\u00fcr Veranstaltungsecken. Er verf\u00fcgt \u00fcber eine breite Palette an Steuerungsoptionen, einschlie\u00dflich IRC-6-Fernbedienung, ILS, Bluetooth und DMX. EZLink Wedge Q3BT ILS erzeugt ein breites Farbspektrum und erreicht dank der leistungsstarken Amber-LEDs nat\u00fcrliche Farbtemperaturen [&hellip;]","og_url":"https:\/\/chauvetdj-ils.com\/de\/produkt\/ezlink-wedge-q3bt-ils\/","og_site_name":"CHAUVET DJ | Instant Light Shows","article_modified_time":"2025-09-09T16:36:02+00:00","og_image":[{"width":800,"height":800,"url":"https:\/\/chauvetdj-ils.com\/wp-content\/uploads\/2025\/09\/EZLINK-WEDGE-Q3BT-ILS-FRONT-OFF-fe-1.jpg","type":"image\/jpeg"}],"twitter_card":"summary_large_image","schema":{"@context":"https:\/\/schema.org","@graph":[{"@type":"WebPage","@id":"https:\/\/chauvetdj-ils.com\/de\/produkt\/ezlink-wedge-q3bt-ils\/","url":"https:\/\/chauvetdj-ils.com\/de\/produkt\/ezlink-wedge-q3bt-ils\/","name":"EZLINK Wedge Q3BT ILS - CHAUVET DJ | Instant Light Shows","isPartOf":{"@id":"https:\/\/chauvetdj-ils.com\/#website"},"primaryImageOfPage":{"@id":"https:\/\/chauvetdj-ils.com\/de\/produkt\/ezlink-wedge-q3bt-ils\/#primaryimage"},"image":{"@id":"https:\/\/chauvetdj-ils.com\/de\/produkt\/ezlink-wedge-q3bt-ils\/#primaryimage"},"thumbnailUrl":"https:\/\/chauvetdj-ils.com\/wp-content\/uploads\/2025\/09\/EZLINK-WEDGE-Q3BT-ILS-FRONT-OFF-fe-1.jpg","datePublished":"2025-09-09T16:24:33+00:00","dateModified":"2025-09-09T16:36:02+00:00","breadcrumb":{"@id":"https:\/\/chauvetdj-ils.com\/de\/produkt\/ezlink-wedge-q3bt-ils\/#breadcrumb"},"inLanguage":"de-DE","potentialAction":[{"@type":"ReadAction","target":["https:\/\/chauvetdj-ils.com\/de\/produkt\/ezlink-wedge-q3bt-ils\/"]}]},{"@type":"ImageObject","inLanguage":"de-DE","@id":"https:\/\/chauvetdj-ils.com\/de\/produkt\/ezlink-wedge-q3bt-ils\/#primaryimage","url":"https:\/\/chauvetdj-ils.com\/wp-content\/uploads\/2025\/09\/EZLINK-WEDGE-Q3BT-ILS-FRONT-OFF-fe-1.jpg","contentUrl":"https:\/\/chauvetdj-ils.com\/wp-content\/uploads\/2025\/09\/EZLINK-WEDGE-Q3BT-ILS-FRONT-OFF-fe-1.jpg","width":800,"height":800},{"@type":"BreadcrumbList","@id":"https:\/\/chauvetdj-ils.com\/de\/produkt\/ezlink-wedge-q3bt-ils\/#breadcrumb","itemListElement":[{"@type":"ListItem","position":1,"name":"Home","item":"https:\/\/chauvetdj-ils.com\/de\/"},{"@type":"ListItem","position":2,"name":"Home","item":"https:\/\/chauvetdj-ils.com\/de\/"},{"@type":"ListItem","position":3,"name":"EZLINK Wedge Q3BT ILS"}]},{"@type":"WebSite","@id":"https:\/\/chauvetdj-ils.com\/#website","url":"https:\/\/chauvetdj-ils.com\/","name":"CHAUVET DJ | Instant Light Shows","description":"","publisher":{"@id":"https:\/\/chauvetdj-ils.com\/#organization"},"potentialAction":[{"@type":"SearchAction","target":{"@type":"EntryPoint","urlTemplate":"https:\/\/chauvetdj-ils.com\/?s={search_term_string}"},"query-input":{"@type":"PropertyValueSpecification","valueRequired":true,"valueName":"search_term_string"}}],"inLanguage":"de-DE"},{"@type":"Organization","@id":"https:\/\/chauvetdj-ils.com\/#organization","name":"CHAUVET DJ | Instant Light Shows","url":"https:\/\/chauvetdj-ils.com\/","logo":{"@type":"ImageObject","inLanguage":"de-DE","@id":"https:\/\/chauvetdj-ils.com\/#\/schema\/logo\/image\/","url":"https:\/\/chauvetdj-ils.com\/wp-content\/uploads\/2023\/11\/dj-logo.png","contentUrl":"https:\/\/chauvetdj-ils.com\/wp-content\/uploads\/2023\/11\/dj-logo.png","width":253,"height":100,"caption":"CHAUVET DJ | Instant Light Shows"},"image":{"@id":"https:\/\/chauvetdj-ils.com\/#\/schema\/logo\/image\/"}}]}},"_links":{"self":[{"href":"https:\/\/chauvetdj-ils.com\/de\/wp-json\/wp\/v2\/product\/5118","targetHints":{"allow":["GET"]}}],"collection":[{"href":"https:\/\/chauvetdj-ils.com\/de\/wp-json\/wp\/v2\/product"}],"about":[{"href":"https:\/\/chauvetdj-ils.com\/de\/wp-json\/wp\/v2\/types\/product"}],"replies":[{"embeddable":true,"href":"https:\/\/chauvetdj-ils.com\/de\/wp-json\/wp\/v2\/comments?post=5118"}],"wp:featuredmedia":[{"embeddable":true,"href":"https:\/\/chauvetdj-ils.com\/de\/wp-json\/wp\/v2\/media\/5115"}],"wp:attachment":[{"href":"https:\/\/chauvetdj-ils.com\/de\/wp-json\/wp\/v2\/media?parent=5118"}],"wp:term":[{"taxonomy":"product_cat","embeddable":true,"href":"https:\/\/chauvetdj-ils.com\/de\/wp-json\/wp\/v2\/product_cat?post=5118"},{"taxonomy":"product_tag","embeddable":true,"href":"https:\/\/chauvetdj-ils.com\/de\/wp-json\/wp\/v2\/product_tag?post=5118"}],"curies":[{"name":"wp","href":"https:\/\/api.w.org\/{rel}","templated":true}]}}