{"id":5189,"date":"2025-09-09T16:53:55","date_gmt":"2025-09-09T16:53:55","guid":{"rendered":"https:\/\/chauvetdj-ils.com\/product\/colorband-t3bt-ils\/"},"modified":"2025-09-09T16:56:45","modified_gmt":"2025-09-09T16:56:45","slug":"colorband-t3bt-ils","status":"publish","type":"product","link":"https:\/\/chauvetdj-ils.com\/de\/produkt\/colorband-t3bt-ils\/","title":{"rendered":"COLORband T3BT ILS"},"content":{"rendered":"<p>Erzeugen Sie erstaunliche, automatische Effekte mit dem COLORband T3BT ILS. Dieses dreifarbige (RGB) lineare Washlight verf\u00fcgt \u00fcber 3 Steuerungszonen, die dynamische, durchdachte Lichtshows erzeugen. Mit der integrierten Bluetooth-Technologie k\u00f6nnen Sie Ihr Setup direkt von Ihrem Handy aus steuern. Genie\u00dfen Sie au\u00dferdem die neueste Technologie der Lichtsteuerung mit dem Instant Light Shows. Dank ILS k\u00f6nnen Sie Ihr Setup programmieren und steuern, um im Handumdrehen synchronisierte Lightshows mit verschiedenen Scheinwerfern zu erzeugen. \u00dcbernehmen Sie die Kontrolle \u00fcber Ihre Beleuchtung mit dem COLORband T3BT ILS. Passt am besten in die CHS-60 VIP Gear Bag.<\/p>\n","protected":false},"excerpt":{"rendered":"<p>Erzeugen Sie erstaunliche, automatische Effekte mit dem COLORband T3BT ILS. Dieses dreifarbige (RGB) lineare Washlight verf\u00fcgt \u00fcber 3 Steuerungszonen, die dynamische, durchdachte Lichtshows erzeugen. Mit der integrierten Bluetooth-Technologie k\u00f6nnen Sie Ihr Setup direkt von Ihrem Handy aus steuern. Genie\u00dfen Sie au\u00dferdem die neueste Technologie der Lichtsteuerung mit dem Instant Light Shows. Dank ILS k\u00f6nnen Sie [&hellip;]<\/p>\n","protected":false},"featured_media":5186,"comment_status":"open","ping_status":"closed","template":"","meta":[],"product_cat":[60],"product_tag":[],"class_list":{"0":"post-5189","1":"product","2":"type-product","3":"status-publish","4":"has-post-thumbnail","6":"product_cat-ils-de","8":"first","9":"instock","10":"shipping-taxable","11":"product-type-simple"},"acf":[],"yoast_head":"<!-- This site is optimized with the Yoast SEO plugin v27.1.1 - https:\/\/yoast.com\/product\/yoast-seo-wordpress\/ -->\n<title>COLORband T3BT ILS - CHAUVET DJ | Instant Light Shows<\/title>\n<meta name=\"robots\" content=\"index, follow, max-snippet:-1, max-image-preview:large, max-video-preview:-1\" \/>\n<link rel=\"canonical\" href=\"https:\/\/chauvetdj-ils.com\/de\/produkt\/colorband-t3bt-ils\/\" \/>\n<meta property=\"og:locale\" content=\"de_DE\" \/>\n<meta property=\"og:type\" content=\"article\" \/>\n<meta property=\"og:title\" content=\"COLORband T3BT ILS - CHAUVET DJ | Instant Light Shows\" \/>\n<meta property=\"og:description\" content=\"Erzeugen Sie erstaunliche, automatische Effekte mit dem COLORband T3BT ILS. Dieses dreifarbige (RGB) lineare Washlight verf\u00fcgt \u00fcber 3 Steuerungszonen, die dynamische, durchdachte Lichtshows erzeugen. Mit der integrierten Bluetooth-Technologie k\u00f6nnen Sie Ihr Setup direkt von Ihrem Handy aus steuern. Genie\u00dfen Sie au\u00dferdem die neueste Technologie der Lichtsteuerung mit dem Instant Light Shows. Dank ILS k\u00f6nnen Sie [&hellip;]\" \/>\n<meta property=\"og:url\" content=\"https:\/\/chauvetdj-ils.com\/de\/produkt\/colorband-t3bt-ils\/\" \/>\n<meta property=\"og:site_name\" content=\"CHAUVET DJ | Instant Light Shows\" \/>\n<meta property=\"article:modified_time\" content=\"2025-09-09T16:56:45+00:00\" \/>\n<meta property=\"og:image\" content=\"https:\/\/chauvetdj-ils.com\/wp-content\/uploads\/2025\/09\/COLORBAND-T3BT-ILS-feat.png\" \/>\n\t<meta property=\"og:image:width\" content=\"800\" \/>\n\t<meta property=\"og:image:height\" content=\"800\" \/>\n\t<meta property=\"og:image:type\" content=\"image\/png\" \/>\n<meta name=\"twitter:card\" content=\"summary_large_image\" \/>\n<script type=\"application\/ld+json\" class=\"yoast-schema-graph\">{\"@context\":\"https:\/\/schema.org\",\"@graph\":[{\"@type\":\"WebPage\",\"@id\":\"https:\/\/chauvetdj-ils.com\/de\/produkt\/colorband-t3bt-ils\/\",\"url\":\"https:\/\/chauvetdj-ils.com\/de\/produkt\/colorband-t3bt-ils\/\",\"name\":\"COLORband T3BT ILS - CHAUVET DJ | Instant Light Shows\",\"isPartOf\":{\"@id\":\"https:\/\/chauvetdj-ils.com\/#website\"},\"primaryImageOfPage\":{\"@id\":\"https:\/\/chauvetdj-ils.com\/de\/produkt\/colorband-t3bt-ils\/#primaryimage\"},\"image\":{\"@id\":\"https:\/\/chauvetdj-ils.com\/de\/produkt\/colorband-t3bt-ils\/#primaryimage\"},\"thumbnailUrl\":\"https:\/\/chauvetdj-ils.com\/wp-content\/uploads\/2025\/09\/COLORBAND-T3BT-ILS-feat.png\",\"datePublished\":\"2025-09-09T16:53:55+00:00\",\"dateModified\":\"2025-09-09T16:56:45+00:00\",\"breadcrumb\":{\"@id\":\"https:\/\/chauvetdj-ils.com\/de\/produkt\/colorband-t3bt-ils\/#breadcrumb\"},\"inLanguage\":\"de-DE\",\"potentialAction\":[{\"@type\":\"ReadAction\",\"target\":[\"https:\/\/chauvetdj-ils.com\/de\/produkt\/colorband-t3bt-ils\/\"]}]},{\"@type\":\"ImageObject\",\"inLanguage\":\"de-DE\",\"@id\":\"https:\/\/chauvetdj-ils.com\/de\/produkt\/colorband-t3bt-ils\/#primaryimage\",\"url\":\"https:\/\/chauvetdj-ils.com\/wp-content\/uploads\/2025\/09\/COLORBAND-T3BT-ILS-feat.png\",\"contentUrl\":\"https:\/\/chauvetdj-ils.com\/wp-content\/uploads\/2025\/09\/COLORBAND-T3BT-ILS-feat.png\",\"width\":800,\"height\":800},{\"@type\":\"BreadcrumbList\",\"@id\":\"https:\/\/chauvetdj-ils.com\/de\/produkt\/colorband-t3bt-ils\/#breadcrumb\",\"itemListElement\":[{\"@type\":\"ListItem\",\"position\":1,\"name\":\"Home\",\"item\":\"https:\/\/chauvetdj-ils.com\/de\/\"},{\"@type\":\"ListItem\",\"position\":2,\"name\":\"Home\",\"item\":\"https:\/\/chauvetdj-ils.com\/de\/\"},{\"@type\":\"ListItem\",\"position\":3,\"name\":\"COLORband T3BT ILS\"}]},{\"@type\":\"WebSite\",\"@id\":\"https:\/\/chauvetdj-ils.com\/#website\",\"url\":\"https:\/\/chauvetdj-ils.com\/\",\"name\":\"CHAUVET DJ | Instant Light Shows\",\"description\":\"\",\"publisher\":{\"@id\":\"https:\/\/chauvetdj-ils.com\/#organization\"},\"potentialAction\":[{\"@type\":\"SearchAction\",\"target\":{\"@type\":\"EntryPoint\",\"urlTemplate\":\"https:\/\/chauvetdj-ils.com\/?s={search_term_string}\"},\"query-input\":{\"@type\":\"PropertyValueSpecification\",\"valueRequired\":true,\"valueName\":\"search_term_string\"}}],\"inLanguage\":\"de-DE\"},{\"@type\":\"Organization\",\"@id\":\"https:\/\/chauvetdj-ils.com\/#organization\",\"name\":\"CHAUVET DJ | Instant Light Shows\",\"url\":\"https:\/\/chauvetdj-ils.com\/\",\"logo\":{\"@type\":\"ImageObject\",\"inLanguage\":\"de-DE\",\"@id\":\"https:\/\/chauvetdj-ils.com\/#\/schema\/logo\/image\/\",\"url\":\"https:\/\/chauvetdj-ils.com\/wp-content\/uploads\/2023\/11\/dj-logo.png\",\"contentUrl\":\"https:\/\/chauvetdj-ils.com\/wp-content\/uploads\/2023\/11\/dj-logo.png\",\"width\":253,\"height\":100,\"caption\":\"CHAUVET DJ | Instant Light Shows\"},\"image\":{\"@id\":\"https:\/\/chauvetdj-ils.com\/#\/schema\/logo\/image\/\"}}]}<\/script>\n<!-- \/ Yoast SEO plugin. -->","yoast_head_json":{"title":"COLORband T3BT ILS - CHAUVET DJ | Instant Light Shows","robots":{"index":"index","follow":"follow","max-snippet":"max-snippet:-1","max-image-preview":"max-image-preview:large","max-video-preview":"max-video-preview:-1"},"canonical":"https:\/\/chauvetdj-ils.com\/de\/produkt\/colorband-t3bt-ils\/","og_locale":"de_DE","og_type":"article","og_title":"COLORband T3BT ILS - CHAUVET DJ | Instant Light Shows","og_description":"Erzeugen Sie erstaunliche, automatische Effekte mit dem COLORband T3BT ILS. Dieses dreifarbige (RGB) lineare Washlight verf\u00fcgt \u00fcber 3 Steuerungszonen, die dynamische, durchdachte Lichtshows erzeugen. Mit der integrierten Bluetooth-Technologie k\u00f6nnen Sie Ihr Setup direkt von Ihrem Handy aus steuern. Genie\u00dfen Sie au\u00dferdem die neueste Technologie der Lichtsteuerung mit dem Instant Light Shows. Dank ILS k\u00f6nnen Sie [&hellip;]","og_url":"https:\/\/chauvetdj-ils.com\/de\/produkt\/colorband-t3bt-ils\/","og_site_name":"CHAUVET DJ | Instant Light Shows","article_modified_time":"2025-09-09T16:56:45+00:00","og_image":[{"width":800,"height":800,"url":"https:\/\/chauvetdj-ils.com\/wp-content\/uploads\/2025\/09\/COLORBAND-T3BT-ILS-feat.png","type":"image\/png"}],"twitter_card":"summary_large_image","schema":{"@context":"https:\/\/schema.org","@graph":[{"@type":"WebPage","@id":"https:\/\/chauvetdj-ils.com\/de\/produkt\/colorband-t3bt-ils\/","url":"https:\/\/chauvetdj-ils.com\/de\/produkt\/colorband-t3bt-ils\/","name":"COLORband T3BT ILS - CHAUVET DJ | Instant Light Shows","isPartOf":{"@id":"https:\/\/chauvetdj-ils.com\/#website"},"primaryImageOfPage":{"@id":"https:\/\/chauvetdj-ils.com\/de\/produkt\/colorband-t3bt-ils\/#primaryimage"},"image":{"@id":"https:\/\/chauvetdj-ils.com\/de\/produkt\/colorband-t3bt-ils\/#primaryimage"},"thumbnailUrl":"https:\/\/chauvetdj-ils.com\/wp-content\/uploads\/2025\/09\/COLORBAND-T3BT-ILS-feat.png","datePublished":"2025-09-09T16:53:55+00:00","dateModified":"2025-09-09T16:56:45+00:00","breadcrumb":{"@id":"https:\/\/chauvetdj-ils.com\/de\/produkt\/colorband-t3bt-ils\/#breadcrumb"},"inLanguage":"de-DE","potentialAction":[{"@type":"ReadAction","target":["https:\/\/chauvetdj-ils.com\/de\/produkt\/colorband-t3bt-ils\/"]}]},{"@type":"ImageObject","inLanguage":"de-DE","@id":"https:\/\/chauvetdj-ils.com\/de\/produkt\/colorband-t3bt-ils\/#primaryimage","url":"https:\/\/chauvetdj-ils.com\/wp-content\/uploads\/2025\/09\/COLORBAND-T3BT-ILS-feat.png","contentUrl":"https:\/\/chauvetdj-ils.com\/wp-content\/uploads\/2025\/09\/COLORBAND-T3BT-ILS-feat.png","width":800,"height":800},{"@type":"BreadcrumbList","@id":"https:\/\/chauvetdj-ils.com\/de\/produkt\/colorband-t3bt-ils\/#breadcrumb","itemListElement":[{"@type":"ListItem","position":1,"name":"Home","item":"https:\/\/chauvetdj-ils.com\/de\/"},{"@type":"ListItem","position":2,"name":"Home","item":"https:\/\/chauvetdj-ils.com\/de\/"},{"@type":"ListItem","position":3,"name":"COLORband T3BT ILS"}]},{"@type":"WebSite","@id":"https:\/\/chauvetdj-ils.com\/#website","url":"https:\/\/chauvetdj-ils.com\/","name":"CHAUVET DJ | Instant Light Shows","description":"","publisher":{"@id":"https:\/\/chauvetdj-ils.com\/#organization"},"potentialAction":[{"@type":"SearchAction","target":{"@type":"EntryPoint","urlTemplate":"https:\/\/chauvetdj-ils.com\/?s={search_term_string}"},"query-input":{"@type":"PropertyValueSpecification","valueRequired":true,"valueName":"search_term_string"}}],"inLanguage":"de-DE"},{"@type":"Organization","@id":"https:\/\/chauvetdj-ils.com\/#organization","name":"CHAUVET DJ | Instant Light Shows","url":"https:\/\/chauvetdj-ils.com\/","logo":{"@type":"ImageObject","inLanguage":"de-DE","@id":"https:\/\/chauvetdj-ils.com\/#\/schema\/logo\/image\/","url":"https:\/\/chauvetdj-ils.com\/wp-content\/uploads\/2023\/11\/dj-logo.png","contentUrl":"https:\/\/chauvetdj-ils.com\/wp-content\/uploads\/2023\/11\/dj-logo.png","width":253,"height":100,"caption":"CHAUVET DJ | Instant Light Shows"},"image":{"@id":"https:\/\/chauvetdj-ils.com\/#\/schema\/logo\/image\/"}}]}},"_links":{"self":[{"href":"https:\/\/chauvetdj-ils.com\/de\/wp-json\/wp\/v2\/product\/5189","targetHints":{"allow":["GET"]}}],"collection":[{"href":"https:\/\/chauvetdj-ils.com\/de\/wp-json\/wp\/v2\/product"}],"about":[{"href":"https:\/\/chauvetdj-ils.com\/de\/wp-json\/wp\/v2\/types\/product"}],"replies":[{"embeddable":true,"href":"https:\/\/chauvetdj-ils.com\/de\/wp-json\/wp\/v2\/comments?post=5189"}],"wp:featuredmedia":[{"embeddable":true,"href":"https:\/\/chauvetdj-ils.com\/de\/wp-json\/wp\/v2\/media\/5186"}],"wp:attachment":[{"href":"https:\/\/chauvetdj-ils.com\/de\/wp-json\/wp\/v2\/media?parent=5189"}],"wp:term":[{"taxonomy":"product_cat","embeddable":true,"href":"https:\/\/chauvetdj-ils.com\/de\/wp-json\/wp\/v2\/product_cat?post=5189"},{"taxonomy":"product_tag","embeddable":true,"href":"https:\/\/chauvetdj-ils.com\/de\/wp-json\/wp\/v2\/product_tag?post=5189"}],"curies":[{"name":"wp","href":"https:\/\/api.w.org\/{rel}","templated":true}]}}