{"id":1437,"date":"2023-10-09T13:30:18","date_gmt":"2023-10-09T13:30:18","guid":{"rendered":"http:\/\/instant-light-shows-2.local\/product\/intimidator-spot-60-ils\/"},"modified":"2024-01-29T21:50:17","modified_gmt":"2024-01-29T21:50:17","slug":"intimidator-spot-60-ils","status":"publish","type":"product","link":"https:\/\/chauvetdj-ils.com\/es\/producto\/intimidator-spot-60-ils\/","title":{"rendered":"Intimidator Spot 60 ILS"},"content":{"rendered":"<div class=\"content content-block\">\n<div class=\"content content-block\">\n<p>Intimidator Spot 60 ILS es una cabezal m\u00f3vil compacta y potente de 70 watts para llevar a donde quieras. Este equipo es peque\u00f1o pero potente y es ideal para artistas m\u00f3viles. El Intimidator Spot 60 ILS es compatible con Instant Light Shows (ILS), lo que significa que es f\u00e1cil de configurar y sincronizar con una amplia gama de tipos de equipos y es compatible con D-Fi para control inal\u00e1mbrico. La contraparte ideal del Intimidator Free Spot 60 ILS, este equipo tiene el mismo impresionante conjunto de caracter\u00edsticas que incluyen gobos giratorios, un prisma de 3 caras, zoom manual y enfoque autom\u00e1tico. Adem\u00e1s de caracter\u00edsticas como la nueva posici\u00f3n inicial, el innovador modo totem que mantiene los haces en la pista de baile y un soporte colgante de \u00bc de vuelta que te permite entrar y salir de tus eventos en poco tiempo. Disfruta de la tecnolog\u00eda ILS de vanguardia con los beneficios de un equipo compacto con el Intimidator Spot 60 ILS.<\/p>\n<p>*Patente pendiente<\/p>\n<\/div>\n<\/div>\n","protected":false},"excerpt":{"rendered":"<p>Intimidator Spot 60 ILS es una cabezal m\u00f3vil compacta y potente de 70 watts para llevar a donde quieras. Este equipo es peque\u00f1o pero potente y es ideal para artistas m\u00f3viles. El Intimidator Spot 60 ILS es compatible con Instant Light Shows (ILS), lo que significa que es f\u00e1cil de configurar y sincronizar con una [&hellip;]<\/p>\n","protected":false},"featured_media":4301,"comment_status":"open","ping_status":"closed","template":"","meta":[],"product_cat":[62],"product_tag":[68],"class_list":{"0":"post-1437","1":"product","2":"type-product","3":"status-publish","4":"has-post-thumbnail","6":"product_cat-ils-es","7":"product_tag-cabezas-moviles-es-es","9":"first","10":"instock","11":"product-type-simple"},"acf":[],"yoast_head":"<!-- This site is optimized with the Yoast SEO plugin v27.1.1 - https:\/\/yoast.com\/product\/yoast-seo-wordpress\/ -->\n<title>Intimidator Spot 60 ILS - CHAUVET DJ | Instant Light Shows<\/title>\n<meta name=\"robots\" content=\"index, follow, max-snippet:-1, max-image-preview:large, max-video-preview:-1\" \/>\n<link rel=\"canonical\" href=\"https:\/\/chauvetdj-ils.com\/es\/producto\/intimidator-spot-60-ils\/\" \/>\n<meta property=\"og:locale\" content=\"es_ES\" \/>\n<meta property=\"og:type\" content=\"article\" \/>\n<meta property=\"og:title\" content=\"Intimidator Spot 60 ILS - CHAUVET DJ | Instant Light Shows\" \/>\n<meta property=\"og:description\" content=\"Intimidator Spot 60 ILS es una cabezal m\u00f3vil compacta y potente de 70 watts para llevar a donde quieras. Este equipo es peque\u00f1o pero potente y es ideal para artistas m\u00f3viles. El Intimidator Spot 60 ILS es compatible con Instant Light Shows (ILS), lo que significa que es f\u00e1cil de configurar y sincronizar con una [&hellip;]\" \/>\n<meta property=\"og:url\" content=\"https:\/\/chauvetdj-ils.com\/es\/producto\/intimidator-spot-60-ils\/\" \/>\n<meta property=\"og:site_name\" content=\"CHAUVET DJ | Instant Light Shows\" \/>\n<meta property=\"article:modified_time\" content=\"2024-01-29T21:50:17+00:00\" \/>\n<meta property=\"og:image\" content=\"https:\/\/chauvetdj-ils.com\/wp-content\/uploads\/2023\/10\/INTIMIDATOR-SPOT-60-ILS-FRONT-OFF.png\" \/>\n\t<meta property=\"og:image:width\" content=\"800\" \/>\n\t<meta property=\"og:image:height\" content=\"800\" \/>\n\t<meta property=\"og:image:type\" content=\"image\/png\" \/>\n<meta name=\"twitter:card\" content=\"summary_large_image\" \/>\n<meta name=\"twitter:label1\" content=\"Est. reading time\" \/>\n\t<meta name=\"twitter:data1\" content=\"1 minuto\" \/>\n<script type=\"application\/ld+json\" class=\"yoast-schema-graph\">{\"@context\":\"https:\/\/schema.org\",\"@graph\":[{\"@type\":\"WebPage\",\"@id\":\"https:\/\/chauvetdj-ils.com\/es\/producto\/intimidator-spot-60-ils\/\",\"url\":\"https:\/\/chauvetdj-ils.com\/es\/producto\/intimidator-spot-60-ils\/\",\"name\":\"Intimidator Spot 60 ILS - CHAUVET DJ | Instant Light Shows\",\"isPartOf\":{\"@id\":\"https:\/\/chauvetdj-ils.com\/#website\"},\"primaryImageOfPage\":{\"@id\":\"https:\/\/chauvetdj-ils.com\/es\/producto\/intimidator-spot-60-ils\/#primaryimage\"},\"image\":{\"@id\":\"https:\/\/chauvetdj-ils.com\/es\/producto\/intimidator-spot-60-ils\/#primaryimage\"},\"thumbnailUrl\":\"https:\/\/chauvetdj-ils.com\/wp-content\/uploads\/2023\/10\/INTIMIDATOR-SPOT-60-ILS-FRONT-OFF.png\",\"datePublished\":\"2023-10-09T13:30:18+00:00\",\"dateModified\":\"2024-01-29T21:50:17+00:00\",\"breadcrumb\":{\"@id\":\"https:\/\/chauvetdj-ils.com\/es\/producto\/intimidator-spot-60-ils\/#breadcrumb\"},\"inLanguage\":\"es\",\"potentialAction\":[{\"@type\":\"ReadAction\",\"target\":[\"https:\/\/chauvetdj-ils.com\/es\/producto\/intimidator-spot-60-ils\/\"]}]},{\"@type\":\"ImageObject\",\"inLanguage\":\"es\",\"@id\":\"https:\/\/chauvetdj-ils.com\/es\/producto\/intimidator-spot-60-ils\/#primaryimage\",\"url\":\"https:\/\/chauvetdj-ils.com\/wp-content\/uploads\/2023\/10\/INTIMIDATOR-SPOT-60-ILS-FRONT-OFF.png\",\"contentUrl\":\"https:\/\/chauvetdj-ils.com\/wp-content\/uploads\/2023\/10\/INTIMIDATOR-SPOT-60-ILS-FRONT-OFF.png\",\"width\":800,\"height\":800},{\"@type\":\"BreadcrumbList\",\"@id\":\"https:\/\/chauvetdj-ils.com\/es\/producto\/intimidator-spot-60-ils\/#breadcrumb\",\"itemListElement\":[{\"@type\":\"ListItem\",\"position\":1,\"name\":\"Home\",\"item\":\"https:\/\/chauvetdj-ils.com\/es\/\"},{\"@type\":\"ListItem\",\"position\":2,\"name\":\"Home\",\"item\":\"https:\/\/chauvetdj-ils.com\/es\/\"},{\"@type\":\"ListItem\",\"position\":3,\"name\":\"Intimidator Spot 60 ILS\"}]},{\"@type\":\"WebSite\",\"@id\":\"https:\/\/chauvetdj-ils.com\/#website\",\"url\":\"https:\/\/chauvetdj-ils.com\/\",\"name\":\"CHAUVET DJ | Instant Light Shows\",\"description\":\"\",\"publisher\":{\"@id\":\"https:\/\/chauvetdj-ils.com\/#organization\"},\"potentialAction\":[{\"@type\":\"SearchAction\",\"target\":{\"@type\":\"EntryPoint\",\"urlTemplate\":\"https:\/\/chauvetdj-ils.com\/?s={search_term_string}\"},\"query-input\":{\"@type\":\"PropertyValueSpecification\",\"valueRequired\":true,\"valueName\":\"search_term_string\"}}],\"inLanguage\":\"es\"},{\"@type\":\"Organization\",\"@id\":\"https:\/\/chauvetdj-ils.com\/#organization\",\"name\":\"CHAUVET DJ | Instant Light Shows\",\"url\":\"https:\/\/chauvetdj-ils.com\/\",\"logo\":{\"@type\":\"ImageObject\",\"inLanguage\":\"es\",\"@id\":\"https:\/\/chauvetdj-ils.com\/#\/schema\/logo\/image\/\",\"url\":\"https:\/\/chauvetdj-ils.com\/wp-content\/uploads\/2023\/11\/dj-logo.png\",\"contentUrl\":\"https:\/\/chauvetdj-ils.com\/wp-content\/uploads\/2023\/11\/dj-logo.png\",\"width\":253,\"height\":100,\"caption\":\"CHAUVET DJ | Instant Light Shows\"},\"image\":{\"@id\":\"https:\/\/chauvetdj-ils.com\/#\/schema\/logo\/image\/\"}}]}<\/script>\n<!-- \/ Yoast SEO plugin. -->","yoast_head_json":{"title":"Intimidator Spot 60 ILS - CHAUVET DJ | Instant Light Shows","robots":{"index":"index","follow":"follow","max-snippet":"max-snippet:-1","max-image-preview":"max-image-preview:large","max-video-preview":"max-video-preview:-1"},"canonical":"https:\/\/chauvetdj-ils.com\/es\/producto\/intimidator-spot-60-ils\/","og_locale":"es_ES","og_type":"article","og_title":"Intimidator Spot 60 ILS - CHAUVET DJ | Instant Light Shows","og_description":"Intimidator Spot 60 ILS es una cabezal m\u00f3vil compacta y potente de 70 watts para llevar a donde quieras. Este equipo es peque\u00f1o pero potente y es ideal para artistas m\u00f3viles. El Intimidator Spot 60 ILS es compatible con Instant Light Shows (ILS), lo que significa que es f\u00e1cil de configurar y sincronizar con una [&hellip;]","og_url":"https:\/\/chauvetdj-ils.com\/es\/producto\/intimidator-spot-60-ils\/","og_site_name":"CHAUVET DJ | Instant Light Shows","article_modified_time":"2024-01-29T21:50:17+00:00","og_image":[{"width":800,"height":800,"url":"https:\/\/chauvetdj-ils.com\/wp-content\/uploads\/2023\/10\/INTIMIDATOR-SPOT-60-ILS-FRONT-OFF.png","type":"image\/png"}],"twitter_card":"summary_large_image","twitter_misc":{"Est. reading time":"1 minuto"},"schema":{"@context":"https:\/\/schema.org","@graph":[{"@type":"WebPage","@id":"https:\/\/chauvetdj-ils.com\/es\/producto\/intimidator-spot-60-ils\/","url":"https:\/\/chauvetdj-ils.com\/es\/producto\/intimidator-spot-60-ils\/","name":"Intimidator Spot 60 ILS - CHAUVET DJ | Instant Light Shows","isPartOf":{"@id":"https:\/\/chauvetdj-ils.com\/#website"},"primaryImageOfPage":{"@id":"https:\/\/chauvetdj-ils.com\/es\/producto\/intimidator-spot-60-ils\/#primaryimage"},"image":{"@id":"https:\/\/chauvetdj-ils.com\/es\/producto\/intimidator-spot-60-ils\/#primaryimage"},"thumbnailUrl":"https:\/\/chauvetdj-ils.com\/wp-content\/uploads\/2023\/10\/INTIMIDATOR-SPOT-60-ILS-FRONT-OFF.png","datePublished":"2023-10-09T13:30:18+00:00","dateModified":"2024-01-29T21:50:17+00:00","breadcrumb":{"@id":"https:\/\/chauvetdj-ils.com\/es\/producto\/intimidator-spot-60-ils\/#breadcrumb"},"inLanguage":"es","potentialAction":[{"@type":"ReadAction","target":["https:\/\/chauvetdj-ils.com\/es\/producto\/intimidator-spot-60-ils\/"]}]},{"@type":"ImageObject","inLanguage":"es","@id":"https:\/\/chauvetdj-ils.com\/es\/producto\/intimidator-spot-60-ils\/#primaryimage","url":"https:\/\/chauvetdj-ils.com\/wp-content\/uploads\/2023\/10\/INTIMIDATOR-SPOT-60-ILS-FRONT-OFF.png","contentUrl":"https:\/\/chauvetdj-ils.com\/wp-content\/uploads\/2023\/10\/INTIMIDATOR-SPOT-60-ILS-FRONT-OFF.png","width":800,"height":800},{"@type":"BreadcrumbList","@id":"https:\/\/chauvetdj-ils.com\/es\/producto\/intimidator-spot-60-ils\/#breadcrumb","itemListElement":[{"@type":"ListItem","position":1,"name":"Home","item":"https:\/\/chauvetdj-ils.com\/es\/"},{"@type":"ListItem","position":2,"name":"Home","item":"https:\/\/chauvetdj-ils.com\/es\/"},{"@type":"ListItem","position":3,"name":"Intimidator Spot 60 ILS"}]},{"@type":"WebSite","@id":"https:\/\/chauvetdj-ils.com\/#website","url":"https:\/\/chauvetdj-ils.com\/","name":"CHAUVET DJ | Instant Light Shows","description":"","publisher":{"@id":"https:\/\/chauvetdj-ils.com\/#organization"},"potentialAction":[{"@type":"SearchAction","target":{"@type":"EntryPoint","urlTemplate":"https:\/\/chauvetdj-ils.com\/?s={search_term_string}"},"query-input":{"@type":"PropertyValueSpecification","valueRequired":true,"valueName":"search_term_string"}}],"inLanguage":"es"},{"@type":"Organization","@id":"https:\/\/chauvetdj-ils.com\/#organization","name":"CHAUVET DJ | Instant Light Shows","url":"https:\/\/chauvetdj-ils.com\/","logo":{"@type":"ImageObject","inLanguage":"es","@id":"https:\/\/chauvetdj-ils.com\/#\/schema\/logo\/image\/","url":"https:\/\/chauvetdj-ils.com\/wp-content\/uploads\/2023\/11\/dj-logo.png","contentUrl":"https:\/\/chauvetdj-ils.com\/wp-content\/uploads\/2023\/11\/dj-logo.png","width":253,"height":100,"caption":"CHAUVET DJ | Instant Light Shows"},"image":{"@id":"https:\/\/chauvetdj-ils.com\/#\/schema\/logo\/image\/"}}]}},"_links":{"self":[{"href":"https:\/\/chauvetdj-ils.com\/es\/wp-json\/wp\/v2\/product\/1437","targetHints":{"allow":["GET"]}}],"collection":[{"href":"https:\/\/chauvetdj-ils.com\/es\/wp-json\/wp\/v2\/product"}],"about":[{"href":"https:\/\/chauvetdj-ils.com\/es\/wp-json\/wp\/v2\/types\/product"}],"replies":[{"embeddable":true,"href":"https:\/\/chauvetdj-ils.com\/es\/wp-json\/wp\/v2\/comments?post=1437"}],"wp:featuredmedia":[{"embeddable":true,"href":"https:\/\/chauvetdj-ils.com\/es\/wp-json\/wp\/v2\/media\/4301"}],"wp:attachment":[{"href":"https:\/\/chauvetdj-ils.com\/es\/wp-json\/wp\/v2\/media?parent=1437"}],"wp:term":[{"taxonomy":"product_cat","embeddable":true,"href":"https:\/\/chauvetdj-ils.com\/es\/wp-json\/wp\/v2\/product_cat?post=1437"},{"taxonomy":"product_tag","embeddable":true,"href":"https:\/\/chauvetdj-ils.com\/es\/wp-json\/wp\/v2\/product_tag?post=1437"}],"curies":[{"name":"wp","href":"https:\/\/api.w.org\/{rel}","templated":true}]}}