{"id":2355,"date":"2023-05-15T13:47:38","date_gmt":"2023-05-15T13:47:38","guid":{"rendered":"http:\/\/chauvetdj-ils.com\/product\/ezlink-par-q4bt-ils\/"},"modified":"2024-01-29T22:44:14","modified_gmt":"2024-01-29T22:44:14","slug":"ezlink-par-q4bt-ils","status":"publish","type":"product","link":"https:\/\/chauvetdj-ils.com\/es\/producto\/ezlink-par-q4bt-ils\/","title":{"rendered":"EZLink Par Q4BT ILS"},"content":{"rendered":"<p>EZLink Par Q4BT ILS es un par LED de cuatro colores (RGBA) que funciona con bater\u00eda con tecnolog\u00eda inal\u00e1mbrica Bluetooth\u00ae incorporada para que pueda controlar directamente desde un tel\u00e9fono inteligente o tableta sin ning\u00fan hardware adicional. Cuenta con la tecnolog\u00eda ILS de vanguardia, lo que significa que este poderoso par se puede usar con Instant Light Shows (ILS), lo que hace que la creaci\u00f3n de espect\u00e1culos de luces coordinados en un n\u00famero ilimitado de tipos de equipos diferentes sea r\u00e1pida y f\u00e1cil. Y las opciones inal\u00e1mbricas siguen llegando con la incorporaci\u00f3n de la compatibilidad USB D-Fi para el control inal\u00e1mbrico principal\/seguidor o DMX. Por supuesto, es posible un control conveniente e inal\u00e1mbrico que no sea DMX usando el control remoto IRC-6. Genera un amplio espectro de colores y logra temperaturas de color de aspecto natural con LED \u00e1mbar impactantes y genera efectos llamativos con programas automatizados y activados por sonido.<\/p>\n","protected":false},"excerpt":{"rendered":"<p>EZLink Par Q4BT ILS es un par LED de cuatro colores (RGBA) que funciona con bater\u00eda con tecnolog\u00eda inal\u00e1mbrica Bluetooth\u00ae incorporada para que pueda controlar directamente desde un tel\u00e9fono inteligente o tableta sin ning\u00fan hardware adicional. Cuenta con la tecnolog\u00eda ILS de vanguardia, lo que significa que este poderoso par se puede usar con Instant [&hellip;]<\/p>\n","protected":false},"featured_media":3540,"comment_status":"open","ping_status":"closed","template":"","meta":[],"product_cat":[62],"product_tag":[81],"class_list":{"0":"post-2355","1":"product","2":"type-product","3":"status-publish","4":"has-post-thumbnail","6":"product_cat-ils-es","7":"product_tag-pares-es","9":"first","10":"instock","11":"product-type-simple"},"acf":[],"yoast_head":"<!-- This site is optimized with the Yoast SEO plugin v27.1.1 - https:\/\/yoast.com\/product\/yoast-seo-wordpress\/ -->\n<title>EZLink Par Q4BT ILS - CHAUVET DJ | Instant Light Shows<\/title>\n<meta name=\"robots\" content=\"index, follow, max-snippet:-1, max-image-preview:large, max-video-preview:-1\" \/>\n<link rel=\"canonical\" href=\"https:\/\/chauvetdj-ils.com\/es\/producto\/ezlink-par-q4bt-ils\/\" \/>\n<meta property=\"og:locale\" content=\"es_ES\" \/>\n<meta property=\"og:type\" content=\"article\" \/>\n<meta property=\"og:title\" content=\"EZLink Par Q4BT ILS - CHAUVET DJ | Instant Light Shows\" \/>\n<meta property=\"og:description\" content=\"EZLink Par Q4BT ILS es un par LED de cuatro colores (RGBA) que funciona con bater\u00eda con tecnolog\u00eda inal\u00e1mbrica Bluetooth\u00ae incorporada para que pueda controlar directamente desde un tel\u00e9fono inteligente o tableta sin ning\u00fan hardware adicional. Cuenta con la tecnolog\u00eda ILS de vanguardia, lo que significa que este poderoso par se puede usar con Instant [&hellip;]\" \/>\n<meta property=\"og:url\" content=\"https:\/\/chauvetdj-ils.com\/es\/producto\/ezlink-par-q4bt-ils\/\" \/>\n<meta property=\"og:site_name\" content=\"CHAUVET DJ | Instant Light Shows\" \/>\n<meta property=\"article:modified_time\" content=\"2024-01-29T22:44:14+00:00\" \/>\n<meta property=\"og:image\" content=\"https:\/\/chauvetdj-ils.com\/wp-content\/uploads\/2023\/11\/EZLink-Par-Q4-BT-ILS-featured.png\" \/>\n\t<meta property=\"og:image:width\" content=\"800\" \/>\n\t<meta property=\"og:image:height\" content=\"800\" \/>\n\t<meta property=\"og:image:type\" content=\"image\/png\" \/>\n<meta name=\"twitter:card\" content=\"summary_large_image\" \/>\n<meta name=\"twitter:label1\" content=\"Est. reading time\" \/>\n\t<meta name=\"twitter:data1\" content=\"1 minuto\" \/>\n<script type=\"application\/ld+json\" class=\"yoast-schema-graph\">{\"@context\":\"https:\/\/schema.org\",\"@graph\":[{\"@type\":\"WebPage\",\"@id\":\"https:\/\/chauvetdj-ils.com\/es\/producto\/ezlink-par-q4bt-ils\/\",\"url\":\"https:\/\/chauvetdj-ils.com\/es\/producto\/ezlink-par-q4bt-ils\/\",\"name\":\"EZLink Par Q4BT ILS - CHAUVET DJ | Instant Light Shows\",\"isPartOf\":{\"@id\":\"https:\/\/chauvetdj-ils.com\/#website\"},\"primaryImageOfPage\":{\"@id\":\"https:\/\/chauvetdj-ils.com\/es\/producto\/ezlink-par-q4bt-ils\/#primaryimage\"},\"image\":{\"@id\":\"https:\/\/chauvetdj-ils.com\/es\/producto\/ezlink-par-q4bt-ils\/#primaryimage\"},\"thumbnailUrl\":\"https:\/\/chauvetdj-ils.com\/wp-content\/uploads\/2023\/11\/EZLink-Par-Q4-BT-ILS-featured.png\",\"datePublished\":\"2023-05-15T13:47:38+00:00\",\"dateModified\":\"2024-01-29T22:44:14+00:00\",\"breadcrumb\":{\"@id\":\"https:\/\/chauvetdj-ils.com\/es\/producto\/ezlink-par-q4bt-ils\/#breadcrumb\"},\"inLanguage\":\"es\",\"potentialAction\":[{\"@type\":\"ReadAction\",\"target\":[\"https:\/\/chauvetdj-ils.com\/es\/producto\/ezlink-par-q4bt-ils\/\"]}]},{\"@type\":\"ImageObject\",\"inLanguage\":\"es\",\"@id\":\"https:\/\/chauvetdj-ils.com\/es\/producto\/ezlink-par-q4bt-ils\/#primaryimage\",\"url\":\"https:\/\/chauvetdj-ils.com\/wp-content\/uploads\/2023\/11\/EZLink-Par-Q4-BT-ILS-featured.png\",\"contentUrl\":\"https:\/\/chauvetdj-ils.com\/wp-content\/uploads\/2023\/11\/EZLink-Par-Q4-BT-ILS-featured.png\",\"width\":800,\"height\":800},{\"@type\":\"BreadcrumbList\",\"@id\":\"https:\/\/chauvetdj-ils.com\/es\/producto\/ezlink-par-q4bt-ils\/#breadcrumb\",\"itemListElement\":[{\"@type\":\"ListItem\",\"position\":1,\"name\":\"Home\",\"item\":\"https:\/\/chauvetdj-ils.com\/es\/\"},{\"@type\":\"ListItem\",\"position\":2,\"name\":\"Home\",\"item\":\"https:\/\/chauvetdj-ils.com\/es\/\"},{\"@type\":\"ListItem\",\"position\":3,\"name\":\"EZLink Par Q4BT ILS\"}]},{\"@type\":\"WebSite\",\"@id\":\"https:\/\/chauvetdj-ils.com\/#website\",\"url\":\"https:\/\/chauvetdj-ils.com\/\",\"name\":\"CHAUVET DJ | Instant Light Shows\",\"description\":\"\",\"publisher\":{\"@id\":\"https:\/\/chauvetdj-ils.com\/#organization\"},\"potentialAction\":[{\"@type\":\"SearchAction\",\"target\":{\"@type\":\"EntryPoint\",\"urlTemplate\":\"https:\/\/chauvetdj-ils.com\/?s={search_term_string}\"},\"query-input\":{\"@type\":\"PropertyValueSpecification\",\"valueRequired\":true,\"valueName\":\"search_term_string\"}}],\"inLanguage\":\"es\"},{\"@type\":\"Organization\",\"@id\":\"https:\/\/chauvetdj-ils.com\/#organization\",\"name\":\"CHAUVET DJ | Instant Light Shows\",\"url\":\"https:\/\/chauvetdj-ils.com\/\",\"logo\":{\"@type\":\"ImageObject\",\"inLanguage\":\"es\",\"@id\":\"https:\/\/chauvetdj-ils.com\/#\/schema\/logo\/image\/\",\"url\":\"https:\/\/chauvetdj-ils.com\/wp-content\/uploads\/2023\/11\/dj-logo.png\",\"contentUrl\":\"https:\/\/chauvetdj-ils.com\/wp-content\/uploads\/2023\/11\/dj-logo.png\",\"width\":253,\"height\":100,\"caption\":\"CHAUVET DJ | Instant Light Shows\"},\"image\":{\"@id\":\"https:\/\/chauvetdj-ils.com\/#\/schema\/logo\/image\/\"}}]}<\/script>\n<!-- \/ Yoast SEO plugin. -->","yoast_head_json":{"title":"EZLink Par Q4BT ILS - CHAUVET DJ | Instant Light Shows","robots":{"index":"index","follow":"follow","max-snippet":"max-snippet:-1","max-image-preview":"max-image-preview:large","max-video-preview":"max-video-preview:-1"},"canonical":"https:\/\/chauvetdj-ils.com\/es\/producto\/ezlink-par-q4bt-ils\/","og_locale":"es_ES","og_type":"article","og_title":"EZLink Par Q4BT ILS - CHAUVET DJ | Instant Light Shows","og_description":"EZLink Par Q4BT ILS es un par LED de cuatro colores (RGBA) que funciona con bater\u00eda con tecnolog\u00eda inal\u00e1mbrica Bluetooth\u00ae incorporada para que pueda controlar directamente desde un tel\u00e9fono inteligente o tableta sin ning\u00fan hardware adicional. Cuenta con la tecnolog\u00eda ILS de vanguardia, lo que significa que este poderoso par se puede usar con Instant [&hellip;]","og_url":"https:\/\/chauvetdj-ils.com\/es\/producto\/ezlink-par-q4bt-ils\/","og_site_name":"CHAUVET DJ | Instant Light Shows","article_modified_time":"2024-01-29T22:44:14+00:00","og_image":[{"width":800,"height":800,"url":"https:\/\/chauvetdj-ils.com\/wp-content\/uploads\/2023\/11\/EZLink-Par-Q4-BT-ILS-featured.png","type":"image\/png"}],"twitter_card":"summary_large_image","twitter_misc":{"Est. reading time":"1 minuto"},"schema":{"@context":"https:\/\/schema.org","@graph":[{"@type":"WebPage","@id":"https:\/\/chauvetdj-ils.com\/es\/producto\/ezlink-par-q4bt-ils\/","url":"https:\/\/chauvetdj-ils.com\/es\/producto\/ezlink-par-q4bt-ils\/","name":"EZLink Par Q4BT ILS - CHAUVET DJ | Instant Light Shows","isPartOf":{"@id":"https:\/\/chauvetdj-ils.com\/#website"},"primaryImageOfPage":{"@id":"https:\/\/chauvetdj-ils.com\/es\/producto\/ezlink-par-q4bt-ils\/#primaryimage"},"image":{"@id":"https:\/\/chauvetdj-ils.com\/es\/producto\/ezlink-par-q4bt-ils\/#primaryimage"},"thumbnailUrl":"https:\/\/chauvetdj-ils.com\/wp-content\/uploads\/2023\/11\/EZLink-Par-Q4-BT-ILS-featured.png","datePublished":"2023-05-15T13:47:38+00:00","dateModified":"2024-01-29T22:44:14+00:00","breadcrumb":{"@id":"https:\/\/chauvetdj-ils.com\/es\/producto\/ezlink-par-q4bt-ils\/#breadcrumb"},"inLanguage":"es","potentialAction":[{"@type":"ReadAction","target":["https:\/\/chauvetdj-ils.com\/es\/producto\/ezlink-par-q4bt-ils\/"]}]},{"@type":"ImageObject","inLanguage":"es","@id":"https:\/\/chauvetdj-ils.com\/es\/producto\/ezlink-par-q4bt-ils\/#primaryimage","url":"https:\/\/chauvetdj-ils.com\/wp-content\/uploads\/2023\/11\/EZLink-Par-Q4-BT-ILS-featured.png","contentUrl":"https:\/\/chauvetdj-ils.com\/wp-content\/uploads\/2023\/11\/EZLink-Par-Q4-BT-ILS-featured.png","width":800,"height":800},{"@type":"BreadcrumbList","@id":"https:\/\/chauvetdj-ils.com\/es\/producto\/ezlink-par-q4bt-ils\/#breadcrumb","itemListElement":[{"@type":"ListItem","position":1,"name":"Home","item":"https:\/\/chauvetdj-ils.com\/es\/"},{"@type":"ListItem","position":2,"name":"Home","item":"https:\/\/chauvetdj-ils.com\/es\/"},{"@type":"ListItem","position":3,"name":"EZLink Par Q4BT ILS"}]},{"@type":"WebSite","@id":"https:\/\/chauvetdj-ils.com\/#website","url":"https:\/\/chauvetdj-ils.com\/","name":"CHAUVET DJ | Instant Light Shows","description":"","publisher":{"@id":"https:\/\/chauvetdj-ils.com\/#organization"},"potentialAction":[{"@type":"SearchAction","target":{"@type":"EntryPoint","urlTemplate":"https:\/\/chauvetdj-ils.com\/?s={search_term_string}"},"query-input":{"@type":"PropertyValueSpecification","valueRequired":true,"valueName":"search_term_string"}}],"inLanguage":"es"},{"@type":"Organization","@id":"https:\/\/chauvetdj-ils.com\/#organization","name":"CHAUVET DJ | Instant Light Shows","url":"https:\/\/chauvetdj-ils.com\/","logo":{"@type":"ImageObject","inLanguage":"es","@id":"https:\/\/chauvetdj-ils.com\/#\/schema\/logo\/image\/","url":"https:\/\/chauvetdj-ils.com\/wp-content\/uploads\/2023\/11\/dj-logo.png","contentUrl":"https:\/\/chauvetdj-ils.com\/wp-content\/uploads\/2023\/11\/dj-logo.png","width":253,"height":100,"caption":"CHAUVET DJ | Instant Light Shows"},"image":{"@id":"https:\/\/chauvetdj-ils.com\/#\/schema\/logo\/image\/"}}]}},"_links":{"self":[{"href":"https:\/\/chauvetdj-ils.com\/es\/wp-json\/wp\/v2\/product\/2355","targetHints":{"allow":["GET"]}}],"collection":[{"href":"https:\/\/chauvetdj-ils.com\/es\/wp-json\/wp\/v2\/product"}],"about":[{"href":"https:\/\/chauvetdj-ils.com\/es\/wp-json\/wp\/v2\/types\/product"}],"replies":[{"embeddable":true,"href":"https:\/\/chauvetdj-ils.com\/es\/wp-json\/wp\/v2\/comments?post=2355"}],"wp:featuredmedia":[{"embeddable":true,"href":"https:\/\/chauvetdj-ils.com\/es\/wp-json\/wp\/v2\/media\/3540"}],"wp:attachment":[{"href":"https:\/\/chauvetdj-ils.com\/es\/wp-json\/wp\/v2\/media?parent=2355"}],"wp:term":[{"taxonomy":"product_cat","embeddable":true,"href":"https:\/\/chauvetdj-ils.com\/es\/wp-json\/wp\/v2\/product_cat?post=2355"},{"taxonomy":"product_tag","embeddable":true,"href":"https:\/\/chauvetdj-ils.com\/es\/wp-json\/wp\/v2\/product_tag?post=2355"}],"curies":[{"name":"wp","href":"https:\/\/api.w.org\/{rel}","templated":true}]}}