{"id":2367,"date":"2023-03-23T21:21:25","date_gmt":"2023-03-23T21:21:25","guid":{"rendered":"http:\/\/chauvetdj-ils.com\/product\/colorband-q3bt-ils\/"},"modified":"2024-01-30T15:10:09","modified_gmt":"2024-01-30T15:10:09","slug":"colorband-q3bt-ils","status":"publish","type":"product","link":"https:\/\/chauvetdj-ils.com\/es\/producto\/colorband-q3bt-ils\/","title":{"rendered":"COLORband Q3BT ILS"},"content":{"rendered":"<p>El universo ILS (Sistema de Iluminaci\u00f3n Integrado) crece con la adici\u00f3n de esta poderosa luz wash lineal de cuatro colores (RGBA) de tama\u00f1o completo con tecnolog\u00eda inal\u00e1mbrica Bluetooth\u00ae incorporada. La compatibilidad con Bluetooth\u00ae e Instant Light Shows (ILS) significa una comodidad casi ilimitada cuando se trata de opciones de control. Por supuesto, la tecnolog\u00eda Bluetooth\u00ae integrada significa que puedes controlar la unidad directamente desde un tel\u00e9fono inteligente o tableta sin ning\u00fan hardware adicional. Pero eso no es todo. COLORband Q3BT ILS tambi\u00e9n cuenta con compatibilidad D-Fi USB para control inal\u00e1mbrico maestro\/esclavo o DMX. Las 3 zonas de control te permiten crear sorprendentes efectos automatizados. Ajusta mejor en la Gear Bag VIP CHS-60.<\/p>\n","protected":false},"excerpt":{"rendered":"<p>El universo ILS (Sistema de Iluminaci\u00f3n Integrado) crece con la adici\u00f3n de esta poderosa luz wash lineal de cuatro colores (RGBA) de tama\u00f1o completo con tecnolog\u00eda inal\u00e1mbrica Bluetooth\u00ae incorporada. La compatibilidad con Bluetooth\u00ae e Instant Light Shows (ILS) significa una comodidad casi ilimitada cuando se trata de opciones de control. Por supuesto, la tecnolog\u00eda Bluetooth\u00ae [&hellip;]<\/p>\n","protected":false},"featured_media":3300,"comment_status":"open","ping_status":"closed","template":"","meta":[],"product_cat":[62],"product_tag":[84],"class_list":{"0":"post-2367","1":"product","2":"type-product","3":"status-publish","4":"has-post-thumbnail","6":"product_cat-ils-es","7":"product_tag-luces-wash-es","9":"first","10":"instock","11":"product-type-simple"},"acf":[],"yoast_head":"<!-- This site is optimized with the Yoast SEO plugin v27.1.1 - https:\/\/yoast.com\/product\/yoast-seo-wordpress\/ -->\n<title>COLORband Q3BT ILS - CHAUVET DJ | Instant Light Shows<\/title>\n<meta name=\"robots\" content=\"index, follow, max-snippet:-1, max-image-preview:large, max-video-preview:-1\" \/>\n<link rel=\"canonical\" href=\"https:\/\/chauvetdj-ils.com\/es\/producto\/colorband-q3bt-ils\/\" \/>\n<meta property=\"og:locale\" content=\"es_ES\" \/>\n<meta property=\"og:type\" content=\"article\" \/>\n<meta property=\"og:title\" content=\"COLORband Q3BT ILS - CHAUVET DJ | Instant Light Shows\" \/>\n<meta property=\"og:description\" content=\"El universo ILS (Sistema de Iluminaci\u00f3n Integrado) crece con la adici\u00f3n de esta poderosa luz wash lineal de cuatro colores (RGBA) de tama\u00f1o completo con tecnolog\u00eda inal\u00e1mbrica Bluetooth\u00ae incorporada. La compatibilidad con Bluetooth\u00ae e Instant Light Shows (ILS) significa una comodidad casi ilimitada cuando se trata de opciones de control. Por supuesto, la tecnolog\u00eda Bluetooth\u00ae [&hellip;]\" \/>\n<meta property=\"og:url\" content=\"https:\/\/chauvetdj-ils.com\/es\/producto\/colorband-q3bt-ils\/\" \/>\n<meta property=\"og:site_name\" content=\"CHAUVET DJ | Instant Light Shows\" \/>\n<meta property=\"article:modified_time\" content=\"2024-01-30T15:10:09+00:00\" \/>\n<meta property=\"og:image\" content=\"https:\/\/chauvetdj-ils.com\/wp-content\/uploads\/2023\/11\/COLORBAND-Q3BT-ILS-FRONT-OFF.jpg\" \/>\n\t<meta property=\"og:image:width\" content=\"800\" \/>\n\t<meta property=\"og:image:height\" content=\"800\" \/>\n\t<meta property=\"og:image:type\" content=\"image\/jpeg\" \/>\n<meta name=\"twitter:card\" content=\"summary_large_image\" \/>\n<meta name=\"twitter:label1\" content=\"Est. reading time\" \/>\n\t<meta name=\"twitter:data1\" content=\"1 minuto\" \/>\n<script type=\"application\/ld+json\" class=\"yoast-schema-graph\">{\"@context\":\"https:\/\/schema.org\",\"@graph\":[{\"@type\":\"WebPage\",\"@id\":\"https:\/\/chauvetdj-ils.com\/es\/producto\/colorband-q3bt-ils\/\",\"url\":\"https:\/\/chauvetdj-ils.com\/es\/producto\/colorband-q3bt-ils\/\",\"name\":\"COLORband Q3BT ILS - CHAUVET DJ | Instant Light Shows\",\"isPartOf\":{\"@id\":\"https:\/\/chauvetdj-ils.com\/#website\"},\"primaryImageOfPage\":{\"@id\":\"https:\/\/chauvetdj-ils.com\/es\/producto\/colorband-q3bt-ils\/#primaryimage\"},\"image\":{\"@id\":\"https:\/\/chauvetdj-ils.com\/es\/producto\/colorband-q3bt-ils\/#primaryimage\"},\"thumbnailUrl\":\"https:\/\/chauvetdj-ils.com\/wp-content\/uploads\/2023\/11\/COLORBAND-Q3BT-ILS-FRONT-OFF.jpg\",\"datePublished\":\"2023-03-23T21:21:25+00:00\",\"dateModified\":\"2024-01-30T15:10:09+00:00\",\"breadcrumb\":{\"@id\":\"https:\/\/chauvetdj-ils.com\/es\/producto\/colorband-q3bt-ils\/#breadcrumb\"},\"inLanguage\":\"es\",\"potentialAction\":[{\"@type\":\"ReadAction\",\"target\":[\"https:\/\/chauvetdj-ils.com\/es\/producto\/colorband-q3bt-ils\/\"]}]},{\"@type\":\"ImageObject\",\"inLanguage\":\"es\",\"@id\":\"https:\/\/chauvetdj-ils.com\/es\/producto\/colorband-q3bt-ils\/#primaryimage\",\"url\":\"https:\/\/chauvetdj-ils.com\/wp-content\/uploads\/2023\/11\/COLORBAND-Q3BT-ILS-FRONT-OFF.jpg\",\"contentUrl\":\"https:\/\/chauvetdj-ils.com\/wp-content\/uploads\/2023\/11\/COLORBAND-Q3BT-ILS-FRONT-OFF.jpg\",\"width\":800,\"height\":800},{\"@type\":\"BreadcrumbList\",\"@id\":\"https:\/\/chauvetdj-ils.com\/es\/producto\/colorband-q3bt-ils\/#breadcrumb\",\"itemListElement\":[{\"@type\":\"ListItem\",\"position\":1,\"name\":\"Home\",\"item\":\"https:\/\/chauvetdj-ils.com\/es\/\"},{\"@type\":\"ListItem\",\"position\":2,\"name\":\"Home\",\"item\":\"https:\/\/chauvetdj-ils.com\/es\/\"},{\"@type\":\"ListItem\",\"position\":3,\"name\":\"COLORband Q3BT ILS\"}]},{\"@type\":\"WebSite\",\"@id\":\"https:\/\/chauvetdj-ils.com\/#website\",\"url\":\"https:\/\/chauvetdj-ils.com\/\",\"name\":\"CHAUVET DJ | Instant Light Shows\",\"description\":\"\",\"publisher\":{\"@id\":\"https:\/\/chauvetdj-ils.com\/#organization\"},\"potentialAction\":[{\"@type\":\"SearchAction\",\"target\":{\"@type\":\"EntryPoint\",\"urlTemplate\":\"https:\/\/chauvetdj-ils.com\/?s={search_term_string}\"},\"query-input\":{\"@type\":\"PropertyValueSpecification\",\"valueRequired\":true,\"valueName\":\"search_term_string\"}}],\"inLanguage\":\"es\"},{\"@type\":\"Organization\",\"@id\":\"https:\/\/chauvetdj-ils.com\/#organization\",\"name\":\"CHAUVET DJ | Instant Light Shows\",\"url\":\"https:\/\/chauvetdj-ils.com\/\",\"logo\":{\"@type\":\"ImageObject\",\"inLanguage\":\"es\",\"@id\":\"https:\/\/chauvetdj-ils.com\/#\/schema\/logo\/image\/\",\"url\":\"https:\/\/chauvetdj-ils.com\/wp-content\/uploads\/2023\/11\/dj-logo.png\",\"contentUrl\":\"https:\/\/chauvetdj-ils.com\/wp-content\/uploads\/2023\/11\/dj-logo.png\",\"width\":253,\"height\":100,\"caption\":\"CHAUVET DJ | Instant Light Shows\"},\"image\":{\"@id\":\"https:\/\/chauvetdj-ils.com\/#\/schema\/logo\/image\/\"}}]}<\/script>\n<!-- \/ Yoast SEO plugin. -->","yoast_head_json":{"title":"COLORband Q3BT ILS - CHAUVET DJ | Instant Light Shows","robots":{"index":"index","follow":"follow","max-snippet":"max-snippet:-1","max-image-preview":"max-image-preview:large","max-video-preview":"max-video-preview:-1"},"canonical":"https:\/\/chauvetdj-ils.com\/es\/producto\/colorband-q3bt-ils\/","og_locale":"es_ES","og_type":"article","og_title":"COLORband Q3BT ILS - CHAUVET DJ | Instant Light Shows","og_description":"El universo ILS (Sistema de Iluminaci\u00f3n Integrado) crece con la adici\u00f3n de esta poderosa luz wash lineal de cuatro colores (RGBA) de tama\u00f1o completo con tecnolog\u00eda inal\u00e1mbrica Bluetooth\u00ae incorporada. La compatibilidad con Bluetooth\u00ae e Instant Light Shows (ILS) significa una comodidad casi ilimitada cuando se trata de opciones de control. Por supuesto, la tecnolog\u00eda Bluetooth\u00ae [&hellip;]","og_url":"https:\/\/chauvetdj-ils.com\/es\/producto\/colorband-q3bt-ils\/","og_site_name":"CHAUVET DJ | Instant Light Shows","article_modified_time":"2024-01-30T15:10:09+00:00","og_image":[{"width":800,"height":800,"url":"https:\/\/chauvetdj-ils.com\/wp-content\/uploads\/2023\/11\/COLORBAND-Q3BT-ILS-FRONT-OFF.jpg","type":"image\/jpeg"}],"twitter_card":"summary_large_image","twitter_misc":{"Est. reading time":"1 minuto"},"schema":{"@context":"https:\/\/schema.org","@graph":[{"@type":"WebPage","@id":"https:\/\/chauvetdj-ils.com\/es\/producto\/colorband-q3bt-ils\/","url":"https:\/\/chauvetdj-ils.com\/es\/producto\/colorband-q3bt-ils\/","name":"COLORband Q3BT ILS - CHAUVET DJ | Instant Light Shows","isPartOf":{"@id":"https:\/\/chauvetdj-ils.com\/#website"},"primaryImageOfPage":{"@id":"https:\/\/chauvetdj-ils.com\/es\/producto\/colorband-q3bt-ils\/#primaryimage"},"image":{"@id":"https:\/\/chauvetdj-ils.com\/es\/producto\/colorband-q3bt-ils\/#primaryimage"},"thumbnailUrl":"https:\/\/chauvetdj-ils.com\/wp-content\/uploads\/2023\/11\/COLORBAND-Q3BT-ILS-FRONT-OFF.jpg","datePublished":"2023-03-23T21:21:25+00:00","dateModified":"2024-01-30T15:10:09+00:00","breadcrumb":{"@id":"https:\/\/chauvetdj-ils.com\/es\/producto\/colorband-q3bt-ils\/#breadcrumb"},"inLanguage":"es","potentialAction":[{"@type":"ReadAction","target":["https:\/\/chauvetdj-ils.com\/es\/producto\/colorband-q3bt-ils\/"]}]},{"@type":"ImageObject","inLanguage":"es","@id":"https:\/\/chauvetdj-ils.com\/es\/producto\/colorband-q3bt-ils\/#primaryimage","url":"https:\/\/chauvetdj-ils.com\/wp-content\/uploads\/2023\/11\/COLORBAND-Q3BT-ILS-FRONT-OFF.jpg","contentUrl":"https:\/\/chauvetdj-ils.com\/wp-content\/uploads\/2023\/11\/COLORBAND-Q3BT-ILS-FRONT-OFF.jpg","width":800,"height":800},{"@type":"BreadcrumbList","@id":"https:\/\/chauvetdj-ils.com\/es\/producto\/colorband-q3bt-ils\/#breadcrumb","itemListElement":[{"@type":"ListItem","position":1,"name":"Home","item":"https:\/\/chauvetdj-ils.com\/es\/"},{"@type":"ListItem","position":2,"name":"Home","item":"https:\/\/chauvetdj-ils.com\/es\/"},{"@type":"ListItem","position":3,"name":"COLORband Q3BT ILS"}]},{"@type":"WebSite","@id":"https:\/\/chauvetdj-ils.com\/#website","url":"https:\/\/chauvetdj-ils.com\/","name":"CHAUVET DJ | Instant Light Shows","description":"","publisher":{"@id":"https:\/\/chauvetdj-ils.com\/#organization"},"potentialAction":[{"@type":"SearchAction","target":{"@type":"EntryPoint","urlTemplate":"https:\/\/chauvetdj-ils.com\/?s={search_term_string}"},"query-input":{"@type":"PropertyValueSpecification","valueRequired":true,"valueName":"search_term_string"}}],"inLanguage":"es"},{"@type":"Organization","@id":"https:\/\/chauvetdj-ils.com\/#organization","name":"CHAUVET DJ | Instant Light Shows","url":"https:\/\/chauvetdj-ils.com\/","logo":{"@type":"ImageObject","inLanguage":"es","@id":"https:\/\/chauvetdj-ils.com\/#\/schema\/logo\/image\/","url":"https:\/\/chauvetdj-ils.com\/wp-content\/uploads\/2023\/11\/dj-logo.png","contentUrl":"https:\/\/chauvetdj-ils.com\/wp-content\/uploads\/2023\/11\/dj-logo.png","width":253,"height":100,"caption":"CHAUVET DJ | Instant Light Shows"},"image":{"@id":"https:\/\/chauvetdj-ils.com\/#\/schema\/logo\/image\/"}}]}},"_links":{"self":[{"href":"https:\/\/chauvetdj-ils.com\/es\/wp-json\/wp\/v2\/product\/2367","targetHints":{"allow":["GET"]}}],"collection":[{"href":"https:\/\/chauvetdj-ils.com\/es\/wp-json\/wp\/v2\/product"}],"about":[{"href":"https:\/\/chauvetdj-ils.com\/es\/wp-json\/wp\/v2\/types\/product"}],"replies":[{"embeddable":true,"href":"https:\/\/chauvetdj-ils.com\/es\/wp-json\/wp\/v2\/comments?post=2367"}],"wp:featuredmedia":[{"embeddable":true,"href":"https:\/\/chauvetdj-ils.com\/es\/wp-json\/wp\/v2\/media\/3300"}],"wp:attachment":[{"href":"https:\/\/chauvetdj-ils.com\/es\/wp-json\/wp\/v2\/media?parent=2367"}],"wp:term":[{"taxonomy":"product_cat","embeddable":true,"href":"https:\/\/chauvetdj-ils.com\/es\/wp-json\/wp\/v2\/product_cat?post=2367"},{"taxonomy":"product_tag","embeddable":true,"href":"https:\/\/chauvetdj-ils.com\/es\/wp-json\/wp\/v2\/product_tag?post=2367"}],"curies":[{"name":"wp","href":"https:\/\/api.w.org\/{rel}","templated":true}]}}