{"id":2370,"date":"2023-01-10T16:05:44","date_gmt":"2023-01-10T16:05:44","guid":{"rendered":"http:\/\/chauvetdj-ils.com\/product\/4bar-quad-ils\/"},"modified":"2024-01-30T15:20:24","modified_gmt":"2024-01-30T15:20:24","slug":"4bar-quad-ils","status":"publish","type":"product","link":"https:\/\/chauvetdj-ils.com\/es\/producto\/4bar-quad-ils\/","title":{"rendered":"4BAR Quad ILS"},"content":{"rendered":"<p>4BAR Quad ILS es una soluci\u00f3n de iluminaci\u00f3n wash completa equipada con LEDs de cuatro colores de alta intensidad (RGBA) que se pueden controlar de forma inal\u00e1mbrica desde el primer momento a trav\u00e9s del interruptor de pie incluido o el controlador IRC-6 opcional. Pero para un control realmente conveniente, la compatibilidad con Instant Light Shows (ILS) hace que la creaci\u00f3n de espect\u00e1culos de luces coordinados en un n\u00famero ilimitado de tipos de equipos diferentes sea f\u00e1cil y r\u00e1pido significa que el control es m\u00e1s f\u00e1cil que nunca. Genera temperaturas de color c\u00e1lidas y naturales con un \u00e1mbar impactante y logra una cobertura total del \u00e1rea colocando individualmente los 4 cabezales ajustables. 4BAR Quad ILS es compatible con D-Fi USB para programaci\u00f3n inal\u00e1mbrica maestro\/esclavo o DMX. Se incluye un pr\u00e1ctico tr\u00edpode y una bolsa de transporte para una instalaci\u00f3n sin esfuerzo y un desmontaje r\u00e1pido. 4BAR Quad ILS se fija de forma segura a la estructura con pernos integrados, lo que aumenta f\u00e1cilmente las opciones de montaje.<\/p>\n","protected":false},"excerpt":{"rendered":"<p>4BAR Quad ILS es una soluci\u00f3n de iluminaci\u00f3n wash completa equipada con LEDs de cuatro colores de alta intensidad (RGBA) que se pueden controlar de forma inal\u00e1mbrica desde el primer momento a trav\u00e9s del interruptor de pie incluido o el controlador IRC-6 opcional. Pero para un control realmente conveniente, la compatibilidad con Instant Light Shows [&hellip;]<\/p>\n","protected":false},"featured_media":3453,"comment_status":"open","ping_status":"closed","template":"","meta":[],"product_cat":[62],"product_tag":[84],"class_list":{"0":"post-2370","1":"product","2":"type-product","3":"status-publish","4":"has-post-thumbnail","6":"product_cat-ils-es","7":"product_tag-luces-wash-es","9":"first","10":"instock","11":"product-type-simple"},"acf":[],"yoast_head":"<!-- This site is optimized with the Yoast SEO plugin v27.1.1 - https:\/\/yoast.com\/product\/yoast-seo-wordpress\/ -->\n<title>4BAR Quad ILS - CHAUVET DJ | Instant Light Shows<\/title>\n<meta name=\"robots\" content=\"index, follow, max-snippet:-1, max-image-preview:large, max-video-preview:-1\" \/>\n<link rel=\"canonical\" href=\"https:\/\/chauvetdj-ils.com\/es\/producto\/4bar-quad-ils\/\" \/>\n<meta property=\"og:locale\" content=\"es_ES\" \/>\n<meta property=\"og:type\" content=\"article\" \/>\n<meta property=\"og:title\" content=\"4BAR Quad ILS - CHAUVET DJ | Instant Light Shows\" \/>\n<meta property=\"og:description\" content=\"4BAR Quad ILS es una soluci\u00f3n de iluminaci\u00f3n wash completa equipada con LEDs de cuatro colores de alta intensidad (RGBA) que se pueden controlar de forma inal\u00e1mbrica desde el primer momento a trav\u00e9s del interruptor de pie incluido o el controlador IRC-6 opcional. Pero para un control realmente conveniente, la compatibilidad con Instant Light Shows [&hellip;]\" \/>\n<meta property=\"og:url\" content=\"https:\/\/chauvetdj-ils.com\/es\/producto\/4bar-quad-ils\/\" \/>\n<meta property=\"og:site_name\" content=\"CHAUVET DJ | Instant Light Shows\" \/>\n<meta property=\"article:modified_time\" content=\"2024-01-30T15:20:24+00:00\" \/>\n<meta property=\"og:image\" content=\"https:\/\/chauvetdj-ils.com\/wp-content\/uploads\/2023\/11\/4BAR-Quad-ILS-FRONT-TRIPOD-off.png\" \/>\n\t<meta property=\"og:image:width\" content=\"800\" \/>\n\t<meta property=\"og:image:height\" content=\"800\" \/>\n\t<meta property=\"og:image:type\" content=\"image\/png\" \/>\n<meta name=\"twitter:card\" content=\"summary_large_image\" \/>\n<meta name=\"twitter:label1\" content=\"Est. reading time\" \/>\n\t<meta name=\"twitter:data1\" content=\"1 minuto\" \/>\n<script type=\"application\/ld+json\" class=\"yoast-schema-graph\">{\"@context\":\"https:\/\/schema.org\",\"@graph\":[{\"@type\":\"WebPage\",\"@id\":\"https:\/\/chauvetdj-ils.com\/es\/producto\/4bar-quad-ils\/\",\"url\":\"https:\/\/chauvetdj-ils.com\/es\/producto\/4bar-quad-ils\/\",\"name\":\"4BAR Quad ILS - CHAUVET DJ | Instant Light Shows\",\"isPartOf\":{\"@id\":\"https:\/\/chauvetdj-ils.com\/#website\"},\"primaryImageOfPage\":{\"@id\":\"https:\/\/chauvetdj-ils.com\/es\/producto\/4bar-quad-ils\/#primaryimage\"},\"image\":{\"@id\":\"https:\/\/chauvetdj-ils.com\/es\/producto\/4bar-quad-ils\/#primaryimage\"},\"thumbnailUrl\":\"https:\/\/chauvetdj-ils.com\/wp-content\/uploads\/2023\/11\/4BAR-Quad-ILS-FRONT-TRIPOD-off.png\",\"datePublished\":\"2023-01-10T16:05:44+00:00\",\"dateModified\":\"2024-01-30T15:20:24+00:00\",\"breadcrumb\":{\"@id\":\"https:\/\/chauvetdj-ils.com\/es\/producto\/4bar-quad-ils\/#breadcrumb\"},\"inLanguage\":\"es\",\"potentialAction\":[{\"@type\":\"ReadAction\",\"target\":[\"https:\/\/chauvetdj-ils.com\/es\/producto\/4bar-quad-ils\/\"]}]},{\"@type\":\"ImageObject\",\"inLanguage\":\"es\",\"@id\":\"https:\/\/chauvetdj-ils.com\/es\/producto\/4bar-quad-ils\/#primaryimage\",\"url\":\"https:\/\/chauvetdj-ils.com\/wp-content\/uploads\/2023\/11\/4BAR-Quad-ILS-FRONT-TRIPOD-off.png\",\"contentUrl\":\"https:\/\/chauvetdj-ils.com\/wp-content\/uploads\/2023\/11\/4BAR-Quad-ILS-FRONT-TRIPOD-off.png\",\"width\":800,\"height\":800},{\"@type\":\"BreadcrumbList\",\"@id\":\"https:\/\/chauvetdj-ils.com\/es\/producto\/4bar-quad-ils\/#breadcrumb\",\"itemListElement\":[{\"@type\":\"ListItem\",\"position\":1,\"name\":\"Home\",\"item\":\"https:\/\/chauvetdj-ils.com\/es\/\"},{\"@type\":\"ListItem\",\"position\":2,\"name\":\"Home\",\"item\":\"https:\/\/chauvetdj-ils.com\/es\/\"},{\"@type\":\"ListItem\",\"position\":3,\"name\":\"4BAR Quad ILS\"}]},{\"@type\":\"WebSite\",\"@id\":\"https:\/\/chauvetdj-ils.com\/#website\",\"url\":\"https:\/\/chauvetdj-ils.com\/\",\"name\":\"CHAUVET DJ | Instant Light Shows\",\"description\":\"\",\"publisher\":{\"@id\":\"https:\/\/chauvetdj-ils.com\/#organization\"},\"potentialAction\":[{\"@type\":\"SearchAction\",\"target\":{\"@type\":\"EntryPoint\",\"urlTemplate\":\"https:\/\/chauvetdj-ils.com\/?s={search_term_string}\"},\"query-input\":{\"@type\":\"PropertyValueSpecification\",\"valueRequired\":true,\"valueName\":\"search_term_string\"}}],\"inLanguage\":\"es\"},{\"@type\":\"Organization\",\"@id\":\"https:\/\/chauvetdj-ils.com\/#organization\",\"name\":\"CHAUVET DJ | Instant Light Shows\",\"url\":\"https:\/\/chauvetdj-ils.com\/\",\"logo\":{\"@type\":\"ImageObject\",\"inLanguage\":\"es\",\"@id\":\"https:\/\/chauvetdj-ils.com\/#\/schema\/logo\/image\/\",\"url\":\"https:\/\/chauvetdj-ils.com\/wp-content\/uploads\/2023\/11\/dj-logo.png\",\"contentUrl\":\"https:\/\/chauvetdj-ils.com\/wp-content\/uploads\/2023\/11\/dj-logo.png\",\"width\":253,\"height\":100,\"caption\":\"CHAUVET DJ | Instant Light Shows\"},\"image\":{\"@id\":\"https:\/\/chauvetdj-ils.com\/#\/schema\/logo\/image\/\"}}]}<\/script>\n<!-- \/ Yoast SEO plugin. -->","yoast_head_json":{"title":"4BAR Quad ILS - CHAUVET DJ | Instant Light Shows","robots":{"index":"index","follow":"follow","max-snippet":"max-snippet:-1","max-image-preview":"max-image-preview:large","max-video-preview":"max-video-preview:-1"},"canonical":"https:\/\/chauvetdj-ils.com\/es\/producto\/4bar-quad-ils\/","og_locale":"es_ES","og_type":"article","og_title":"4BAR Quad ILS - CHAUVET DJ | Instant Light Shows","og_description":"4BAR Quad ILS es una soluci\u00f3n de iluminaci\u00f3n wash completa equipada con LEDs de cuatro colores de alta intensidad (RGBA) que se pueden controlar de forma inal\u00e1mbrica desde el primer momento a trav\u00e9s del interruptor de pie incluido o el controlador IRC-6 opcional. Pero para un control realmente conveniente, la compatibilidad con Instant Light Shows [&hellip;]","og_url":"https:\/\/chauvetdj-ils.com\/es\/producto\/4bar-quad-ils\/","og_site_name":"CHAUVET DJ | Instant Light Shows","article_modified_time":"2024-01-30T15:20:24+00:00","og_image":[{"width":800,"height":800,"url":"https:\/\/chauvetdj-ils.com\/wp-content\/uploads\/2023\/11\/4BAR-Quad-ILS-FRONT-TRIPOD-off.png","type":"image\/png"}],"twitter_card":"summary_large_image","twitter_misc":{"Est. reading time":"1 minuto"},"schema":{"@context":"https:\/\/schema.org","@graph":[{"@type":"WebPage","@id":"https:\/\/chauvetdj-ils.com\/es\/producto\/4bar-quad-ils\/","url":"https:\/\/chauvetdj-ils.com\/es\/producto\/4bar-quad-ils\/","name":"4BAR Quad ILS - CHAUVET DJ | Instant Light Shows","isPartOf":{"@id":"https:\/\/chauvetdj-ils.com\/#website"},"primaryImageOfPage":{"@id":"https:\/\/chauvetdj-ils.com\/es\/producto\/4bar-quad-ils\/#primaryimage"},"image":{"@id":"https:\/\/chauvetdj-ils.com\/es\/producto\/4bar-quad-ils\/#primaryimage"},"thumbnailUrl":"https:\/\/chauvetdj-ils.com\/wp-content\/uploads\/2023\/11\/4BAR-Quad-ILS-FRONT-TRIPOD-off.png","datePublished":"2023-01-10T16:05:44+00:00","dateModified":"2024-01-30T15:20:24+00:00","breadcrumb":{"@id":"https:\/\/chauvetdj-ils.com\/es\/producto\/4bar-quad-ils\/#breadcrumb"},"inLanguage":"es","potentialAction":[{"@type":"ReadAction","target":["https:\/\/chauvetdj-ils.com\/es\/producto\/4bar-quad-ils\/"]}]},{"@type":"ImageObject","inLanguage":"es","@id":"https:\/\/chauvetdj-ils.com\/es\/producto\/4bar-quad-ils\/#primaryimage","url":"https:\/\/chauvetdj-ils.com\/wp-content\/uploads\/2023\/11\/4BAR-Quad-ILS-FRONT-TRIPOD-off.png","contentUrl":"https:\/\/chauvetdj-ils.com\/wp-content\/uploads\/2023\/11\/4BAR-Quad-ILS-FRONT-TRIPOD-off.png","width":800,"height":800},{"@type":"BreadcrumbList","@id":"https:\/\/chauvetdj-ils.com\/es\/producto\/4bar-quad-ils\/#breadcrumb","itemListElement":[{"@type":"ListItem","position":1,"name":"Home","item":"https:\/\/chauvetdj-ils.com\/es\/"},{"@type":"ListItem","position":2,"name":"Home","item":"https:\/\/chauvetdj-ils.com\/es\/"},{"@type":"ListItem","position":3,"name":"4BAR Quad ILS"}]},{"@type":"WebSite","@id":"https:\/\/chauvetdj-ils.com\/#website","url":"https:\/\/chauvetdj-ils.com\/","name":"CHAUVET DJ | Instant Light Shows","description":"","publisher":{"@id":"https:\/\/chauvetdj-ils.com\/#organization"},"potentialAction":[{"@type":"SearchAction","target":{"@type":"EntryPoint","urlTemplate":"https:\/\/chauvetdj-ils.com\/?s={search_term_string}"},"query-input":{"@type":"PropertyValueSpecification","valueRequired":true,"valueName":"search_term_string"}}],"inLanguage":"es"},{"@type":"Organization","@id":"https:\/\/chauvetdj-ils.com\/#organization","name":"CHAUVET DJ | Instant Light Shows","url":"https:\/\/chauvetdj-ils.com\/","logo":{"@type":"ImageObject","inLanguage":"es","@id":"https:\/\/chauvetdj-ils.com\/#\/schema\/logo\/image\/","url":"https:\/\/chauvetdj-ils.com\/wp-content\/uploads\/2023\/11\/dj-logo.png","contentUrl":"https:\/\/chauvetdj-ils.com\/wp-content\/uploads\/2023\/11\/dj-logo.png","width":253,"height":100,"caption":"CHAUVET DJ | Instant Light Shows"},"image":{"@id":"https:\/\/chauvetdj-ils.com\/#\/schema\/logo\/image\/"}}]}},"_links":{"self":[{"href":"https:\/\/chauvetdj-ils.com\/es\/wp-json\/wp\/v2\/product\/2370","targetHints":{"allow":["GET"]}}],"collection":[{"href":"https:\/\/chauvetdj-ils.com\/es\/wp-json\/wp\/v2\/product"}],"about":[{"href":"https:\/\/chauvetdj-ils.com\/es\/wp-json\/wp\/v2\/types\/product"}],"replies":[{"embeddable":true,"href":"https:\/\/chauvetdj-ils.com\/es\/wp-json\/wp\/v2\/comments?post=2370"}],"wp:featuredmedia":[{"embeddable":true,"href":"https:\/\/chauvetdj-ils.com\/es\/wp-json\/wp\/v2\/media\/3453"}],"wp:attachment":[{"href":"https:\/\/chauvetdj-ils.com\/es\/wp-json\/wp\/v2\/media?parent=2370"}],"wp:term":[{"taxonomy":"product_cat","embeddable":true,"href":"https:\/\/chauvetdj-ils.com\/es\/wp-json\/wp\/v2\/product_cat?post=2370"},{"taxonomy":"product_tag","embeddable":true,"href":"https:\/\/chauvetdj-ils.com\/es\/wp-json\/wp\/v2\/product_tag?post=2370"}],"curies":[{"name":"wp","href":"https:\/\/api.w.org\/{rel}","templated":true}]}}