{"id":2373,"date":"2023-01-10T15:13:15","date_gmt":"2023-01-10T15:13:15","guid":{"rendered":"http:\/\/chauvetdj-ils.com\/product\/4bar-flex-q-ils\/"},"modified":"2024-01-30T15:37:40","modified_gmt":"2024-01-30T15:37:40","slug":"4bar-flex-q-ils","status":"publish","type":"product","link":"https:\/\/chauvetdj-ils.com\/es\/producto\/4bar-flex-q-ils\/","title":{"rendered":"4BAR Flex Q ILS"},"content":{"rendered":"<p>La conveniencia completa de la iluminaci\u00f3n wash alcanza nuevas alturas con 4BAR Flex Q ILS. Este sistema todo en uno est\u00e1 equipado con cuatro luminarias par en una barra. Debido a que 4BAR Flex Q ILS es compatible con el Show de Luces Instant\u00e1neo (ILS) que hace que la creaci\u00f3n de espect\u00e1culos de luces coordinados en un n\u00famero ilimitado de equipos diferentes sea f\u00e1cil y r\u00e1pida, generar espect\u00e1culos de luces sincronizados sin DMX es a\u00fan m\u00e1s f\u00e1cil. Los LEDs de cuatro colores (RGBA) de alta intensidad generan un amplio espectro de colores y logran temperaturas de color de aspecto natural con sus llamativos LEDs \u00e1mbar. 4BAR Flex Q ILS se instala y desmonta f\u00e1cilmente en minutos e incluye una pr\u00e1ctica bolsa de transporte. Adem\u00e1s de la versatilidad de la unidad, hay dos soportes en L que le permiten maximizar las posibilidades de instalaci\u00f3n y configuraciones. Monta f\u00e1cilmente hasta 4 equipos adicionales en la parte superior del 4BAR Flex Q ILS y suministra energ\u00eda a luces adicionales usando los enchufes Edison integrados. 4BAR Flex Q ILS se monta en la mayor\u00eda de los tr\u00edpodes o soportes de altavoz, sin necesidad de abrazaderas adicionales, utilizando el orificio de paso. La compatibilidad USB D-Fi\u2122 para el control inal\u00e1mbrico maestro\/esclavo o DMX est\u00e1 integrada y las m\u00faltiples opciones de control incluyen el modo independiente, DMX, el interruptor de pie inal\u00e1mbrico o el IRC-6.<\/p>\n","protected":false},"excerpt":{"rendered":"<p>La conveniencia completa de la iluminaci\u00f3n wash alcanza nuevas alturas con 4BAR Flex Q ILS. Este sistema todo en uno est\u00e1 equipado con cuatro luminarias par en una barra. Debido a que 4BAR Flex Q ILS es compatible con el Show de Luces Instant\u00e1neo (ILS) que hace que la creaci\u00f3n de espect\u00e1culos de luces coordinados [&hellip;]<\/p>\n","protected":false},"featured_media":3357,"comment_status":"open","ping_status":"closed","template":"","meta":[],"product_cat":[62],"product_tag":[84],"class_list":{"0":"post-2373","1":"product","2":"type-product","3":"status-publish","4":"has-post-thumbnail","6":"product_cat-ils-es","7":"product_tag-luces-wash-es","9":"first","10":"instock","11":"product-type-simple"},"acf":[],"yoast_head":"<!-- This site is optimized with the Yoast SEO plugin v27.1.1 - https:\/\/yoast.com\/product\/yoast-seo-wordpress\/ -->\n<title>4BAR Flex Q ILS - CHAUVET DJ | Instant Light Shows<\/title>\n<meta name=\"robots\" content=\"index, follow, max-snippet:-1, max-image-preview:large, max-video-preview:-1\" \/>\n<link rel=\"canonical\" href=\"https:\/\/chauvetdj-ils.com\/es\/producto\/4bar-flex-q-ils\/\" \/>\n<meta property=\"og:locale\" content=\"es_ES\" \/>\n<meta property=\"og:type\" content=\"article\" \/>\n<meta property=\"og:title\" content=\"4BAR Flex Q ILS - CHAUVET DJ | Instant Light Shows\" \/>\n<meta property=\"og:description\" content=\"La conveniencia completa de la iluminaci\u00f3n wash alcanza nuevas alturas con 4BAR Flex Q ILS. Este sistema todo en uno est\u00e1 equipado con cuatro luminarias par en una barra. Debido a que 4BAR Flex Q ILS es compatible con el Show de Luces Instant\u00e1neo (ILS) que hace que la creaci\u00f3n de espect\u00e1culos de luces coordinados [&hellip;]\" \/>\n<meta property=\"og:url\" content=\"https:\/\/chauvetdj-ils.com\/es\/producto\/4bar-flex-q-ils\/\" \/>\n<meta property=\"og:site_name\" content=\"CHAUVET DJ | Instant Light Shows\" \/>\n<meta property=\"article:modified_time\" content=\"2024-01-30T15:37:40+00:00\" \/>\n<meta property=\"og:image\" content=\"https:\/\/chauvetdj-ils.com\/wp-content\/uploads\/2023\/11\/4Bars-flex-q-ILS-off.png\" \/>\n\t<meta property=\"og:image:width\" content=\"800\" \/>\n\t<meta property=\"og:image:height\" content=\"800\" \/>\n\t<meta property=\"og:image:type\" content=\"image\/png\" \/>\n<meta name=\"twitter:card\" content=\"summary_large_image\" \/>\n<meta name=\"twitter:label1\" content=\"Est. reading time\" \/>\n\t<meta name=\"twitter:data1\" content=\"1 minuto\" \/>\n<script type=\"application\/ld+json\" class=\"yoast-schema-graph\">{\"@context\":\"https:\/\/schema.org\",\"@graph\":[{\"@type\":\"WebPage\",\"@id\":\"https:\/\/chauvetdj-ils.com\/es\/producto\/4bar-flex-q-ils\/\",\"url\":\"https:\/\/chauvetdj-ils.com\/es\/producto\/4bar-flex-q-ils\/\",\"name\":\"4BAR Flex Q ILS - CHAUVET DJ | Instant Light Shows\",\"isPartOf\":{\"@id\":\"https:\/\/chauvetdj-ils.com\/#website\"},\"primaryImageOfPage\":{\"@id\":\"https:\/\/chauvetdj-ils.com\/es\/producto\/4bar-flex-q-ils\/#primaryimage\"},\"image\":{\"@id\":\"https:\/\/chauvetdj-ils.com\/es\/producto\/4bar-flex-q-ils\/#primaryimage\"},\"thumbnailUrl\":\"https:\/\/chauvetdj-ils.com\/wp-content\/uploads\/2023\/11\/4Bars-flex-q-ILS-off.png\",\"datePublished\":\"2023-01-10T15:13:15+00:00\",\"dateModified\":\"2024-01-30T15:37:40+00:00\",\"breadcrumb\":{\"@id\":\"https:\/\/chauvetdj-ils.com\/es\/producto\/4bar-flex-q-ils\/#breadcrumb\"},\"inLanguage\":\"es\",\"potentialAction\":[{\"@type\":\"ReadAction\",\"target\":[\"https:\/\/chauvetdj-ils.com\/es\/producto\/4bar-flex-q-ils\/\"]}]},{\"@type\":\"ImageObject\",\"inLanguage\":\"es\",\"@id\":\"https:\/\/chauvetdj-ils.com\/es\/producto\/4bar-flex-q-ils\/#primaryimage\",\"url\":\"https:\/\/chauvetdj-ils.com\/wp-content\/uploads\/2023\/11\/4Bars-flex-q-ILS-off.png\",\"contentUrl\":\"https:\/\/chauvetdj-ils.com\/wp-content\/uploads\/2023\/11\/4Bars-flex-q-ILS-off.png\",\"width\":800,\"height\":800},{\"@type\":\"BreadcrumbList\",\"@id\":\"https:\/\/chauvetdj-ils.com\/es\/producto\/4bar-flex-q-ils\/#breadcrumb\",\"itemListElement\":[{\"@type\":\"ListItem\",\"position\":1,\"name\":\"Home\",\"item\":\"https:\/\/chauvetdj-ils.com\/es\/\"},{\"@type\":\"ListItem\",\"position\":2,\"name\":\"Home\",\"item\":\"https:\/\/chauvetdj-ils.com\/es\/\"},{\"@type\":\"ListItem\",\"position\":3,\"name\":\"4BAR Flex Q ILS\"}]},{\"@type\":\"WebSite\",\"@id\":\"https:\/\/chauvetdj-ils.com\/#website\",\"url\":\"https:\/\/chauvetdj-ils.com\/\",\"name\":\"CHAUVET DJ | Instant Light Shows\",\"description\":\"\",\"publisher\":{\"@id\":\"https:\/\/chauvetdj-ils.com\/#organization\"},\"potentialAction\":[{\"@type\":\"SearchAction\",\"target\":{\"@type\":\"EntryPoint\",\"urlTemplate\":\"https:\/\/chauvetdj-ils.com\/?s={search_term_string}\"},\"query-input\":{\"@type\":\"PropertyValueSpecification\",\"valueRequired\":true,\"valueName\":\"search_term_string\"}}],\"inLanguage\":\"es\"},{\"@type\":\"Organization\",\"@id\":\"https:\/\/chauvetdj-ils.com\/#organization\",\"name\":\"CHAUVET DJ | Instant Light Shows\",\"url\":\"https:\/\/chauvetdj-ils.com\/\",\"logo\":{\"@type\":\"ImageObject\",\"inLanguage\":\"es\",\"@id\":\"https:\/\/chauvetdj-ils.com\/#\/schema\/logo\/image\/\",\"url\":\"https:\/\/chauvetdj-ils.com\/wp-content\/uploads\/2023\/11\/dj-logo.png\",\"contentUrl\":\"https:\/\/chauvetdj-ils.com\/wp-content\/uploads\/2023\/11\/dj-logo.png\",\"width\":253,\"height\":100,\"caption\":\"CHAUVET DJ | Instant Light Shows\"},\"image\":{\"@id\":\"https:\/\/chauvetdj-ils.com\/#\/schema\/logo\/image\/\"}}]}<\/script>\n<!-- \/ Yoast SEO plugin. -->","yoast_head_json":{"title":"4BAR Flex Q ILS - CHAUVET DJ | Instant Light Shows","robots":{"index":"index","follow":"follow","max-snippet":"max-snippet:-1","max-image-preview":"max-image-preview:large","max-video-preview":"max-video-preview:-1"},"canonical":"https:\/\/chauvetdj-ils.com\/es\/producto\/4bar-flex-q-ils\/","og_locale":"es_ES","og_type":"article","og_title":"4BAR Flex Q ILS - CHAUVET DJ | Instant Light Shows","og_description":"La conveniencia completa de la iluminaci\u00f3n wash alcanza nuevas alturas con 4BAR Flex Q ILS. Este sistema todo en uno est\u00e1 equipado con cuatro luminarias par en una barra. Debido a que 4BAR Flex Q ILS es compatible con el Show de Luces Instant\u00e1neo (ILS) que hace que la creaci\u00f3n de espect\u00e1culos de luces coordinados [&hellip;]","og_url":"https:\/\/chauvetdj-ils.com\/es\/producto\/4bar-flex-q-ils\/","og_site_name":"CHAUVET DJ | Instant Light Shows","article_modified_time":"2024-01-30T15:37:40+00:00","og_image":[{"width":800,"height":800,"url":"https:\/\/chauvetdj-ils.com\/wp-content\/uploads\/2023\/11\/4Bars-flex-q-ILS-off.png","type":"image\/png"}],"twitter_card":"summary_large_image","twitter_misc":{"Est. reading time":"1 minuto"},"schema":{"@context":"https:\/\/schema.org","@graph":[{"@type":"WebPage","@id":"https:\/\/chauvetdj-ils.com\/es\/producto\/4bar-flex-q-ils\/","url":"https:\/\/chauvetdj-ils.com\/es\/producto\/4bar-flex-q-ils\/","name":"4BAR Flex Q ILS - CHAUVET DJ | Instant Light Shows","isPartOf":{"@id":"https:\/\/chauvetdj-ils.com\/#website"},"primaryImageOfPage":{"@id":"https:\/\/chauvetdj-ils.com\/es\/producto\/4bar-flex-q-ils\/#primaryimage"},"image":{"@id":"https:\/\/chauvetdj-ils.com\/es\/producto\/4bar-flex-q-ils\/#primaryimage"},"thumbnailUrl":"https:\/\/chauvetdj-ils.com\/wp-content\/uploads\/2023\/11\/4Bars-flex-q-ILS-off.png","datePublished":"2023-01-10T15:13:15+00:00","dateModified":"2024-01-30T15:37:40+00:00","breadcrumb":{"@id":"https:\/\/chauvetdj-ils.com\/es\/producto\/4bar-flex-q-ils\/#breadcrumb"},"inLanguage":"es","potentialAction":[{"@type":"ReadAction","target":["https:\/\/chauvetdj-ils.com\/es\/producto\/4bar-flex-q-ils\/"]}]},{"@type":"ImageObject","inLanguage":"es","@id":"https:\/\/chauvetdj-ils.com\/es\/producto\/4bar-flex-q-ils\/#primaryimage","url":"https:\/\/chauvetdj-ils.com\/wp-content\/uploads\/2023\/11\/4Bars-flex-q-ILS-off.png","contentUrl":"https:\/\/chauvetdj-ils.com\/wp-content\/uploads\/2023\/11\/4Bars-flex-q-ILS-off.png","width":800,"height":800},{"@type":"BreadcrumbList","@id":"https:\/\/chauvetdj-ils.com\/es\/producto\/4bar-flex-q-ils\/#breadcrumb","itemListElement":[{"@type":"ListItem","position":1,"name":"Home","item":"https:\/\/chauvetdj-ils.com\/es\/"},{"@type":"ListItem","position":2,"name":"Home","item":"https:\/\/chauvetdj-ils.com\/es\/"},{"@type":"ListItem","position":3,"name":"4BAR Flex Q ILS"}]},{"@type":"WebSite","@id":"https:\/\/chauvetdj-ils.com\/#website","url":"https:\/\/chauvetdj-ils.com\/","name":"CHAUVET DJ | Instant Light Shows","description":"","publisher":{"@id":"https:\/\/chauvetdj-ils.com\/#organization"},"potentialAction":[{"@type":"SearchAction","target":{"@type":"EntryPoint","urlTemplate":"https:\/\/chauvetdj-ils.com\/?s={search_term_string}"},"query-input":{"@type":"PropertyValueSpecification","valueRequired":true,"valueName":"search_term_string"}}],"inLanguage":"es"},{"@type":"Organization","@id":"https:\/\/chauvetdj-ils.com\/#organization","name":"CHAUVET DJ | Instant Light Shows","url":"https:\/\/chauvetdj-ils.com\/","logo":{"@type":"ImageObject","inLanguage":"es","@id":"https:\/\/chauvetdj-ils.com\/#\/schema\/logo\/image\/","url":"https:\/\/chauvetdj-ils.com\/wp-content\/uploads\/2023\/11\/dj-logo.png","contentUrl":"https:\/\/chauvetdj-ils.com\/wp-content\/uploads\/2023\/11\/dj-logo.png","width":253,"height":100,"caption":"CHAUVET DJ | Instant Light Shows"},"image":{"@id":"https:\/\/chauvetdj-ils.com\/#\/schema\/logo\/image\/"}}]}},"_links":{"self":[{"href":"https:\/\/chauvetdj-ils.com\/es\/wp-json\/wp\/v2\/product\/2373","targetHints":{"allow":["GET"]}}],"collection":[{"href":"https:\/\/chauvetdj-ils.com\/es\/wp-json\/wp\/v2\/product"}],"about":[{"href":"https:\/\/chauvetdj-ils.com\/es\/wp-json\/wp\/v2\/types\/product"}],"replies":[{"embeddable":true,"href":"https:\/\/chauvetdj-ils.com\/es\/wp-json\/wp\/v2\/comments?post=2373"}],"wp:featuredmedia":[{"embeddable":true,"href":"https:\/\/chauvetdj-ils.com\/es\/wp-json\/wp\/v2\/media\/3357"}],"wp:attachment":[{"href":"https:\/\/chauvetdj-ils.com\/es\/wp-json\/wp\/v2\/media?parent=2373"}],"wp:term":[{"taxonomy":"product_cat","embeddable":true,"href":"https:\/\/chauvetdj-ils.com\/es\/wp-json\/wp\/v2\/product_cat?post=2373"},{"taxonomy":"product_tag","embeddable":true,"href":"https:\/\/chauvetdj-ils.com\/es\/wp-json\/wp\/v2\/product_tag?post=2373"}],"curies":[{"name":"wp","href":"https:\/\/api.w.org\/{rel}","templated":true}]}}