{"id":2424,"date":"2022-05-31T13:10:53","date_gmt":"2022-05-31T13:10:53","guid":{"rendered":"http:\/\/chauvetdj-ils.com\/product\/gigbar-move-ils\/"},"modified":"2024-04-23T20:45:47","modified_gmt":"2024-04-23T20:45:47","slug":"gigbar-move-ils","status":"publish","type":"product","link":"https:\/\/chauvetdj-ils.com\/es\/producto\/gigbar-move-ils\/","title":{"rendered":"GigBAR Move + ILS"},"content":{"rendered":"<p>El futuro de la sincronizaci\u00f3n de la iluminaci\u00f3n f\u00e1cil est\u00e1 aqu\u00ed con GigBAR Move + ILS. Este poderoso miembro de la familia GigBAR controla el Instant Light Shows (ILS), la tecnolog\u00eda de iluminaci\u00f3n din\u00e1mica que proporciona un espect\u00e1culo de luces avanzado y coordinado en m\u00faltiples tipos de equipos. GigBAR Move + ILS puede controlar cualquier luminaria habilitada para ILS, con cable o de forma inal\u00e1mbrica. GigBAR Move + ILS es un sistema de iluminaci\u00f3n 5 en 1 que incluye cabezas m\u00f3viles, derbies, washes, l\u00e1ser y efecto estrobosc\u00f3pico premontados en una sola barra. Se puede acceder f\u00e1cilmente a la navegaci\u00f3n y al acceso a todas las potentes funciones de la cabeza m\u00f3vil de 32 W directamente desde la pantalla LCD a todo color y el modo totem mantiene las cabezas m\u00f3viles enfocadas en la pista de baile. Los LEDs UV incorporados iluminan los objetos fluorescentes para lograr deslumbrantes efectos de luz negra. GigBAR Move + ILS brinda control individual de cada efecto para garantizar que el espect\u00e1culo se vea como lo necesitas, \u00a1pero ya no es necesario apuntar un control remoto directamente a la unidad! El mando a distancia RF incluido activa espect\u00e1culos integrados sin necesidad de operaci\u00f3n de l\u00ednea de visi\u00f3n. Otras opciones de control f\u00e1ciles incluyen el modo independiente, DMX o interruptor de pie inal\u00e1mbrico. El paquete GigBAR Move + ILS incluye un tr\u00edpode, un pedal inal\u00e1mbrico, un control remoto RF y bolsas de transporte GRATIS para garantizar una configuraci\u00f3n r\u00e1pida.<\/p>\n<p><img loading=\"lazy\" decoding=\"async\" class=\"alignnone size-thumbnail wp-image-104357\" src=\"http:\/\/chauvetdj-ils.com\/wp-content\/uploads\/2023\/11\/Final-Pro-Mobile-Awards-logo-150x150.png\" alt=\"\" width=\"75\" height=\"75\" \/><\/p>\n","protected":false},"excerpt":{"rendered":"<p>El futuro de la sincronizaci\u00f3n de la iluminaci\u00f3n f\u00e1cil est\u00e1 aqu\u00ed con GigBAR Move + ILS. Este poderoso miembro de la familia GigBAR controla el Instant Light Shows (ILS), la tecnolog\u00eda de iluminaci\u00f3n din\u00e1mica que proporciona un espect\u00e1culo de luces avanzado y coordinado en m\u00faltiples tipos de equipos. GigBAR Move + ILS puede controlar cualquier [&hellip;]<\/p>\n","protected":false},"featured_media":4850,"comment_status":"open","ping_status":"closed","template":"","meta":[],"product_cat":[62],"product_tag":[78,87,90,84],"class_list":{"0":"post-2424","1":"product","2":"type-product","3":"status-publish","4":"has-post-thumbnail","6":"product_cat-ils-es","7":"product_tag-cabezas-moviles-es","8":"product_tag-efectos-es","9":"product_tag-lasers-es","10":"product_tag-luces-wash-es","12":"first","13":"instock","14":"product-type-simple"},"acf":[],"yoast_head":"<!-- This site is optimized with the Yoast SEO plugin v27.1.1 - https:\/\/yoast.com\/product\/yoast-seo-wordpress\/ -->\n<title>GigBAR Move + ILS - CHAUVET DJ | Instant Light Shows<\/title>\n<meta name=\"robots\" content=\"index, follow, max-snippet:-1, max-image-preview:large, max-video-preview:-1\" \/>\n<link rel=\"canonical\" href=\"https:\/\/chauvetdj-ils.com\/es\/producto\/gigbar-move-ils\/\" \/>\n<meta property=\"og:locale\" content=\"es_ES\" \/>\n<meta property=\"og:type\" content=\"article\" \/>\n<meta property=\"og:title\" content=\"GigBAR Move + ILS - CHAUVET DJ | Instant Light Shows\" \/>\n<meta property=\"og:description\" content=\"El futuro de la sincronizaci\u00f3n de la iluminaci\u00f3n f\u00e1cil est\u00e1 aqu\u00ed con GigBAR Move + ILS. Este poderoso miembro de la familia GigBAR controla el Instant Light Shows (ILS), la tecnolog\u00eda de iluminaci\u00f3n din\u00e1mica que proporciona un espect\u00e1culo de luces avanzado y coordinado en m\u00faltiples tipos de equipos. GigBAR Move + ILS puede controlar cualquier [&hellip;]\" \/>\n<meta property=\"og:url\" content=\"https:\/\/chauvetdj-ils.com\/es\/producto\/gigbar-move-ils\/\" \/>\n<meta property=\"og:site_name\" content=\"CHAUVET DJ | Instant Light Shows\" \/>\n<meta property=\"article:modified_time\" content=\"2024-04-23T20:45:47+00:00\" \/>\n<meta property=\"og:image\" content=\"https:\/\/chauvetdj-ils.com\/wp-content\/uploads\/2022\/05\/GigBAR-Move-ILS.png\" \/>\n\t<meta property=\"og:image:width\" content=\"800\" \/>\n\t<meta property=\"og:image:height\" content=\"800\" \/>\n\t<meta property=\"og:image:type\" content=\"image\/png\" \/>\n<meta name=\"twitter:card\" content=\"summary_large_image\" \/>\n<meta name=\"twitter:label1\" content=\"Est. reading time\" \/>\n\t<meta name=\"twitter:data1\" content=\"1 minuto\" \/>\n<script type=\"application\/ld+json\" class=\"yoast-schema-graph\">{\"@context\":\"https:\/\/schema.org\",\"@graph\":[{\"@type\":\"WebPage\",\"@id\":\"https:\/\/chauvetdj-ils.com\/es\/producto\/gigbar-move-ils\/\",\"url\":\"https:\/\/chauvetdj-ils.com\/es\/producto\/gigbar-move-ils\/\",\"name\":\"GigBAR Move + ILS - CHAUVET DJ | Instant Light Shows\",\"isPartOf\":{\"@id\":\"https:\/\/chauvetdj-ils.com\/#website\"},\"primaryImageOfPage\":{\"@id\":\"https:\/\/chauvetdj-ils.com\/es\/producto\/gigbar-move-ils\/#primaryimage\"},\"image\":{\"@id\":\"https:\/\/chauvetdj-ils.com\/es\/producto\/gigbar-move-ils\/#primaryimage\"},\"thumbnailUrl\":\"https:\/\/chauvetdj-ils.com\/wp-content\/uploads\/2022\/05\/GigBAR-Move-ILS.png\",\"datePublished\":\"2022-05-31T13:10:53+00:00\",\"dateModified\":\"2024-04-23T20:45:47+00:00\",\"breadcrumb\":{\"@id\":\"https:\/\/chauvetdj-ils.com\/es\/producto\/gigbar-move-ils\/#breadcrumb\"},\"inLanguage\":\"es\",\"potentialAction\":[{\"@type\":\"ReadAction\",\"target\":[\"https:\/\/chauvetdj-ils.com\/es\/producto\/gigbar-move-ils\/\"]}]},{\"@type\":\"ImageObject\",\"inLanguage\":\"es\",\"@id\":\"https:\/\/chauvetdj-ils.com\/es\/producto\/gigbar-move-ils\/#primaryimage\",\"url\":\"https:\/\/chauvetdj-ils.com\/wp-content\/uploads\/2022\/05\/GigBAR-Move-ILS.png\",\"contentUrl\":\"https:\/\/chauvetdj-ils.com\/wp-content\/uploads\/2022\/05\/GigBAR-Move-ILS.png\",\"width\":800,\"height\":800},{\"@type\":\"BreadcrumbList\",\"@id\":\"https:\/\/chauvetdj-ils.com\/es\/producto\/gigbar-move-ils\/#breadcrumb\",\"itemListElement\":[{\"@type\":\"ListItem\",\"position\":1,\"name\":\"Home\",\"item\":\"https:\/\/chauvetdj-ils.com\/es\/\"},{\"@type\":\"ListItem\",\"position\":2,\"name\":\"Home\",\"item\":\"https:\/\/chauvetdj-ils.com\/es\/\"},{\"@type\":\"ListItem\",\"position\":3,\"name\":\"GigBAR Move + ILS\"}]},{\"@type\":\"WebSite\",\"@id\":\"https:\/\/chauvetdj-ils.com\/#website\",\"url\":\"https:\/\/chauvetdj-ils.com\/\",\"name\":\"CHAUVET DJ | Instant Light Shows\",\"description\":\"\",\"publisher\":{\"@id\":\"https:\/\/chauvetdj-ils.com\/#organization\"},\"potentialAction\":[{\"@type\":\"SearchAction\",\"target\":{\"@type\":\"EntryPoint\",\"urlTemplate\":\"https:\/\/chauvetdj-ils.com\/?s={search_term_string}\"},\"query-input\":{\"@type\":\"PropertyValueSpecification\",\"valueRequired\":true,\"valueName\":\"search_term_string\"}}],\"inLanguage\":\"es\"},{\"@type\":\"Organization\",\"@id\":\"https:\/\/chauvetdj-ils.com\/#organization\",\"name\":\"CHAUVET DJ | Instant Light Shows\",\"url\":\"https:\/\/chauvetdj-ils.com\/\",\"logo\":{\"@type\":\"ImageObject\",\"inLanguage\":\"es\",\"@id\":\"https:\/\/chauvetdj-ils.com\/#\/schema\/logo\/image\/\",\"url\":\"https:\/\/chauvetdj-ils.com\/wp-content\/uploads\/2023\/11\/dj-logo.png\",\"contentUrl\":\"https:\/\/chauvetdj-ils.com\/wp-content\/uploads\/2023\/11\/dj-logo.png\",\"width\":253,\"height\":100,\"caption\":\"CHAUVET DJ | Instant Light Shows\"},\"image\":{\"@id\":\"https:\/\/chauvetdj-ils.com\/#\/schema\/logo\/image\/\"}}]}<\/script>\n<!-- \/ Yoast SEO plugin. -->","yoast_head_json":{"title":"GigBAR Move + ILS - CHAUVET DJ | Instant Light Shows","robots":{"index":"index","follow":"follow","max-snippet":"max-snippet:-1","max-image-preview":"max-image-preview:large","max-video-preview":"max-video-preview:-1"},"canonical":"https:\/\/chauvetdj-ils.com\/es\/producto\/gigbar-move-ils\/","og_locale":"es_ES","og_type":"article","og_title":"GigBAR Move + ILS - CHAUVET DJ | Instant Light Shows","og_description":"El futuro de la sincronizaci\u00f3n de la iluminaci\u00f3n f\u00e1cil est\u00e1 aqu\u00ed con GigBAR Move + ILS. Este poderoso miembro de la familia GigBAR controla el Instant Light Shows (ILS), la tecnolog\u00eda de iluminaci\u00f3n din\u00e1mica que proporciona un espect\u00e1culo de luces avanzado y coordinado en m\u00faltiples tipos de equipos. GigBAR Move + ILS puede controlar cualquier [&hellip;]","og_url":"https:\/\/chauvetdj-ils.com\/es\/producto\/gigbar-move-ils\/","og_site_name":"CHAUVET DJ | Instant Light Shows","article_modified_time":"2024-04-23T20:45:47+00:00","og_image":[{"width":800,"height":800,"url":"https:\/\/chauvetdj-ils.com\/wp-content\/uploads\/2022\/05\/GigBAR-Move-ILS.png","type":"image\/png"}],"twitter_card":"summary_large_image","twitter_misc":{"Est. reading time":"1 minuto"},"schema":{"@context":"https:\/\/schema.org","@graph":[{"@type":"WebPage","@id":"https:\/\/chauvetdj-ils.com\/es\/producto\/gigbar-move-ils\/","url":"https:\/\/chauvetdj-ils.com\/es\/producto\/gigbar-move-ils\/","name":"GigBAR Move + ILS - CHAUVET DJ | Instant Light Shows","isPartOf":{"@id":"https:\/\/chauvetdj-ils.com\/#website"},"primaryImageOfPage":{"@id":"https:\/\/chauvetdj-ils.com\/es\/producto\/gigbar-move-ils\/#primaryimage"},"image":{"@id":"https:\/\/chauvetdj-ils.com\/es\/producto\/gigbar-move-ils\/#primaryimage"},"thumbnailUrl":"https:\/\/chauvetdj-ils.com\/wp-content\/uploads\/2022\/05\/GigBAR-Move-ILS.png","datePublished":"2022-05-31T13:10:53+00:00","dateModified":"2024-04-23T20:45:47+00:00","breadcrumb":{"@id":"https:\/\/chauvetdj-ils.com\/es\/producto\/gigbar-move-ils\/#breadcrumb"},"inLanguage":"es","potentialAction":[{"@type":"ReadAction","target":["https:\/\/chauvetdj-ils.com\/es\/producto\/gigbar-move-ils\/"]}]},{"@type":"ImageObject","inLanguage":"es","@id":"https:\/\/chauvetdj-ils.com\/es\/producto\/gigbar-move-ils\/#primaryimage","url":"https:\/\/chauvetdj-ils.com\/wp-content\/uploads\/2022\/05\/GigBAR-Move-ILS.png","contentUrl":"https:\/\/chauvetdj-ils.com\/wp-content\/uploads\/2022\/05\/GigBAR-Move-ILS.png","width":800,"height":800},{"@type":"BreadcrumbList","@id":"https:\/\/chauvetdj-ils.com\/es\/producto\/gigbar-move-ils\/#breadcrumb","itemListElement":[{"@type":"ListItem","position":1,"name":"Home","item":"https:\/\/chauvetdj-ils.com\/es\/"},{"@type":"ListItem","position":2,"name":"Home","item":"https:\/\/chauvetdj-ils.com\/es\/"},{"@type":"ListItem","position":3,"name":"GigBAR Move + ILS"}]},{"@type":"WebSite","@id":"https:\/\/chauvetdj-ils.com\/#website","url":"https:\/\/chauvetdj-ils.com\/","name":"CHAUVET DJ | Instant Light Shows","description":"","publisher":{"@id":"https:\/\/chauvetdj-ils.com\/#organization"},"potentialAction":[{"@type":"SearchAction","target":{"@type":"EntryPoint","urlTemplate":"https:\/\/chauvetdj-ils.com\/?s={search_term_string}"},"query-input":{"@type":"PropertyValueSpecification","valueRequired":true,"valueName":"search_term_string"}}],"inLanguage":"es"},{"@type":"Organization","@id":"https:\/\/chauvetdj-ils.com\/#organization","name":"CHAUVET DJ | Instant Light Shows","url":"https:\/\/chauvetdj-ils.com\/","logo":{"@type":"ImageObject","inLanguage":"es","@id":"https:\/\/chauvetdj-ils.com\/#\/schema\/logo\/image\/","url":"https:\/\/chauvetdj-ils.com\/wp-content\/uploads\/2023\/11\/dj-logo.png","contentUrl":"https:\/\/chauvetdj-ils.com\/wp-content\/uploads\/2023\/11\/dj-logo.png","width":253,"height":100,"caption":"CHAUVET DJ | Instant Light Shows"},"image":{"@id":"https:\/\/chauvetdj-ils.com\/#\/schema\/logo\/image\/"}}]}},"_links":{"self":[{"href":"https:\/\/chauvetdj-ils.com\/es\/wp-json\/wp\/v2\/product\/2424","targetHints":{"allow":["GET"]}}],"collection":[{"href":"https:\/\/chauvetdj-ils.com\/es\/wp-json\/wp\/v2\/product"}],"about":[{"href":"https:\/\/chauvetdj-ils.com\/es\/wp-json\/wp\/v2\/types\/product"}],"replies":[{"embeddable":true,"href":"https:\/\/chauvetdj-ils.com\/es\/wp-json\/wp\/v2\/comments?post=2424"}],"wp:featuredmedia":[{"embeddable":true,"href":"https:\/\/chauvetdj-ils.com\/es\/wp-json\/wp\/v2\/media\/4850"}],"wp:attachment":[{"href":"https:\/\/chauvetdj-ils.com\/es\/wp-json\/wp\/v2\/media?parent=2424"}],"wp:term":[{"taxonomy":"product_cat","embeddable":true,"href":"https:\/\/chauvetdj-ils.com\/es\/wp-json\/wp\/v2\/product_cat?post=2424"},{"taxonomy":"product_tag","embeddable":true,"href":"https:\/\/chauvetdj-ils.com\/es\/wp-json\/wp\/v2\/product_tag?post=2424"}],"curies":[{"name":"wp","href":"https:\/\/api.w.org\/{rel}","templated":true}]}}