{"id":2430,"date":"2022-05-31T10:00:08","date_gmt":"2022-05-31T10:00:08","guid":{"rendered":"http:\/\/chauvetdj-ils.com\/product\/swarm-wash-fx-ils\/"},"modified":"2024-01-31T15:09:36","modified_gmt":"2024-01-31T15:09:36","slug":"swarm-wash-fx-ils","status":"publish","type":"product","link":"https:\/\/chauvetdj-ils.com\/es\/producto\/swarm-wash-fx-ils\/","title":{"rendered":"Swarm Wash FX ILS"},"content":{"rendered":"<p>La emoci\u00f3n de la iluminaci\u00f3n din\u00e1mica est\u00e1 al alcance de la mano con Swarm Wash FX ILS, una luz LED 4 en 1 que combina un derby giratorio RGBAW, wash RGB+UV, l\u00e1ser rojo\/verde y un anillo de luces estrobosc\u00f3picas SMD blancas. Imagina rayos l\u00e1ser rojos y verdes que proyectan miles de haces y programas autom\u00e1ticos y activados por sonido atractivos e integrados que son f\u00e1ciles de generar. Es toda la realidad de Swarm Wash FX ILS. Pero el impacto de estos poderosos paquetes de luces para fiestas es su compatibilidad con Instant Light Shows (ILS) de vanguardia que facilita la creaci\u00f3n de espect\u00e1culos de luces coordinados en diferentes tipos de equipos. Swarm Wash FX ILS tambi\u00e9n tiene compatibilidad D-Fi USB para control inal\u00e1mbrico maestro\/esclavo o DMX. Accede a los programas automatizados incorporados a trav\u00e9s del control remoto IRC6, Maestro\/Esclavo o DMX.<\/p>\n","protected":false},"excerpt":{"rendered":"<p>La emoci\u00f3n de la iluminaci\u00f3n din\u00e1mica est\u00e1 al alcance de la mano con Swarm Wash FX ILS, una luz LED 4 en 1 que combina un derby giratorio RGBAW, wash RGB+UV, l\u00e1ser rojo\/verde y un anillo de luces estrobosc\u00f3picas SMD blancas. Imagina rayos l\u00e1ser rojos y verdes que proyectan miles de haces y programas autom\u00e1ticos [&hellip;]<\/p>\n","protected":false},"featured_media":2484,"comment_status":"open","ping_status":"closed","template":"","meta":[],"product_cat":[62],"product_tag":[87,84],"class_list":{"0":"post-2430","1":"product","2":"type-product","3":"status-publish","4":"has-post-thumbnail","6":"product_cat-ils-es","7":"product_tag-efectos-es","8":"product_tag-luces-wash-es","10":"first","11":"instock","12":"product-type-simple"},"acf":[],"yoast_head":"<!-- This site is optimized with the Yoast SEO plugin v27.1.1 - https:\/\/yoast.com\/product\/yoast-seo-wordpress\/ -->\n<title>Swarm Wash FX ILS - CHAUVET DJ | Instant Light Shows<\/title>\n<meta name=\"robots\" content=\"index, follow, max-snippet:-1, max-image-preview:large, max-video-preview:-1\" \/>\n<link rel=\"canonical\" href=\"https:\/\/chauvetdj-ils.com\/es\/producto\/swarm-wash-fx-ils\/\" \/>\n<meta property=\"og:locale\" content=\"es_ES\" \/>\n<meta property=\"og:type\" content=\"article\" \/>\n<meta property=\"og:title\" content=\"Swarm Wash FX ILS - CHAUVET DJ | Instant Light Shows\" \/>\n<meta property=\"og:description\" content=\"La emoci\u00f3n de la iluminaci\u00f3n din\u00e1mica est\u00e1 al alcance de la mano con Swarm Wash FX ILS, una luz LED 4 en 1 que combina un derby giratorio RGBAW, wash RGB+UV, l\u00e1ser rojo\/verde y un anillo de luces estrobosc\u00f3picas SMD blancas. Imagina rayos l\u00e1ser rojos y verdes que proyectan miles de haces y programas autom\u00e1ticos [&hellip;]\" \/>\n<meta property=\"og:url\" content=\"https:\/\/chauvetdj-ils.com\/es\/producto\/swarm-wash-fx-ils\/\" \/>\n<meta property=\"og:site_name\" content=\"CHAUVET DJ | Instant Light Shows\" \/>\n<meta property=\"article:modified_time\" content=\"2024-01-31T15:09:36+00:00\" \/>\n<meta property=\"og:image\" content=\"https:\/\/chauvetdj-ils.com\/wp-content\/uploads\/2023\/11\/cat-prod-Swarm-Wash-FX.jpg\" \/>\n\t<meta property=\"og:image:width\" content=\"800\" \/>\n\t<meta property=\"og:image:height\" content=\"800\" \/>\n\t<meta property=\"og:image:type\" content=\"image\/jpeg\" \/>\n<meta name=\"twitter:card\" content=\"summary_large_image\" \/>\n<meta name=\"twitter:label1\" content=\"Est. reading time\" \/>\n\t<meta name=\"twitter:data1\" content=\"1 minuto\" \/>\n<script type=\"application\/ld+json\" class=\"yoast-schema-graph\">{\"@context\":\"https:\/\/schema.org\",\"@graph\":[{\"@type\":\"WebPage\",\"@id\":\"https:\/\/chauvetdj-ils.com\/es\/producto\/swarm-wash-fx-ils\/\",\"url\":\"https:\/\/chauvetdj-ils.com\/es\/producto\/swarm-wash-fx-ils\/\",\"name\":\"Swarm Wash FX ILS - CHAUVET DJ | Instant Light Shows\",\"isPartOf\":{\"@id\":\"https:\/\/chauvetdj-ils.com\/#website\"},\"primaryImageOfPage\":{\"@id\":\"https:\/\/chauvetdj-ils.com\/es\/producto\/swarm-wash-fx-ils\/#primaryimage\"},\"image\":{\"@id\":\"https:\/\/chauvetdj-ils.com\/es\/producto\/swarm-wash-fx-ils\/#primaryimage\"},\"thumbnailUrl\":\"https:\/\/chauvetdj-ils.com\/wp-content\/uploads\/2023\/11\/cat-prod-Swarm-Wash-FX.jpg\",\"datePublished\":\"2022-05-31T10:00:08+00:00\",\"dateModified\":\"2024-01-31T15:09:36+00:00\",\"breadcrumb\":{\"@id\":\"https:\/\/chauvetdj-ils.com\/es\/producto\/swarm-wash-fx-ils\/#breadcrumb\"},\"inLanguage\":\"es\",\"potentialAction\":[{\"@type\":\"ReadAction\",\"target\":[\"https:\/\/chauvetdj-ils.com\/es\/producto\/swarm-wash-fx-ils\/\"]}]},{\"@type\":\"ImageObject\",\"inLanguage\":\"es\",\"@id\":\"https:\/\/chauvetdj-ils.com\/es\/producto\/swarm-wash-fx-ils\/#primaryimage\",\"url\":\"https:\/\/chauvetdj-ils.com\/wp-content\/uploads\/2023\/11\/cat-prod-Swarm-Wash-FX.jpg\",\"contentUrl\":\"https:\/\/chauvetdj-ils.com\/wp-content\/uploads\/2023\/11\/cat-prod-Swarm-Wash-FX.jpg\",\"width\":800,\"height\":800},{\"@type\":\"BreadcrumbList\",\"@id\":\"https:\/\/chauvetdj-ils.com\/es\/producto\/swarm-wash-fx-ils\/#breadcrumb\",\"itemListElement\":[{\"@type\":\"ListItem\",\"position\":1,\"name\":\"Home\",\"item\":\"https:\/\/chauvetdj-ils.com\/es\/\"},{\"@type\":\"ListItem\",\"position\":2,\"name\":\"Home\",\"item\":\"https:\/\/chauvetdj-ils.com\/es\/\"},{\"@type\":\"ListItem\",\"position\":3,\"name\":\"Swarm Wash FX ILS\"}]},{\"@type\":\"WebSite\",\"@id\":\"https:\/\/chauvetdj-ils.com\/#website\",\"url\":\"https:\/\/chauvetdj-ils.com\/\",\"name\":\"CHAUVET DJ | Instant Light Shows\",\"description\":\"\",\"publisher\":{\"@id\":\"https:\/\/chauvetdj-ils.com\/#organization\"},\"potentialAction\":[{\"@type\":\"SearchAction\",\"target\":{\"@type\":\"EntryPoint\",\"urlTemplate\":\"https:\/\/chauvetdj-ils.com\/?s={search_term_string}\"},\"query-input\":{\"@type\":\"PropertyValueSpecification\",\"valueRequired\":true,\"valueName\":\"search_term_string\"}}],\"inLanguage\":\"es\"},{\"@type\":\"Organization\",\"@id\":\"https:\/\/chauvetdj-ils.com\/#organization\",\"name\":\"CHAUVET DJ | Instant Light Shows\",\"url\":\"https:\/\/chauvetdj-ils.com\/\",\"logo\":{\"@type\":\"ImageObject\",\"inLanguage\":\"es\",\"@id\":\"https:\/\/chauvetdj-ils.com\/#\/schema\/logo\/image\/\",\"url\":\"https:\/\/chauvetdj-ils.com\/wp-content\/uploads\/2023\/11\/dj-logo.png\",\"contentUrl\":\"https:\/\/chauvetdj-ils.com\/wp-content\/uploads\/2023\/11\/dj-logo.png\",\"width\":253,\"height\":100,\"caption\":\"CHAUVET DJ | Instant Light Shows\"},\"image\":{\"@id\":\"https:\/\/chauvetdj-ils.com\/#\/schema\/logo\/image\/\"}}]}<\/script>\n<!-- \/ Yoast SEO plugin. -->","yoast_head_json":{"title":"Swarm Wash FX ILS - CHAUVET DJ | Instant Light Shows","robots":{"index":"index","follow":"follow","max-snippet":"max-snippet:-1","max-image-preview":"max-image-preview:large","max-video-preview":"max-video-preview:-1"},"canonical":"https:\/\/chauvetdj-ils.com\/es\/producto\/swarm-wash-fx-ils\/","og_locale":"es_ES","og_type":"article","og_title":"Swarm Wash FX ILS - CHAUVET DJ | Instant Light Shows","og_description":"La emoci\u00f3n de la iluminaci\u00f3n din\u00e1mica est\u00e1 al alcance de la mano con Swarm Wash FX ILS, una luz LED 4 en 1 que combina un derby giratorio RGBAW, wash RGB+UV, l\u00e1ser rojo\/verde y un anillo de luces estrobosc\u00f3picas SMD blancas. Imagina rayos l\u00e1ser rojos y verdes que proyectan miles de haces y programas autom\u00e1ticos [&hellip;]","og_url":"https:\/\/chauvetdj-ils.com\/es\/producto\/swarm-wash-fx-ils\/","og_site_name":"CHAUVET DJ | Instant Light Shows","article_modified_time":"2024-01-31T15:09:36+00:00","og_image":[{"width":800,"height":800,"url":"https:\/\/chauvetdj-ils.com\/wp-content\/uploads\/2023\/11\/cat-prod-Swarm-Wash-FX.jpg","type":"image\/jpeg"}],"twitter_card":"summary_large_image","twitter_misc":{"Est. reading time":"1 minuto"},"schema":{"@context":"https:\/\/schema.org","@graph":[{"@type":"WebPage","@id":"https:\/\/chauvetdj-ils.com\/es\/producto\/swarm-wash-fx-ils\/","url":"https:\/\/chauvetdj-ils.com\/es\/producto\/swarm-wash-fx-ils\/","name":"Swarm Wash FX ILS - CHAUVET DJ | Instant Light Shows","isPartOf":{"@id":"https:\/\/chauvetdj-ils.com\/#website"},"primaryImageOfPage":{"@id":"https:\/\/chauvetdj-ils.com\/es\/producto\/swarm-wash-fx-ils\/#primaryimage"},"image":{"@id":"https:\/\/chauvetdj-ils.com\/es\/producto\/swarm-wash-fx-ils\/#primaryimage"},"thumbnailUrl":"https:\/\/chauvetdj-ils.com\/wp-content\/uploads\/2023\/11\/cat-prod-Swarm-Wash-FX.jpg","datePublished":"2022-05-31T10:00:08+00:00","dateModified":"2024-01-31T15:09:36+00:00","breadcrumb":{"@id":"https:\/\/chauvetdj-ils.com\/es\/producto\/swarm-wash-fx-ils\/#breadcrumb"},"inLanguage":"es","potentialAction":[{"@type":"ReadAction","target":["https:\/\/chauvetdj-ils.com\/es\/producto\/swarm-wash-fx-ils\/"]}]},{"@type":"ImageObject","inLanguage":"es","@id":"https:\/\/chauvetdj-ils.com\/es\/producto\/swarm-wash-fx-ils\/#primaryimage","url":"https:\/\/chauvetdj-ils.com\/wp-content\/uploads\/2023\/11\/cat-prod-Swarm-Wash-FX.jpg","contentUrl":"https:\/\/chauvetdj-ils.com\/wp-content\/uploads\/2023\/11\/cat-prod-Swarm-Wash-FX.jpg","width":800,"height":800},{"@type":"BreadcrumbList","@id":"https:\/\/chauvetdj-ils.com\/es\/producto\/swarm-wash-fx-ils\/#breadcrumb","itemListElement":[{"@type":"ListItem","position":1,"name":"Home","item":"https:\/\/chauvetdj-ils.com\/es\/"},{"@type":"ListItem","position":2,"name":"Home","item":"https:\/\/chauvetdj-ils.com\/es\/"},{"@type":"ListItem","position":3,"name":"Swarm Wash FX ILS"}]},{"@type":"WebSite","@id":"https:\/\/chauvetdj-ils.com\/#website","url":"https:\/\/chauvetdj-ils.com\/","name":"CHAUVET DJ | Instant Light Shows","description":"","publisher":{"@id":"https:\/\/chauvetdj-ils.com\/#organization"},"potentialAction":[{"@type":"SearchAction","target":{"@type":"EntryPoint","urlTemplate":"https:\/\/chauvetdj-ils.com\/?s={search_term_string}"},"query-input":{"@type":"PropertyValueSpecification","valueRequired":true,"valueName":"search_term_string"}}],"inLanguage":"es"},{"@type":"Organization","@id":"https:\/\/chauvetdj-ils.com\/#organization","name":"CHAUVET DJ | Instant Light Shows","url":"https:\/\/chauvetdj-ils.com\/","logo":{"@type":"ImageObject","inLanguage":"es","@id":"https:\/\/chauvetdj-ils.com\/#\/schema\/logo\/image\/","url":"https:\/\/chauvetdj-ils.com\/wp-content\/uploads\/2023\/11\/dj-logo.png","contentUrl":"https:\/\/chauvetdj-ils.com\/wp-content\/uploads\/2023\/11\/dj-logo.png","width":253,"height":100,"caption":"CHAUVET DJ | Instant Light Shows"},"image":{"@id":"https:\/\/chauvetdj-ils.com\/#\/schema\/logo\/image\/"}}]}},"_links":{"self":[{"href":"https:\/\/chauvetdj-ils.com\/es\/wp-json\/wp\/v2\/product\/2430","targetHints":{"allow":["GET"]}}],"collection":[{"href":"https:\/\/chauvetdj-ils.com\/es\/wp-json\/wp\/v2\/product"}],"about":[{"href":"https:\/\/chauvetdj-ils.com\/es\/wp-json\/wp\/v2\/types\/product"}],"replies":[{"embeddable":true,"href":"https:\/\/chauvetdj-ils.com\/es\/wp-json\/wp\/v2\/comments?post=2430"}],"wp:featuredmedia":[{"embeddable":true,"href":"https:\/\/chauvetdj-ils.com\/es\/wp-json\/wp\/v2\/media\/2484"}],"wp:attachment":[{"href":"https:\/\/chauvetdj-ils.com\/es\/wp-json\/wp\/v2\/media?parent=2430"}],"wp:term":[{"taxonomy":"product_cat","embeddable":true,"href":"https:\/\/chauvetdj-ils.com\/es\/wp-json\/wp\/v2\/product_cat?post=2430"},{"taxonomy":"product_tag","embeddable":true,"href":"https:\/\/chauvetdj-ils.com\/es\/wp-json\/wp\/v2\/product_tag?post=2430"}],"curies":[{"name":"wp","href":"https:\/\/api.w.org\/{rel}","templated":true}]}}