{"id":3800,"date":"2024-01-11T20:43:49","date_gmt":"2024-01-11T20:43:49","guid":{"rendered":"http:\/\/chauvetdj-ils.com\/?post_type=product&#038;p=3800"},"modified":"2024-01-29T21:33:53","modified_gmt":"2024-01-29T21:33:53","slug":"ils-command","status":"publish","type":"product","link":"https:\/\/chauvetdj-ils.com\/es\/producto\/ils-command\/","title":{"rendered":"ILS Command"},"content":{"rendered":"<p>lumina la noche sin configurar todo el d\u00eda con Instant Light Shows (ILS), que hace que la creaci\u00f3n de un espect\u00e1culo de luces sincronizadas en diferentes tipos de equipos sea r\u00e1pida y sencilla sin DMX. Ahora el universo ILS est\u00e1 a tus \u00f3rdenes con ILS Command, un poderoso controlador capaz de programar cualquier producto habilitado para ILS. Este controlador de hardware tiene un transmisor D-Fi incorporado que controla de forma inal\u00e1mbrica una cantidad ilimitada de equipos habilitados para ILS. Disfruta de una creatividad ilimitada a medida que personalizas, guardas y recuperas ajustes preestablecidos incluso en entornos oscuros donde los botones de silicio retroiluminados brindan una respuesta t\u00e1ctil y una visibilidad brillante. Tus creaciones de iluminaci\u00f3n siempre est\u00e1n seguras porque puedes hacer una copia de seguridad, restaurar y actualizar el software del controlador utilizando el puerto USB incorporado y asegurarse de que el acceso no autorizado est\u00e9 bloqueado al habilitar el bloqueo integrado. Un innovador modo follow spot destaca las grandes entradas sin interrumpir el resto del espect\u00e1culo y un conector de audio incorporado permite una mayor precisi\u00f3n al activar las luces al ritmo. Anula manualmente el programa sobre la marcha usando los 9 botones de acceso r\u00e1pido a colores. Transporta el controlador de forma segura con el estuche de transporte incluido.<\/p>\n","protected":false},"excerpt":{"rendered":"<p>lumina la noche sin configurar todo el d\u00eda con Instant Light Shows (ILS), que hace que la creaci\u00f3n de un espect\u00e1culo de luces sincronizadas en diferentes tipos de equipos sea r\u00e1pida y sencilla sin DMX. Ahora el universo ILS est\u00e1 a tus \u00f3rdenes con ILS Command, un poderoso controlador capaz de programar cualquier producto habilitado [&hellip;]<\/p>\n","protected":false},"featured_media":4309,"comment_status":"open","ping_status":"closed","template":"","meta":[],"product_cat":[62],"product_tag":[78],"class_list":{"0":"post-3800","1":"product","2":"type-product","3":"status-publish","4":"has-post-thumbnail","6":"product_cat-ils-es","7":"product_tag-cabezas-moviles-es","9":"first","10":"instock","11":"product-type-simple"},"acf":[],"yoast_head":"<!-- This site is optimized with the Yoast SEO plugin v27.1.1 - https:\/\/yoast.com\/product\/yoast-seo-wordpress\/ -->\n<title>ILS Command - CHAUVET DJ | Instant Light Shows<\/title>\n<meta name=\"robots\" content=\"index, follow, max-snippet:-1, max-image-preview:large, max-video-preview:-1\" \/>\n<link rel=\"canonical\" href=\"https:\/\/chauvetdj-ils.com\/es\/producto\/ils-command\/\" \/>\n<meta property=\"og:locale\" content=\"es_ES\" \/>\n<meta property=\"og:type\" content=\"article\" \/>\n<meta property=\"og:title\" content=\"ILS Command - CHAUVET DJ | Instant Light Shows\" \/>\n<meta property=\"og:description\" content=\"lumina la noche sin configurar todo el d\u00eda con Instant Light Shows (ILS), que hace que la creaci\u00f3n de un espect\u00e1culo de luces sincronizadas en diferentes tipos de equipos sea r\u00e1pida y sencilla sin DMX. Ahora el universo ILS est\u00e1 a tus \u00f3rdenes con ILS Command, un poderoso controlador capaz de programar cualquier producto habilitado [&hellip;]\" \/>\n<meta property=\"og:url\" content=\"https:\/\/chauvetdj-ils.com\/es\/producto\/ils-command\/\" \/>\n<meta property=\"og:site_name\" content=\"CHAUVET DJ | Instant Light Shows\" \/>\n<meta property=\"article:modified_time\" content=\"2024-01-29T21:33:53+00:00\" \/>\n<meta property=\"og:image\" content=\"https:\/\/chauvetdj-ils.com\/wp-content\/uploads\/2024\/01\/ILS-COMMAND-FRONT-OFF-1.png\" \/>\n\t<meta property=\"og:image:width\" content=\"800\" \/>\n\t<meta property=\"og:image:height\" content=\"800\" \/>\n\t<meta property=\"og:image:type\" content=\"image\/png\" \/>\n<meta name=\"twitter:card\" content=\"summary_large_image\" \/>\n<meta name=\"twitter:label1\" content=\"Est. reading time\" \/>\n\t<meta name=\"twitter:data1\" content=\"1 minuto\" \/>\n<script type=\"application\/ld+json\" class=\"yoast-schema-graph\">{\"@context\":\"https:\/\/schema.org\",\"@graph\":[{\"@type\":\"WebPage\",\"@id\":\"https:\/\/chauvetdj-ils.com\/es\/producto\/ils-command\/\",\"url\":\"https:\/\/chauvetdj-ils.com\/es\/producto\/ils-command\/\",\"name\":\"ILS Command - CHAUVET DJ | Instant Light Shows\",\"isPartOf\":{\"@id\":\"https:\/\/chauvetdj-ils.com\/#website\"},\"primaryImageOfPage\":{\"@id\":\"https:\/\/chauvetdj-ils.com\/es\/producto\/ils-command\/#primaryimage\"},\"image\":{\"@id\":\"https:\/\/chauvetdj-ils.com\/es\/producto\/ils-command\/#primaryimage\"},\"thumbnailUrl\":\"https:\/\/chauvetdj-ils.com\/wp-content\/uploads\/2024\/01\/ILS-COMMAND-FRONT-OFF-1.png\",\"datePublished\":\"2024-01-11T20:43:49+00:00\",\"dateModified\":\"2024-01-29T21:33:53+00:00\",\"breadcrumb\":{\"@id\":\"https:\/\/chauvetdj-ils.com\/es\/producto\/ils-command\/#breadcrumb\"},\"inLanguage\":\"es\",\"potentialAction\":[{\"@type\":\"ReadAction\",\"target\":[\"https:\/\/chauvetdj-ils.com\/es\/producto\/ils-command\/\"]}]},{\"@type\":\"ImageObject\",\"inLanguage\":\"es\",\"@id\":\"https:\/\/chauvetdj-ils.com\/es\/producto\/ils-command\/#primaryimage\",\"url\":\"https:\/\/chauvetdj-ils.com\/wp-content\/uploads\/2024\/01\/ILS-COMMAND-FRONT-OFF-1.png\",\"contentUrl\":\"https:\/\/chauvetdj-ils.com\/wp-content\/uploads\/2024\/01\/ILS-COMMAND-FRONT-OFF-1.png\",\"width\":800,\"height\":800},{\"@type\":\"BreadcrumbList\",\"@id\":\"https:\/\/chauvetdj-ils.com\/es\/producto\/ils-command\/#breadcrumb\",\"itemListElement\":[{\"@type\":\"ListItem\",\"position\":1,\"name\":\"Home\",\"item\":\"https:\/\/chauvetdj-ils.com\/es\/\"},{\"@type\":\"ListItem\",\"position\":2,\"name\":\"Home\",\"item\":\"https:\/\/chauvetdj-ils.com\/es\/\"},{\"@type\":\"ListItem\",\"position\":3,\"name\":\"ILS Command\"}]},{\"@type\":\"WebSite\",\"@id\":\"https:\/\/chauvetdj-ils.com\/#website\",\"url\":\"https:\/\/chauvetdj-ils.com\/\",\"name\":\"CHAUVET DJ | Instant Light Shows\",\"description\":\"\",\"publisher\":{\"@id\":\"https:\/\/chauvetdj-ils.com\/#organization\"},\"potentialAction\":[{\"@type\":\"SearchAction\",\"target\":{\"@type\":\"EntryPoint\",\"urlTemplate\":\"https:\/\/chauvetdj-ils.com\/?s={search_term_string}\"},\"query-input\":{\"@type\":\"PropertyValueSpecification\",\"valueRequired\":true,\"valueName\":\"search_term_string\"}}],\"inLanguage\":\"es\"},{\"@type\":\"Organization\",\"@id\":\"https:\/\/chauvetdj-ils.com\/#organization\",\"name\":\"CHAUVET DJ | Instant Light Shows\",\"url\":\"https:\/\/chauvetdj-ils.com\/\",\"logo\":{\"@type\":\"ImageObject\",\"inLanguage\":\"es\",\"@id\":\"https:\/\/chauvetdj-ils.com\/#\/schema\/logo\/image\/\",\"url\":\"https:\/\/chauvetdj-ils.com\/wp-content\/uploads\/2023\/11\/dj-logo.png\",\"contentUrl\":\"https:\/\/chauvetdj-ils.com\/wp-content\/uploads\/2023\/11\/dj-logo.png\",\"width\":253,\"height\":100,\"caption\":\"CHAUVET DJ | Instant Light Shows\"},\"image\":{\"@id\":\"https:\/\/chauvetdj-ils.com\/#\/schema\/logo\/image\/\"}}]}<\/script>\n<!-- \/ Yoast SEO plugin. -->","yoast_head_json":{"title":"ILS Command - CHAUVET DJ | Instant Light Shows","robots":{"index":"index","follow":"follow","max-snippet":"max-snippet:-1","max-image-preview":"max-image-preview:large","max-video-preview":"max-video-preview:-1"},"canonical":"https:\/\/chauvetdj-ils.com\/es\/producto\/ils-command\/","og_locale":"es_ES","og_type":"article","og_title":"ILS Command - CHAUVET DJ | Instant Light Shows","og_description":"lumina la noche sin configurar todo el d\u00eda con Instant Light Shows (ILS), que hace que la creaci\u00f3n de un espect\u00e1culo de luces sincronizadas en diferentes tipos de equipos sea r\u00e1pida y sencilla sin DMX. Ahora el universo ILS est\u00e1 a tus \u00f3rdenes con ILS Command, un poderoso controlador capaz de programar cualquier producto habilitado [&hellip;]","og_url":"https:\/\/chauvetdj-ils.com\/es\/producto\/ils-command\/","og_site_name":"CHAUVET DJ | Instant Light Shows","article_modified_time":"2024-01-29T21:33:53+00:00","og_image":[{"width":800,"height":800,"url":"https:\/\/chauvetdj-ils.com\/wp-content\/uploads\/2024\/01\/ILS-COMMAND-FRONT-OFF-1.png","type":"image\/png"}],"twitter_card":"summary_large_image","twitter_misc":{"Est. reading time":"1 minuto"},"schema":{"@context":"https:\/\/schema.org","@graph":[{"@type":"WebPage","@id":"https:\/\/chauvetdj-ils.com\/es\/producto\/ils-command\/","url":"https:\/\/chauvetdj-ils.com\/es\/producto\/ils-command\/","name":"ILS Command - CHAUVET DJ | Instant Light Shows","isPartOf":{"@id":"https:\/\/chauvetdj-ils.com\/#website"},"primaryImageOfPage":{"@id":"https:\/\/chauvetdj-ils.com\/es\/producto\/ils-command\/#primaryimage"},"image":{"@id":"https:\/\/chauvetdj-ils.com\/es\/producto\/ils-command\/#primaryimage"},"thumbnailUrl":"https:\/\/chauvetdj-ils.com\/wp-content\/uploads\/2024\/01\/ILS-COMMAND-FRONT-OFF-1.png","datePublished":"2024-01-11T20:43:49+00:00","dateModified":"2024-01-29T21:33:53+00:00","breadcrumb":{"@id":"https:\/\/chauvetdj-ils.com\/es\/producto\/ils-command\/#breadcrumb"},"inLanguage":"es","potentialAction":[{"@type":"ReadAction","target":["https:\/\/chauvetdj-ils.com\/es\/producto\/ils-command\/"]}]},{"@type":"ImageObject","inLanguage":"es","@id":"https:\/\/chauvetdj-ils.com\/es\/producto\/ils-command\/#primaryimage","url":"https:\/\/chauvetdj-ils.com\/wp-content\/uploads\/2024\/01\/ILS-COMMAND-FRONT-OFF-1.png","contentUrl":"https:\/\/chauvetdj-ils.com\/wp-content\/uploads\/2024\/01\/ILS-COMMAND-FRONT-OFF-1.png","width":800,"height":800},{"@type":"BreadcrumbList","@id":"https:\/\/chauvetdj-ils.com\/es\/producto\/ils-command\/#breadcrumb","itemListElement":[{"@type":"ListItem","position":1,"name":"Home","item":"https:\/\/chauvetdj-ils.com\/es\/"},{"@type":"ListItem","position":2,"name":"Home","item":"https:\/\/chauvetdj-ils.com\/es\/"},{"@type":"ListItem","position":3,"name":"ILS Command"}]},{"@type":"WebSite","@id":"https:\/\/chauvetdj-ils.com\/#website","url":"https:\/\/chauvetdj-ils.com\/","name":"CHAUVET DJ | Instant Light Shows","description":"","publisher":{"@id":"https:\/\/chauvetdj-ils.com\/#organization"},"potentialAction":[{"@type":"SearchAction","target":{"@type":"EntryPoint","urlTemplate":"https:\/\/chauvetdj-ils.com\/?s={search_term_string}"},"query-input":{"@type":"PropertyValueSpecification","valueRequired":true,"valueName":"search_term_string"}}],"inLanguage":"es"},{"@type":"Organization","@id":"https:\/\/chauvetdj-ils.com\/#organization","name":"CHAUVET DJ | Instant Light Shows","url":"https:\/\/chauvetdj-ils.com\/","logo":{"@type":"ImageObject","inLanguage":"es","@id":"https:\/\/chauvetdj-ils.com\/#\/schema\/logo\/image\/","url":"https:\/\/chauvetdj-ils.com\/wp-content\/uploads\/2023\/11\/dj-logo.png","contentUrl":"https:\/\/chauvetdj-ils.com\/wp-content\/uploads\/2023\/11\/dj-logo.png","width":253,"height":100,"caption":"CHAUVET DJ | Instant Light Shows"},"image":{"@id":"https:\/\/chauvetdj-ils.com\/#\/schema\/logo\/image\/"}}]}},"_links":{"self":[{"href":"https:\/\/chauvetdj-ils.com\/es\/wp-json\/wp\/v2\/product\/3800","targetHints":{"allow":["GET"]}}],"collection":[{"href":"https:\/\/chauvetdj-ils.com\/es\/wp-json\/wp\/v2\/product"}],"about":[{"href":"https:\/\/chauvetdj-ils.com\/es\/wp-json\/wp\/v2\/types\/product"}],"replies":[{"embeddable":true,"href":"https:\/\/chauvetdj-ils.com\/es\/wp-json\/wp\/v2\/comments?post=3800"}],"wp:featuredmedia":[{"embeddable":true,"href":"https:\/\/chauvetdj-ils.com\/es\/wp-json\/wp\/v2\/media\/4309"}],"wp:attachment":[{"href":"https:\/\/chauvetdj-ils.com\/es\/wp-json\/wp\/v2\/media?parent=3800"}],"wp:term":[{"taxonomy":"product_cat","embeddable":true,"href":"https:\/\/chauvetdj-ils.com\/es\/wp-json\/wp\/v2\/product_cat?post=3800"},{"taxonomy":"product_tag","embeddable":true,"href":"https:\/\/chauvetdj-ils.com\/es\/wp-json\/wp\/v2\/product_tag?post=3800"}],"curies":[{"name":"wp","href":"https:\/\/api.w.org\/{rel}","templated":true}]}}