{"id":3875,"date":"2024-01-17T22:10:12","date_gmt":"2024-01-17T22:10:12","guid":{"rendered":"http:\/\/chauvetdj-ils.com\/product\/intimidator-free-spot-60-ils\/"},"modified":"2024-04-11T14:57:08","modified_gmt":"2024-04-11T14:57:08","slug":"intimidator-free-spot-60-ils","status":"publish","type":"product","link":"https:\/\/chauvetdj-ils.com\/es\/producto\/intimidator-free-spot-60-ils\/","title":{"rendered":"Intimidator Free Spot 60 ILS"},"content":{"rendered":"<p>Este potente y\u00a0 revolucionario\u00a0 motor inal\u00e1mbrico 100%\u00a0 alimentado por bater\u00eda con transceptor D-FI incorporado y compatibilidad con Instant Light Shows (ILS). Un receptor de RF incorporado est\u00e1 a bordo para el control inal\u00e1mbrico utilizando los controles remotos RFC o RFC-XL opcionales y los tiempos de ejecuci\u00f3n ajustables aseguran que el equipo durar\u00e1 el tiempo del evento. Intimidator Free Spot 60 ILS est\u00e1 repleto de caracter\u00edsticas s\u00f3lidas, como una nueva posici\u00f3n de inicio para la cabeza m\u00f3vil que permite una programaci\u00f3n m\u00e1s fluida al evitar un movimiento de l\u00e1tigo cuando se activan las escenas. El enfoque motorizado significa que puede proyectar gobos n\u00edtidos desde casi cualquier distancia y un prisma de 3 facetas divide el haz y cubre un \u00e1rea m\u00e1s grande. Prolonga la vida \u00fatil del equipo con el circuito de protecci\u00f3n de carga y descarga integrado y los rayos siempre permanecen en la pista de baile utilizando el innovador modo Totem integrado. Intimidador Free Spot 60 ILS. Parte intimidador. Parte Freedom. TODO PODEROSO<\/p>\n","protected":false},"excerpt":{"rendered":"<p>Este potente y\u00a0 revolucionario\u00a0 motor inal\u00e1mbrico 100%\u00a0 alimentado por bater\u00eda con transceptor D-FI incorporado y compatibilidad con Instant Light Shows (ILS). Un receptor de RF incorporado est\u00e1 a bordo para el control inal\u00e1mbrico utilizando los controles remotos RFC o RFC-XL opcionales y los tiempos de ejecuci\u00f3n ajustables aseguran que el equipo durar\u00e1 el tiempo del [&hellip;]<\/p>\n","protected":false},"featured_media":4297,"comment_status":"open","ping_status":"closed","template":"","meta":[],"product_cat":[62,104],"product_tag":[68],"class_list":{"0":"post-3875","1":"product","2":"type-product","3":"status-publish","4":"has-post-thumbnail","6":"product_cat-ils-es","7":"product_cat-nuevo","8":"product_tag-cabezas-moviles-es-es","10":"first","11":"instock","12":"shipping-taxable","13":"product-type-simple"},"acf":[],"yoast_head":"<!-- This site is optimized with the Yoast SEO plugin v27.1.1 - https:\/\/yoast.com\/product\/yoast-seo-wordpress\/ -->\n<title>Intimidator Free Spot 60 ILS - CHAUVET DJ | Instant Light Shows<\/title>\n<meta name=\"robots\" content=\"index, follow, max-snippet:-1, max-image-preview:large, max-video-preview:-1\" \/>\n<link rel=\"canonical\" href=\"https:\/\/chauvetdj-ils.com\/es\/producto\/intimidator-free-spot-60-ils\/\" \/>\n<meta property=\"og:locale\" content=\"es_ES\" \/>\n<meta property=\"og:type\" content=\"article\" \/>\n<meta property=\"og:title\" content=\"Intimidator Free Spot 60 ILS - CHAUVET DJ | Instant Light Shows\" \/>\n<meta property=\"og:description\" content=\"Este potente y\u00a0 revolucionario\u00a0 motor inal\u00e1mbrico 100%\u00a0 alimentado por bater\u00eda con transceptor D-FI incorporado y compatibilidad con Instant Light Shows (ILS). Un receptor de RF incorporado est\u00e1 a bordo para el control inal\u00e1mbrico utilizando los controles remotos RFC o RFC-XL opcionales y los tiempos de ejecuci\u00f3n ajustables aseguran que el equipo durar\u00e1 el tiempo del [&hellip;]\" \/>\n<meta property=\"og:url\" content=\"https:\/\/chauvetdj-ils.com\/es\/producto\/intimidator-free-spot-60-ils\/\" \/>\n<meta property=\"og:site_name\" content=\"CHAUVET DJ | Instant Light Shows\" \/>\n<meta property=\"article:modified_time\" content=\"2024-04-11T14:57:08+00:00\" \/>\n<meta property=\"og:image\" content=\"https:\/\/chauvetdj-ils.com\/wp-content\/uploads\/2024\/01\/INTIMIDATOR-FREE-SPOT-60-ILS-FRONT-OFF.png\" \/>\n\t<meta property=\"og:image:width\" content=\"800\" \/>\n\t<meta property=\"og:image:height\" content=\"800\" \/>\n\t<meta property=\"og:image:type\" content=\"image\/png\" \/>\n<meta name=\"twitter:card\" content=\"summary_large_image\" \/>\n<meta name=\"twitter:label1\" content=\"Est. reading time\" \/>\n\t<meta name=\"twitter:data1\" content=\"1 minuto\" \/>\n<script type=\"application\/ld+json\" class=\"yoast-schema-graph\">{\"@context\":\"https:\/\/schema.org\",\"@graph\":[{\"@type\":\"WebPage\",\"@id\":\"https:\/\/chauvetdj-ils.com\/es\/producto\/intimidator-free-spot-60-ils\/\",\"url\":\"https:\/\/chauvetdj-ils.com\/es\/producto\/intimidator-free-spot-60-ils\/\",\"name\":\"Intimidator Free Spot 60 ILS - CHAUVET DJ | Instant Light Shows\",\"isPartOf\":{\"@id\":\"https:\/\/chauvetdj-ils.com\/#website\"},\"primaryImageOfPage\":{\"@id\":\"https:\/\/chauvetdj-ils.com\/es\/producto\/intimidator-free-spot-60-ils\/#primaryimage\"},\"image\":{\"@id\":\"https:\/\/chauvetdj-ils.com\/es\/producto\/intimidator-free-spot-60-ils\/#primaryimage\"},\"thumbnailUrl\":\"https:\/\/chauvetdj-ils.com\/wp-content\/uploads\/2024\/01\/INTIMIDATOR-FREE-SPOT-60-ILS-FRONT-OFF.png\",\"datePublished\":\"2024-01-17T22:10:12+00:00\",\"dateModified\":\"2024-04-11T14:57:08+00:00\",\"breadcrumb\":{\"@id\":\"https:\/\/chauvetdj-ils.com\/es\/producto\/intimidator-free-spot-60-ils\/#breadcrumb\"},\"inLanguage\":\"es\",\"potentialAction\":[{\"@type\":\"ReadAction\",\"target\":[\"https:\/\/chauvetdj-ils.com\/es\/producto\/intimidator-free-spot-60-ils\/\"]}]},{\"@type\":\"ImageObject\",\"inLanguage\":\"es\",\"@id\":\"https:\/\/chauvetdj-ils.com\/es\/producto\/intimidator-free-spot-60-ils\/#primaryimage\",\"url\":\"https:\/\/chauvetdj-ils.com\/wp-content\/uploads\/2024\/01\/INTIMIDATOR-FREE-SPOT-60-ILS-FRONT-OFF.png\",\"contentUrl\":\"https:\/\/chauvetdj-ils.com\/wp-content\/uploads\/2024\/01\/INTIMIDATOR-FREE-SPOT-60-ILS-FRONT-OFF.png\",\"width\":800,\"height\":800},{\"@type\":\"BreadcrumbList\",\"@id\":\"https:\/\/chauvetdj-ils.com\/es\/producto\/intimidator-free-spot-60-ils\/#breadcrumb\",\"itemListElement\":[{\"@type\":\"ListItem\",\"position\":1,\"name\":\"Home\",\"item\":\"https:\/\/chauvetdj-ils.com\/es\/\"},{\"@type\":\"ListItem\",\"position\":2,\"name\":\"Home\",\"item\":\"https:\/\/chauvetdj-ils.com\/es\/\"},{\"@type\":\"ListItem\",\"position\":3,\"name\":\"Intimidator Free Spot 60 ILS\"}]},{\"@type\":\"WebSite\",\"@id\":\"https:\/\/chauvetdj-ils.com\/#website\",\"url\":\"https:\/\/chauvetdj-ils.com\/\",\"name\":\"CHAUVET DJ | Instant Light Shows\",\"description\":\"\",\"publisher\":{\"@id\":\"https:\/\/chauvetdj-ils.com\/#organization\"},\"potentialAction\":[{\"@type\":\"SearchAction\",\"target\":{\"@type\":\"EntryPoint\",\"urlTemplate\":\"https:\/\/chauvetdj-ils.com\/?s={search_term_string}\"},\"query-input\":{\"@type\":\"PropertyValueSpecification\",\"valueRequired\":true,\"valueName\":\"search_term_string\"}}],\"inLanguage\":\"es\"},{\"@type\":\"Organization\",\"@id\":\"https:\/\/chauvetdj-ils.com\/#organization\",\"name\":\"CHAUVET DJ | Instant Light Shows\",\"url\":\"https:\/\/chauvetdj-ils.com\/\",\"logo\":{\"@type\":\"ImageObject\",\"inLanguage\":\"es\",\"@id\":\"https:\/\/chauvetdj-ils.com\/#\/schema\/logo\/image\/\",\"url\":\"https:\/\/chauvetdj-ils.com\/wp-content\/uploads\/2023\/11\/dj-logo.png\",\"contentUrl\":\"https:\/\/chauvetdj-ils.com\/wp-content\/uploads\/2023\/11\/dj-logo.png\",\"width\":253,\"height\":100,\"caption\":\"CHAUVET DJ | Instant Light Shows\"},\"image\":{\"@id\":\"https:\/\/chauvetdj-ils.com\/#\/schema\/logo\/image\/\"}}]}<\/script>\n<!-- \/ Yoast SEO plugin. -->","yoast_head_json":{"title":"Intimidator Free Spot 60 ILS - CHAUVET DJ | Instant Light Shows","robots":{"index":"index","follow":"follow","max-snippet":"max-snippet:-1","max-image-preview":"max-image-preview:large","max-video-preview":"max-video-preview:-1"},"canonical":"https:\/\/chauvetdj-ils.com\/es\/producto\/intimidator-free-spot-60-ils\/","og_locale":"es_ES","og_type":"article","og_title":"Intimidator Free Spot 60 ILS - CHAUVET DJ | Instant Light Shows","og_description":"Este potente y\u00a0 revolucionario\u00a0 motor inal\u00e1mbrico 100%\u00a0 alimentado por bater\u00eda con transceptor D-FI incorporado y compatibilidad con Instant Light Shows (ILS). Un receptor de RF incorporado est\u00e1 a bordo para el control inal\u00e1mbrico utilizando los controles remotos RFC o RFC-XL opcionales y los tiempos de ejecuci\u00f3n ajustables aseguran que el equipo durar\u00e1 el tiempo del [&hellip;]","og_url":"https:\/\/chauvetdj-ils.com\/es\/producto\/intimidator-free-spot-60-ils\/","og_site_name":"CHAUVET DJ | Instant Light Shows","article_modified_time":"2024-04-11T14:57:08+00:00","og_image":[{"width":800,"height":800,"url":"https:\/\/chauvetdj-ils.com\/wp-content\/uploads\/2024\/01\/INTIMIDATOR-FREE-SPOT-60-ILS-FRONT-OFF.png","type":"image\/png"}],"twitter_card":"summary_large_image","twitter_misc":{"Est. reading time":"1 minuto"},"schema":{"@context":"https:\/\/schema.org","@graph":[{"@type":"WebPage","@id":"https:\/\/chauvetdj-ils.com\/es\/producto\/intimidator-free-spot-60-ils\/","url":"https:\/\/chauvetdj-ils.com\/es\/producto\/intimidator-free-spot-60-ils\/","name":"Intimidator Free Spot 60 ILS - CHAUVET DJ | Instant Light Shows","isPartOf":{"@id":"https:\/\/chauvetdj-ils.com\/#website"},"primaryImageOfPage":{"@id":"https:\/\/chauvetdj-ils.com\/es\/producto\/intimidator-free-spot-60-ils\/#primaryimage"},"image":{"@id":"https:\/\/chauvetdj-ils.com\/es\/producto\/intimidator-free-spot-60-ils\/#primaryimage"},"thumbnailUrl":"https:\/\/chauvetdj-ils.com\/wp-content\/uploads\/2024\/01\/INTIMIDATOR-FREE-SPOT-60-ILS-FRONT-OFF.png","datePublished":"2024-01-17T22:10:12+00:00","dateModified":"2024-04-11T14:57:08+00:00","breadcrumb":{"@id":"https:\/\/chauvetdj-ils.com\/es\/producto\/intimidator-free-spot-60-ils\/#breadcrumb"},"inLanguage":"es","potentialAction":[{"@type":"ReadAction","target":["https:\/\/chauvetdj-ils.com\/es\/producto\/intimidator-free-spot-60-ils\/"]}]},{"@type":"ImageObject","inLanguage":"es","@id":"https:\/\/chauvetdj-ils.com\/es\/producto\/intimidator-free-spot-60-ils\/#primaryimage","url":"https:\/\/chauvetdj-ils.com\/wp-content\/uploads\/2024\/01\/INTIMIDATOR-FREE-SPOT-60-ILS-FRONT-OFF.png","contentUrl":"https:\/\/chauvetdj-ils.com\/wp-content\/uploads\/2024\/01\/INTIMIDATOR-FREE-SPOT-60-ILS-FRONT-OFF.png","width":800,"height":800},{"@type":"BreadcrumbList","@id":"https:\/\/chauvetdj-ils.com\/es\/producto\/intimidator-free-spot-60-ils\/#breadcrumb","itemListElement":[{"@type":"ListItem","position":1,"name":"Home","item":"https:\/\/chauvetdj-ils.com\/es\/"},{"@type":"ListItem","position":2,"name":"Home","item":"https:\/\/chauvetdj-ils.com\/es\/"},{"@type":"ListItem","position":3,"name":"Intimidator Free Spot 60 ILS"}]},{"@type":"WebSite","@id":"https:\/\/chauvetdj-ils.com\/#website","url":"https:\/\/chauvetdj-ils.com\/","name":"CHAUVET DJ | Instant Light Shows","description":"","publisher":{"@id":"https:\/\/chauvetdj-ils.com\/#organization"},"potentialAction":[{"@type":"SearchAction","target":{"@type":"EntryPoint","urlTemplate":"https:\/\/chauvetdj-ils.com\/?s={search_term_string}"},"query-input":{"@type":"PropertyValueSpecification","valueRequired":true,"valueName":"search_term_string"}}],"inLanguage":"es"},{"@type":"Organization","@id":"https:\/\/chauvetdj-ils.com\/#organization","name":"CHAUVET DJ | Instant Light Shows","url":"https:\/\/chauvetdj-ils.com\/","logo":{"@type":"ImageObject","inLanguage":"es","@id":"https:\/\/chauvetdj-ils.com\/#\/schema\/logo\/image\/","url":"https:\/\/chauvetdj-ils.com\/wp-content\/uploads\/2023\/11\/dj-logo.png","contentUrl":"https:\/\/chauvetdj-ils.com\/wp-content\/uploads\/2023\/11\/dj-logo.png","width":253,"height":100,"caption":"CHAUVET DJ | Instant Light Shows"},"image":{"@id":"https:\/\/chauvetdj-ils.com\/#\/schema\/logo\/image\/"}}]}},"_links":{"self":[{"href":"https:\/\/chauvetdj-ils.com\/es\/wp-json\/wp\/v2\/product\/3875","targetHints":{"allow":["GET"]}}],"collection":[{"href":"https:\/\/chauvetdj-ils.com\/es\/wp-json\/wp\/v2\/product"}],"about":[{"href":"https:\/\/chauvetdj-ils.com\/es\/wp-json\/wp\/v2\/types\/product"}],"replies":[{"embeddable":true,"href":"https:\/\/chauvetdj-ils.com\/es\/wp-json\/wp\/v2\/comments?post=3875"}],"wp:featuredmedia":[{"embeddable":true,"href":"https:\/\/chauvetdj-ils.com\/es\/wp-json\/wp\/v2\/media\/4297"}],"wp:attachment":[{"href":"https:\/\/chauvetdj-ils.com\/es\/wp-json\/wp\/v2\/media?parent=3875"}],"wp:term":[{"taxonomy":"product_cat","embeddable":true,"href":"https:\/\/chauvetdj-ils.com\/es\/wp-json\/wp\/v2\/product_cat?post=3875"},{"taxonomy":"product_tag","embeddable":true,"href":"https:\/\/chauvetdj-ils.com\/es\/wp-json\/wp\/v2\/product_tag?post=3875"}],"curies":[{"name":"wp","href":"https:\/\/api.w.org\/{rel}","templated":true}]}}