{"id":4392,"date":"2024-04-11T20:22:43","date_gmt":"2024-04-11T20:22:43","guid":{"rendered":"https:\/\/chauvetdj-ils.com\/product\/pinspot-q1z-ils\/"},"modified":"2024-04-25T16:07:45","modified_gmt":"2024-04-25T16:07:45","slug":"pinspot-q1z-ils","status":"publish","type":"product","link":"https:\/\/chauvetdj-ils.com\/es\/producto\/pinspot-q1z-ils\/","title":{"rendered":"Pinspot Q1Z ILS"},"content":{"rendered":"<div class=\"wrapper box\">\n<section class=\"section main box\">\n<div class=\"content content-block\">\n<p>PinSpot Q1Z ILS es un equipo pinspot LED compacto de cuatro colores (RGBW) de 20 W con f\u00e1cil navegaci\u00f3n por el men\u00fa desde la pantalla OLED. La compatibilidad ILS hace que crear espect\u00e1culos de luces coordinados con esta unidad y diferentes tipos de luminarias sea tan f\u00e1cil como 1, 2, 3. Su zoom manual aporta versatilidad tanto para aplicaciones de corto como de largo alcance. Controla c\u00f3modamente este equipo f\u00e1cil de usar con el control remoto IRC-6 o con el controlador ILS que elijas, como el ILS Command.<\/p>\n<\/div>\n<\/section>\n<\/div>\n","protected":false},"excerpt":{"rendered":"<p>PinSpot Q1Z ILS es un equipo pinspot LED compacto de cuatro colores (RGBW) de 20 W con f\u00e1cil navegaci\u00f3n por el men\u00fa desde la pantalla OLED. La compatibilidad ILS hace que crear espect\u00e1culos de luces coordinados con esta unidad y diferentes tipos de luminarias sea tan f\u00e1cil como 1, 2, 3. Su zoom manual aporta [&hellip;]<\/p>\n","protected":false},"featured_media":4385,"comment_status":"open","ping_status":"closed","template":"","meta":[],"product_cat":[62,104],"product_tag":[81],"class_list":{"0":"post-4392","1":"product","2":"type-product","3":"status-publish","4":"has-post-thumbnail","6":"product_cat-ils-es","7":"product_cat-nuevo","8":"product_tag-pares-es","10":"first","11":"instock","12":"shipping-taxable","13":"product-type-simple"},"acf":[],"yoast_head":"<!-- This site is optimized with the Yoast SEO plugin v27.1.1 - https:\/\/yoast.com\/product\/yoast-seo-wordpress\/ -->\n<title>Pinspot Q1Z ILS - CHAUVET DJ | Instant Light Shows<\/title>\n<meta name=\"robots\" content=\"index, follow, max-snippet:-1, max-image-preview:large, max-video-preview:-1\" \/>\n<link rel=\"canonical\" href=\"https:\/\/chauvetdj-ils.com\/es\/producto\/pinspot-q1z-ils\/\" \/>\n<meta property=\"og:locale\" content=\"es_ES\" \/>\n<meta property=\"og:type\" content=\"article\" \/>\n<meta property=\"og:title\" content=\"Pinspot Q1Z ILS - CHAUVET DJ | Instant Light Shows\" \/>\n<meta property=\"og:description\" content=\"PinSpot Q1Z ILS es un equipo pinspot LED compacto de cuatro colores (RGBW) de 20 W con f\u00e1cil navegaci\u00f3n por el men\u00fa desde la pantalla OLED. La compatibilidad ILS hace que crear espect\u00e1culos de luces coordinados con esta unidad y diferentes tipos de luminarias sea tan f\u00e1cil como 1, 2, 3. Su zoom manual aporta [&hellip;]\" \/>\n<meta property=\"og:url\" content=\"https:\/\/chauvetdj-ils.com\/es\/producto\/pinspot-q1z-ils\/\" \/>\n<meta property=\"og:site_name\" content=\"CHAUVET DJ | Instant Light Shows\" \/>\n<meta property=\"article:modified_time\" content=\"2024-04-25T16:07:45+00:00\" \/>\n<meta property=\"og:image\" content=\"https:\/\/chauvetdj-ils.com\/wp-content\/uploads\/2024\/04\/Pinspot-Q1Z-ILS-FRONT-OFF.jpg\" \/>\n\t<meta property=\"og:image:width\" content=\"800\" \/>\n\t<meta property=\"og:image:height\" content=\"800\" \/>\n\t<meta property=\"og:image:type\" content=\"image\/jpeg\" \/>\n<meta name=\"twitter:card\" content=\"summary_large_image\" \/>\n<script type=\"application\/ld+json\" class=\"yoast-schema-graph\">{\"@context\":\"https:\/\/schema.org\",\"@graph\":[{\"@type\":\"WebPage\",\"@id\":\"https:\/\/chauvetdj-ils.com\/es\/producto\/pinspot-q1z-ils\/\",\"url\":\"https:\/\/chauvetdj-ils.com\/es\/producto\/pinspot-q1z-ils\/\",\"name\":\"Pinspot Q1Z ILS - CHAUVET DJ | Instant Light Shows\",\"isPartOf\":{\"@id\":\"https:\/\/chauvetdj-ils.com\/#website\"},\"primaryImageOfPage\":{\"@id\":\"https:\/\/chauvetdj-ils.com\/es\/producto\/pinspot-q1z-ils\/#primaryimage\"},\"image\":{\"@id\":\"https:\/\/chauvetdj-ils.com\/es\/producto\/pinspot-q1z-ils\/#primaryimage\"},\"thumbnailUrl\":\"https:\/\/chauvetdj-ils.com\/wp-content\/uploads\/2024\/04\/Pinspot-Q1Z-ILS-FRONT-OFF.jpg\",\"datePublished\":\"2024-04-11T20:22:43+00:00\",\"dateModified\":\"2024-04-25T16:07:45+00:00\",\"breadcrumb\":{\"@id\":\"https:\/\/chauvetdj-ils.com\/es\/producto\/pinspot-q1z-ils\/#breadcrumb\"},\"inLanguage\":\"es\",\"potentialAction\":[{\"@type\":\"ReadAction\",\"target\":[\"https:\/\/chauvetdj-ils.com\/es\/producto\/pinspot-q1z-ils\/\"]}]},{\"@type\":\"ImageObject\",\"inLanguage\":\"es\",\"@id\":\"https:\/\/chauvetdj-ils.com\/es\/producto\/pinspot-q1z-ils\/#primaryimage\",\"url\":\"https:\/\/chauvetdj-ils.com\/wp-content\/uploads\/2024\/04\/Pinspot-Q1Z-ILS-FRONT-OFF.jpg\",\"contentUrl\":\"https:\/\/chauvetdj-ils.com\/wp-content\/uploads\/2024\/04\/Pinspot-Q1Z-ILS-FRONT-OFF.jpg\",\"width\":800,\"height\":800},{\"@type\":\"BreadcrumbList\",\"@id\":\"https:\/\/chauvetdj-ils.com\/es\/producto\/pinspot-q1z-ils\/#breadcrumb\",\"itemListElement\":[{\"@type\":\"ListItem\",\"position\":1,\"name\":\"Home\",\"item\":\"https:\/\/chauvetdj-ils.com\/es\/\"},{\"@type\":\"ListItem\",\"position\":2,\"name\":\"Home\",\"item\":\"https:\/\/chauvetdj-ils.com\/es\/\"},{\"@type\":\"ListItem\",\"position\":3,\"name\":\"Pinspot Q1Z ILS\"}]},{\"@type\":\"WebSite\",\"@id\":\"https:\/\/chauvetdj-ils.com\/#website\",\"url\":\"https:\/\/chauvetdj-ils.com\/\",\"name\":\"CHAUVET DJ | Instant Light Shows\",\"description\":\"\",\"publisher\":{\"@id\":\"https:\/\/chauvetdj-ils.com\/#organization\"},\"potentialAction\":[{\"@type\":\"SearchAction\",\"target\":{\"@type\":\"EntryPoint\",\"urlTemplate\":\"https:\/\/chauvetdj-ils.com\/?s={search_term_string}\"},\"query-input\":{\"@type\":\"PropertyValueSpecification\",\"valueRequired\":true,\"valueName\":\"search_term_string\"}}],\"inLanguage\":\"es\"},{\"@type\":\"Organization\",\"@id\":\"https:\/\/chauvetdj-ils.com\/#organization\",\"name\":\"CHAUVET DJ | Instant Light Shows\",\"url\":\"https:\/\/chauvetdj-ils.com\/\",\"logo\":{\"@type\":\"ImageObject\",\"inLanguage\":\"es\",\"@id\":\"https:\/\/chauvetdj-ils.com\/#\/schema\/logo\/image\/\",\"url\":\"https:\/\/chauvetdj-ils.com\/wp-content\/uploads\/2023\/11\/dj-logo.png\",\"contentUrl\":\"https:\/\/chauvetdj-ils.com\/wp-content\/uploads\/2023\/11\/dj-logo.png\",\"width\":253,\"height\":100,\"caption\":\"CHAUVET DJ | Instant Light Shows\"},\"image\":{\"@id\":\"https:\/\/chauvetdj-ils.com\/#\/schema\/logo\/image\/\"}}]}<\/script>\n<!-- \/ Yoast SEO plugin. -->","yoast_head_json":{"title":"Pinspot Q1Z ILS - CHAUVET DJ | Instant Light Shows","robots":{"index":"index","follow":"follow","max-snippet":"max-snippet:-1","max-image-preview":"max-image-preview:large","max-video-preview":"max-video-preview:-1"},"canonical":"https:\/\/chauvetdj-ils.com\/es\/producto\/pinspot-q1z-ils\/","og_locale":"es_ES","og_type":"article","og_title":"Pinspot Q1Z ILS - CHAUVET DJ | Instant Light Shows","og_description":"PinSpot Q1Z ILS es un equipo pinspot LED compacto de cuatro colores (RGBW) de 20 W con f\u00e1cil navegaci\u00f3n por el men\u00fa desde la pantalla OLED. La compatibilidad ILS hace que crear espect\u00e1culos de luces coordinados con esta unidad y diferentes tipos de luminarias sea tan f\u00e1cil como 1, 2, 3. Su zoom manual aporta [&hellip;]","og_url":"https:\/\/chauvetdj-ils.com\/es\/producto\/pinspot-q1z-ils\/","og_site_name":"CHAUVET DJ | Instant Light Shows","article_modified_time":"2024-04-25T16:07:45+00:00","og_image":[{"width":800,"height":800,"url":"https:\/\/chauvetdj-ils.com\/wp-content\/uploads\/2024\/04\/Pinspot-Q1Z-ILS-FRONT-OFF.jpg","type":"image\/jpeg"}],"twitter_card":"summary_large_image","schema":{"@context":"https:\/\/schema.org","@graph":[{"@type":"WebPage","@id":"https:\/\/chauvetdj-ils.com\/es\/producto\/pinspot-q1z-ils\/","url":"https:\/\/chauvetdj-ils.com\/es\/producto\/pinspot-q1z-ils\/","name":"Pinspot Q1Z ILS - CHAUVET DJ | Instant Light Shows","isPartOf":{"@id":"https:\/\/chauvetdj-ils.com\/#website"},"primaryImageOfPage":{"@id":"https:\/\/chauvetdj-ils.com\/es\/producto\/pinspot-q1z-ils\/#primaryimage"},"image":{"@id":"https:\/\/chauvetdj-ils.com\/es\/producto\/pinspot-q1z-ils\/#primaryimage"},"thumbnailUrl":"https:\/\/chauvetdj-ils.com\/wp-content\/uploads\/2024\/04\/Pinspot-Q1Z-ILS-FRONT-OFF.jpg","datePublished":"2024-04-11T20:22:43+00:00","dateModified":"2024-04-25T16:07:45+00:00","breadcrumb":{"@id":"https:\/\/chauvetdj-ils.com\/es\/producto\/pinspot-q1z-ils\/#breadcrumb"},"inLanguage":"es","potentialAction":[{"@type":"ReadAction","target":["https:\/\/chauvetdj-ils.com\/es\/producto\/pinspot-q1z-ils\/"]}]},{"@type":"ImageObject","inLanguage":"es","@id":"https:\/\/chauvetdj-ils.com\/es\/producto\/pinspot-q1z-ils\/#primaryimage","url":"https:\/\/chauvetdj-ils.com\/wp-content\/uploads\/2024\/04\/Pinspot-Q1Z-ILS-FRONT-OFF.jpg","contentUrl":"https:\/\/chauvetdj-ils.com\/wp-content\/uploads\/2024\/04\/Pinspot-Q1Z-ILS-FRONT-OFF.jpg","width":800,"height":800},{"@type":"BreadcrumbList","@id":"https:\/\/chauvetdj-ils.com\/es\/producto\/pinspot-q1z-ils\/#breadcrumb","itemListElement":[{"@type":"ListItem","position":1,"name":"Home","item":"https:\/\/chauvetdj-ils.com\/es\/"},{"@type":"ListItem","position":2,"name":"Home","item":"https:\/\/chauvetdj-ils.com\/es\/"},{"@type":"ListItem","position":3,"name":"Pinspot Q1Z ILS"}]},{"@type":"WebSite","@id":"https:\/\/chauvetdj-ils.com\/#website","url":"https:\/\/chauvetdj-ils.com\/","name":"CHAUVET DJ | Instant Light Shows","description":"","publisher":{"@id":"https:\/\/chauvetdj-ils.com\/#organization"},"potentialAction":[{"@type":"SearchAction","target":{"@type":"EntryPoint","urlTemplate":"https:\/\/chauvetdj-ils.com\/?s={search_term_string}"},"query-input":{"@type":"PropertyValueSpecification","valueRequired":true,"valueName":"search_term_string"}}],"inLanguage":"es"},{"@type":"Organization","@id":"https:\/\/chauvetdj-ils.com\/#organization","name":"CHAUVET DJ | Instant Light Shows","url":"https:\/\/chauvetdj-ils.com\/","logo":{"@type":"ImageObject","inLanguage":"es","@id":"https:\/\/chauvetdj-ils.com\/#\/schema\/logo\/image\/","url":"https:\/\/chauvetdj-ils.com\/wp-content\/uploads\/2023\/11\/dj-logo.png","contentUrl":"https:\/\/chauvetdj-ils.com\/wp-content\/uploads\/2023\/11\/dj-logo.png","width":253,"height":100,"caption":"CHAUVET DJ | Instant Light Shows"},"image":{"@id":"https:\/\/chauvetdj-ils.com\/#\/schema\/logo\/image\/"}}]}},"_links":{"self":[{"href":"https:\/\/chauvetdj-ils.com\/es\/wp-json\/wp\/v2\/product\/4392","targetHints":{"allow":["GET"]}}],"collection":[{"href":"https:\/\/chauvetdj-ils.com\/es\/wp-json\/wp\/v2\/product"}],"about":[{"href":"https:\/\/chauvetdj-ils.com\/es\/wp-json\/wp\/v2\/types\/product"}],"replies":[{"embeddable":true,"href":"https:\/\/chauvetdj-ils.com\/es\/wp-json\/wp\/v2\/comments?post=4392"}],"wp:featuredmedia":[{"embeddable":true,"href":"https:\/\/chauvetdj-ils.com\/es\/wp-json\/wp\/v2\/media\/4385"}],"wp:attachment":[{"href":"https:\/\/chauvetdj-ils.com\/es\/wp-json\/wp\/v2\/media?parent=4392"}],"wp:term":[{"taxonomy":"product_cat","embeddable":true,"href":"https:\/\/chauvetdj-ils.com\/es\/wp-json\/wp\/v2\/product_cat?post=4392"},{"taxonomy":"product_tag","embeddable":true,"href":"https:\/\/chauvetdj-ils.com\/es\/wp-json\/wp\/v2\/product_tag?post=4392"}],"curies":[{"name":"wp","href":"https:\/\/api.w.org\/{rel}","templated":true}]}}