{"id":1435,"date":"2023-10-09T13:30:18","date_gmt":"2023-10-09T13:30:18","guid":{"rendered":"http:\/\/instant-light-shows-2.local\/product\/intimidator-spot-60-ils\/"},"modified":"2024-01-29T21:45:12","modified_gmt":"2024-01-29T21:45:12","slug":"intimidator-spot-60-ils","status":"publish","type":"product","link":"https:\/\/chauvetdj-ils.com\/fr\/produit\/intimidator-spot-60-ils\/","title":{"rendered":"Intimidator Spot 60 ILS"},"content":{"rendered":"<div class=\"content content-block\">\n<p>Intimidator Spot 60 ILS est un projecteur mobile compact et puissant de 70 watts pour vous accompagner partout.<br \/>\nAvec son petit format et son flux intense, il est id\u00e9al pour les animateurs mobiles.<br \/>\nIntimidator Spot 60 ILS est compatible avec notre \u00e9cosyst\u00e8me de produits ILS* : il est facile \u00e0 synchroniser avec de nombreux projecteurs de la m\u00eame gamme, et avec son r\u00e9cepteur D-Fi vous pouvez le contr\u00f4ler sans fil.<br \/>\nAssoci\u00e9 id\u00e9al de l\u2019Intimidator Free Spot 60 ILS, ils poss\u00e8dent tous deux les m\u00eames caract\u00e9ristiques impressionnantes : gobos rotatifs, prisme \u00e0 trois facettes, zoom manuel et mise au point automatique.<br \/>\nAvec la nouvelle position Home, le mode Totem innovant qui maintient les faisceaux sur la piste de danse et son crochet \u00bc de tour, entrez et sortez de vos prestations en un rien de temps.<br \/>\nProfitez de la technologie ILS de pointe avec les avantages d\u2019un projecteur compact gr\u00e2ce \u00e0 Intimidator Spot 60 ILS.<\/p>\n<p>* En instance de Brevet<\/p>\n<\/div>\n","protected":false},"excerpt":{"rendered":"<p>Intimidator Spot 60 ILS est un projecteur mobile compact et puissant de 70 watts pour vous accompagner partout. Avec son petit format et son flux intense, il est id\u00e9al pour les animateurs mobiles. Intimidator Spot 60 ILS est compatible avec notre \u00e9cosyst\u00e8me de produits ILS* : il est facile \u00e0 synchroniser avec de nombreux projecteurs [&hellip;]<\/p>\n","protected":false},"featured_media":4299,"comment_status":"open","ping_status":"closed","template":"","meta":[],"product_cat":[58],"product_tag":[66],"class_list":{"0":"post-1435","1":"product","2":"type-product","3":"status-publish","4":"has-post-thumbnail","6":"product_cat-ils-fr","7":"product_tag-lyres-asservies-fr","9":"first","10":"instock","11":"product-type-simple"},"acf":[],"yoast_head":"<!-- This site is optimized with the Yoast SEO plugin v27.1.1 - https:\/\/yoast.com\/product\/yoast-seo-wordpress\/ -->\n<title>Intimidator Spot 60 ILS - CHAUVET DJ | Instant Light Shows<\/title>\n<meta name=\"robots\" content=\"index, follow, max-snippet:-1, max-image-preview:large, max-video-preview:-1\" \/>\n<link rel=\"canonical\" href=\"https:\/\/chauvetdj-ils.com\/fr\/produit\/intimidator-spot-60-ils\/\" \/>\n<meta property=\"og:locale\" content=\"fr_FR\" \/>\n<meta property=\"og:type\" content=\"article\" \/>\n<meta property=\"og:title\" content=\"Intimidator Spot 60 ILS - CHAUVET DJ | Instant Light Shows\" \/>\n<meta property=\"og:description\" content=\"Intimidator Spot 60 ILS est un projecteur mobile compact et puissant de 70 watts pour vous accompagner partout. Avec son petit format et son flux intense, il est id\u00e9al pour les animateurs mobiles. Intimidator Spot 60 ILS est compatible avec notre \u00e9cosyst\u00e8me de produits ILS* : il est facile \u00e0 synchroniser avec de nombreux projecteurs [&hellip;]\" \/>\n<meta property=\"og:url\" content=\"https:\/\/chauvetdj-ils.com\/fr\/produit\/intimidator-spot-60-ils\/\" \/>\n<meta property=\"og:site_name\" content=\"CHAUVET DJ | Instant Light Shows\" \/>\n<meta property=\"article:modified_time\" content=\"2024-01-29T21:45:12+00:00\" \/>\n<meta property=\"og:image\" content=\"https:\/\/chauvetdj-ils.com\/wp-content\/uploads\/2023\/10\/INTIMIDATOR-SPOT-60-ILS-FRONT-OFF.png\" \/>\n\t<meta property=\"og:image:width\" content=\"800\" \/>\n\t<meta property=\"og:image:height\" content=\"800\" \/>\n\t<meta property=\"og:image:type\" content=\"image\/png\" \/>\n<meta name=\"twitter:card\" content=\"summary_large_image\" \/>\n<meta name=\"twitter:label1\" content=\"Est. reading time\" \/>\n\t<meta name=\"twitter:data1\" content=\"1 minute\" \/>\n<script type=\"application\/ld+json\" class=\"yoast-schema-graph\">{\"@context\":\"https:\/\/schema.org\",\"@graph\":[{\"@type\":\"WebPage\",\"@id\":\"https:\/\/chauvetdj-ils.com\/fr\/produit\/intimidator-spot-60-ils\/\",\"url\":\"https:\/\/chauvetdj-ils.com\/fr\/produit\/intimidator-spot-60-ils\/\",\"name\":\"Intimidator Spot 60 ILS - CHAUVET DJ | Instant Light Shows\",\"isPartOf\":{\"@id\":\"https:\/\/chauvetdj-ils.com\/#website\"},\"primaryImageOfPage\":{\"@id\":\"https:\/\/chauvetdj-ils.com\/fr\/produit\/intimidator-spot-60-ils\/#primaryimage\"},\"image\":{\"@id\":\"https:\/\/chauvetdj-ils.com\/fr\/produit\/intimidator-spot-60-ils\/#primaryimage\"},\"thumbnailUrl\":\"https:\/\/chauvetdj-ils.com\/wp-content\/uploads\/2023\/10\/INTIMIDATOR-SPOT-60-ILS-FRONT-OFF.png\",\"datePublished\":\"2023-10-09T13:30:18+00:00\",\"dateModified\":\"2024-01-29T21:45:12+00:00\",\"breadcrumb\":{\"@id\":\"https:\/\/chauvetdj-ils.com\/fr\/produit\/intimidator-spot-60-ils\/#breadcrumb\"},\"inLanguage\":\"fr-FR\",\"potentialAction\":[{\"@type\":\"ReadAction\",\"target\":[\"https:\/\/chauvetdj-ils.com\/fr\/produit\/intimidator-spot-60-ils\/\"]}]},{\"@type\":\"ImageObject\",\"inLanguage\":\"fr-FR\",\"@id\":\"https:\/\/chauvetdj-ils.com\/fr\/produit\/intimidator-spot-60-ils\/#primaryimage\",\"url\":\"https:\/\/chauvetdj-ils.com\/wp-content\/uploads\/2023\/10\/INTIMIDATOR-SPOT-60-ILS-FRONT-OFF.png\",\"contentUrl\":\"https:\/\/chauvetdj-ils.com\/wp-content\/uploads\/2023\/10\/INTIMIDATOR-SPOT-60-ILS-FRONT-OFF.png\",\"width\":800,\"height\":800},{\"@type\":\"BreadcrumbList\",\"@id\":\"https:\/\/chauvetdj-ils.com\/fr\/produit\/intimidator-spot-60-ils\/#breadcrumb\",\"itemListElement\":[{\"@type\":\"ListItem\",\"position\":1,\"name\":\"Home\",\"item\":\"https:\/\/chauvetdj-ils.com\/fr\/\"},{\"@type\":\"ListItem\",\"position\":2,\"name\":\"Home\",\"item\":\"https:\/\/chauvetdj-ils.com\/fr\/\"},{\"@type\":\"ListItem\",\"position\":3,\"name\":\"Intimidator Spot 60 ILS\"}]},{\"@type\":\"WebSite\",\"@id\":\"https:\/\/chauvetdj-ils.com\/#website\",\"url\":\"https:\/\/chauvetdj-ils.com\/\",\"name\":\"CHAUVET DJ | Instant Light Shows\",\"description\":\"\",\"publisher\":{\"@id\":\"https:\/\/chauvetdj-ils.com\/#organization\"},\"potentialAction\":[{\"@type\":\"SearchAction\",\"target\":{\"@type\":\"EntryPoint\",\"urlTemplate\":\"https:\/\/chauvetdj-ils.com\/?s={search_term_string}\"},\"query-input\":{\"@type\":\"PropertyValueSpecification\",\"valueRequired\":true,\"valueName\":\"search_term_string\"}}],\"inLanguage\":\"fr-FR\"},{\"@type\":\"Organization\",\"@id\":\"https:\/\/chauvetdj-ils.com\/#organization\",\"name\":\"CHAUVET DJ | Instant Light Shows\",\"url\":\"https:\/\/chauvetdj-ils.com\/\",\"logo\":{\"@type\":\"ImageObject\",\"inLanguage\":\"fr-FR\",\"@id\":\"https:\/\/chauvetdj-ils.com\/#\/schema\/logo\/image\/\",\"url\":\"https:\/\/chauvetdj-ils.com\/wp-content\/uploads\/2023\/11\/dj-logo.png\",\"contentUrl\":\"https:\/\/chauvetdj-ils.com\/wp-content\/uploads\/2023\/11\/dj-logo.png\",\"width\":253,\"height\":100,\"caption\":\"CHAUVET DJ | Instant Light Shows\"},\"image\":{\"@id\":\"https:\/\/chauvetdj-ils.com\/#\/schema\/logo\/image\/\"}}]}<\/script>\n<!-- \/ Yoast SEO plugin. -->","yoast_head_json":{"title":"Intimidator Spot 60 ILS - CHAUVET DJ | Instant Light Shows","robots":{"index":"index","follow":"follow","max-snippet":"max-snippet:-1","max-image-preview":"max-image-preview:large","max-video-preview":"max-video-preview:-1"},"canonical":"https:\/\/chauvetdj-ils.com\/fr\/produit\/intimidator-spot-60-ils\/","og_locale":"fr_FR","og_type":"article","og_title":"Intimidator Spot 60 ILS - CHAUVET DJ | Instant Light Shows","og_description":"Intimidator Spot 60 ILS est un projecteur mobile compact et puissant de 70 watts pour vous accompagner partout. Avec son petit format et son flux intense, il est id\u00e9al pour les animateurs mobiles. Intimidator Spot 60 ILS est compatible avec notre \u00e9cosyst\u00e8me de produits ILS* : il est facile \u00e0 synchroniser avec de nombreux projecteurs [&hellip;]","og_url":"https:\/\/chauvetdj-ils.com\/fr\/produit\/intimidator-spot-60-ils\/","og_site_name":"CHAUVET DJ | Instant Light Shows","article_modified_time":"2024-01-29T21:45:12+00:00","og_image":[{"width":800,"height":800,"url":"https:\/\/chauvetdj-ils.com\/wp-content\/uploads\/2023\/10\/INTIMIDATOR-SPOT-60-ILS-FRONT-OFF.png","type":"image\/png"}],"twitter_card":"summary_large_image","twitter_misc":{"Est. reading time":"1 minute"},"schema":{"@context":"https:\/\/schema.org","@graph":[{"@type":"WebPage","@id":"https:\/\/chauvetdj-ils.com\/fr\/produit\/intimidator-spot-60-ils\/","url":"https:\/\/chauvetdj-ils.com\/fr\/produit\/intimidator-spot-60-ils\/","name":"Intimidator Spot 60 ILS - CHAUVET DJ | Instant Light Shows","isPartOf":{"@id":"https:\/\/chauvetdj-ils.com\/#website"},"primaryImageOfPage":{"@id":"https:\/\/chauvetdj-ils.com\/fr\/produit\/intimidator-spot-60-ils\/#primaryimage"},"image":{"@id":"https:\/\/chauvetdj-ils.com\/fr\/produit\/intimidator-spot-60-ils\/#primaryimage"},"thumbnailUrl":"https:\/\/chauvetdj-ils.com\/wp-content\/uploads\/2023\/10\/INTIMIDATOR-SPOT-60-ILS-FRONT-OFF.png","datePublished":"2023-10-09T13:30:18+00:00","dateModified":"2024-01-29T21:45:12+00:00","breadcrumb":{"@id":"https:\/\/chauvetdj-ils.com\/fr\/produit\/intimidator-spot-60-ils\/#breadcrumb"},"inLanguage":"fr-FR","potentialAction":[{"@type":"ReadAction","target":["https:\/\/chauvetdj-ils.com\/fr\/produit\/intimidator-spot-60-ils\/"]}]},{"@type":"ImageObject","inLanguage":"fr-FR","@id":"https:\/\/chauvetdj-ils.com\/fr\/produit\/intimidator-spot-60-ils\/#primaryimage","url":"https:\/\/chauvetdj-ils.com\/wp-content\/uploads\/2023\/10\/INTIMIDATOR-SPOT-60-ILS-FRONT-OFF.png","contentUrl":"https:\/\/chauvetdj-ils.com\/wp-content\/uploads\/2023\/10\/INTIMIDATOR-SPOT-60-ILS-FRONT-OFF.png","width":800,"height":800},{"@type":"BreadcrumbList","@id":"https:\/\/chauvetdj-ils.com\/fr\/produit\/intimidator-spot-60-ils\/#breadcrumb","itemListElement":[{"@type":"ListItem","position":1,"name":"Home","item":"https:\/\/chauvetdj-ils.com\/fr\/"},{"@type":"ListItem","position":2,"name":"Home","item":"https:\/\/chauvetdj-ils.com\/fr\/"},{"@type":"ListItem","position":3,"name":"Intimidator Spot 60 ILS"}]},{"@type":"WebSite","@id":"https:\/\/chauvetdj-ils.com\/#website","url":"https:\/\/chauvetdj-ils.com\/","name":"CHAUVET DJ | Instant Light Shows","description":"","publisher":{"@id":"https:\/\/chauvetdj-ils.com\/#organization"},"potentialAction":[{"@type":"SearchAction","target":{"@type":"EntryPoint","urlTemplate":"https:\/\/chauvetdj-ils.com\/?s={search_term_string}"},"query-input":{"@type":"PropertyValueSpecification","valueRequired":true,"valueName":"search_term_string"}}],"inLanguage":"fr-FR"},{"@type":"Organization","@id":"https:\/\/chauvetdj-ils.com\/#organization","name":"CHAUVET DJ | Instant Light Shows","url":"https:\/\/chauvetdj-ils.com\/","logo":{"@type":"ImageObject","inLanguage":"fr-FR","@id":"https:\/\/chauvetdj-ils.com\/#\/schema\/logo\/image\/","url":"https:\/\/chauvetdj-ils.com\/wp-content\/uploads\/2023\/11\/dj-logo.png","contentUrl":"https:\/\/chauvetdj-ils.com\/wp-content\/uploads\/2023\/11\/dj-logo.png","width":253,"height":100,"caption":"CHAUVET DJ | Instant Light Shows"},"image":{"@id":"https:\/\/chauvetdj-ils.com\/#\/schema\/logo\/image\/"}}]}},"_links":{"self":[{"href":"https:\/\/chauvetdj-ils.com\/fr\/wp-json\/wp\/v2\/product\/1435","targetHints":{"allow":["GET"]}}],"collection":[{"href":"https:\/\/chauvetdj-ils.com\/fr\/wp-json\/wp\/v2\/product"}],"about":[{"href":"https:\/\/chauvetdj-ils.com\/fr\/wp-json\/wp\/v2\/types\/product"}],"replies":[{"embeddable":true,"href":"https:\/\/chauvetdj-ils.com\/fr\/wp-json\/wp\/v2\/comments?post=1435"}],"wp:featuredmedia":[{"embeddable":true,"href":"https:\/\/chauvetdj-ils.com\/fr\/wp-json\/wp\/v2\/media\/4299"}],"wp:attachment":[{"href":"https:\/\/chauvetdj-ils.com\/fr\/wp-json\/wp\/v2\/media?parent=1435"}],"wp:term":[{"taxonomy":"product_cat","embeddable":true,"href":"https:\/\/chauvetdj-ils.com\/fr\/wp-json\/wp\/v2\/product_cat?post=1435"},{"taxonomy":"product_tag","embeddable":true,"href":"https:\/\/chauvetdj-ils.com\/fr\/wp-json\/wp\/v2\/product_tag?post=1435"}],"curies":[{"name":"wp","href":"https:\/\/api.w.org\/{rel}","templated":true}]}}