{"id":2350,"date":"2023-05-15T13:49:49","date_gmt":"2023-05-15T13:49:49","guid":{"rendered":"http:\/\/chauvetdj-ils.com\/product\/ezlink-par-q6bt-ils\/"},"modified":"2024-01-29T22:19:26","modified_gmt":"2024-01-29T22:19:26","slug":"ezlink-par-q6bt-ils","status":"publish","type":"product","link":"https:\/\/chauvetdj-ils.com\/fr\/produit\/ezlink-par-q6bt-ils\/","title":{"rendered":"EZLink Par Q6BT ILS"},"content":{"rendered":"<p>EZLink Par Q6BT ILS est un par LED RGBA sur batterie dot\u00e9 de la compatibilit\u00e9 ILS pour \u00eatre utilis\u00e9 dans l\u2019\u00e9cosyst\u00e8me ILS : cr\u00e9ez des shows lumi\u00e8re coordonn\u00e9es \u00e0 travers un nombre illimit\u00e9 de projecteurs diff\u00e9rents, le tout en quelques instants.<br \/>\nLa technologie sans fil Bluetooth\u00ae est \u00e9galement int\u00e9gr\u00e9e afin que vous puissiez contr\u00f4ler EZLink Par Q6BT ILS directement depuis un smartphone ou une tablette sans aucun mat\u00e9riel suppl\u00e9mentaire.<br \/>\nEt en plus, EZLink Par Q6BT ILS accepte le protocole USB D-Fi pour le mode ma\u00eetre\/esclave sans fil ou le contr\u00f4le DMX.<br \/>\nVous pouvez g\u00e9n\u00e9rer un large spectre de couleurs et obtenir des temp\u00e9ratures de couleurs d\u2019apparence naturelle avec ses LED ambr\u00e9es percutantes . G\u00e9n\u00e9rez des effets \u00e9poustouflants avec les modes son et automatiques.<\/p>\n","protected":false},"excerpt":{"rendered":"<p>EZLink Par Q6BT ILS est un par LED RGBA sur batterie dot\u00e9 de la compatibilit\u00e9 ILS pour \u00eatre utilis\u00e9 dans l\u2019\u00e9cosyst\u00e8me ILS : cr\u00e9ez des shows lumi\u00e8re coordonn\u00e9es \u00e0 travers un nombre illimit\u00e9 de projecteurs diff\u00e9rents, le tout en quelques instants. La technologie sans fil Bluetooth\u00ae est \u00e9galement int\u00e9gr\u00e9e afin que vous puissiez contr\u00f4ler EZLink [&hellip;]<\/p>\n","protected":false},"featured_media":3487,"comment_status":"open","ping_status":"closed","template":"","meta":[],"product_cat":[97,58],"product_tag":[79],"class_list":{"0":"post-2350","1":"product","2":"type-product","3":"status-publish","4":"has-post-thumbnail","6":"product_cat-europe-only-fr","7":"product_cat-ils-fr","8":"product_tag-pars-fr","10":"first","11":"instock","12":"product-type-simple"},"acf":[],"yoast_head":"<!-- This site is optimized with the Yoast SEO plugin v27.1.1 - https:\/\/yoast.com\/product\/yoast-seo-wordpress\/ -->\n<title>EZLink Par Q6BT ILS - CHAUVET DJ | Instant Light Shows<\/title>\n<meta name=\"robots\" content=\"index, follow, max-snippet:-1, max-image-preview:large, max-video-preview:-1\" \/>\n<link rel=\"canonical\" href=\"https:\/\/chauvetdj-ils.com\/fr\/produit\/ezlink-par-q6bt-ils\/\" \/>\n<meta property=\"og:locale\" content=\"fr_FR\" \/>\n<meta property=\"og:type\" content=\"article\" \/>\n<meta property=\"og:title\" content=\"EZLink Par Q6BT ILS - CHAUVET DJ | Instant Light Shows\" \/>\n<meta property=\"og:description\" content=\"EZLink Par Q6BT ILS est un par LED RGBA sur batterie dot\u00e9 de la compatibilit\u00e9 ILS pour \u00eatre utilis\u00e9 dans l\u2019\u00e9cosyst\u00e8me ILS : cr\u00e9ez des shows lumi\u00e8re coordonn\u00e9es \u00e0 travers un nombre illimit\u00e9 de projecteurs diff\u00e9rents, le tout en quelques instants. La technologie sans fil Bluetooth\u00ae est \u00e9galement int\u00e9gr\u00e9e afin que vous puissiez contr\u00f4ler EZLink [&hellip;]\" \/>\n<meta property=\"og:url\" content=\"https:\/\/chauvetdj-ils.com\/fr\/produit\/ezlink-par-q6bt-ils\/\" \/>\n<meta property=\"og:site_name\" content=\"CHAUVET DJ | Instant Light Shows\" \/>\n<meta property=\"article:modified_time\" content=\"2024-01-29T22:19:26+00:00\" \/>\n<meta property=\"og:image\" content=\"https:\/\/chauvetdj-ils.com\/wp-content\/uploads\/2023\/11\/EZLink-Par-Q6-BT-ILS-off.png\" \/>\n\t<meta property=\"og:image:width\" content=\"800\" \/>\n\t<meta property=\"og:image:height\" content=\"800\" \/>\n\t<meta property=\"og:image:type\" content=\"image\/png\" \/>\n<meta name=\"twitter:card\" content=\"summary_large_image\" \/>\n<meta name=\"twitter:label1\" content=\"Est. reading time\" \/>\n\t<meta name=\"twitter:data1\" content=\"1 minute\" \/>\n<script type=\"application\/ld+json\" class=\"yoast-schema-graph\">{\"@context\":\"https:\/\/schema.org\",\"@graph\":[{\"@type\":\"WebPage\",\"@id\":\"https:\/\/chauvetdj-ils.com\/fr\/produit\/ezlink-par-q6bt-ils\/\",\"url\":\"https:\/\/chauvetdj-ils.com\/fr\/produit\/ezlink-par-q6bt-ils\/\",\"name\":\"EZLink Par Q6BT ILS - CHAUVET DJ | Instant Light Shows\",\"isPartOf\":{\"@id\":\"https:\/\/chauvetdj-ils.com\/#website\"},\"primaryImageOfPage\":{\"@id\":\"https:\/\/chauvetdj-ils.com\/fr\/produit\/ezlink-par-q6bt-ils\/#primaryimage\"},\"image\":{\"@id\":\"https:\/\/chauvetdj-ils.com\/fr\/produit\/ezlink-par-q6bt-ils\/#primaryimage\"},\"thumbnailUrl\":\"https:\/\/chauvetdj-ils.com\/wp-content\/uploads\/2023\/11\/EZLink-Par-Q6-BT-ILS-off.png\",\"datePublished\":\"2023-05-15T13:49:49+00:00\",\"dateModified\":\"2024-01-29T22:19:26+00:00\",\"breadcrumb\":{\"@id\":\"https:\/\/chauvetdj-ils.com\/fr\/produit\/ezlink-par-q6bt-ils\/#breadcrumb\"},\"inLanguage\":\"fr-FR\",\"potentialAction\":[{\"@type\":\"ReadAction\",\"target\":[\"https:\/\/chauvetdj-ils.com\/fr\/produit\/ezlink-par-q6bt-ils\/\"]}]},{\"@type\":\"ImageObject\",\"inLanguage\":\"fr-FR\",\"@id\":\"https:\/\/chauvetdj-ils.com\/fr\/produit\/ezlink-par-q6bt-ils\/#primaryimage\",\"url\":\"https:\/\/chauvetdj-ils.com\/wp-content\/uploads\/2023\/11\/EZLink-Par-Q6-BT-ILS-off.png\",\"contentUrl\":\"https:\/\/chauvetdj-ils.com\/wp-content\/uploads\/2023\/11\/EZLink-Par-Q6-BT-ILS-off.png\",\"width\":800,\"height\":800},{\"@type\":\"BreadcrumbList\",\"@id\":\"https:\/\/chauvetdj-ils.com\/fr\/produit\/ezlink-par-q6bt-ils\/#breadcrumb\",\"itemListElement\":[{\"@type\":\"ListItem\",\"position\":1,\"name\":\"Home\",\"item\":\"https:\/\/chauvetdj-ils.com\/fr\/\"},{\"@type\":\"ListItem\",\"position\":2,\"name\":\"Home\",\"item\":\"https:\/\/chauvetdj-ils.com\/fr\/\"},{\"@type\":\"ListItem\",\"position\":3,\"name\":\"EZLink Par Q6BT ILS\"}]},{\"@type\":\"WebSite\",\"@id\":\"https:\/\/chauvetdj-ils.com\/#website\",\"url\":\"https:\/\/chauvetdj-ils.com\/\",\"name\":\"CHAUVET DJ | Instant Light Shows\",\"description\":\"\",\"publisher\":{\"@id\":\"https:\/\/chauvetdj-ils.com\/#organization\"},\"potentialAction\":[{\"@type\":\"SearchAction\",\"target\":{\"@type\":\"EntryPoint\",\"urlTemplate\":\"https:\/\/chauvetdj-ils.com\/?s={search_term_string}\"},\"query-input\":{\"@type\":\"PropertyValueSpecification\",\"valueRequired\":true,\"valueName\":\"search_term_string\"}}],\"inLanguage\":\"fr-FR\"},{\"@type\":\"Organization\",\"@id\":\"https:\/\/chauvetdj-ils.com\/#organization\",\"name\":\"CHAUVET DJ | Instant Light Shows\",\"url\":\"https:\/\/chauvetdj-ils.com\/\",\"logo\":{\"@type\":\"ImageObject\",\"inLanguage\":\"fr-FR\",\"@id\":\"https:\/\/chauvetdj-ils.com\/#\/schema\/logo\/image\/\",\"url\":\"https:\/\/chauvetdj-ils.com\/wp-content\/uploads\/2023\/11\/dj-logo.png\",\"contentUrl\":\"https:\/\/chauvetdj-ils.com\/wp-content\/uploads\/2023\/11\/dj-logo.png\",\"width\":253,\"height\":100,\"caption\":\"CHAUVET DJ | Instant Light Shows\"},\"image\":{\"@id\":\"https:\/\/chauvetdj-ils.com\/#\/schema\/logo\/image\/\"}}]}<\/script>\n<!-- \/ Yoast SEO plugin. -->","yoast_head_json":{"title":"EZLink Par Q6BT ILS - CHAUVET DJ | Instant Light Shows","robots":{"index":"index","follow":"follow","max-snippet":"max-snippet:-1","max-image-preview":"max-image-preview:large","max-video-preview":"max-video-preview:-1"},"canonical":"https:\/\/chauvetdj-ils.com\/fr\/produit\/ezlink-par-q6bt-ils\/","og_locale":"fr_FR","og_type":"article","og_title":"EZLink Par Q6BT ILS - CHAUVET DJ | Instant Light Shows","og_description":"EZLink Par Q6BT ILS est un par LED RGBA sur batterie dot\u00e9 de la compatibilit\u00e9 ILS pour \u00eatre utilis\u00e9 dans l\u2019\u00e9cosyst\u00e8me ILS : cr\u00e9ez des shows lumi\u00e8re coordonn\u00e9es \u00e0 travers un nombre illimit\u00e9 de projecteurs diff\u00e9rents, le tout en quelques instants. La technologie sans fil Bluetooth\u00ae est \u00e9galement int\u00e9gr\u00e9e afin que vous puissiez contr\u00f4ler EZLink [&hellip;]","og_url":"https:\/\/chauvetdj-ils.com\/fr\/produit\/ezlink-par-q6bt-ils\/","og_site_name":"CHAUVET DJ | Instant Light Shows","article_modified_time":"2024-01-29T22:19:26+00:00","og_image":[{"width":800,"height":800,"url":"https:\/\/chauvetdj-ils.com\/wp-content\/uploads\/2023\/11\/EZLink-Par-Q6-BT-ILS-off.png","type":"image\/png"}],"twitter_card":"summary_large_image","twitter_misc":{"Est. reading time":"1 minute"},"schema":{"@context":"https:\/\/schema.org","@graph":[{"@type":"WebPage","@id":"https:\/\/chauvetdj-ils.com\/fr\/produit\/ezlink-par-q6bt-ils\/","url":"https:\/\/chauvetdj-ils.com\/fr\/produit\/ezlink-par-q6bt-ils\/","name":"EZLink Par Q6BT ILS - CHAUVET DJ | Instant Light Shows","isPartOf":{"@id":"https:\/\/chauvetdj-ils.com\/#website"},"primaryImageOfPage":{"@id":"https:\/\/chauvetdj-ils.com\/fr\/produit\/ezlink-par-q6bt-ils\/#primaryimage"},"image":{"@id":"https:\/\/chauvetdj-ils.com\/fr\/produit\/ezlink-par-q6bt-ils\/#primaryimage"},"thumbnailUrl":"https:\/\/chauvetdj-ils.com\/wp-content\/uploads\/2023\/11\/EZLink-Par-Q6-BT-ILS-off.png","datePublished":"2023-05-15T13:49:49+00:00","dateModified":"2024-01-29T22:19:26+00:00","breadcrumb":{"@id":"https:\/\/chauvetdj-ils.com\/fr\/produit\/ezlink-par-q6bt-ils\/#breadcrumb"},"inLanguage":"fr-FR","potentialAction":[{"@type":"ReadAction","target":["https:\/\/chauvetdj-ils.com\/fr\/produit\/ezlink-par-q6bt-ils\/"]}]},{"@type":"ImageObject","inLanguage":"fr-FR","@id":"https:\/\/chauvetdj-ils.com\/fr\/produit\/ezlink-par-q6bt-ils\/#primaryimage","url":"https:\/\/chauvetdj-ils.com\/wp-content\/uploads\/2023\/11\/EZLink-Par-Q6-BT-ILS-off.png","contentUrl":"https:\/\/chauvetdj-ils.com\/wp-content\/uploads\/2023\/11\/EZLink-Par-Q6-BT-ILS-off.png","width":800,"height":800},{"@type":"BreadcrumbList","@id":"https:\/\/chauvetdj-ils.com\/fr\/produit\/ezlink-par-q6bt-ils\/#breadcrumb","itemListElement":[{"@type":"ListItem","position":1,"name":"Home","item":"https:\/\/chauvetdj-ils.com\/fr\/"},{"@type":"ListItem","position":2,"name":"Home","item":"https:\/\/chauvetdj-ils.com\/fr\/"},{"@type":"ListItem","position":3,"name":"EZLink Par Q6BT ILS"}]},{"@type":"WebSite","@id":"https:\/\/chauvetdj-ils.com\/#website","url":"https:\/\/chauvetdj-ils.com\/","name":"CHAUVET DJ | Instant Light Shows","description":"","publisher":{"@id":"https:\/\/chauvetdj-ils.com\/#organization"},"potentialAction":[{"@type":"SearchAction","target":{"@type":"EntryPoint","urlTemplate":"https:\/\/chauvetdj-ils.com\/?s={search_term_string}"},"query-input":{"@type":"PropertyValueSpecification","valueRequired":true,"valueName":"search_term_string"}}],"inLanguage":"fr-FR"},{"@type":"Organization","@id":"https:\/\/chauvetdj-ils.com\/#organization","name":"CHAUVET DJ | Instant Light Shows","url":"https:\/\/chauvetdj-ils.com\/","logo":{"@type":"ImageObject","inLanguage":"fr-FR","@id":"https:\/\/chauvetdj-ils.com\/#\/schema\/logo\/image\/","url":"https:\/\/chauvetdj-ils.com\/wp-content\/uploads\/2023\/11\/dj-logo.png","contentUrl":"https:\/\/chauvetdj-ils.com\/wp-content\/uploads\/2023\/11\/dj-logo.png","width":253,"height":100,"caption":"CHAUVET DJ | Instant Light Shows"},"image":{"@id":"https:\/\/chauvetdj-ils.com\/#\/schema\/logo\/image\/"}}]}},"_links":{"self":[{"href":"https:\/\/chauvetdj-ils.com\/fr\/wp-json\/wp\/v2\/product\/2350","targetHints":{"allow":["GET"]}}],"collection":[{"href":"https:\/\/chauvetdj-ils.com\/fr\/wp-json\/wp\/v2\/product"}],"about":[{"href":"https:\/\/chauvetdj-ils.com\/fr\/wp-json\/wp\/v2\/types\/product"}],"replies":[{"embeddable":true,"href":"https:\/\/chauvetdj-ils.com\/fr\/wp-json\/wp\/v2\/comments?post=2350"}],"wp:featuredmedia":[{"embeddable":true,"href":"https:\/\/chauvetdj-ils.com\/fr\/wp-json\/wp\/v2\/media\/3487"}],"wp:attachment":[{"href":"https:\/\/chauvetdj-ils.com\/fr\/wp-json\/wp\/v2\/media?parent=2350"}],"wp:term":[{"taxonomy":"product_cat","embeddable":true,"href":"https:\/\/chauvetdj-ils.com\/fr\/wp-json\/wp\/v2\/product_cat?post=2350"},{"taxonomy":"product_tag","embeddable":true,"href":"https:\/\/chauvetdj-ils.com\/fr\/wp-json\/wp\/v2\/product_tag?post=2350"}],"curies":[{"name":"wp","href":"https:\/\/api.w.org\/{rel}","templated":true}]}}