{"id":2362,"date":"2023-03-23T21:51:42","date_gmt":"2023-03-23T21:51:42","guid":{"rendered":"http:\/\/chauvetdj-ils.com\/product\/colorband-pix-m-ils\/"},"modified":"2024-01-30T14:52:36","modified_gmt":"2024-01-30T14:52:36","slug":"colorband-pix-m-ils","status":"publish","type":"product","link":"https:\/\/chauvetdj-ils.com\/fr\/produit\/colorband-pix-m-ils\/","title":{"rendered":"COLORband PiX-M ILS"},"content":{"rendered":"<p>Ajoutez la puissance d\u2019un \u00e9clairage wash lin\u00e9aire avec 10 LEDs RGB, des mouvements de balayage et tout un arsenal d\u2019options de contr\u00f4le et vous avez le COLORband Pix M ILS, un projecteur qui illuminera n\u2019importe quel \u00e9v\u00e9nement en lui insufflant une tonne d\u2019\u00e9nergie ! Cette barre de LED motoris\u00e9e cr\u00e9e des effets de balayage dynamiques en plus de ses capacit\u00e9s de pixel mapping, de blinder ou de wash mural. Vous pouvez aussi ajuster l\u2019angle de projection l\u00e0 o\u00f9 c\u2019est utile gr\u00e2ce aux moteurs int\u00e9gr\u00e9s. Mais le clou du spectacle, c\u2019est lorsque vous cr\u00e9ez des animations accrocheuses et des effets vid\u00e9o avec le contr\u00f4le individuel des LEDs. Pour contr\u00f4ler toute ses fonctions, rien de plus simple ! Ce projecteur est dot\u00e9 d\u2019un r\u00e9cepteur RF pour le pilotage sans fil en utilisant les t\u00e9l\u00e9commandes RFC ou RFC-XL optionnelles. Il est \u00e9galement compatible ILS pour \u00eatre utilis\u00e9 dans l\u2019\u00e9cosyst\u00e8me ILS, et compatible D-Fi USB pour \u00eatre pilot\u00e9 en mode ma\u00eetre\/esclave, ou encore en DMX. M\u00eame les connectiques DMX sont flexibles, avec des connecteurs DMX 3 et 5 broches int\u00e9gr\u00e9s.<\/p>\n","protected":false},"excerpt":{"rendered":"<p>Ajoutez la puissance d\u2019un \u00e9clairage wash lin\u00e9aire avec 10 LEDs RGB, des mouvements de balayage et tout un arsenal d\u2019options de contr\u00f4le et vous avez le COLORband Pix M ILS, un projecteur qui illuminera n\u2019importe quel \u00e9v\u00e9nement en lui insufflant une tonne d\u2019\u00e9nergie ! Cette barre de LED motoris\u00e9e cr\u00e9e des effets de balayage dynamiques [&hellip;]<\/p>\n","protected":false},"featured_media":3382,"comment_status":"open","ping_status":"closed","template":"","meta":[],"product_cat":[58],"product_tag":[82],"class_list":{"0":"post-2362","1":"product","2":"type-product","3":"status-publish","4":"has-post-thumbnail","6":"product_cat-ils-fr","7":"product_tag-lumieres-wash-fr","9":"first","10":"instock","11":"product-type-simple"},"acf":[],"yoast_head":"<!-- This site is optimized with the Yoast SEO plugin v27.1.1 - https:\/\/yoast.com\/product\/yoast-seo-wordpress\/ -->\n<title>COLORband PiX-M ILS - CHAUVET DJ | Instant Light Shows<\/title>\n<meta name=\"robots\" content=\"index, follow, max-snippet:-1, max-image-preview:large, max-video-preview:-1\" \/>\n<link rel=\"canonical\" href=\"https:\/\/chauvetdj-ils.com\/fr\/produit\/colorband-pix-m-ils\/\" \/>\n<meta property=\"og:locale\" content=\"fr_FR\" \/>\n<meta property=\"og:type\" content=\"article\" \/>\n<meta property=\"og:title\" content=\"COLORband PiX-M ILS - CHAUVET DJ | Instant Light Shows\" \/>\n<meta property=\"og:description\" content=\"Ajoutez la puissance d\u2019un \u00e9clairage wash lin\u00e9aire avec 10 LEDs RGB, des mouvements de balayage et tout un arsenal d\u2019options de contr\u00f4le et vous avez le COLORband Pix M ILS, un projecteur qui illuminera n\u2019importe quel \u00e9v\u00e9nement en lui insufflant une tonne d\u2019\u00e9nergie ! Cette barre de LED motoris\u00e9e cr\u00e9e des effets de balayage dynamiques [&hellip;]\" \/>\n<meta property=\"og:url\" content=\"https:\/\/chauvetdj-ils.com\/fr\/produit\/colorband-pix-m-ils\/\" \/>\n<meta property=\"og:site_name\" content=\"CHAUVET DJ | Instant Light Shows\" \/>\n<meta property=\"article:modified_time\" content=\"2024-01-30T14:52:36+00:00\" \/>\n<meta property=\"og:image\" content=\"https:\/\/chauvetdj-ils.com\/wp-content\/uploads\/2023\/11\/COLORBAND-PIX-M-ILS-feat.png\" \/>\n\t<meta property=\"og:image:width\" content=\"800\" \/>\n\t<meta property=\"og:image:height\" content=\"800\" \/>\n\t<meta property=\"og:image:type\" content=\"image\/png\" \/>\n<meta name=\"twitter:card\" content=\"summary_large_image\" \/>\n<meta name=\"twitter:label1\" content=\"Est. reading time\" \/>\n\t<meta name=\"twitter:data1\" content=\"1 minute\" \/>\n<script type=\"application\/ld+json\" class=\"yoast-schema-graph\">{\"@context\":\"https:\/\/schema.org\",\"@graph\":[{\"@type\":\"WebPage\",\"@id\":\"https:\/\/chauvetdj-ils.com\/fr\/produit\/colorband-pix-m-ils\/\",\"url\":\"https:\/\/chauvetdj-ils.com\/fr\/produit\/colorband-pix-m-ils\/\",\"name\":\"COLORband PiX-M ILS - CHAUVET DJ | Instant Light Shows\",\"isPartOf\":{\"@id\":\"https:\/\/chauvetdj-ils.com\/#website\"},\"primaryImageOfPage\":{\"@id\":\"https:\/\/chauvetdj-ils.com\/fr\/produit\/colorband-pix-m-ils\/#primaryimage\"},\"image\":{\"@id\":\"https:\/\/chauvetdj-ils.com\/fr\/produit\/colorband-pix-m-ils\/#primaryimage\"},\"thumbnailUrl\":\"https:\/\/chauvetdj-ils.com\/wp-content\/uploads\/2023\/11\/COLORBAND-PIX-M-ILS-feat.png\",\"datePublished\":\"2023-03-23T21:51:42+00:00\",\"dateModified\":\"2024-01-30T14:52:36+00:00\",\"breadcrumb\":{\"@id\":\"https:\/\/chauvetdj-ils.com\/fr\/produit\/colorband-pix-m-ils\/#breadcrumb\"},\"inLanguage\":\"fr-FR\",\"potentialAction\":[{\"@type\":\"ReadAction\",\"target\":[\"https:\/\/chauvetdj-ils.com\/fr\/produit\/colorband-pix-m-ils\/\"]}]},{\"@type\":\"ImageObject\",\"inLanguage\":\"fr-FR\",\"@id\":\"https:\/\/chauvetdj-ils.com\/fr\/produit\/colorband-pix-m-ils\/#primaryimage\",\"url\":\"https:\/\/chauvetdj-ils.com\/wp-content\/uploads\/2023\/11\/COLORBAND-PIX-M-ILS-feat.png\",\"contentUrl\":\"https:\/\/chauvetdj-ils.com\/wp-content\/uploads\/2023\/11\/COLORBAND-PIX-M-ILS-feat.png\",\"width\":800,\"height\":800},{\"@type\":\"BreadcrumbList\",\"@id\":\"https:\/\/chauvetdj-ils.com\/fr\/produit\/colorband-pix-m-ils\/#breadcrumb\",\"itemListElement\":[{\"@type\":\"ListItem\",\"position\":1,\"name\":\"Home\",\"item\":\"https:\/\/chauvetdj-ils.com\/fr\/\"},{\"@type\":\"ListItem\",\"position\":2,\"name\":\"Home\",\"item\":\"https:\/\/chauvetdj-ils.com\/fr\/\"},{\"@type\":\"ListItem\",\"position\":3,\"name\":\"COLORband PiX-M ILS\"}]},{\"@type\":\"WebSite\",\"@id\":\"https:\/\/chauvetdj-ils.com\/#website\",\"url\":\"https:\/\/chauvetdj-ils.com\/\",\"name\":\"CHAUVET DJ | Instant Light Shows\",\"description\":\"\",\"publisher\":{\"@id\":\"https:\/\/chauvetdj-ils.com\/#organization\"},\"potentialAction\":[{\"@type\":\"SearchAction\",\"target\":{\"@type\":\"EntryPoint\",\"urlTemplate\":\"https:\/\/chauvetdj-ils.com\/?s={search_term_string}\"},\"query-input\":{\"@type\":\"PropertyValueSpecification\",\"valueRequired\":true,\"valueName\":\"search_term_string\"}}],\"inLanguage\":\"fr-FR\"},{\"@type\":\"Organization\",\"@id\":\"https:\/\/chauvetdj-ils.com\/#organization\",\"name\":\"CHAUVET DJ | Instant Light Shows\",\"url\":\"https:\/\/chauvetdj-ils.com\/\",\"logo\":{\"@type\":\"ImageObject\",\"inLanguage\":\"fr-FR\",\"@id\":\"https:\/\/chauvetdj-ils.com\/#\/schema\/logo\/image\/\",\"url\":\"https:\/\/chauvetdj-ils.com\/wp-content\/uploads\/2023\/11\/dj-logo.png\",\"contentUrl\":\"https:\/\/chauvetdj-ils.com\/wp-content\/uploads\/2023\/11\/dj-logo.png\",\"width\":253,\"height\":100,\"caption\":\"CHAUVET DJ | Instant Light Shows\"},\"image\":{\"@id\":\"https:\/\/chauvetdj-ils.com\/#\/schema\/logo\/image\/\"}}]}<\/script>\n<!-- \/ Yoast SEO plugin. -->","yoast_head_json":{"title":"COLORband PiX-M ILS - CHAUVET DJ | Instant Light Shows","robots":{"index":"index","follow":"follow","max-snippet":"max-snippet:-1","max-image-preview":"max-image-preview:large","max-video-preview":"max-video-preview:-1"},"canonical":"https:\/\/chauvetdj-ils.com\/fr\/produit\/colorband-pix-m-ils\/","og_locale":"fr_FR","og_type":"article","og_title":"COLORband PiX-M ILS - CHAUVET DJ | Instant Light Shows","og_description":"Ajoutez la puissance d\u2019un \u00e9clairage wash lin\u00e9aire avec 10 LEDs RGB, des mouvements de balayage et tout un arsenal d\u2019options de contr\u00f4le et vous avez le COLORband Pix M ILS, un projecteur qui illuminera n\u2019importe quel \u00e9v\u00e9nement en lui insufflant une tonne d\u2019\u00e9nergie ! Cette barre de LED motoris\u00e9e cr\u00e9e des effets de balayage dynamiques [&hellip;]","og_url":"https:\/\/chauvetdj-ils.com\/fr\/produit\/colorband-pix-m-ils\/","og_site_name":"CHAUVET DJ | Instant Light Shows","article_modified_time":"2024-01-30T14:52:36+00:00","og_image":[{"width":800,"height":800,"url":"https:\/\/chauvetdj-ils.com\/wp-content\/uploads\/2023\/11\/COLORBAND-PIX-M-ILS-feat.png","type":"image\/png"}],"twitter_card":"summary_large_image","twitter_misc":{"Est. reading time":"1 minute"},"schema":{"@context":"https:\/\/schema.org","@graph":[{"@type":"WebPage","@id":"https:\/\/chauvetdj-ils.com\/fr\/produit\/colorband-pix-m-ils\/","url":"https:\/\/chauvetdj-ils.com\/fr\/produit\/colorband-pix-m-ils\/","name":"COLORband PiX-M ILS - CHAUVET DJ | Instant Light Shows","isPartOf":{"@id":"https:\/\/chauvetdj-ils.com\/#website"},"primaryImageOfPage":{"@id":"https:\/\/chauvetdj-ils.com\/fr\/produit\/colorband-pix-m-ils\/#primaryimage"},"image":{"@id":"https:\/\/chauvetdj-ils.com\/fr\/produit\/colorband-pix-m-ils\/#primaryimage"},"thumbnailUrl":"https:\/\/chauvetdj-ils.com\/wp-content\/uploads\/2023\/11\/COLORBAND-PIX-M-ILS-feat.png","datePublished":"2023-03-23T21:51:42+00:00","dateModified":"2024-01-30T14:52:36+00:00","breadcrumb":{"@id":"https:\/\/chauvetdj-ils.com\/fr\/produit\/colorband-pix-m-ils\/#breadcrumb"},"inLanguage":"fr-FR","potentialAction":[{"@type":"ReadAction","target":["https:\/\/chauvetdj-ils.com\/fr\/produit\/colorband-pix-m-ils\/"]}]},{"@type":"ImageObject","inLanguage":"fr-FR","@id":"https:\/\/chauvetdj-ils.com\/fr\/produit\/colorband-pix-m-ils\/#primaryimage","url":"https:\/\/chauvetdj-ils.com\/wp-content\/uploads\/2023\/11\/COLORBAND-PIX-M-ILS-feat.png","contentUrl":"https:\/\/chauvetdj-ils.com\/wp-content\/uploads\/2023\/11\/COLORBAND-PIX-M-ILS-feat.png","width":800,"height":800},{"@type":"BreadcrumbList","@id":"https:\/\/chauvetdj-ils.com\/fr\/produit\/colorband-pix-m-ils\/#breadcrumb","itemListElement":[{"@type":"ListItem","position":1,"name":"Home","item":"https:\/\/chauvetdj-ils.com\/fr\/"},{"@type":"ListItem","position":2,"name":"Home","item":"https:\/\/chauvetdj-ils.com\/fr\/"},{"@type":"ListItem","position":3,"name":"COLORband PiX-M ILS"}]},{"@type":"WebSite","@id":"https:\/\/chauvetdj-ils.com\/#website","url":"https:\/\/chauvetdj-ils.com\/","name":"CHAUVET DJ | Instant Light Shows","description":"","publisher":{"@id":"https:\/\/chauvetdj-ils.com\/#organization"},"potentialAction":[{"@type":"SearchAction","target":{"@type":"EntryPoint","urlTemplate":"https:\/\/chauvetdj-ils.com\/?s={search_term_string}"},"query-input":{"@type":"PropertyValueSpecification","valueRequired":true,"valueName":"search_term_string"}}],"inLanguage":"fr-FR"},{"@type":"Organization","@id":"https:\/\/chauvetdj-ils.com\/#organization","name":"CHAUVET DJ | Instant Light Shows","url":"https:\/\/chauvetdj-ils.com\/","logo":{"@type":"ImageObject","inLanguage":"fr-FR","@id":"https:\/\/chauvetdj-ils.com\/#\/schema\/logo\/image\/","url":"https:\/\/chauvetdj-ils.com\/wp-content\/uploads\/2023\/11\/dj-logo.png","contentUrl":"https:\/\/chauvetdj-ils.com\/wp-content\/uploads\/2023\/11\/dj-logo.png","width":253,"height":100,"caption":"CHAUVET DJ | Instant Light Shows"},"image":{"@id":"https:\/\/chauvetdj-ils.com\/#\/schema\/logo\/image\/"}}]}},"_links":{"self":[{"href":"https:\/\/chauvetdj-ils.com\/fr\/wp-json\/wp\/v2\/product\/2362","targetHints":{"allow":["GET"]}}],"collection":[{"href":"https:\/\/chauvetdj-ils.com\/fr\/wp-json\/wp\/v2\/product"}],"about":[{"href":"https:\/\/chauvetdj-ils.com\/fr\/wp-json\/wp\/v2\/types\/product"}],"replies":[{"embeddable":true,"href":"https:\/\/chauvetdj-ils.com\/fr\/wp-json\/wp\/v2\/comments?post=2362"}],"wp:featuredmedia":[{"embeddable":true,"href":"https:\/\/chauvetdj-ils.com\/fr\/wp-json\/wp\/v2\/media\/3382"}],"wp:attachment":[{"href":"https:\/\/chauvetdj-ils.com\/fr\/wp-json\/wp\/v2\/media?parent=2362"}],"wp:term":[{"taxonomy":"product_cat","embeddable":true,"href":"https:\/\/chauvetdj-ils.com\/fr\/wp-json\/wp\/v2\/product_cat?post=2362"},{"taxonomy":"product_tag","embeddable":true,"href":"https:\/\/chauvetdj-ils.com\/fr\/wp-json\/wp\/v2\/product_tag?post=2362"}],"curies":[{"name":"wp","href":"https:\/\/api.w.org\/{rel}","templated":true}]}}