{"id":2368,"date":"2023-01-10T16:05:44","date_gmt":"2023-01-10T16:05:44","guid":{"rendered":"http:\/\/chauvetdj-ils.com\/product\/4bar-quad-ils\/"},"modified":"2024-01-30T15:15:02","modified_gmt":"2024-01-30T15:15:02","slug":"4bar-quad-ils","status":"publish","type":"product","link":"https:\/\/chauvetdj-ils.com\/fr\/produit\/4bar-quad-ils\/","title":{"rendered":"4BAR Quad ILS"},"content":{"rendered":"<p>4BAR Quad ILS est une solution d\u2019\u00e9clairage wash compl\u00e8te \u00e9quip\u00e9e de LED quatre couleurs (RGBA) \u00e0 haute intensit\u00e9 qui peuvent \u00eatre contr\u00f4l\u00e9es sans fil via la p\u00e9dalier inclus ou le contr\u00f4leur IRC-6 en option.<br \/>\nPour toujours plus de simplicit\u00e9, la compatibilit\u00e9 ILS vous permet de cr\u00e9er facilement et rapidement des spectacles de lumi\u00e8re coordonn\u00e9s sur un nombre illimit\u00e9 de diff\u00e9rents types de projecteurs.<br \/>\nG\u00e9n\u00e9rez des temp\u00e9ratures de couleur naturelles et chaudes avec de l\u2019ambre percutant et obtenez une couverture totale de la zone en positionnant individuellement les 4 t\u00eates r\u00e9glables.<br \/>\n4BAR Quad ILS est compatible avec D-Fi USB pour la programmation ma\u00eetre\/esclave ou DMX sans fil.<br \/>\nUn tr\u00e9pied pratique et un sac de transport sont inclus pour une installation sans effort et un d\u00e9montage rapide.<br \/>\n4BAR Quad ILS se fixe en toute s\u00e9curit\u00e9 \u00e0 de la structure avec ses boulons int\u00e9gr\u00e9s, vous laissant diff\u00e9rentes options de montage.<\/p>\n","protected":false},"excerpt":{"rendered":"<p>4BAR Quad ILS est une solution d\u2019\u00e9clairage wash compl\u00e8te \u00e9quip\u00e9e de LED quatre couleurs (RGBA) \u00e0 haute intensit\u00e9 qui peuvent \u00eatre contr\u00f4l\u00e9es sans fil via la p\u00e9dalier inclus ou le contr\u00f4leur IRC-6 en option. Pour toujours plus de simplicit\u00e9, la compatibilit\u00e9 ILS vous permet de cr\u00e9er facilement et rapidement des spectacles de lumi\u00e8re coordonn\u00e9s sur [&hellip;]<\/p>\n","protected":false},"featured_media":3424,"comment_status":"open","ping_status":"closed","template":"","meta":[],"product_cat":[58],"product_tag":[82],"class_list":{"0":"post-2368","1":"product","2":"type-product","3":"status-publish","4":"has-post-thumbnail","6":"product_cat-ils-fr","7":"product_tag-lumieres-wash-fr","9":"first","10":"instock","11":"product-type-simple"},"acf":[],"yoast_head":"<!-- This site is optimized with the Yoast SEO plugin v27.1.1 - https:\/\/yoast.com\/product\/yoast-seo-wordpress\/ -->\n<title>4BAR Quad ILS - CHAUVET DJ | Instant Light Shows<\/title>\n<meta name=\"robots\" content=\"index, follow, max-snippet:-1, max-image-preview:large, max-video-preview:-1\" \/>\n<link rel=\"canonical\" href=\"https:\/\/chauvetdj-ils.com\/fr\/produit\/4bar-quad-ils\/\" \/>\n<meta property=\"og:locale\" content=\"fr_FR\" \/>\n<meta property=\"og:type\" content=\"article\" \/>\n<meta property=\"og:title\" content=\"4BAR Quad ILS - CHAUVET DJ | Instant Light Shows\" \/>\n<meta property=\"og:description\" content=\"4BAR Quad ILS est une solution d\u2019\u00e9clairage wash compl\u00e8te \u00e9quip\u00e9e de LED quatre couleurs (RGBA) \u00e0 haute intensit\u00e9 qui peuvent \u00eatre contr\u00f4l\u00e9es sans fil via la p\u00e9dalier inclus ou le contr\u00f4leur IRC-6 en option. Pour toujours plus de simplicit\u00e9, la compatibilit\u00e9 ILS vous permet de cr\u00e9er facilement et rapidement des spectacles de lumi\u00e8re coordonn\u00e9s sur [&hellip;]\" \/>\n<meta property=\"og:url\" content=\"https:\/\/chauvetdj-ils.com\/fr\/produit\/4bar-quad-ils\/\" \/>\n<meta property=\"og:site_name\" content=\"CHAUVET DJ | Instant Light Shows\" \/>\n<meta property=\"article:modified_time\" content=\"2024-01-30T15:15:02+00:00\" \/>\n<meta property=\"og:image\" content=\"https:\/\/chauvetdj-ils.com\/wp-content\/uploads\/2023\/11\/4BAR-Quad-ILS-FRONT-TRIPOD-off.png\" \/>\n\t<meta property=\"og:image:width\" content=\"800\" \/>\n\t<meta property=\"og:image:height\" content=\"800\" \/>\n\t<meta property=\"og:image:type\" content=\"image\/png\" \/>\n<meta name=\"twitter:card\" content=\"summary_large_image\" \/>\n<meta name=\"twitter:label1\" content=\"Est. reading time\" \/>\n\t<meta name=\"twitter:data1\" content=\"1 minute\" \/>\n<script type=\"application\/ld+json\" class=\"yoast-schema-graph\">{\"@context\":\"https:\/\/schema.org\",\"@graph\":[{\"@type\":\"WebPage\",\"@id\":\"https:\/\/chauvetdj-ils.com\/fr\/produit\/4bar-quad-ils\/\",\"url\":\"https:\/\/chauvetdj-ils.com\/fr\/produit\/4bar-quad-ils\/\",\"name\":\"4BAR Quad ILS - CHAUVET DJ | Instant Light Shows\",\"isPartOf\":{\"@id\":\"https:\/\/chauvetdj-ils.com\/#website\"},\"primaryImageOfPage\":{\"@id\":\"https:\/\/chauvetdj-ils.com\/fr\/produit\/4bar-quad-ils\/#primaryimage\"},\"image\":{\"@id\":\"https:\/\/chauvetdj-ils.com\/fr\/produit\/4bar-quad-ils\/#primaryimage\"},\"thumbnailUrl\":\"https:\/\/chauvetdj-ils.com\/wp-content\/uploads\/2023\/11\/4BAR-Quad-ILS-FRONT-TRIPOD-off.png\",\"datePublished\":\"2023-01-10T16:05:44+00:00\",\"dateModified\":\"2024-01-30T15:15:02+00:00\",\"breadcrumb\":{\"@id\":\"https:\/\/chauvetdj-ils.com\/fr\/produit\/4bar-quad-ils\/#breadcrumb\"},\"inLanguage\":\"fr-FR\",\"potentialAction\":[{\"@type\":\"ReadAction\",\"target\":[\"https:\/\/chauvetdj-ils.com\/fr\/produit\/4bar-quad-ils\/\"]}]},{\"@type\":\"ImageObject\",\"inLanguage\":\"fr-FR\",\"@id\":\"https:\/\/chauvetdj-ils.com\/fr\/produit\/4bar-quad-ils\/#primaryimage\",\"url\":\"https:\/\/chauvetdj-ils.com\/wp-content\/uploads\/2023\/11\/4BAR-Quad-ILS-FRONT-TRIPOD-off.png\",\"contentUrl\":\"https:\/\/chauvetdj-ils.com\/wp-content\/uploads\/2023\/11\/4BAR-Quad-ILS-FRONT-TRIPOD-off.png\",\"width\":800,\"height\":800},{\"@type\":\"BreadcrumbList\",\"@id\":\"https:\/\/chauvetdj-ils.com\/fr\/produit\/4bar-quad-ils\/#breadcrumb\",\"itemListElement\":[{\"@type\":\"ListItem\",\"position\":1,\"name\":\"Home\",\"item\":\"https:\/\/chauvetdj-ils.com\/fr\/\"},{\"@type\":\"ListItem\",\"position\":2,\"name\":\"Home\",\"item\":\"https:\/\/chauvetdj-ils.com\/fr\/\"},{\"@type\":\"ListItem\",\"position\":3,\"name\":\"4BAR Quad ILS\"}]},{\"@type\":\"WebSite\",\"@id\":\"https:\/\/chauvetdj-ils.com\/#website\",\"url\":\"https:\/\/chauvetdj-ils.com\/\",\"name\":\"CHAUVET DJ | Instant Light Shows\",\"description\":\"\",\"publisher\":{\"@id\":\"https:\/\/chauvetdj-ils.com\/#organization\"},\"potentialAction\":[{\"@type\":\"SearchAction\",\"target\":{\"@type\":\"EntryPoint\",\"urlTemplate\":\"https:\/\/chauvetdj-ils.com\/?s={search_term_string}\"},\"query-input\":{\"@type\":\"PropertyValueSpecification\",\"valueRequired\":true,\"valueName\":\"search_term_string\"}}],\"inLanguage\":\"fr-FR\"},{\"@type\":\"Organization\",\"@id\":\"https:\/\/chauvetdj-ils.com\/#organization\",\"name\":\"CHAUVET DJ | Instant Light Shows\",\"url\":\"https:\/\/chauvetdj-ils.com\/\",\"logo\":{\"@type\":\"ImageObject\",\"inLanguage\":\"fr-FR\",\"@id\":\"https:\/\/chauvetdj-ils.com\/#\/schema\/logo\/image\/\",\"url\":\"https:\/\/chauvetdj-ils.com\/wp-content\/uploads\/2023\/11\/dj-logo.png\",\"contentUrl\":\"https:\/\/chauvetdj-ils.com\/wp-content\/uploads\/2023\/11\/dj-logo.png\",\"width\":253,\"height\":100,\"caption\":\"CHAUVET DJ | Instant Light Shows\"},\"image\":{\"@id\":\"https:\/\/chauvetdj-ils.com\/#\/schema\/logo\/image\/\"}}]}<\/script>\n<!-- \/ Yoast SEO plugin. -->","yoast_head_json":{"title":"4BAR Quad ILS - CHAUVET DJ | Instant Light Shows","robots":{"index":"index","follow":"follow","max-snippet":"max-snippet:-1","max-image-preview":"max-image-preview:large","max-video-preview":"max-video-preview:-1"},"canonical":"https:\/\/chauvetdj-ils.com\/fr\/produit\/4bar-quad-ils\/","og_locale":"fr_FR","og_type":"article","og_title":"4BAR Quad ILS - CHAUVET DJ | Instant Light Shows","og_description":"4BAR Quad ILS est une solution d\u2019\u00e9clairage wash compl\u00e8te \u00e9quip\u00e9e de LED quatre couleurs (RGBA) \u00e0 haute intensit\u00e9 qui peuvent \u00eatre contr\u00f4l\u00e9es sans fil via la p\u00e9dalier inclus ou le contr\u00f4leur IRC-6 en option. Pour toujours plus de simplicit\u00e9, la compatibilit\u00e9 ILS vous permet de cr\u00e9er facilement et rapidement des spectacles de lumi\u00e8re coordonn\u00e9s sur [&hellip;]","og_url":"https:\/\/chauvetdj-ils.com\/fr\/produit\/4bar-quad-ils\/","og_site_name":"CHAUVET DJ | Instant Light Shows","article_modified_time":"2024-01-30T15:15:02+00:00","og_image":[{"width":800,"height":800,"url":"https:\/\/chauvetdj-ils.com\/wp-content\/uploads\/2023\/11\/4BAR-Quad-ILS-FRONT-TRIPOD-off.png","type":"image\/png"}],"twitter_card":"summary_large_image","twitter_misc":{"Est. reading time":"1 minute"},"schema":{"@context":"https:\/\/schema.org","@graph":[{"@type":"WebPage","@id":"https:\/\/chauvetdj-ils.com\/fr\/produit\/4bar-quad-ils\/","url":"https:\/\/chauvetdj-ils.com\/fr\/produit\/4bar-quad-ils\/","name":"4BAR Quad ILS - CHAUVET DJ | Instant Light Shows","isPartOf":{"@id":"https:\/\/chauvetdj-ils.com\/#website"},"primaryImageOfPage":{"@id":"https:\/\/chauvetdj-ils.com\/fr\/produit\/4bar-quad-ils\/#primaryimage"},"image":{"@id":"https:\/\/chauvetdj-ils.com\/fr\/produit\/4bar-quad-ils\/#primaryimage"},"thumbnailUrl":"https:\/\/chauvetdj-ils.com\/wp-content\/uploads\/2023\/11\/4BAR-Quad-ILS-FRONT-TRIPOD-off.png","datePublished":"2023-01-10T16:05:44+00:00","dateModified":"2024-01-30T15:15:02+00:00","breadcrumb":{"@id":"https:\/\/chauvetdj-ils.com\/fr\/produit\/4bar-quad-ils\/#breadcrumb"},"inLanguage":"fr-FR","potentialAction":[{"@type":"ReadAction","target":["https:\/\/chauvetdj-ils.com\/fr\/produit\/4bar-quad-ils\/"]}]},{"@type":"ImageObject","inLanguage":"fr-FR","@id":"https:\/\/chauvetdj-ils.com\/fr\/produit\/4bar-quad-ils\/#primaryimage","url":"https:\/\/chauvetdj-ils.com\/wp-content\/uploads\/2023\/11\/4BAR-Quad-ILS-FRONT-TRIPOD-off.png","contentUrl":"https:\/\/chauvetdj-ils.com\/wp-content\/uploads\/2023\/11\/4BAR-Quad-ILS-FRONT-TRIPOD-off.png","width":800,"height":800},{"@type":"BreadcrumbList","@id":"https:\/\/chauvetdj-ils.com\/fr\/produit\/4bar-quad-ils\/#breadcrumb","itemListElement":[{"@type":"ListItem","position":1,"name":"Home","item":"https:\/\/chauvetdj-ils.com\/fr\/"},{"@type":"ListItem","position":2,"name":"Home","item":"https:\/\/chauvetdj-ils.com\/fr\/"},{"@type":"ListItem","position":3,"name":"4BAR Quad ILS"}]},{"@type":"WebSite","@id":"https:\/\/chauvetdj-ils.com\/#website","url":"https:\/\/chauvetdj-ils.com\/","name":"CHAUVET DJ | Instant Light Shows","description":"","publisher":{"@id":"https:\/\/chauvetdj-ils.com\/#organization"},"potentialAction":[{"@type":"SearchAction","target":{"@type":"EntryPoint","urlTemplate":"https:\/\/chauvetdj-ils.com\/?s={search_term_string}"},"query-input":{"@type":"PropertyValueSpecification","valueRequired":true,"valueName":"search_term_string"}}],"inLanguage":"fr-FR"},{"@type":"Organization","@id":"https:\/\/chauvetdj-ils.com\/#organization","name":"CHAUVET DJ | Instant Light Shows","url":"https:\/\/chauvetdj-ils.com\/","logo":{"@type":"ImageObject","inLanguage":"fr-FR","@id":"https:\/\/chauvetdj-ils.com\/#\/schema\/logo\/image\/","url":"https:\/\/chauvetdj-ils.com\/wp-content\/uploads\/2023\/11\/dj-logo.png","contentUrl":"https:\/\/chauvetdj-ils.com\/wp-content\/uploads\/2023\/11\/dj-logo.png","width":253,"height":100,"caption":"CHAUVET DJ | Instant Light Shows"},"image":{"@id":"https:\/\/chauvetdj-ils.com\/#\/schema\/logo\/image\/"}}]}},"_links":{"self":[{"href":"https:\/\/chauvetdj-ils.com\/fr\/wp-json\/wp\/v2\/product\/2368","targetHints":{"allow":["GET"]}}],"collection":[{"href":"https:\/\/chauvetdj-ils.com\/fr\/wp-json\/wp\/v2\/product"}],"about":[{"href":"https:\/\/chauvetdj-ils.com\/fr\/wp-json\/wp\/v2\/types\/product"}],"replies":[{"embeddable":true,"href":"https:\/\/chauvetdj-ils.com\/fr\/wp-json\/wp\/v2\/comments?post=2368"}],"wp:featuredmedia":[{"embeddable":true,"href":"https:\/\/chauvetdj-ils.com\/fr\/wp-json\/wp\/v2\/media\/3424"}],"wp:attachment":[{"href":"https:\/\/chauvetdj-ils.com\/fr\/wp-json\/wp\/v2\/media?parent=2368"}],"wp:term":[{"taxonomy":"product_cat","embeddable":true,"href":"https:\/\/chauvetdj-ils.com\/fr\/wp-json\/wp\/v2\/product_cat?post=2368"},{"taxonomy":"product_tag","embeddable":true,"href":"https:\/\/chauvetdj-ils.com\/fr\/wp-json\/wp\/v2\/product_tag?post=2368"}],"curies":[{"name":"wp","href":"https:\/\/api.w.org\/{rel}","templated":true}]}}