{"id":2371,"date":"2023-01-10T15:13:15","date_gmt":"2023-01-10T15:13:15","guid":{"rendered":"http:\/\/chauvetdj-ils.com\/product\/4bar-flex-q-ils\/"},"modified":"2024-01-30T15:29:20","modified_gmt":"2024-01-30T15:29:20","slug":"4bar-flex-q-ils","status":"publish","type":"product","link":"https:\/\/chauvetdj-ils.com\/fr\/produit\/4bar-flex-q-ils\/","title":{"rendered":"4BAR Flex Q ILS"},"content":{"rendered":"<p>L\u2019\u00e9clairage wash complet atteint de nouveaux sommets avec 4BAR Flex Q ILS. Ce syst\u00e8me tout-en-un est \u00e9quip\u00e9 de quatre pars mont\u00e9s sur une barre. Avec l\u2019ILS, prenez les choses en main rapidement et cr\u00e9ez votre show lumi\u00e8re en quelques instants ! Reliez 4BAR Flex Q ILS \u00e0 un nombre illimit\u00e9 de projecteurs compatibles, et lancez vos animations, le tout sans programmation DMX. 4BAR Flex Q ILS s\u2019installe et se d\u00e9monte en seulement quelques minutes gr\u00e2ce au sac de transport inclus. Pour plus de polyvalence d\u2019accroche, vous disposez de deux supports en L. Aussit\u00f4t, ses LEDs haute intensit\u00e9 (RGBA) g\u00e9n\u00e8rent un large spectre de couleurs et atteignent des temp\u00e9ratures de couleur naturelles qui conviennent \u00e0 toutes les teintes de peau gr\u00e2ce \u00e0 ses LEDs ambre percutantes. Montez facilement jusqu\u2019\u00e0 4 projecteurs \u00e0 la cha\u00eene et alimentez des lumi\u00e8res suppl\u00e9mentaires \u00e0 l\u2019aide des prises int\u00e9gr\u00e9es. Le 4BAR Flex Q ILS se monte sur la plupart des tr\u00e9pieds ou supports d\u2019enceintes, sans avoir besoin de pinces suppl\u00e9mentaires. Contr\u00f4le sans fil USB D-Fi\u2122 ma\u00eetre \/ esclave ou DMX int\u00e9gr\u00e9. D\u2019autres options de contr\u00f4le incluent le mode autonome, le DMX, la p\u00e9dale sans fil ou la t\u00e9l\u00e9commande IRC-6. *4BAR Flex Q ILS est vendu sans le tr\u00e9pied<\/p>\n","protected":false},"excerpt":{"rendered":"<p>L\u2019\u00e9clairage wash complet atteint de nouveaux sommets avec 4BAR Flex Q ILS. Ce syst\u00e8me tout-en-un est \u00e9quip\u00e9 de quatre pars mont\u00e9s sur une barre. Avec l\u2019ILS, prenez les choses en main rapidement et cr\u00e9ez votre show lumi\u00e8re en quelques instants ! Reliez 4BAR Flex Q ILS \u00e0 un nombre illimit\u00e9 de projecteurs compatibles, et lancez [&hellip;]<\/p>\n","protected":false},"featured_media":3316,"comment_status":"open","ping_status":"closed","template":"","meta":[],"product_cat":[58],"product_tag":[82],"class_list":{"0":"post-2371","1":"product","2":"type-product","3":"status-publish","4":"has-post-thumbnail","6":"product_cat-ils-fr","7":"product_tag-lumieres-wash-fr","9":"first","10":"instock","11":"product-type-simple"},"acf":[],"yoast_head":"<!-- This site is optimized with the Yoast SEO plugin v27.1.1 - https:\/\/yoast.com\/product\/yoast-seo-wordpress\/ -->\n<title>4BAR Flex Q ILS - CHAUVET DJ | Instant Light Shows<\/title>\n<meta name=\"robots\" content=\"index, follow, max-snippet:-1, max-image-preview:large, max-video-preview:-1\" \/>\n<link rel=\"canonical\" href=\"https:\/\/chauvetdj-ils.com\/fr\/produit\/4bar-flex-q-ils\/\" \/>\n<meta property=\"og:locale\" content=\"fr_FR\" \/>\n<meta property=\"og:type\" content=\"article\" \/>\n<meta property=\"og:title\" content=\"4BAR Flex Q ILS - CHAUVET DJ | Instant Light Shows\" \/>\n<meta property=\"og:description\" content=\"L\u2019\u00e9clairage wash complet atteint de nouveaux sommets avec 4BAR Flex Q ILS. Ce syst\u00e8me tout-en-un est \u00e9quip\u00e9 de quatre pars mont\u00e9s sur une barre. Avec l\u2019ILS, prenez les choses en main rapidement et cr\u00e9ez votre show lumi\u00e8re en quelques instants ! Reliez 4BAR Flex Q ILS \u00e0 un nombre illimit\u00e9 de projecteurs compatibles, et lancez [&hellip;]\" \/>\n<meta property=\"og:url\" content=\"https:\/\/chauvetdj-ils.com\/fr\/produit\/4bar-flex-q-ils\/\" \/>\n<meta property=\"og:site_name\" content=\"CHAUVET DJ | Instant Light Shows\" \/>\n<meta property=\"article:modified_time\" content=\"2024-01-30T15:29:20+00:00\" \/>\n<meta property=\"og:image\" content=\"https:\/\/chauvetdj-ils.com\/wp-content\/uploads\/2023\/11\/4Bars-flex-q-ILS-off.png\" \/>\n\t<meta property=\"og:image:width\" content=\"800\" \/>\n\t<meta property=\"og:image:height\" content=\"800\" \/>\n\t<meta property=\"og:image:type\" content=\"image\/png\" \/>\n<meta name=\"twitter:card\" content=\"summary_large_image\" \/>\n<meta name=\"twitter:label1\" content=\"Est. reading time\" \/>\n\t<meta name=\"twitter:data1\" content=\"1 minute\" \/>\n<script type=\"application\/ld+json\" class=\"yoast-schema-graph\">{\"@context\":\"https:\/\/schema.org\",\"@graph\":[{\"@type\":\"WebPage\",\"@id\":\"https:\/\/chauvetdj-ils.com\/fr\/produit\/4bar-flex-q-ils\/\",\"url\":\"https:\/\/chauvetdj-ils.com\/fr\/produit\/4bar-flex-q-ils\/\",\"name\":\"4BAR Flex Q ILS - CHAUVET DJ | Instant Light Shows\",\"isPartOf\":{\"@id\":\"https:\/\/chauvetdj-ils.com\/#website\"},\"primaryImageOfPage\":{\"@id\":\"https:\/\/chauvetdj-ils.com\/fr\/produit\/4bar-flex-q-ils\/#primaryimage\"},\"image\":{\"@id\":\"https:\/\/chauvetdj-ils.com\/fr\/produit\/4bar-flex-q-ils\/#primaryimage\"},\"thumbnailUrl\":\"https:\/\/chauvetdj-ils.com\/wp-content\/uploads\/2023\/11\/4Bars-flex-q-ILS-off.png\",\"datePublished\":\"2023-01-10T15:13:15+00:00\",\"dateModified\":\"2024-01-30T15:29:20+00:00\",\"breadcrumb\":{\"@id\":\"https:\/\/chauvetdj-ils.com\/fr\/produit\/4bar-flex-q-ils\/#breadcrumb\"},\"inLanguage\":\"fr-FR\",\"potentialAction\":[{\"@type\":\"ReadAction\",\"target\":[\"https:\/\/chauvetdj-ils.com\/fr\/produit\/4bar-flex-q-ils\/\"]}]},{\"@type\":\"ImageObject\",\"inLanguage\":\"fr-FR\",\"@id\":\"https:\/\/chauvetdj-ils.com\/fr\/produit\/4bar-flex-q-ils\/#primaryimage\",\"url\":\"https:\/\/chauvetdj-ils.com\/wp-content\/uploads\/2023\/11\/4Bars-flex-q-ILS-off.png\",\"contentUrl\":\"https:\/\/chauvetdj-ils.com\/wp-content\/uploads\/2023\/11\/4Bars-flex-q-ILS-off.png\",\"width\":800,\"height\":800},{\"@type\":\"BreadcrumbList\",\"@id\":\"https:\/\/chauvetdj-ils.com\/fr\/produit\/4bar-flex-q-ils\/#breadcrumb\",\"itemListElement\":[{\"@type\":\"ListItem\",\"position\":1,\"name\":\"Home\",\"item\":\"https:\/\/chauvetdj-ils.com\/fr\/\"},{\"@type\":\"ListItem\",\"position\":2,\"name\":\"Home\",\"item\":\"https:\/\/chauvetdj-ils.com\/fr\/\"},{\"@type\":\"ListItem\",\"position\":3,\"name\":\"4BAR Flex Q ILS\"}]},{\"@type\":\"WebSite\",\"@id\":\"https:\/\/chauvetdj-ils.com\/#website\",\"url\":\"https:\/\/chauvetdj-ils.com\/\",\"name\":\"CHAUVET DJ | Instant Light Shows\",\"description\":\"\",\"publisher\":{\"@id\":\"https:\/\/chauvetdj-ils.com\/#organization\"},\"potentialAction\":[{\"@type\":\"SearchAction\",\"target\":{\"@type\":\"EntryPoint\",\"urlTemplate\":\"https:\/\/chauvetdj-ils.com\/?s={search_term_string}\"},\"query-input\":{\"@type\":\"PropertyValueSpecification\",\"valueRequired\":true,\"valueName\":\"search_term_string\"}}],\"inLanguage\":\"fr-FR\"},{\"@type\":\"Organization\",\"@id\":\"https:\/\/chauvetdj-ils.com\/#organization\",\"name\":\"CHAUVET DJ | Instant Light Shows\",\"url\":\"https:\/\/chauvetdj-ils.com\/\",\"logo\":{\"@type\":\"ImageObject\",\"inLanguage\":\"fr-FR\",\"@id\":\"https:\/\/chauvetdj-ils.com\/#\/schema\/logo\/image\/\",\"url\":\"https:\/\/chauvetdj-ils.com\/wp-content\/uploads\/2023\/11\/dj-logo.png\",\"contentUrl\":\"https:\/\/chauvetdj-ils.com\/wp-content\/uploads\/2023\/11\/dj-logo.png\",\"width\":253,\"height\":100,\"caption\":\"CHAUVET DJ | Instant Light Shows\"},\"image\":{\"@id\":\"https:\/\/chauvetdj-ils.com\/#\/schema\/logo\/image\/\"}}]}<\/script>\n<!-- \/ Yoast SEO plugin. -->","yoast_head_json":{"title":"4BAR Flex Q ILS - CHAUVET DJ | Instant Light Shows","robots":{"index":"index","follow":"follow","max-snippet":"max-snippet:-1","max-image-preview":"max-image-preview:large","max-video-preview":"max-video-preview:-1"},"canonical":"https:\/\/chauvetdj-ils.com\/fr\/produit\/4bar-flex-q-ils\/","og_locale":"fr_FR","og_type":"article","og_title":"4BAR Flex Q ILS - CHAUVET DJ | Instant Light Shows","og_description":"L\u2019\u00e9clairage wash complet atteint de nouveaux sommets avec 4BAR Flex Q ILS. Ce syst\u00e8me tout-en-un est \u00e9quip\u00e9 de quatre pars mont\u00e9s sur une barre. Avec l\u2019ILS, prenez les choses en main rapidement et cr\u00e9ez votre show lumi\u00e8re en quelques instants ! Reliez 4BAR Flex Q ILS \u00e0 un nombre illimit\u00e9 de projecteurs compatibles, et lancez [&hellip;]","og_url":"https:\/\/chauvetdj-ils.com\/fr\/produit\/4bar-flex-q-ils\/","og_site_name":"CHAUVET DJ | Instant Light Shows","article_modified_time":"2024-01-30T15:29:20+00:00","og_image":[{"width":800,"height":800,"url":"https:\/\/chauvetdj-ils.com\/wp-content\/uploads\/2023\/11\/4Bars-flex-q-ILS-off.png","type":"image\/png"}],"twitter_card":"summary_large_image","twitter_misc":{"Est. reading time":"1 minute"},"schema":{"@context":"https:\/\/schema.org","@graph":[{"@type":"WebPage","@id":"https:\/\/chauvetdj-ils.com\/fr\/produit\/4bar-flex-q-ils\/","url":"https:\/\/chauvetdj-ils.com\/fr\/produit\/4bar-flex-q-ils\/","name":"4BAR Flex Q ILS - CHAUVET DJ | Instant Light Shows","isPartOf":{"@id":"https:\/\/chauvetdj-ils.com\/#website"},"primaryImageOfPage":{"@id":"https:\/\/chauvetdj-ils.com\/fr\/produit\/4bar-flex-q-ils\/#primaryimage"},"image":{"@id":"https:\/\/chauvetdj-ils.com\/fr\/produit\/4bar-flex-q-ils\/#primaryimage"},"thumbnailUrl":"https:\/\/chauvetdj-ils.com\/wp-content\/uploads\/2023\/11\/4Bars-flex-q-ILS-off.png","datePublished":"2023-01-10T15:13:15+00:00","dateModified":"2024-01-30T15:29:20+00:00","breadcrumb":{"@id":"https:\/\/chauvetdj-ils.com\/fr\/produit\/4bar-flex-q-ils\/#breadcrumb"},"inLanguage":"fr-FR","potentialAction":[{"@type":"ReadAction","target":["https:\/\/chauvetdj-ils.com\/fr\/produit\/4bar-flex-q-ils\/"]}]},{"@type":"ImageObject","inLanguage":"fr-FR","@id":"https:\/\/chauvetdj-ils.com\/fr\/produit\/4bar-flex-q-ils\/#primaryimage","url":"https:\/\/chauvetdj-ils.com\/wp-content\/uploads\/2023\/11\/4Bars-flex-q-ILS-off.png","contentUrl":"https:\/\/chauvetdj-ils.com\/wp-content\/uploads\/2023\/11\/4Bars-flex-q-ILS-off.png","width":800,"height":800},{"@type":"BreadcrumbList","@id":"https:\/\/chauvetdj-ils.com\/fr\/produit\/4bar-flex-q-ils\/#breadcrumb","itemListElement":[{"@type":"ListItem","position":1,"name":"Home","item":"https:\/\/chauvetdj-ils.com\/fr\/"},{"@type":"ListItem","position":2,"name":"Home","item":"https:\/\/chauvetdj-ils.com\/fr\/"},{"@type":"ListItem","position":3,"name":"4BAR Flex Q ILS"}]},{"@type":"WebSite","@id":"https:\/\/chauvetdj-ils.com\/#website","url":"https:\/\/chauvetdj-ils.com\/","name":"CHAUVET DJ | Instant Light Shows","description":"","publisher":{"@id":"https:\/\/chauvetdj-ils.com\/#organization"},"potentialAction":[{"@type":"SearchAction","target":{"@type":"EntryPoint","urlTemplate":"https:\/\/chauvetdj-ils.com\/?s={search_term_string}"},"query-input":{"@type":"PropertyValueSpecification","valueRequired":true,"valueName":"search_term_string"}}],"inLanguage":"fr-FR"},{"@type":"Organization","@id":"https:\/\/chauvetdj-ils.com\/#organization","name":"CHAUVET DJ | Instant Light Shows","url":"https:\/\/chauvetdj-ils.com\/","logo":{"@type":"ImageObject","inLanguage":"fr-FR","@id":"https:\/\/chauvetdj-ils.com\/#\/schema\/logo\/image\/","url":"https:\/\/chauvetdj-ils.com\/wp-content\/uploads\/2023\/11\/dj-logo.png","contentUrl":"https:\/\/chauvetdj-ils.com\/wp-content\/uploads\/2023\/11\/dj-logo.png","width":253,"height":100,"caption":"CHAUVET DJ | Instant Light Shows"},"image":{"@id":"https:\/\/chauvetdj-ils.com\/#\/schema\/logo\/image\/"}}]}},"_links":{"self":[{"href":"https:\/\/chauvetdj-ils.com\/fr\/wp-json\/wp\/v2\/product\/2371","targetHints":{"allow":["GET"]}}],"collection":[{"href":"https:\/\/chauvetdj-ils.com\/fr\/wp-json\/wp\/v2\/product"}],"about":[{"href":"https:\/\/chauvetdj-ils.com\/fr\/wp-json\/wp\/v2\/types\/product"}],"replies":[{"embeddable":true,"href":"https:\/\/chauvetdj-ils.com\/fr\/wp-json\/wp\/v2\/comments?post=2371"}],"wp:featuredmedia":[{"embeddable":true,"href":"https:\/\/chauvetdj-ils.com\/fr\/wp-json\/wp\/v2\/media\/3316"}],"wp:attachment":[{"href":"https:\/\/chauvetdj-ils.com\/fr\/wp-json\/wp\/v2\/media?parent=2371"}],"wp:term":[{"taxonomy":"product_cat","embeddable":true,"href":"https:\/\/chauvetdj-ils.com\/fr\/wp-json\/wp\/v2\/product_cat?post=2371"},{"taxonomy":"product_tag","embeddable":true,"href":"https:\/\/chauvetdj-ils.com\/fr\/wp-json\/wp\/v2\/product_tag?post=2371"}],"curies":[{"name":"wp","href":"https:\/\/api.w.org\/{rel}","templated":true}]}}