{"id":2383,"date":"2022-08-15T13:38:10","date_gmt":"2022-08-15T13:38:10","guid":{"rendered":"http:\/\/chauvetdj-ils.com\/product\/colorband-h9-ils\/"},"modified":"2024-01-30T18:07:28","modified_gmt":"2024-01-30T18:07:28","slug":"colorband-h9-ils","status":"publish","type":"product","link":"https:\/\/chauvetdj-ils.com\/fr\/produit\/colorband-h9-ils\/","title":{"rendered":"COLORband H9 ILS"},"content":{"rendered":"<div class=\"content\">\n<div class=\"content content-block\">\n<p>Riche en fonctionnalit\u00e9s, souple et amusant, des mots qui d\u00e9crivent impeccablement bien COLORband H9 ILS, une barre de LED pleine taille de six couleurs avec des effets de balayage, de blinder, ou de wash mural dot\u00e9 de 3 zones de contr\u00f4le pour cr\u00e9er des effets surprenants. G\u00e9n\u00e9rez un large spectre de couleurs et des teintes naturelles gr\u00e2ce \u00e0 la technologie LED 6-en-1. Parmi les options que propose ce projecteur, on peut compter sur l\u2019ILS* qui permet de cr\u00e9er des shows lumineux synchronis\u00e9s sur plusieurs types de projecteurs en un rien de temps. Les options de contr\u00f4le continuent ! COLORband H9 ILS est aussi pilotable en D-Fi USB en mode Ma\u00eetre\/Esclave ou DMX ainsi qu\u2019avec les t\u00e9l\u00e9commandes optionnelles RFC et RFC-XL. Bien entendu, COLORband H9 ILS dispose d\u2019un acc\u00e8s facile aux programmes int\u00e9gr\u00e9s avec ou sans DMX, et il est parfait pour les environnements silencieux !<\/p>\n<p>*Instant Light Shows = Instants Lumineux Synchronis\u00e9s<\/p>\n<\/div>\n<p>&nbsp;<\/p>\n<\/div>\n","protected":false},"excerpt":{"rendered":"<p>Riche en fonctionnalit\u00e9s, souple et amusant, des mots qui d\u00e9crivent impeccablement bien COLORband H9 ILS, une barre de LED pleine taille de six couleurs avec des effets de balayage, de blinder, ou de wash mural dot\u00e9 de 3 zones de contr\u00f4le pour cr\u00e9er des effets surprenants. G\u00e9n\u00e9rez un large spectre de couleurs et des teintes [&hellip;]<\/p>\n","protected":false},"featured_media":2629,"comment_status":"open","ping_status":"closed","template":"","meta":[],"product_cat":[58],"product_tag":[82],"class_list":{"0":"post-2383","1":"product","2":"type-product","3":"status-publish","4":"has-post-thumbnail","6":"product_cat-ils-fr","7":"product_tag-lumieres-wash-fr","9":"first","10":"instock","11":"product-type-simple"},"acf":[],"yoast_head":"<!-- This site is optimized with the Yoast SEO plugin v27.1.1 - https:\/\/yoast.com\/product\/yoast-seo-wordpress\/ -->\n<title>COLORband H9 ILS - CHAUVET DJ | Instant Light Shows<\/title>\n<meta name=\"robots\" content=\"index, follow, max-snippet:-1, max-image-preview:large, max-video-preview:-1\" \/>\n<link rel=\"canonical\" href=\"https:\/\/chauvetdj-ils.com\/fr\/produit\/colorband-h9-ils\/\" \/>\n<meta property=\"og:locale\" content=\"fr_FR\" \/>\n<meta property=\"og:type\" content=\"article\" \/>\n<meta property=\"og:title\" content=\"COLORband H9 ILS - CHAUVET DJ | Instant Light Shows\" \/>\n<meta property=\"og:description\" content=\"Riche en fonctionnalit\u00e9s, souple et amusant, des mots qui d\u00e9crivent impeccablement bien COLORband H9 ILS, une barre de LED pleine taille de six couleurs avec des effets de balayage, de blinder, ou de wash mural dot\u00e9 de 3 zones de contr\u00f4le pour cr\u00e9er des effets surprenants. G\u00e9n\u00e9rez un large spectre de couleurs et des teintes [&hellip;]\" \/>\n<meta property=\"og:url\" content=\"https:\/\/chauvetdj-ils.com\/fr\/produit\/colorband-h9-ils\/\" \/>\n<meta property=\"og:site_name\" content=\"CHAUVET DJ | Instant Light Shows\" \/>\n<meta property=\"article:modified_time\" content=\"2024-01-30T18:07:28+00:00\" \/>\n<meta property=\"og:image\" content=\"https:\/\/chauvetdj-ils.com\/wp-content\/uploads\/2023\/11\/COLORBAND-H9-ILS-off.jpg\" \/>\n\t<meta property=\"og:image:width\" content=\"800\" \/>\n\t<meta property=\"og:image:height\" content=\"800\" \/>\n\t<meta property=\"og:image:type\" content=\"image\/jpeg\" \/>\n<meta name=\"twitter:card\" content=\"summary_large_image\" \/>\n<meta name=\"twitter:label1\" content=\"Est. reading time\" \/>\n\t<meta name=\"twitter:data1\" content=\"1 minute\" \/>\n<script type=\"application\/ld+json\" class=\"yoast-schema-graph\">{\"@context\":\"https:\/\/schema.org\",\"@graph\":[{\"@type\":\"WebPage\",\"@id\":\"https:\/\/chauvetdj-ils.com\/fr\/produit\/colorband-h9-ils\/\",\"url\":\"https:\/\/chauvetdj-ils.com\/fr\/produit\/colorband-h9-ils\/\",\"name\":\"COLORband H9 ILS - CHAUVET DJ | Instant Light Shows\",\"isPartOf\":{\"@id\":\"https:\/\/chauvetdj-ils.com\/#website\"},\"primaryImageOfPage\":{\"@id\":\"https:\/\/chauvetdj-ils.com\/fr\/produit\/colorband-h9-ils\/#primaryimage\"},\"image\":{\"@id\":\"https:\/\/chauvetdj-ils.com\/fr\/produit\/colorband-h9-ils\/#primaryimage\"},\"thumbnailUrl\":\"https:\/\/chauvetdj-ils.com\/wp-content\/uploads\/2023\/11\/COLORBAND-H9-ILS-off.jpg\",\"datePublished\":\"2022-08-15T13:38:10+00:00\",\"dateModified\":\"2024-01-30T18:07:28+00:00\",\"breadcrumb\":{\"@id\":\"https:\/\/chauvetdj-ils.com\/fr\/produit\/colorband-h9-ils\/#breadcrumb\"},\"inLanguage\":\"fr-FR\",\"potentialAction\":[{\"@type\":\"ReadAction\",\"target\":[\"https:\/\/chauvetdj-ils.com\/fr\/produit\/colorband-h9-ils\/\"]}]},{\"@type\":\"ImageObject\",\"inLanguage\":\"fr-FR\",\"@id\":\"https:\/\/chauvetdj-ils.com\/fr\/produit\/colorband-h9-ils\/#primaryimage\",\"url\":\"https:\/\/chauvetdj-ils.com\/wp-content\/uploads\/2023\/11\/COLORBAND-H9-ILS-off.jpg\",\"contentUrl\":\"https:\/\/chauvetdj-ils.com\/wp-content\/uploads\/2023\/11\/COLORBAND-H9-ILS-off.jpg\",\"width\":800,\"height\":800},{\"@type\":\"BreadcrumbList\",\"@id\":\"https:\/\/chauvetdj-ils.com\/fr\/produit\/colorband-h9-ils\/#breadcrumb\",\"itemListElement\":[{\"@type\":\"ListItem\",\"position\":1,\"name\":\"Home\",\"item\":\"https:\/\/chauvetdj-ils.com\/fr\/\"},{\"@type\":\"ListItem\",\"position\":2,\"name\":\"Home\",\"item\":\"https:\/\/chauvetdj-ils.com\/fr\/\"},{\"@type\":\"ListItem\",\"position\":3,\"name\":\"COLORband H9 ILS\"}]},{\"@type\":\"WebSite\",\"@id\":\"https:\/\/chauvetdj-ils.com\/#website\",\"url\":\"https:\/\/chauvetdj-ils.com\/\",\"name\":\"CHAUVET DJ | Instant Light Shows\",\"description\":\"\",\"publisher\":{\"@id\":\"https:\/\/chauvetdj-ils.com\/#organization\"},\"potentialAction\":[{\"@type\":\"SearchAction\",\"target\":{\"@type\":\"EntryPoint\",\"urlTemplate\":\"https:\/\/chauvetdj-ils.com\/?s={search_term_string}\"},\"query-input\":{\"@type\":\"PropertyValueSpecification\",\"valueRequired\":true,\"valueName\":\"search_term_string\"}}],\"inLanguage\":\"fr-FR\"},{\"@type\":\"Organization\",\"@id\":\"https:\/\/chauvetdj-ils.com\/#organization\",\"name\":\"CHAUVET DJ | Instant Light Shows\",\"url\":\"https:\/\/chauvetdj-ils.com\/\",\"logo\":{\"@type\":\"ImageObject\",\"inLanguage\":\"fr-FR\",\"@id\":\"https:\/\/chauvetdj-ils.com\/#\/schema\/logo\/image\/\",\"url\":\"https:\/\/chauvetdj-ils.com\/wp-content\/uploads\/2023\/11\/dj-logo.png\",\"contentUrl\":\"https:\/\/chauvetdj-ils.com\/wp-content\/uploads\/2023\/11\/dj-logo.png\",\"width\":253,\"height\":100,\"caption\":\"CHAUVET DJ | Instant Light Shows\"},\"image\":{\"@id\":\"https:\/\/chauvetdj-ils.com\/#\/schema\/logo\/image\/\"}}]}<\/script>\n<!-- \/ Yoast SEO plugin. -->","yoast_head_json":{"title":"COLORband H9 ILS - CHAUVET DJ | Instant Light Shows","robots":{"index":"index","follow":"follow","max-snippet":"max-snippet:-1","max-image-preview":"max-image-preview:large","max-video-preview":"max-video-preview:-1"},"canonical":"https:\/\/chauvetdj-ils.com\/fr\/produit\/colorband-h9-ils\/","og_locale":"fr_FR","og_type":"article","og_title":"COLORband H9 ILS - CHAUVET DJ | Instant Light Shows","og_description":"Riche en fonctionnalit\u00e9s, souple et amusant, des mots qui d\u00e9crivent impeccablement bien COLORband H9 ILS, une barre de LED pleine taille de six couleurs avec des effets de balayage, de blinder, ou de wash mural dot\u00e9 de 3 zones de contr\u00f4le pour cr\u00e9er des effets surprenants. G\u00e9n\u00e9rez un large spectre de couleurs et des teintes [&hellip;]","og_url":"https:\/\/chauvetdj-ils.com\/fr\/produit\/colorband-h9-ils\/","og_site_name":"CHAUVET DJ | Instant Light Shows","article_modified_time":"2024-01-30T18:07:28+00:00","og_image":[{"width":800,"height":800,"url":"https:\/\/chauvetdj-ils.com\/wp-content\/uploads\/2023\/11\/COLORBAND-H9-ILS-off.jpg","type":"image\/jpeg"}],"twitter_card":"summary_large_image","twitter_misc":{"Est. reading time":"1 minute"},"schema":{"@context":"https:\/\/schema.org","@graph":[{"@type":"WebPage","@id":"https:\/\/chauvetdj-ils.com\/fr\/produit\/colorband-h9-ils\/","url":"https:\/\/chauvetdj-ils.com\/fr\/produit\/colorband-h9-ils\/","name":"COLORband H9 ILS - CHAUVET DJ | Instant Light Shows","isPartOf":{"@id":"https:\/\/chauvetdj-ils.com\/#website"},"primaryImageOfPage":{"@id":"https:\/\/chauvetdj-ils.com\/fr\/produit\/colorband-h9-ils\/#primaryimage"},"image":{"@id":"https:\/\/chauvetdj-ils.com\/fr\/produit\/colorband-h9-ils\/#primaryimage"},"thumbnailUrl":"https:\/\/chauvetdj-ils.com\/wp-content\/uploads\/2023\/11\/COLORBAND-H9-ILS-off.jpg","datePublished":"2022-08-15T13:38:10+00:00","dateModified":"2024-01-30T18:07:28+00:00","breadcrumb":{"@id":"https:\/\/chauvetdj-ils.com\/fr\/produit\/colorband-h9-ils\/#breadcrumb"},"inLanguage":"fr-FR","potentialAction":[{"@type":"ReadAction","target":["https:\/\/chauvetdj-ils.com\/fr\/produit\/colorband-h9-ils\/"]}]},{"@type":"ImageObject","inLanguage":"fr-FR","@id":"https:\/\/chauvetdj-ils.com\/fr\/produit\/colorband-h9-ils\/#primaryimage","url":"https:\/\/chauvetdj-ils.com\/wp-content\/uploads\/2023\/11\/COLORBAND-H9-ILS-off.jpg","contentUrl":"https:\/\/chauvetdj-ils.com\/wp-content\/uploads\/2023\/11\/COLORBAND-H9-ILS-off.jpg","width":800,"height":800},{"@type":"BreadcrumbList","@id":"https:\/\/chauvetdj-ils.com\/fr\/produit\/colorband-h9-ils\/#breadcrumb","itemListElement":[{"@type":"ListItem","position":1,"name":"Home","item":"https:\/\/chauvetdj-ils.com\/fr\/"},{"@type":"ListItem","position":2,"name":"Home","item":"https:\/\/chauvetdj-ils.com\/fr\/"},{"@type":"ListItem","position":3,"name":"COLORband H9 ILS"}]},{"@type":"WebSite","@id":"https:\/\/chauvetdj-ils.com\/#website","url":"https:\/\/chauvetdj-ils.com\/","name":"CHAUVET DJ | Instant Light Shows","description":"","publisher":{"@id":"https:\/\/chauvetdj-ils.com\/#organization"},"potentialAction":[{"@type":"SearchAction","target":{"@type":"EntryPoint","urlTemplate":"https:\/\/chauvetdj-ils.com\/?s={search_term_string}"},"query-input":{"@type":"PropertyValueSpecification","valueRequired":true,"valueName":"search_term_string"}}],"inLanguage":"fr-FR"},{"@type":"Organization","@id":"https:\/\/chauvetdj-ils.com\/#organization","name":"CHAUVET DJ | Instant Light Shows","url":"https:\/\/chauvetdj-ils.com\/","logo":{"@type":"ImageObject","inLanguage":"fr-FR","@id":"https:\/\/chauvetdj-ils.com\/#\/schema\/logo\/image\/","url":"https:\/\/chauvetdj-ils.com\/wp-content\/uploads\/2023\/11\/dj-logo.png","contentUrl":"https:\/\/chauvetdj-ils.com\/wp-content\/uploads\/2023\/11\/dj-logo.png","width":253,"height":100,"caption":"CHAUVET DJ | Instant Light Shows"},"image":{"@id":"https:\/\/chauvetdj-ils.com\/#\/schema\/logo\/image\/"}}]}},"_links":{"self":[{"href":"https:\/\/chauvetdj-ils.com\/fr\/wp-json\/wp\/v2\/product\/2383","targetHints":{"allow":["GET"]}}],"collection":[{"href":"https:\/\/chauvetdj-ils.com\/fr\/wp-json\/wp\/v2\/product"}],"about":[{"href":"https:\/\/chauvetdj-ils.com\/fr\/wp-json\/wp\/v2\/types\/product"}],"replies":[{"embeddable":true,"href":"https:\/\/chauvetdj-ils.com\/fr\/wp-json\/wp\/v2\/comments?post=2383"}],"wp:featuredmedia":[{"embeddable":true,"href":"https:\/\/chauvetdj-ils.com\/fr\/wp-json\/wp\/v2\/media\/2629"}],"wp:attachment":[{"href":"https:\/\/chauvetdj-ils.com\/fr\/wp-json\/wp\/v2\/media?parent=2383"}],"wp:term":[{"taxonomy":"product_cat","embeddable":true,"href":"https:\/\/chauvetdj-ils.com\/fr\/wp-json\/wp\/v2\/product_cat?post=2383"},{"taxonomy":"product_tag","embeddable":true,"href":"https:\/\/chauvetdj-ils.com\/fr\/wp-json\/wp\/v2\/product_tag?post=2383"}],"curies":[{"name":"wp","href":"https:\/\/api.w.org\/{rel}","templated":true}]}}