{"id":2395,"date":"2022-06-04T15:50:38","date_gmt":"2022-06-04T15:50:38","guid":{"rendered":"http:\/\/chauvetdj-ils.com\/product\/corepar-q60-ils\/"},"modified":"2024-01-30T19:44:46","modified_gmt":"2024-01-30T19:44:46","slug":"corepar-q60-ils","status":"publish","type":"product","link":"https:\/\/chauvetdj-ils.com\/fr\/produit\/corepar-q60-ils\/","title":{"rendered":"COREpar Q60 ILS"},"content":{"rendered":"<div class=\"content content-block\">\n<p>COREpar Q60 ILS est un projecteur compact avec wash ultra-large dot\u00e9 de la technologie COB (Chip-on-Board ou puce sur circuit). On retrouve la compatibilit\u00e9 ILS* pour coordonner plusieurs diff\u00e9rents types de projecteurs dans le m\u00eame show lumi\u00e8re et ce tr\u00e8s facilement. Ce par est \u00e9galement dot\u00e9 de la compatibilit\u00e9 D-Fi USB pour un contr\u00f4le sans fil Ma\u00eetre\/Esclave ou DMX. Avec son dimmer haute fr\u00e9quence de la LED, pas de scintillement pendant les captations. La lentille aimant\u00e9e vous permet de passer d\u2019un wash ultra-large \u00e0 un faisceau serr\u00e9 en quelques secondes. Il se pose bien \u00e0 plat et \u00e9pouse parfaitement le sol. Facile \u00e0 brancher \/ d\u00e9brancher avec ses connectiques sur les c\u00f4t\u00e9s. COREpar Q60 ILS est bien prot\u00e9g\u00e9 par son bo\u00eetier robuste, parfait pour aller de presta en presta.<\/p>\n<p>*Instant Light Shows = Instants Lumineux Synchronis\u00e9s<\/p>\n<\/div>\n","protected":false},"excerpt":{"rendered":"<p>COREpar Q60 ILS est un projecteur compact avec wash ultra-large dot\u00e9 de la technologie COB (Chip-on-Board ou puce sur circuit). On retrouve la compatibilit\u00e9 ILS* pour coordonner plusieurs diff\u00e9rents types de projecteurs dans le m\u00eame show lumi\u00e8re et ce tr\u00e8s facilement. Ce par est \u00e9galement dot\u00e9 de la compatibilit\u00e9 D-Fi USB pour un contr\u00f4le sans [&hellip;]<\/p>\n","protected":false},"featured_media":2851,"comment_status":"open","ping_status":"closed","template":"","meta":[],"product_cat":[58],"product_tag":[79],"class_list":{"0":"post-2395","1":"product","2":"type-product","3":"status-publish","4":"has-post-thumbnail","6":"product_cat-ils-fr","7":"product_tag-pars-fr","9":"first","10":"instock","11":"product-type-simple"},"acf":[],"yoast_head":"<!-- This site is optimized with the Yoast SEO plugin v27.1.1 - https:\/\/yoast.com\/product\/yoast-seo-wordpress\/ -->\n<title>COREpar Q60 ILS - CHAUVET DJ | Instant Light Shows<\/title>\n<meta name=\"robots\" content=\"index, follow, max-snippet:-1, max-image-preview:large, max-video-preview:-1\" \/>\n<link rel=\"canonical\" href=\"https:\/\/chauvetdj-ils.com\/fr\/produit\/corepar-q60-ils\/\" \/>\n<meta property=\"og:locale\" content=\"fr_FR\" \/>\n<meta property=\"og:type\" content=\"article\" \/>\n<meta property=\"og:title\" content=\"COREpar Q60 ILS - CHAUVET DJ | Instant Light Shows\" \/>\n<meta property=\"og:description\" content=\"COREpar Q60 ILS est un projecteur compact avec wash ultra-large dot\u00e9 de la technologie COB (Chip-on-Board ou puce sur circuit). On retrouve la compatibilit\u00e9 ILS* pour coordonner plusieurs diff\u00e9rents types de projecteurs dans le m\u00eame show lumi\u00e8re et ce tr\u00e8s facilement. Ce par est \u00e9galement dot\u00e9 de la compatibilit\u00e9 D-Fi USB pour un contr\u00f4le sans [&hellip;]\" \/>\n<meta property=\"og:url\" content=\"https:\/\/chauvetdj-ils.com\/fr\/produit\/corepar-q60-ils\/\" \/>\n<meta property=\"og:site_name\" content=\"CHAUVET DJ | Instant Light Shows\" \/>\n<meta property=\"article:modified_time\" content=\"2024-01-30T19:44:46+00:00\" \/>\n<meta property=\"og:image\" content=\"https:\/\/chauvetdj-ils.com\/wp-content\/uploads\/2023\/11\/COREpar-Q60-ILS-feat.jpg\" \/>\n\t<meta property=\"og:image:width\" content=\"800\" \/>\n\t<meta property=\"og:image:height\" content=\"800\" \/>\n\t<meta property=\"og:image:type\" content=\"image\/jpeg\" \/>\n<meta name=\"twitter:card\" content=\"summary_large_image\" \/>\n<meta name=\"twitter:label1\" content=\"Est. reading time\" \/>\n\t<meta name=\"twitter:data1\" content=\"1 minute\" \/>\n<script type=\"application\/ld+json\" class=\"yoast-schema-graph\">{\"@context\":\"https:\/\/schema.org\",\"@graph\":[{\"@type\":\"WebPage\",\"@id\":\"https:\/\/chauvetdj-ils.com\/fr\/produit\/corepar-q60-ils\/\",\"url\":\"https:\/\/chauvetdj-ils.com\/fr\/produit\/corepar-q60-ils\/\",\"name\":\"COREpar Q60 ILS - CHAUVET DJ | Instant Light Shows\",\"isPartOf\":{\"@id\":\"https:\/\/chauvetdj-ils.com\/#website\"},\"primaryImageOfPage\":{\"@id\":\"https:\/\/chauvetdj-ils.com\/fr\/produit\/corepar-q60-ils\/#primaryimage\"},\"image\":{\"@id\":\"https:\/\/chauvetdj-ils.com\/fr\/produit\/corepar-q60-ils\/#primaryimage\"},\"thumbnailUrl\":\"https:\/\/chauvetdj-ils.com\/wp-content\/uploads\/2023\/11\/COREpar-Q60-ILS-feat.jpg\",\"datePublished\":\"2022-06-04T15:50:38+00:00\",\"dateModified\":\"2024-01-30T19:44:46+00:00\",\"breadcrumb\":{\"@id\":\"https:\/\/chauvetdj-ils.com\/fr\/produit\/corepar-q60-ils\/#breadcrumb\"},\"inLanguage\":\"fr-FR\",\"potentialAction\":[{\"@type\":\"ReadAction\",\"target\":[\"https:\/\/chauvetdj-ils.com\/fr\/produit\/corepar-q60-ils\/\"]}]},{\"@type\":\"ImageObject\",\"inLanguage\":\"fr-FR\",\"@id\":\"https:\/\/chauvetdj-ils.com\/fr\/produit\/corepar-q60-ils\/#primaryimage\",\"url\":\"https:\/\/chauvetdj-ils.com\/wp-content\/uploads\/2023\/11\/COREpar-Q60-ILS-feat.jpg\",\"contentUrl\":\"https:\/\/chauvetdj-ils.com\/wp-content\/uploads\/2023\/11\/COREpar-Q60-ILS-feat.jpg\",\"width\":800,\"height\":800},{\"@type\":\"BreadcrumbList\",\"@id\":\"https:\/\/chauvetdj-ils.com\/fr\/produit\/corepar-q60-ils\/#breadcrumb\",\"itemListElement\":[{\"@type\":\"ListItem\",\"position\":1,\"name\":\"Home\",\"item\":\"https:\/\/chauvetdj-ils.com\/fr\/\"},{\"@type\":\"ListItem\",\"position\":2,\"name\":\"Home\",\"item\":\"https:\/\/chauvetdj-ils.com\/fr\/\"},{\"@type\":\"ListItem\",\"position\":3,\"name\":\"COREpar Q60 ILS\"}]},{\"@type\":\"WebSite\",\"@id\":\"https:\/\/chauvetdj-ils.com\/#website\",\"url\":\"https:\/\/chauvetdj-ils.com\/\",\"name\":\"CHAUVET DJ | Instant Light Shows\",\"description\":\"\",\"publisher\":{\"@id\":\"https:\/\/chauvetdj-ils.com\/#organization\"},\"potentialAction\":[{\"@type\":\"SearchAction\",\"target\":{\"@type\":\"EntryPoint\",\"urlTemplate\":\"https:\/\/chauvetdj-ils.com\/?s={search_term_string}\"},\"query-input\":{\"@type\":\"PropertyValueSpecification\",\"valueRequired\":true,\"valueName\":\"search_term_string\"}}],\"inLanguage\":\"fr-FR\"},{\"@type\":\"Organization\",\"@id\":\"https:\/\/chauvetdj-ils.com\/#organization\",\"name\":\"CHAUVET DJ | Instant Light Shows\",\"url\":\"https:\/\/chauvetdj-ils.com\/\",\"logo\":{\"@type\":\"ImageObject\",\"inLanguage\":\"fr-FR\",\"@id\":\"https:\/\/chauvetdj-ils.com\/#\/schema\/logo\/image\/\",\"url\":\"https:\/\/chauvetdj-ils.com\/wp-content\/uploads\/2023\/11\/dj-logo.png\",\"contentUrl\":\"https:\/\/chauvetdj-ils.com\/wp-content\/uploads\/2023\/11\/dj-logo.png\",\"width\":253,\"height\":100,\"caption\":\"CHAUVET DJ | Instant Light Shows\"},\"image\":{\"@id\":\"https:\/\/chauvetdj-ils.com\/#\/schema\/logo\/image\/\"}}]}<\/script>\n<!-- \/ Yoast SEO plugin. -->","yoast_head_json":{"title":"COREpar Q60 ILS - CHAUVET DJ | Instant Light Shows","robots":{"index":"index","follow":"follow","max-snippet":"max-snippet:-1","max-image-preview":"max-image-preview:large","max-video-preview":"max-video-preview:-1"},"canonical":"https:\/\/chauvetdj-ils.com\/fr\/produit\/corepar-q60-ils\/","og_locale":"fr_FR","og_type":"article","og_title":"COREpar Q60 ILS - CHAUVET DJ | Instant Light Shows","og_description":"COREpar Q60 ILS est un projecteur compact avec wash ultra-large dot\u00e9 de la technologie COB (Chip-on-Board ou puce sur circuit). On retrouve la compatibilit\u00e9 ILS* pour coordonner plusieurs diff\u00e9rents types de projecteurs dans le m\u00eame show lumi\u00e8re et ce tr\u00e8s facilement. Ce par est \u00e9galement dot\u00e9 de la compatibilit\u00e9 D-Fi USB pour un contr\u00f4le sans [&hellip;]","og_url":"https:\/\/chauvetdj-ils.com\/fr\/produit\/corepar-q60-ils\/","og_site_name":"CHAUVET DJ | Instant Light Shows","article_modified_time":"2024-01-30T19:44:46+00:00","og_image":[{"width":800,"height":800,"url":"https:\/\/chauvetdj-ils.com\/wp-content\/uploads\/2023\/11\/COREpar-Q60-ILS-feat.jpg","type":"image\/jpeg"}],"twitter_card":"summary_large_image","twitter_misc":{"Est. reading time":"1 minute"},"schema":{"@context":"https:\/\/schema.org","@graph":[{"@type":"WebPage","@id":"https:\/\/chauvetdj-ils.com\/fr\/produit\/corepar-q60-ils\/","url":"https:\/\/chauvetdj-ils.com\/fr\/produit\/corepar-q60-ils\/","name":"COREpar Q60 ILS - CHAUVET DJ | Instant Light Shows","isPartOf":{"@id":"https:\/\/chauvetdj-ils.com\/#website"},"primaryImageOfPage":{"@id":"https:\/\/chauvetdj-ils.com\/fr\/produit\/corepar-q60-ils\/#primaryimage"},"image":{"@id":"https:\/\/chauvetdj-ils.com\/fr\/produit\/corepar-q60-ils\/#primaryimage"},"thumbnailUrl":"https:\/\/chauvetdj-ils.com\/wp-content\/uploads\/2023\/11\/COREpar-Q60-ILS-feat.jpg","datePublished":"2022-06-04T15:50:38+00:00","dateModified":"2024-01-30T19:44:46+00:00","breadcrumb":{"@id":"https:\/\/chauvetdj-ils.com\/fr\/produit\/corepar-q60-ils\/#breadcrumb"},"inLanguage":"fr-FR","potentialAction":[{"@type":"ReadAction","target":["https:\/\/chauvetdj-ils.com\/fr\/produit\/corepar-q60-ils\/"]}]},{"@type":"ImageObject","inLanguage":"fr-FR","@id":"https:\/\/chauvetdj-ils.com\/fr\/produit\/corepar-q60-ils\/#primaryimage","url":"https:\/\/chauvetdj-ils.com\/wp-content\/uploads\/2023\/11\/COREpar-Q60-ILS-feat.jpg","contentUrl":"https:\/\/chauvetdj-ils.com\/wp-content\/uploads\/2023\/11\/COREpar-Q60-ILS-feat.jpg","width":800,"height":800},{"@type":"BreadcrumbList","@id":"https:\/\/chauvetdj-ils.com\/fr\/produit\/corepar-q60-ils\/#breadcrumb","itemListElement":[{"@type":"ListItem","position":1,"name":"Home","item":"https:\/\/chauvetdj-ils.com\/fr\/"},{"@type":"ListItem","position":2,"name":"Home","item":"https:\/\/chauvetdj-ils.com\/fr\/"},{"@type":"ListItem","position":3,"name":"COREpar Q60 ILS"}]},{"@type":"WebSite","@id":"https:\/\/chauvetdj-ils.com\/#website","url":"https:\/\/chauvetdj-ils.com\/","name":"CHAUVET DJ | Instant Light Shows","description":"","publisher":{"@id":"https:\/\/chauvetdj-ils.com\/#organization"},"potentialAction":[{"@type":"SearchAction","target":{"@type":"EntryPoint","urlTemplate":"https:\/\/chauvetdj-ils.com\/?s={search_term_string}"},"query-input":{"@type":"PropertyValueSpecification","valueRequired":true,"valueName":"search_term_string"}}],"inLanguage":"fr-FR"},{"@type":"Organization","@id":"https:\/\/chauvetdj-ils.com\/#organization","name":"CHAUVET DJ | Instant Light Shows","url":"https:\/\/chauvetdj-ils.com\/","logo":{"@type":"ImageObject","inLanguage":"fr-FR","@id":"https:\/\/chauvetdj-ils.com\/#\/schema\/logo\/image\/","url":"https:\/\/chauvetdj-ils.com\/wp-content\/uploads\/2023\/11\/dj-logo.png","contentUrl":"https:\/\/chauvetdj-ils.com\/wp-content\/uploads\/2023\/11\/dj-logo.png","width":253,"height":100,"caption":"CHAUVET DJ | Instant Light Shows"},"image":{"@id":"https:\/\/chauvetdj-ils.com\/#\/schema\/logo\/image\/"}}]}},"_links":{"self":[{"href":"https:\/\/chauvetdj-ils.com\/fr\/wp-json\/wp\/v2\/product\/2395","targetHints":{"allow":["GET"]}}],"collection":[{"href":"https:\/\/chauvetdj-ils.com\/fr\/wp-json\/wp\/v2\/product"}],"about":[{"href":"https:\/\/chauvetdj-ils.com\/fr\/wp-json\/wp\/v2\/types\/product"}],"replies":[{"embeddable":true,"href":"https:\/\/chauvetdj-ils.com\/fr\/wp-json\/wp\/v2\/comments?post=2395"}],"wp:featuredmedia":[{"embeddable":true,"href":"https:\/\/chauvetdj-ils.com\/fr\/wp-json\/wp\/v2\/media\/2851"}],"wp:attachment":[{"href":"https:\/\/chauvetdj-ils.com\/fr\/wp-json\/wp\/v2\/media?parent=2395"}],"wp:term":[{"taxonomy":"product_cat","embeddable":true,"href":"https:\/\/chauvetdj-ils.com\/fr\/wp-json\/wp\/v2\/product_cat?post=2395"},{"taxonomy":"product_tag","embeddable":true,"href":"https:\/\/chauvetdj-ils.com\/fr\/wp-json\/wp\/v2\/product_tag?post=2395"}],"curies":[{"name":"wp","href":"https:\/\/api.w.org\/{rel}","templated":true}]}}