{"id":2401,"date":"2022-05-31T13:24:09","date_gmt":"2022-05-31T13:24:09","guid":{"rendered":"http:\/\/chauvetdj-ils.com\/product\/slimpar-q12-ils\/"},"modified":"2024-01-30T22:52:18","modified_gmt":"2024-01-30T22:52:18","slug":"slimpar-q12-ils","status":"publish","type":"product","link":"https:\/\/chauvetdj-ils.com\/fr\/produit\/slimpar-q12-ils\/","title":{"rendered":"SlimPAR Q12 ILS"},"content":{"rendered":"<p>SlimPAR Q12 ILS est un PAR LED quatre couleurs (RGBA) discret, et son super-pouvoir c\u2019est la compatibilit\u00e9 ILS* pour \u00eatre utilis\u00e9 dans l\u2019\u00e9cosyst\u00e8me ILS, le nouveau protocole qui rend le contr\u00f4le simultan\u00e9 de plusieurs projecteurs tr\u00e8s facile. Mais ce guerrier de la Wash dispose aussi du contr\u00f4le optionnel en D-Fi USB : choisissez entre le mode Ma\u00eetre\/Esclave ou DMX. Ce que SlimPAR Q12 ILS fait le mieux, c\u2019est la couleur ! Atteignez des teintes vives et naturelles avec les LEDs ambres. Acc\u00e9dez facilement au mixage des couleurs RGBA ou aux couleurs statiques avec ou sans DMX. Si vous avez besoin de couleurs p\u00e9tantes pour une production vid\u00e9o, c\u2019est possible ! SlimPAR Q12 ILS est sans scintillement et parfaitement adapt\u00e9 pour les captations. *Integrated Lighting System = Syst\u00e8me d\u2019\u00c9clairage Int\u00e9gr\u00e9<\/p>\n","protected":false},"excerpt":{"rendered":"<p>SlimPAR Q12 ILS est un PAR LED quatre couleurs (RGBA) discret, et son super-pouvoir c\u2019est la compatibilit\u00e9 ILS* pour \u00eatre utilis\u00e9 dans l\u2019\u00e9cosyst\u00e8me ILS, le nouveau protocole qui rend le contr\u00f4le simultan\u00e9 de plusieurs projecteurs tr\u00e8s facile. Mais ce guerrier de la Wash dispose aussi du contr\u00f4le optionnel en D-Fi USB : choisissez entre le [&hellip;]<\/p>\n","protected":false},"featured_media":2815,"comment_status":"open","ping_status":"closed","template":"","meta":[],"product_cat":[58],"product_tag":[79],"class_list":{"0":"post-2401","1":"product","2":"type-product","3":"status-publish","4":"has-post-thumbnail","6":"product_cat-ils-fr","7":"product_tag-pars-fr","9":"first","10":"instock","11":"product-type-simple"},"acf":[],"yoast_head":"<!-- This site is optimized with the Yoast SEO plugin v27.1.1 - https:\/\/yoast.com\/product\/yoast-seo-wordpress\/ -->\n<title>SlimPAR Q12 ILS - CHAUVET DJ | Instant Light Shows<\/title>\n<meta name=\"robots\" content=\"index, follow, max-snippet:-1, max-image-preview:large, max-video-preview:-1\" \/>\n<link rel=\"canonical\" href=\"https:\/\/chauvetdj-ils.com\/fr\/produit\/slimpar-q12-ils\/\" \/>\n<meta property=\"og:locale\" content=\"fr_FR\" \/>\n<meta property=\"og:type\" content=\"article\" \/>\n<meta property=\"og:title\" content=\"SlimPAR Q12 ILS - CHAUVET DJ | Instant Light Shows\" \/>\n<meta property=\"og:description\" content=\"SlimPAR Q12 ILS est un PAR LED quatre couleurs (RGBA) discret, et son super-pouvoir c\u2019est la compatibilit\u00e9 ILS* pour \u00eatre utilis\u00e9 dans l\u2019\u00e9cosyst\u00e8me ILS, le nouveau protocole qui rend le contr\u00f4le simultan\u00e9 de plusieurs projecteurs tr\u00e8s facile. Mais ce guerrier de la Wash dispose aussi du contr\u00f4le optionnel en D-Fi USB : choisissez entre le [&hellip;]\" \/>\n<meta property=\"og:url\" content=\"https:\/\/chauvetdj-ils.com\/fr\/produit\/slimpar-q12-ils\/\" \/>\n<meta property=\"og:site_name\" content=\"CHAUVET DJ | Instant Light Shows\" \/>\n<meta property=\"article:modified_time\" content=\"2024-01-30T22:52:18+00:00\" \/>\n<meta property=\"og:image\" content=\"https:\/\/chauvetdj-ils.com\/wp-content\/uploads\/2023\/11\/SlimPAR-Q12-ILS-off.jpg\" \/>\n\t<meta property=\"og:image:width\" content=\"800\" \/>\n\t<meta property=\"og:image:height\" content=\"800\" \/>\n\t<meta property=\"og:image:type\" content=\"image\/jpeg\" \/>\n<meta name=\"twitter:card\" content=\"summary_large_image\" \/>\n<meta name=\"twitter:label1\" content=\"Est. reading time\" \/>\n\t<meta name=\"twitter:data1\" content=\"1 minute\" \/>\n<script type=\"application\/ld+json\" class=\"yoast-schema-graph\">{\"@context\":\"https:\/\/schema.org\",\"@graph\":[{\"@type\":\"WebPage\",\"@id\":\"https:\/\/chauvetdj-ils.com\/fr\/produit\/slimpar-q12-ils\/\",\"url\":\"https:\/\/chauvetdj-ils.com\/fr\/produit\/slimpar-q12-ils\/\",\"name\":\"SlimPAR Q12 ILS - CHAUVET DJ | Instant Light Shows\",\"isPartOf\":{\"@id\":\"https:\/\/chauvetdj-ils.com\/#website\"},\"primaryImageOfPage\":{\"@id\":\"https:\/\/chauvetdj-ils.com\/fr\/produit\/slimpar-q12-ils\/#primaryimage\"},\"image\":{\"@id\":\"https:\/\/chauvetdj-ils.com\/fr\/produit\/slimpar-q12-ils\/#primaryimage\"},\"thumbnailUrl\":\"https:\/\/chauvetdj-ils.com\/wp-content\/uploads\/2023\/11\/SlimPAR-Q12-ILS-off.jpg\",\"datePublished\":\"2022-05-31T13:24:09+00:00\",\"dateModified\":\"2024-01-30T22:52:18+00:00\",\"breadcrumb\":{\"@id\":\"https:\/\/chauvetdj-ils.com\/fr\/produit\/slimpar-q12-ils\/#breadcrumb\"},\"inLanguage\":\"fr-FR\",\"potentialAction\":[{\"@type\":\"ReadAction\",\"target\":[\"https:\/\/chauvetdj-ils.com\/fr\/produit\/slimpar-q12-ils\/\"]}]},{\"@type\":\"ImageObject\",\"inLanguage\":\"fr-FR\",\"@id\":\"https:\/\/chauvetdj-ils.com\/fr\/produit\/slimpar-q12-ils\/#primaryimage\",\"url\":\"https:\/\/chauvetdj-ils.com\/wp-content\/uploads\/2023\/11\/SlimPAR-Q12-ILS-off.jpg\",\"contentUrl\":\"https:\/\/chauvetdj-ils.com\/wp-content\/uploads\/2023\/11\/SlimPAR-Q12-ILS-off.jpg\",\"width\":800,\"height\":800},{\"@type\":\"BreadcrumbList\",\"@id\":\"https:\/\/chauvetdj-ils.com\/fr\/produit\/slimpar-q12-ils\/#breadcrumb\",\"itemListElement\":[{\"@type\":\"ListItem\",\"position\":1,\"name\":\"Home\",\"item\":\"https:\/\/chauvetdj-ils.com\/fr\/\"},{\"@type\":\"ListItem\",\"position\":2,\"name\":\"Home\",\"item\":\"https:\/\/chauvetdj-ils.com\/fr\/\"},{\"@type\":\"ListItem\",\"position\":3,\"name\":\"SlimPAR Q12 ILS\"}]},{\"@type\":\"WebSite\",\"@id\":\"https:\/\/chauvetdj-ils.com\/#website\",\"url\":\"https:\/\/chauvetdj-ils.com\/\",\"name\":\"CHAUVET DJ | Instant Light Shows\",\"description\":\"\",\"publisher\":{\"@id\":\"https:\/\/chauvetdj-ils.com\/#organization\"},\"potentialAction\":[{\"@type\":\"SearchAction\",\"target\":{\"@type\":\"EntryPoint\",\"urlTemplate\":\"https:\/\/chauvetdj-ils.com\/?s={search_term_string}\"},\"query-input\":{\"@type\":\"PropertyValueSpecification\",\"valueRequired\":true,\"valueName\":\"search_term_string\"}}],\"inLanguage\":\"fr-FR\"},{\"@type\":\"Organization\",\"@id\":\"https:\/\/chauvetdj-ils.com\/#organization\",\"name\":\"CHAUVET DJ | Instant Light Shows\",\"url\":\"https:\/\/chauvetdj-ils.com\/\",\"logo\":{\"@type\":\"ImageObject\",\"inLanguage\":\"fr-FR\",\"@id\":\"https:\/\/chauvetdj-ils.com\/#\/schema\/logo\/image\/\",\"url\":\"https:\/\/chauvetdj-ils.com\/wp-content\/uploads\/2023\/11\/dj-logo.png\",\"contentUrl\":\"https:\/\/chauvetdj-ils.com\/wp-content\/uploads\/2023\/11\/dj-logo.png\",\"width\":253,\"height\":100,\"caption\":\"CHAUVET DJ | Instant Light Shows\"},\"image\":{\"@id\":\"https:\/\/chauvetdj-ils.com\/#\/schema\/logo\/image\/\"}}]}<\/script>\n<!-- \/ Yoast SEO plugin. -->","yoast_head_json":{"title":"SlimPAR Q12 ILS - CHAUVET DJ | Instant Light Shows","robots":{"index":"index","follow":"follow","max-snippet":"max-snippet:-1","max-image-preview":"max-image-preview:large","max-video-preview":"max-video-preview:-1"},"canonical":"https:\/\/chauvetdj-ils.com\/fr\/produit\/slimpar-q12-ils\/","og_locale":"fr_FR","og_type":"article","og_title":"SlimPAR Q12 ILS - CHAUVET DJ | Instant Light Shows","og_description":"SlimPAR Q12 ILS est un PAR LED quatre couleurs (RGBA) discret, et son super-pouvoir c\u2019est la compatibilit\u00e9 ILS* pour \u00eatre utilis\u00e9 dans l\u2019\u00e9cosyst\u00e8me ILS, le nouveau protocole qui rend le contr\u00f4le simultan\u00e9 de plusieurs projecteurs tr\u00e8s facile. Mais ce guerrier de la Wash dispose aussi du contr\u00f4le optionnel en D-Fi USB : choisissez entre le [&hellip;]","og_url":"https:\/\/chauvetdj-ils.com\/fr\/produit\/slimpar-q12-ils\/","og_site_name":"CHAUVET DJ | Instant Light Shows","article_modified_time":"2024-01-30T22:52:18+00:00","og_image":[{"width":800,"height":800,"url":"https:\/\/chauvetdj-ils.com\/wp-content\/uploads\/2023\/11\/SlimPAR-Q12-ILS-off.jpg","type":"image\/jpeg"}],"twitter_card":"summary_large_image","twitter_misc":{"Est. reading time":"1 minute"},"schema":{"@context":"https:\/\/schema.org","@graph":[{"@type":"WebPage","@id":"https:\/\/chauvetdj-ils.com\/fr\/produit\/slimpar-q12-ils\/","url":"https:\/\/chauvetdj-ils.com\/fr\/produit\/slimpar-q12-ils\/","name":"SlimPAR Q12 ILS - CHAUVET DJ | Instant Light Shows","isPartOf":{"@id":"https:\/\/chauvetdj-ils.com\/#website"},"primaryImageOfPage":{"@id":"https:\/\/chauvetdj-ils.com\/fr\/produit\/slimpar-q12-ils\/#primaryimage"},"image":{"@id":"https:\/\/chauvetdj-ils.com\/fr\/produit\/slimpar-q12-ils\/#primaryimage"},"thumbnailUrl":"https:\/\/chauvetdj-ils.com\/wp-content\/uploads\/2023\/11\/SlimPAR-Q12-ILS-off.jpg","datePublished":"2022-05-31T13:24:09+00:00","dateModified":"2024-01-30T22:52:18+00:00","breadcrumb":{"@id":"https:\/\/chauvetdj-ils.com\/fr\/produit\/slimpar-q12-ils\/#breadcrumb"},"inLanguage":"fr-FR","potentialAction":[{"@type":"ReadAction","target":["https:\/\/chauvetdj-ils.com\/fr\/produit\/slimpar-q12-ils\/"]}]},{"@type":"ImageObject","inLanguage":"fr-FR","@id":"https:\/\/chauvetdj-ils.com\/fr\/produit\/slimpar-q12-ils\/#primaryimage","url":"https:\/\/chauvetdj-ils.com\/wp-content\/uploads\/2023\/11\/SlimPAR-Q12-ILS-off.jpg","contentUrl":"https:\/\/chauvetdj-ils.com\/wp-content\/uploads\/2023\/11\/SlimPAR-Q12-ILS-off.jpg","width":800,"height":800},{"@type":"BreadcrumbList","@id":"https:\/\/chauvetdj-ils.com\/fr\/produit\/slimpar-q12-ils\/#breadcrumb","itemListElement":[{"@type":"ListItem","position":1,"name":"Home","item":"https:\/\/chauvetdj-ils.com\/fr\/"},{"@type":"ListItem","position":2,"name":"Home","item":"https:\/\/chauvetdj-ils.com\/fr\/"},{"@type":"ListItem","position":3,"name":"SlimPAR Q12 ILS"}]},{"@type":"WebSite","@id":"https:\/\/chauvetdj-ils.com\/#website","url":"https:\/\/chauvetdj-ils.com\/","name":"CHAUVET DJ | Instant Light Shows","description":"","publisher":{"@id":"https:\/\/chauvetdj-ils.com\/#organization"},"potentialAction":[{"@type":"SearchAction","target":{"@type":"EntryPoint","urlTemplate":"https:\/\/chauvetdj-ils.com\/?s={search_term_string}"},"query-input":{"@type":"PropertyValueSpecification","valueRequired":true,"valueName":"search_term_string"}}],"inLanguage":"fr-FR"},{"@type":"Organization","@id":"https:\/\/chauvetdj-ils.com\/#organization","name":"CHAUVET DJ | Instant Light Shows","url":"https:\/\/chauvetdj-ils.com\/","logo":{"@type":"ImageObject","inLanguage":"fr-FR","@id":"https:\/\/chauvetdj-ils.com\/#\/schema\/logo\/image\/","url":"https:\/\/chauvetdj-ils.com\/wp-content\/uploads\/2023\/11\/dj-logo.png","contentUrl":"https:\/\/chauvetdj-ils.com\/wp-content\/uploads\/2023\/11\/dj-logo.png","width":253,"height":100,"caption":"CHAUVET DJ | Instant Light Shows"},"image":{"@id":"https:\/\/chauvetdj-ils.com\/#\/schema\/logo\/image\/"}}]}},"_links":{"self":[{"href":"https:\/\/chauvetdj-ils.com\/fr\/wp-json\/wp\/v2\/product\/2401","targetHints":{"allow":["GET"]}}],"collection":[{"href":"https:\/\/chauvetdj-ils.com\/fr\/wp-json\/wp\/v2\/product"}],"about":[{"href":"https:\/\/chauvetdj-ils.com\/fr\/wp-json\/wp\/v2\/types\/product"}],"replies":[{"embeddable":true,"href":"https:\/\/chauvetdj-ils.com\/fr\/wp-json\/wp\/v2\/comments?post=2401"}],"wp:featuredmedia":[{"embeddable":true,"href":"https:\/\/chauvetdj-ils.com\/fr\/wp-json\/wp\/v2\/media\/2815"}],"wp:attachment":[{"href":"https:\/\/chauvetdj-ils.com\/fr\/wp-json\/wp\/v2\/media?parent=2401"}],"wp:term":[{"taxonomy":"product_cat","embeddable":true,"href":"https:\/\/chauvetdj-ils.com\/fr\/wp-json\/wp\/v2\/product_cat?post=2401"},{"taxonomy":"product_tag","embeddable":true,"href":"https:\/\/chauvetdj-ils.com\/fr\/wp-json\/wp\/v2\/product_tag?post=2401"}],"curies":[{"name":"wp","href":"https:\/\/api.w.org\/{rel}","templated":true}]}}