{"id":2410,"date":"2022-05-31T13:24:09","date_gmt":"2022-05-31T13:24:09","guid":{"rendered":"http:\/\/chauvetdj-ils.com\/product\/led-shadow2-ils\/"},"modified":"2024-01-30T21:42:58","modified_gmt":"2024-01-30T21:42:58","slug":"led-shadow2-ils","status":"publish","type":"product","link":"https:\/\/chauvetdj-ils.com\/fr\/produit\/led-shadow2-ils\/","title":{"rendered":"LED Shadow 2 ILS"},"content":{"rendered":"<div class=\"content content-block\">\n<p>Des effets de lumi\u00e8re noire uniques sortent de l\u2019ombre avec LED Shadow 2 ILS*, un panneau LED polyvalents avec des effets hors du commun. Avec sa fonction compatible ILS*, la coordination des shows lumi\u00e8re est facile. Optez pour le sans-fil avec l\u2019option de contr\u00f4le Ma\u00eetre\/Esclave en D-Fi USB, ou choisissez le mode DMX. LED Shadow 2 ILS vous permet de g\u00e9n\u00e9rer des effets sophistiqu\u00e9s en toute simplicit\u00e9 avec les programmes int\u00e9gr\u00e9s et le contr\u00f4le par section avec la t\u00e9l\u00e9commande IRC-6, le mode Ma\u00eetre\/Esclave, ou DMX. LED Shadow 2 ILS est id\u00e9al pour les environnements silencieux gr\u00e2ce \u00e0 son syst\u00e8me de refroidissement rayonnant. Avec les courbes de dimmer LED int\u00e9gr\u00e9es, contr\u00f4lez l\u2019intensit\u00e9 de la lumi\u00e8re tout en douceur.<\/p>\n<p>*Instant Light Shows = Instants Lumineux Synchronis\u00e9s<\/p>\n<\/div>\n","protected":false},"excerpt":{"rendered":"<p>Des effets de lumi\u00e8re noire uniques sortent de l\u2019ombre avec LED Shadow 2 ILS*, un panneau LED polyvalents avec des effets hors du commun. Avec sa fonction compatible ILS*, la coordination des shows lumi\u00e8re est facile. Optez pour le sans-fil avec l\u2019option de contr\u00f4le Ma\u00eetre\/Esclave en D-Fi USB, ou choisissez le mode DMX. LED Shadow [&hellip;]<\/p>\n","protected":false},"featured_media":2554,"comment_status":"open","ping_status":"closed","template":"","meta":[],"product_cat":[58],"product_tag":[85],"class_list":{"0":"post-2410","1":"product","2":"type-product","3":"status-publish","4":"has-post-thumbnail","6":"product_cat-ils-fr","7":"product_tag-fx-fr","9":"first","10":"instock","11":"product-type-simple"},"acf":[],"yoast_head":"<!-- This site is optimized with the Yoast SEO plugin v27.1.1 - https:\/\/yoast.com\/product\/yoast-seo-wordpress\/ -->\n<title>LED Shadow 2 ILS - CHAUVET DJ | Instant Light Shows<\/title>\n<meta name=\"robots\" content=\"index, follow, max-snippet:-1, max-image-preview:large, max-video-preview:-1\" \/>\n<link rel=\"canonical\" href=\"https:\/\/chauvetdj-ils.com\/fr\/produit\/led-shadow2-ils\/\" \/>\n<meta property=\"og:locale\" content=\"fr_FR\" \/>\n<meta property=\"og:type\" content=\"article\" \/>\n<meta property=\"og:title\" content=\"LED Shadow 2 ILS - CHAUVET DJ | Instant Light Shows\" \/>\n<meta property=\"og:description\" content=\"Des effets de lumi\u00e8re noire uniques sortent de l\u2019ombre avec LED Shadow 2 ILS*, un panneau LED polyvalents avec des effets hors du commun. Avec sa fonction compatible ILS*, la coordination des shows lumi\u00e8re est facile. Optez pour le sans-fil avec l\u2019option de contr\u00f4le Ma\u00eetre\/Esclave en D-Fi USB, ou choisissez le mode DMX. LED Shadow [&hellip;]\" \/>\n<meta property=\"og:url\" content=\"https:\/\/chauvetdj-ils.com\/fr\/produit\/led-shadow2-ils\/\" \/>\n<meta property=\"og:site_name\" content=\"CHAUVET DJ | Instant Light Shows\" \/>\n<meta property=\"article:modified_time\" content=\"2024-01-30T21:42:58+00:00\" \/>\n<meta property=\"og:image\" content=\"https:\/\/chauvetdj-ils.com\/wp-content\/uploads\/2023\/11\/LED-SHADOW-2-ILS-FRONT-OFF.jpg\" \/>\n\t<meta property=\"og:image:width\" content=\"800\" \/>\n\t<meta property=\"og:image:height\" content=\"800\" \/>\n\t<meta property=\"og:image:type\" content=\"image\/jpeg\" \/>\n<meta name=\"twitter:card\" content=\"summary_large_image\" \/>\n<meta name=\"twitter:label1\" content=\"Est. reading time\" \/>\n\t<meta name=\"twitter:data1\" content=\"1 minute\" \/>\n<script type=\"application\/ld+json\" class=\"yoast-schema-graph\">{\"@context\":\"https:\/\/schema.org\",\"@graph\":[{\"@type\":\"WebPage\",\"@id\":\"https:\/\/chauvetdj-ils.com\/fr\/produit\/led-shadow2-ils\/\",\"url\":\"https:\/\/chauvetdj-ils.com\/fr\/produit\/led-shadow2-ils\/\",\"name\":\"LED Shadow 2 ILS - CHAUVET DJ | Instant Light Shows\",\"isPartOf\":{\"@id\":\"https:\/\/chauvetdj-ils.com\/#website\"},\"primaryImageOfPage\":{\"@id\":\"https:\/\/chauvetdj-ils.com\/fr\/produit\/led-shadow2-ils\/#primaryimage\"},\"image\":{\"@id\":\"https:\/\/chauvetdj-ils.com\/fr\/produit\/led-shadow2-ils\/#primaryimage\"},\"thumbnailUrl\":\"https:\/\/chauvetdj-ils.com\/wp-content\/uploads\/2023\/11\/LED-SHADOW-2-ILS-FRONT-OFF.jpg\",\"datePublished\":\"2022-05-31T13:24:09+00:00\",\"dateModified\":\"2024-01-30T21:42:58+00:00\",\"breadcrumb\":{\"@id\":\"https:\/\/chauvetdj-ils.com\/fr\/produit\/led-shadow2-ils\/#breadcrumb\"},\"inLanguage\":\"fr-FR\",\"potentialAction\":[{\"@type\":\"ReadAction\",\"target\":[\"https:\/\/chauvetdj-ils.com\/fr\/produit\/led-shadow2-ils\/\"]}]},{\"@type\":\"ImageObject\",\"inLanguage\":\"fr-FR\",\"@id\":\"https:\/\/chauvetdj-ils.com\/fr\/produit\/led-shadow2-ils\/#primaryimage\",\"url\":\"https:\/\/chauvetdj-ils.com\/wp-content\/uploads\/2023\/11\/LED-SHADOW-2-ILS-FRONT-OFF.jpg\",\"contentUrl\":\"https:\/\/chauvetdj-ils.com\/wp-content\/uploads\/2023\/11\/LED-SHADOW-2-ILS-FRONT-OFF.jpg\",\"width\":800,\"height\":800},{\"@type\":\"BreadcrumbList\",\"@id\":\"https:\/\/chauvetdj-ils.com\/fr\/produit\/led-shadow2-ils\/#breadcrumb\",\"itemListElement\":[{\"@type\":\"ListItem\",\"position\":1,\"name\":\"Home\",\"item\":\"https:\/\/chauvetdj-ils.com\/fr\/\"},{\"@type\":\"ListItem\",\"position\":2,\"name\":\"Home\",\"item\":\"https:\/\/chauvetdj-ils.com\/fr\/\"},{\"@type\":\"ListItem\",\"position\":3,\"name\":\"LED Shadow 2 ILS\"}]},{\"@type\":\"WebSite\",\"@id\":\"https:\/\/chauvetdj-ils.com\/#website\",\"url\":\"https:\/\/chauvetdj-ils.com\/\",\"name\":\"CHAUVET DJ | Instant Light Shows\",\"description\":\"\",\"publisher\":{\"@id\":\"https:\/\/chauvetdj-ils.com\/#organization\"},\"potentialAction\":[{\"@type\":\"SearchAction\",\"target\":{\"@type\":\"EntryPoint\",\"urlTemplate\":\"https:\/\/chauvetdj-ils.com\/?s={search_term_string}\"},\"query-input\":{\"@type\":\"PropertyValueSpecification\",\"valueRequired\":true,\"valueName\":\"search_term_string\"}}],\"inLanguage\":\"fr-FR\"},{\"@type\":\"Organization\",\"@id\":\"https:\/\/chauvetdj-ils.com\/#organization\",\"name\":\"CHAUVET DJ | Instant Light Shows\",\"url\":\"https:\/\/chauvetdj-ils.com\/\",\"logo\":{\"@type\":\"ImageObject\",\"inLanguage\":\"fr-FR\",\"@id\":\"https:\/\/chauvetdj-ils.com\/#\/schema\/logo\/image\/\",\"url\":\"https:\/\/chauvetdj-ils.com\/wp-content\/uploads\/2023\/11\/dj-logo.png\",\"contentUrl\":\"https:\/\/chauvetdj-ils.com\/wp-content\/uploads\/2023\/11\/dj-logo.png\",\"width\":253,\"height\":100,\"caption\":\"CHAUVET DJ | Instant Light Shows\"},\"image\":{\"@id\":\"https:\/\/chauvetdj-ils.com\/#\/schema\/logo\/image\/\"}}]}<\/script>\n<!-- \/ Yoast SEO plugin. -->","yoast_head_json":{"title":"LED Shadow 2 ILS - CHAUVET DJ | Instant Light Shows","robots":{"index":"index","follow":"follow","max-snippet":"max-snippet:-1","max-image-preview":"max-image-preview:large","max-video-preview":"max-video-preview:-1"},"canonical":"https:\/\/chauvetdj-ils.com\/fr\/produit\/led-shadow2-ils\/","og_locale":"fr_FR","og_type":"article","og_title":"LED Shadow 2 ILS - CHAUVET DJ | Instant Light Shows","og_description":"Des effets de lumi\u00e8re noire uniques sortent de l\u2019ombre avec LED Shadow 2 ILS*, un panneau LED polyvalents avec des effets hors du commun. Avec sa fonction compatible ILS*, la coordination des shows lumi\u00e8re est facile. Optez pour le sans-fil avec l\u2019option de contr\u00f4le Ma\u00eetre\/Esclave en D-Fi USB, ou choisissez le mode DMX. LED Shadow [&hellip;]","og_url":"https:\/\/chauvetdj-ils.com\/fr\/produit\/led-shadow2-ils\/","og_site_name":"CHAUVET DJ | Instant Light Shows","article_modified_time":"2024-01-30T21:42:58+00:00","og_image":[{"width":800,"height":800,"url":"https:\/\/chauvetdj-ils.com\/wp-content\/uploads\/2023\/11\/LED-SHADOW-2-ILS-FRONT-OFF.jpg","type":"image\/jpeg"}],"twitter_card":"summary_large_image","twitter_misc":{"Est. reading time":"1 minute"},"schema":{"@context":"https:\/\/schema.org","@graph":[{"@type":"WebPage","@id":"https:\/\/chauvetdj-ils.com\/fr\/produit\/led-shadow2-ils\/","url":"https:\/\/chauvetdj-ils.com\/fr\/produit\/led-shadow2-ils\/","name":"LED Shadow 2 ILS - CHAUVET DJ | Instant Light Shows","isPartOf":{"@id":"https:\/\/chauvetdj-ils.com\/#website"},"primaryImageOfPage":{"@id":"https:\/\/chauvetdj-ils.com\/fr\/produit\/led-shadow2-ils\/#primaryimage"},"image":{"@id":"https:\/\/chauvetdj-ils.com\/fr\/produit\/led-shadow2-ils\/#primaryimage"},"thumbnailUrl":"https:\/\/chauvetdj-ils.com\/wp-content\/uploads\/2023\/11\/LED-SHADOW-2-ILS-FRONT-OFF.jpg","datePublished":"2022-05-31T13:24:09+00:00","dateModified":"2024-01-30T21:42:58+00:00","breadcrumb":{"@id":"https:\/\/chauvetdj-ils.com\/fr\/produit\/led-shadow2-ils\/#breadcrumb"},"inLanguage":"fr-FR","potentialAction":[{"@type":"ReadAction","target":["https:\/\/chauvetdj-ils.com\/fr\/produit\/led-shadow2-ils\/"]}]},{"@type":"ImageObject","inLanguage":"fr-FR","@id":"https:\/\/chauvetdj-ils.com\/fr\/produit\/led-shadow2-ils\/#primaryimage","url":"https:\/\/chauvetdj-ils.com\/wp-content\/uploads\/2023\/11\/LED-SHADOW-2-ILS-FRONT-OFF.jpg","contentUrl":"https:\/\/chauvetdj-ils.com\/wp-content\/uploads\/2023\/11\/LED-SHADOW-2-ILS-FRONT-OFF.jpg","width":800,"height":800},{"@type":"BreadcrumbList","@id":"https:\/\/chauvetdj-ils.com\/fr\/produit\/led-shadow2-ils\/#breadcrumb","itemListElement":[{"@type":"ListItem","position":1,"name":"Home","item":"https:\/\/chauvetdj-ils.com\/fr\/"},{"@type":"ListItem","position":2,"name":"Home","item":"https:\/\/chauvetdj-ils.com\/fr\/"},{"@type":"ListItem","position":3,"name":"LED Shadow 2 ILS"}]},{"@type":"WebSite","@id":"https:\/\/chauvetdj-ils.com\/#website","url":"https:\/\/chauvetdj-ils.com\/","name":"CHAUVET DJ | Instant Light Shows","description":"","publisher":{"@id":"https:\/\/chauvetdj-ils.com\/#organization"},"potentialAction":[{"@type":"SearchAction","target":{"@type":"EntryPoint","urlTemplate":"https:\/\/chauvetdj-ils.com\/?s={search_term_string}"},"query-input":{"@type":"PropertyValueSpecification","valueRequired":true,"valueName":"search_term_string"}}],"inLanguage":"fr-FR"},{"@type":"Organization","@id":"https:\/\/chauvetdj-ils.com\/#organization","name":"CHAUVET DJ | Instant Light Shows","url":"https:\/\/chauvetdj-ils.com\/","logo":{"@type":"ImageObject","inLanguage":"fr-FR","@id":"https:\/\/chauvetdj-ils.com\/#\/schema\/logo\/image\/","url":"https:\/\/chauvetdj-ils.com\/wp-content\/uploads\/2023\/11\/dj-logo.png","contentUrl":"https:\/\/chauvetdj-ils.com\/wp-content\/uploads\/2023\/11\/dj-logo.png","width":253,"height":100,"caption":"CHAUVET DJ | Instant Light Shows"},"image":{"@id":"https:\/\/chauvetdj-ils.com\/#\/schema\/logo\/image\/"}}]}},"_links":{"self":[{"href":"https:\/\/chauvetdj-ils.com\/fr\/wp-json\/wp\/v2\/product\/2410","targetHints":{"allow":["GET"]}}],"collection":[{"href":"https:\/\/chauvetdj-ils.com\/fr\/wp-json\/wp\/v2\/product"}],"about":[{"href":"https:\/\/chauvetdj-ils.com\/fr\/wp-json\/wp\/v2\/types\/product"}],"replies":[{"embeddable":true,"href":"https:\/\/chauvetdj-ils.com\/fr\/wp-json\/wp\/v2\/comments?post=2410"}],"wp:featuredmedia":[{"embeddable":true,"href":"https:\/\/chauvetdj-ils.com\/fr\/wp-json\/wp\/v2\/media\/2554"}],"wp:attachment":[{"href":"https:\/\/chauvetdj-ils.com\/fr\/wp-json\/wp\/v2\/media?parent=2410"}],"wp:term":[{"taxonomy":"product_cat","embeddable":true,"href":"https:\/\/chauvetdj-ils.com\/fr\/wp-json\/wp\/v2\/product_cat?post=2410"},{"taxonomy":"product_tag","embeddable":true,"href":"https:\/\/chauvetdj-ils.com\/fr\/wp-json\/wp\/v2\/product_tag?post=2410"}],"curies":[{"name":"wp","href":"https:\/\/api.w.org\/{rel}","templated":true}]}}