{"id":2419,"date":"2022-05-31T13:17:35","date_gmt":"2022-05-31T13:17:35","guid":{"rendered":"http:\/\/chauvetdj-ils.com\/product\/intimidator-spot-160-ils\/"},"modified":"2024-04-11T14:43:19","modified_gmt":"2024-04-11T14:43:19","slug":"intimidator-spot-160-ils","status":"publish","type":"product","link":"https:\/\/chauvetdj-ils.com\/fr\/produit\/intimidator-spot-160-ils\/","title":{"rendered":"Intimidator Spot 160 ILS"},"content":{"rendered":"<p>La lumi\u00e8re qui agite les foules. C\u2019est \u00e7a que proposent les lyres automatiques Intimidator. Intimidator Spot 160 ILS a tout ce qu\u2019il faut pour faire bouger vos invit\u00e9s ! Ce projecteur automatique compact, id\u00e9al pour l\u2019\u00e9v\u00e9nementiel mobile, offre des nouvelles possibilit\u00e9s gr\u00e2ce une compatibilit\u00e9 innovante. Integrated Lighting System (ILS) est un syst\u00e8me d\u2019int\u00e9gration qui coordonne tout en simplicit\u00e9 les effets de lumi\u00e8re sur plusieurs appareils, simultan\u00e9ment. On retrouve aussi sur Intimidator Spot 160 ILS, notre syst\u00e8me D-Fi\u2122 USB qui permet un contr\u00f4le sans fil en DMX ou en Ma\u00eetre\/Esclave. Le Mode Totem int\u00e9gr\u00e9 rappelle \u00e0 vos projecteurs de rester dirig\u00e9s sur le dancefloor. Vous pouvez ainsi programmer, enregistrer et rappeler une sc\u00e8ne manuellement, directement depuis l\u2019affichage LCD full-color. Reliez jusqu\u2019\u00e0 4 appareils pour cr\u00e9er des effets \u00e9poustouflants et synchronis\u00e9s, en mode Automatique ou Son. Un crochet 1\/4 de tour rend l\u2019installation et le d\u00e9montage tr\u00e8s facile et rapide. T\u00e9l\u00e9commande IRC-6 pour un contr\u00f4le sans fil et sans DMX en option.<\/p>\n","protected":false},"excerpt":{"rendered":"<p>La lumi\u00e8re qui agite les foules. C\u2019est \u00e7a que proposent les lyres automatiques Intimidator. Intimidator Spot 160 ILS a tout ce qu\u2019il faut pour faire bouger vos invit\u00e9s ! Ce projecteur automatique compact, id\u00e9al pour l\u2019\u00e9v\u00e9nementiel mobile, offre des nouvelles possibilit\u00e9s gr\u00e2ce une compatibilit\u00e9 innovante. Integrated Lighting System (ILS) est un syst\u00e8me d\u2019int\u00e9gration qui coordonne [&hellip;]<\/p>\n","protected":false},"featured_media":1499,"comment_status":"open","ping_status":"closed","template":"","meta":[],"product_cat":[58],"product_tag":[66],"class_list":{"0":"post-2419","1":"product","2":"type-product","3":"status-publish","4":"has-post-thumbnail","6":"product_cat-ils-fr","7":"product_tag-lyres-asservies-fr","9":"first","10":"instock","11":"product-type-simple"},"acf":[],"yoast_head":"<!-- This site is optimized with the Yoast SEO plugin v27.1.1 - https:\/\/yoast.com\/product\/yoast-seo-wordpress\/ -->\n<title>Intimidator Spot 160 ILS - CHAUVET DJ | Instant Light Shows<\/title>\n<meta name=\"robots\" content=\"index, follow, max-snippet:-1, max-image-preview:large, max-video-preview:-1\" \/>\n<link rel=\"canonical\" href=\"https:\/\/chauvetdj-ils.com\/fr\/produit\/intimidator-spot-160-ils\/\" \/>\n<meta property=\"og:locale\" content=\"fr_FR\" \/>\n<meta property=\"og:type\" content=\"article\" \/>\n<meta property=\"og:title\" content=\"Intimidator Spot 160 ILS - CHAUVET DJ | Instant Light Shows\" \/>\n<meta property=\"og:description\" content=\"La lumi\u00e8re qui agite les foules. C\u2019est \u00e7a que proposent les lyres automatiques Intimidator. Intimidator Spot 160 ILS a tout ce qu\u2019il faut pour faire bouger vos invit\u00e9s ! Ce projecteur automatique compact, id\u00e9al pour l\u2019\u00e9v\u00e9nementiel mobile, offre des nouvelles possibilit\u00e9s gr\u00e2ce une compatibilit\u00e9 innovante. Integrated Lighting System (ILS) est un syst\u00e8me d\u2019int\u00e9gration qui coordonne [&hellip;]\" \/>\n<meta property=\"og:url\" content=\"https:\/\/chauvetdj-ils.com\/fr\/produit\/intimidator-spot-160-ils\/\" \/>\n<meta property=\"og:site_name\" content=\"CHAUVET DJ | Instant Light Shows\" \/>\n<meta property=\"article:modified_time\" content=\"2024-04-11T14:43:19+00:00\" \/>\n<meta property=\"og:image\" content=\"https:\/\/chauvetdj-ils.com\/wp-content\/uploads\/2023\/11\/Intimidator-Spot-160-ILS-off.jpg\" \/>\n\t<meta property=\"og:image:width\" content=\"800\" \/>\n\t<meta property=\"og:image:height\" content=\"800\" \/>\n\t<meta property=\"og:image:type\" content=\"image\/jpeg\" \/>\n<meta name=\"twitter:card\" content=\"summary_large_image\" \/>\n<meta name=\"twitter:label1\" content=\"Est. reading time\" \/>\n\t<meta name=\"twitter:data1\" content=\"1 minute\" \/>\n<script type=\"application\/ld+json\" class=\"yoast-schema-graph\">{\"@context\":\"https:\/\/schema.org\",\"@graph\":[{\"@type\":\"WebPage\",\"@id\":\"https:\/\/chauvetdj-ils.com\/fr\/produit\/intimidator-spot-160-ils\/\",\"url\":\"https:\/\/chauvetdj-ils.com\/fr\/produit\/intimidator-spot-160-ils\/\",\"name\":\"Intimidator Spot 160 ILS - CHAUVET DJ | Instant Light Shows\",\"isPartOf\":{\"@id\":\"https:\/\/chauvetdj-ils.com\/#website\"},\"primaryImageOfPage\":{\"@id\":\"https:\/\/chauvetdj-ils.com\/fr\/produit\/intimidator-spot-160-ils\/#primaryimage\"},\"image\":{\"@id\":\"https:\/\/chauvetdj-ils.com\/fr\/produit\/intimidator-spot-160-ils\/#primaryimage\"},\"thumbnailUrl\":\"https:\/\/chauvetdj-ils.com\/wp-content\/uploads\/2023\/11\/Intimidator-Spot-160-ILS-off.jpg\",\"datePublished\":\"2022-05-31T13:17:35+00:00\",\"dateModified\":\"2024-04-11T14:43:19+00:00\",\"breadcrumb\":{\"@id\":\"https:\/\/chauvetdj-ils.com\/fr\/produit\/intimidator-spot-160-ils\/#breadcrumb\"},\"inLanguage\":\"fr-FR\",\"potentialAction\":[{\"@type\":\"ReadAction\",\"target\":[\"https:\/\/chauvetdj-ils.com\/fr\/produit\/intimidator-spot-160-ils\/\"]}]},{\"@type\":\"ImageObject\",\"inLanguage\":\"fr-FR\",\"@id\":\"https:\/\/chauvetdj-ils.com\/fr\/produit\/intimidator-spot-160-ils\/#primaryimage\",\"url\":\"https:\/\/chauvetdj-ils.com\/wp-content\/uploads\/2023\/11\/Intimidator-Spot-160-ILS-off.jpg\",\"contentUrl\":\"https:\/\/chauvetdj-ils.com\/wp-content\/uploads\/2023\/11\/Intimidator-Spot-160-ILS-off.jpg\",\"width\":800,\"height\":800},{\"@type\":\"BreadcrumbList\",\"@id\":\"https:\/\/chauvetdj-ils.com\/fr\/produit\/intimidator-spot-160-ils\/#breadcrumb\",\"itemListElement\":[{\"@type\":\"ListItem\",\"position\":1,\"name\":\"Home\",\"item\":\"https:\/\/chauvetdj-ils.com\/fr\/\"},{\"@type\":\"ListItem\",\"position\":2,\"name\":\"Home\",\"item\":\"https:\/\/chauvetdj-ils.com\/fr\/\"},{\"@type\":\"ListItem\",\"position\":3,\"name\":\"Intimidator Spot 160 ILS\"}]},{\"@type\":\"WebSite\",\"@id\":\"https:\/\/chauvetdj-ils.com\/#website\",\"url\":\"https:\/\/chauvetdj-ils.com\/\",\"name\":\"CHAUVET DJ | Instant Light Shows\",\"description\":\"\",\"publisher\":{\"@id\":\"https:\/\/chauvetdj-ils.com\/#organization\"},\"potentialAction\":[{\"@type\":\"SearchAction\",\"target\":{\"@type\":\"EntryPoint\",\"urlTemplate\":\"https:\/\/chauvetdj-ils.com\/?s={search_term_string}\"},\"query-input\":{\"@type\":\"PropertyValueSpecification\",\"valueRequired\":true,\"valueName\":\"search_term_string\"}}],\"inLanguage\":\"fr-FR\"},{\"@type\":\"Organization\",\"@id\":\"https:\/\/chauvetdj-ils.com\/#organization\",\"name\":\"CHAUVET DJ | Instant Light Shows\",\"url\":\"https:\/\/chauvetdj-ils.com\/\",\"logo\":{\"@type\":\"ImageObject\",\"inLanguage\":\"fr-FR\",\"@id\":\"https:\/\/chauvetdj-ils.com\/#\/schema\/logo\/image\/\",\"url\":\"https:\/\/chauvetdj-ils.com\/wp-content\/uploads\/2023\/11\/dj-logo.png\",\"contentUrl\":\"https:\/\/chauvetdj-ils.com\/wp-content\/uploads\/2023\/11\/dj-logo.png\",\"width\":253,\"height\":100,\"caption\":\"CHAUVET DJ | Instant Light Shows\"},\"image\":{\"@id\":\"https:\/\/chauvetdj-ils.com\/#\/schema\/logo\/image\/\"}}]}<\/script>\n<!-- \/ Yoast SEO plugin. -->","yoast_head_json":{"title":"Intimidator Spot 160 ILS - CHAUVET DJ | Instant Light Shows","robots":{"index":"index","follow":"follow","max-snippet":"max-snippet:-1","max-image-preview":"max-image-preview:large","max-video-preview":"max-video-preview:-1"},"canonical":"https:\/\/chauvetdj-ils.com\/fr\/produit\/intimidator-spot-160-ils\/","og_locale":"fr_FR","og_type":"article","og_title":"Intimidator Spot 160 ILS - CHAUVET DJ | Instant Light Shows","og_description":"La lumi\u00e8re qui agite les foules. C\u2019est \u00e7a que proposent les lyres automatiques Intimidator. Intimidator Spot 160 ILS a tout ce qu\u2019il faut pour faire bouger vos invit\u00e9s ! Ce projecteur automatique compact, id\u00e9al pour l\u2019\u00e9v\u00e9nementiel mobile, offre des nouvelles possibilit\u00e9s gr\u00e2ce une compatibilit\u00e9 innovante. Integrated Lighting System (ILS) est un syst\u00e8me d\u2019int\u00e9gration qui coordonne [&hellip;]","og_url":"https:\/\/chauvetdj-ils.com\/fr\/produit\/intimidator-spot-160-ils\/","og_site_name":"CHAUVET DJ | Instant Light Shows","article_modified_time":"2024-04-11T14:43:19+00:00","og_image":[{"width":800,"height":800,"url":"https:\/\/chauvetdj-ils.com\/wp-content\/uploads\/2023\/11\/Intimidator-Spot-160-ILS-off.jpg","type":"image\/jpeg"}],"twitter_card":"summary_large_image","twitter_misc":{"Est. reading time":"1 minute"},"schema":{"@context":"https:\/\/schema.org","@graph":[{"@type":"WebPage","@id":"https:\/\/chauvetdj-ils.com\/fr\/produit\/intimidator-spot-160-ils\/","url":"https:\/\/chauvetdj-ils.com\/fr\/produit\/intimidator-spot-160-ils\/","name":"Intimidator Spot 160 ILS - CHAUVET DJ | Instant Light Shows","isPartOf":{"@id":"https:\/\/chauvetdj-ils.com\/#website"},"primaryImageOfPage":{"@id":"https:\/\/chauvetdj-ils.com\/fr\/produit\/intimidator-spot-160-ils\/#primaryimage"},"image":{"@id":"https:\/\/chauvetdj-ils.com\/fr\/produit\/intimidator-spot-160-ils\/#primaryimage"},"thumbnailUrl":"https:\/\/chauvetdj-ils.com\/wp-content\/uploads\/2023\/11\/Intimidator-Spot-160-ILS-off.jpg","datePublished":"2022-05-31T13:17:35+00:00","dateModified":"2024-04-11T14:43:19+00:00","breadcrumb":{"@id":"https:\/\/chauvetdj-ils.com\/fr\/produit\/intimidator-spot-160-ils\/#breadcrumb"},"inLanguage":"fr-FR","potentialAction":[{"@type":"ReadAction","target":["https:\/\/chauvetdj-ils.com\/fr\/produit\/intimidator-spot-160-ils\/"]}]},{"@type":"ImageObject","inLanguage":"fr-FR","@id":"https:\/\/chauvetdj-ils.com\/fr\/produit\/intimidator-spot-160-ils\/#primaryimage","url":"https:\/\/chauvetdj-ils.com\/wp-content\/uploads\/2023\/11\/Intimidator-Spot-160-ILS-off.jpg","contentUrl":"https:\/\/chauvetdj-ils.com\/wp-content\/uploads\/2023\/11\/Intimidator-Spot-160-ILS-off.jpg","width":800,"height":800},{"@type":"BreadcrumbList","@id":"https:\/\/chauvetdj-ils.com\/fr\/produit\/intimidator-spot-160-ils\/#breadcrumb","itemListElement":[{"@type":"ListItem","position":1,"name":"Home","item":"https:\/\/chauvetdj-ils.com\/fr\/"},{"@type":"ListItem","position":2,"name":"Home","item":"https:\/\/chauvetdj-ils.com\/fr\/"},{"@type":"ListItem","position":3,"name":"Intimidator Spot 160 ILS"}]},{"@type":"WebSite","@id":"https:\/\/chauvetdj-ils.com\/#website","url":"https:\/\/chauvetdj-ils.com\/","name":"CHAUVET DJ | Instant Light Shows","description":"","publisher":{"@id":"https:\/\/chauvetdj-ils.com\/#organization"},"potentialAction":[{"@type":"SearchAction","target":{"@type":"EntryPoint","urlTemplate":"https:\/\/chauvetdj-ils.com\/?s={search_term_string}"},"query-input":{"@type":"PropertyValueSpecification","valueRequired":true,"valueName":"search_term_string"}}],"inLanguage":"fr-FR"},{"@type":"Organization","@id":"https:\/\/chauvetdj-ils.com\/#organization","name":"CHAUVET DJ | Instant Light Shows","url":"https:\/\/chauvetdj-ils.com\/","logo":{"@type":"ImageObject","inLanguage":"fr-FR","@id":"https:\/\/chauvetdj-ils.com\/#\/schema\/logo\/image\/","url":"https:\/\/chauvetdj-ils.com\/wp-content\/uploads\/2023\/11\/dj-logo.png","contentUrl":"https:\/\/chauvetdj-ils.com\/wp-content\/uploads\/2023\/11\/dj-logo.png","width":253,"height":100,"caption":"CHAUVET DJ | Instant Light Shows"},"image":{"@id":"https:\/\/chauvetdj-ils.com\/#\/schema\/logo\/image\/"}}]}},"_links":{"self":[{"href":"https:\/\/chauvetdj-ils.com\/fr\/wp-json\/wp\/v2\/product\/2419","targetHints":{"allow":["GET"]}}],"collection":[{"href":"https:\/\/chauvetdj-ils.com\/fr\/wp-json\/wp\/v2\/product"}],"about":[{"href":"https:\/\/chauvetdj-ils.com\/fr\/wp-json\/wp\/v2\/types\/product"}],"replies":[{"embeddable":true,"href":"https:\/\/chauvetdj-ils.com\/fr\/wp-json\/wp\/v2\/comments?post=2419"}],"wp:featuredmedia":[{"embeddable":true,"href":"https:\/\/chauvetdj-ils.com\/fr\/wp-json\/wp\/v2\/media\/1499"}],"wp:attachment":[{"href":"https:\/\/chauvetdj-ils.com\/fr\/wp-json\/wp\/v2\/media?parent=2419"}],"wp:term":[{"taxonomy":"product_cat","embeddable":true,"href":"https:\/\/chauvetdj-ils.com\/fr\/wp-json\/wp\/v2\/product_cat?post=2419"},{"taxonomy":"product_tag","embeddable":true,"href":"https:\/\/chauvetdj-ils.com\/fr\/wp-json\/wp\/v2\/product_tag?post=2419"}],"curies":[{"name":"wp","href":"https:\/\/api.w.org\/{rel}","templated":true}]}}