{"id":2422,"date":"2022-05-31T13:10:53","date_gmt":"2022-05-31T13:10:53","guid":{"rendered":"http:\/\/chauvetdj-ils.com\/product\/gigbar-move-ils\/"},"modified":"2024-06-24T17:15:29","modified_gmt":"2024-06-24T17:15:29","slug":"gigbar-move-ils","status":"publish","type":"product","link":"https:\/\/chauvetdj-ils.com\/fr\/produit\/gigbar-move-ils\/","title":{"rendered":"GigBAR Move + ILS"},"content":{"rendered":"<p>Le futur de la synchronisation facile est l\u00e0 ! Avec GigBAR Move + ILS. Cette nouveaut\u00e9 de la famille GigBAR contr\u00f4le le syst\u00e8me ILS*, la technologie dynamique qui vous permet de cr\u00e9er des tableaux lumineux sur de nombreux luminaires de fa\u00e7on, en simultan\u00e9. GigBAR Move + ILS peut piloter tout projecteur avec la fonction ILS, avec ou sans c\u00e2blage. GigBAR Move + ILS est un syst\u00e8me 5-en-1 qui regroupe des lyres automatiques, des derbies, des washs, un laser et un effet de strobe, tous pr\u00e9mont\u00e9s sur la m\u00eame barre. On acc\u00e8de facilement aux fonctions puissantes des lyres automatiques de 32 watts dans le menu, via un \u00e9cran tactile couleurs LCD. Avec le mode Totem, les lyres restent focalis\u00e9es sur le dancefloor. Des LEDs UV int\u00e9gr\u00e9es illuminent les objets fluorescents pour des effets de lumi\u00e8re noire impressionnants. GigBAR Move + ILS vous donne un contr\u00f4le individualis\u00e9 de chaque effet : votre show atteint son objectif, et vous n\u2019avez pas besoin de pointer la t\u00e9l\u00e9commande directement sur chaque produit ! La t\u00e9l\u00e9commande RF incluse d\u00e9clenche les effets sans que vous ayez besoin d\u2019avoir tout les projecteurs en ligne de mire. Contr\u00f4lez votre GigBAR Move + ILS en mode autonome, en DMX, ou avec un p\u00e9dalier sans fil. Le pack GigBAR Move + ILS propose un tr\u00e9pied, un p\u00e9dalier sans fil, une t\u00e9l\u00e9commande RF et un sac de transport gratuit qui vous assure un montage rapide.<\/p>\n<p>*Instant Light Shows = Instants Lumineux Synchronis\u00e9s<\/p>\n<p><img loading=\"lazy\" decoding=\"async\" class=\"alignnone size-thumbnail wp-image-104357\" src=\"http:\/\/chauvetdj-ils.com\/wp-content\/uploads\/2023\/11\/Final-Pro-Mobile-Awards-logo-150x150.png\" alt=\"\" width=\"75\" height=\"75\" \/><\/p>\n","protected":false},"excerpt":{"rendered":"<p>Le futur de la synchronisation facile est l\u00e0 ! Avec GigBAR Move + ILS. Cette nouveaut\u00e9 de la famille GigBAR contr\u00f4le le syst\u00e8me ILS*, la technologie dynamique qui vous permet de cr\u00e9er des tableaux lumineux sur de nombreux luminaires de fa\u00e7on, en simultan\u00e9. GigBAR Move + ILS peut piloter tout projecteur avec la fonction ILS, [&hellip;]<\/p>\n","protected":false},"featured_media":4848,"comment_status":"open","ping_status":"closed","template":"","meta":[],"product_cat":[58],"product_tag":[85,88,76,82],"class_list":{"0":"post-2422","1":"product","2":"type-product","3":"status-publish","4":"has-post-thumbnail","6":"product_cat-ils-fr","7":"product_tag-fx-fr","8":"product_tag-lasers-fr","9":"product_tag-leaders-fr","10":"product_tag-lumieres-wash-fr","12":"first","13":"instock","14":"product-type-simple"},"acf":[],"yoast_head":"<!-- This site is optimized with the Yoast SEO plugin v27.1.1 - https:\/\/yoast.com\/product\/yoast-seo-wordpress\/ -->\n<title>GigBAR Move + ILS - CHAUVET DJ | Instant Light Shows<\/title>\n<meta name=\"robots\" content=\"index, follow, max-snippet:-1, max-image-preview:large, max-video-preview:-1\" \/>\n<link rel=\"canonical\" href=\"https:\/\/chauvetdj-ils.com\/fr\/produit\/gigbar-move-ils\/\" \/>\n<meta property=\"og:locale\" content=\"fr_FR\" \/>\n<meta property=\"og:type\" content=\"article\" \/>\n<meta property=\"og:title\" content=\"GigBAR Move + ILS - CHAUVET DJ | Instant Light Shows\" \/>\n<meta property=\"og:description\" content=\"Le futur de la synchronisation facile est l\u00e0 ! Avec GigBAR Move + ILS. Cette nouveaut\u00e9 de la famille GigBAR contr\u00f4le le syst\u00e8me ILS*, la technologie dynamique qui vous permet de cr\u00e9er des tableaux lumineux sur de nombreux luminaires de fa\u00e7on, en simultan\u00e9. GigBAR Move + ILS peut piloter tout projecteur avec la fonction ILS, [&hellip;]\" \/>\n<meta property=\"og:url\" content=\"https:\/\/chauvetdj-ils.com\/fr\/produit\/gigbar-move-ils\/\" \/>\n<meta property=\"og:site_name\" content=\"CHAUVET DJ | Instant Light Shows\" \/>\n<meta property=\"article:modified_time\" content=\"2024-06-24T17:15:29+00:00\" \/>\n<meta property=\"og:image\" content=\"https:\/\/chauvetdj-ils.com\/wp-content\/uploads\/2022\/05\/GigBAR-Move-ILS.png\" \/>\n\t<meta property=\"og:image:width\" content=\"800\" \/>\n\t<meta property=\"og:image:height\" content=\"800\" \/>\n\t<meta property=\"og:image:type\" content=\"image\/png\" \/>\n<meta name=\"twitter:card\" content=\"summary_large_image\" \/>\n<meta name=\"twitter:label1\" content=\"Est. reading time\" \/>\n\t<meta name=\"twitter:data1\" content=\"1 minute\" \/>\n<script type=\"application\/ld+json\" class=\"yoast-schema-graph\">{\"@context\":\"https:\/\/schema.org\",\"@graph\":[{\"@type\":\"WebPage\",\"@id\":\"https:\/\/chauvetdj-ils.com\/fr\/produit\/gigbar-move-ils\/\",\"url\":\"https:\/\/chauvetdj-ils.com\/fr\/produit\/gigbar-move-ils\/\",\"name\":\"GigBAR Move + ILS - CHAUVET DJ | Instant Light Shows\",\"isPartOf\":{\"@id\":\"https:\/\/chauvetdj-ils.com\/#website\"},\"primaryImageOfPage\":{\"@id\":\"https:\/\/chauvetdj-ils.com\/fr\/produit\/gigbar-move-ils\/#primaryimage\"},\"image\":{\"@id\":\"https:\/\/chauvetdj-ils.com\/fr\/produit\/gigbar-move-ils\/#primaryimage\"},\"thumbnailUrl\":\"https:\/\/chauvetdj-ils.com\/wp-content\/uploads\/2022\/05\/GigBAR-Move-ILS.png\",\"datePublished\":\"2022-05-31T13:10:53+00:00\",\"dateModified\":\"2024-06-24T17:15:29+00:00\",\"breadcrumb\":{\"@id\":\"https:\/\/chauvetdj-ils.com\/fr\/produit\/gigbar-move-ils\/#breadcrumb\"},\"inLanguage\":\"fr-FR\",\"potentialAction\":[{\"@type\":\"ReadAction\",\"target\":[\"https:\/\/chauvetdj-ils.com\/fr\/produit\/gigbar-move-ils\/\"]}]},{\"@type\":\"ImageObject\",\"inLanguage\":\"fr-FR\",\"@id\":\"https:\/\/chauvetdj-ils.com\/fr\/produit\/gigbar-move-ils\/#primaryimage\",\"url\":\"https:\/\/chauvetdj-ils.com\/wp-content\/uploads\/2022\/05\/GigBAR-Move-ILS.png\",\"contentUrl\":\"https:\/\/chauvetdj-ils.com\/wp-content\/uploads\/2022\/05\/GigBAR-Move-ILS.png\",\"width\":800,\"height\":800},{\"@type\":\"BreadcrumbList\",\"@id\":\"https:\/\/chauvetdj-ils.com\/fr\/produit\/gigbar-move-ils\/#breadcrumb\",\"itemListElement\":[{\"@type\":\"ListItem\",\"position\":1,\"name\":\"Home\",\"item\":\"https:\/\/chauvetdj-ils.com\/fr\/\"},{\"@type\":\"ListItem\",\"position\":2,\"name\":\"Home\",\"item\":\"https:\/\/chauvetdj-ils.com\/fr\/\"},{\"@type\":\"ListItem\",\"position\":3,\"name\":\"GigBAR Move + ILS\"}]},{\"@type\":\"WebSite\",\"@id\":\"https:\/\/chauvetdj-ils.com\/#website\",\"url\":\"https:\/\/chauvetdj-ils.com\/\",\"name\":\"CHAUVET DJ | Instant Light Shows\",\"description\":\"\",\"publisher\":{\"@id\":\"https:\/\/chauvetdj-ils.com\/#organization\"},\"potentialAction\":[{\"@type\":\"SearchAction\",\"target\":{\"@type\":\"EntryPoint\",\"urlTemplate\":\"https:\/\/chauvetdj-ils.com\/?s={search_term_string}\"},\"query-input\":{\"@type\":\"PropertyValueSpecification\",\"valueRequired\":true,\"valueName\":\"search_term_string\"}}],\"inLanguage\":\"fr-FR\"},{\"@type\":\"Organization\",\"@id\":\"https:\/\/chauvetdj-ils.com\/#organization\",\"name\":\"CHAUVET DJ | Instant Light Shows\",\"url\":\"https:\/\/chauvetdj-ils.com\/\",\"logo\":{\"@type\":\"ImageObject\",\"inLanguage\":\"fr-FR\",\"@id\":\"https:\/\/chauvetdj-ils.com\/#\/schema\/logo\/image\/\",\"url\":\"https:\/\/chauvetdj-ils.com\/wp-content\/uploads\/2023\/11\/dj-logo.png\",\"contentUrl\":\"https:\/\/chauvetdj-ils.com\/wp-content\/uploads\/2023\/11\/dj-logo.png\",\"width\":253,\"height\":100,\"caption\":\"CHAUVET DJ | Instant Light Shows\"},\"image\":{\"@id\":\"https:\/\/chauvetdj-ils.com\/#\/schema\/logo\/image\/\"}}]}<\/script>\n<!-- \/ Yoast SEO plugin. -->","yoast_head_json":{"title":"GigBAR Move + ILS - CHAUVET DJ | Instant Light Shows","robots":{"index":"index","follow":"follow","max-snippet":"max-snippet:-1","max-image-preview":"max-image-preview:large","max-video-preview":"max-video-preview:-1"},"canonical":"https:\/\/chauvetdj-ils.com\/fr\/produit\/gigbar-move-ils\/","og_locale":"fr_FR","og_type":"article","og_title":"GigBAR Move + ILS - CHAUVET DJ | Instant Light Shows","og_description":"Le futur de la synchronisation facile est l\u00e0 ! Avec GigBAR Move + ILS. Cette nouveaut\u00e9 de la famille GigBAR contr\u00f4le le syst\u00e8me ILS*, la technologie dynamique qui vous permet de cr\u00e9er des tableaux lumineux sur de nombreux luminaires de fa\u00e7on, en simultan\u00e9. GigBAR Move + ILS peut piloter tout projecteur avec la fonction ILS, [&hellip;]","og_url":"https:\/\/chauvetdj-ils.com\/fr\/produit\/gigbar-move-ils\/","og_site_name":"CHAUVET DJ | Instant Light Shows","article_modified_time":"2024-06-24T17:15:29+00:00","og_image":[{"width":800,"height":800,"url":"https:\/\/chauvetdj-ils.com\/wp-content\/uploads\/2022\/05\/GigBAR-Move-ILS.png","type":"image\/png"}],"twitter_card":"summary_large_image","twitter_misc":{"Est. reading time":"1 minute"},"schema":{"@context":"https:\/\/schema.org","@graph":[{"@type":"WebPage","@id":"https:\/\/chauvetdj-ils.com\/fr\/produit\/gigbar-move-ils\/","url":"https:\/\/chauvetdj-ils.com\/fr\/produit\/gigbar-move-ils\/","name":"GigBAR Move + ILS - CHAUVET DJ | Instant Light Shows","isPartOf":{"@id":"https:\/\/chauvetdj-ils.com\/#website"},"primaryImageOfPage":{"@id":"https:\/\/chauvetdj-ils.com\/fr\/produit\/gigbar-move-ils\/#primaryimage"},"image":{"@id":"https:\/\/chauvetdj-ils.com\/fr\/produit\/gigbar-move-ils\/#primaryimage"},"thumbnailUrl":"https:\/\/chauvetdj-ils.com\/wp-content\/uploads\/2022\/05\/GigBAR-Move-ILS.png","datePublished":"2022-05-31T13:10:53+00:00","dateModified":"2024-06-24T17:15:29+00:00","breadcrumb":{"@id":"https:\/\/chauvetdj-ils.com\/fr\/produit\/gigbar-move-ils\/#breadcrumb"},"inLanguage":"fr-FR","potentialAction":[{"@type":"ReadAction","target":["https:\/\/chauvetdj-ils.com\/fr\/produit\/gigbar-move-ils\/"]}]},{"@type":"ImageObject","inLanguage":"fr-FR","@id":"https:\/\/chauvetdj-ils.com\/fr\/produit\/gigbar-move-ils\/#primaryimage","url":"https:\/\/chauvetdj-ils.com\/wp-content\/uploads\/2022\/05\/GigBAR-Move-ILS.png","contentUrl":"https:\/\/chauvetdj-ils.com\/wp-content\/uploads\/2022\/05\/GigBAR-Move-ILS.png","width":800,"height":800},{"@type":"BreadcrumbList","@id":"https:\/\/chauvetdj-ils.com\/fr\/produit\/gigbar-move-ils\/#breadcrumb","itemListElement":[{"@type":"ListItem","position":1,"name":"Home","item":"https:\/\/chauvetdj-ils.com\/fr\/"},{"@type":"ListItem","position":2,"name":"Home","item":"https:\/\/chauvetdj-ils.com\/fr\/"},{"@type":"ListItem","position":3,"name":"GigBAR Move + ILS"}]},{"@type":"WebSite","@id":"https:\/\/chauvetdj-ils.com\/#website","url":"https:\/\/chauvetdj-ils.com\/","name":"CHAUVET DJ | Instant Light Shows","description":"","publisher":{"@id":"https:\/\/chauvetdj-ils.com\/#organization"},"potentialAction":[{"@type":"SearchAction","target":{"@type":"EntryPoint","urlTemplate":"https:\/\/chauvetdj-ils.com\/?s={search_term_string}"},"query-input":{"@type":"PropertyValueSpecification","valueRequired":true,"valueName":"search_term_string"}}],"inLanguage":"fr-FR"},{"@type":"Organization","@id":"https:\/\/chauvetdj-ils.com\/#organization","name":"CHAUVET DJ | Instant Light Shows","url":"https:\/\/chauvetdj-ils.com\/","logo":{"@type":"ImageObject","inLanguage":"fr-FR","@id":"https:\/\/chauvetdj-ils.com\/#\/schema\/logo\/image\/","url":"https:\/\/chauvetdj-ils.com\/wp-content\/uploads\/2023\/11\/dj-logo.png","contentUrl":"https:\/\/chauvetdj-ils.com\/wp-content\/uploads\/2023\/11\/dj-logo.png","width":253,"height":100,"caption":"CHAUVET DJ | Instant Light Shows"},"image":{"@id":"https:\/\/chauvetdj-ils.com\/#\/schema\/logo\/image\/"}}]}},"_links":{"self":[{"href":"https:\/\/chauvetdj-ils.com\/fr\/wp-json\/wp\/v2\/product\/2422","targetHints":{"allow":["GET"]}}],"collection":[{"href":"https:\/\/chauvetdj-ils.com\/fr\/wp-json\/wp\/v2\/product"}],"about":[{"href":"https:\/\/chauvetdj-ils.com\/fr\/wp-json\/wp\/v2\/types\/product"}],"replies":[{"embeddable":true,"href":"https:\/\/chauvetdj-ils.com\/fr\/wp-json\/wp\/v2\/comments?post=2422"}],"wp:featuredmedia":[{"embeddable":true,"href":"https:\/\/chauvetdj-ils.com\/fr\/wp-json\/wp\/v2\/media\/4848"}],"wp:attachment":[{"href":"https:\/\/chauvetdj-ils.com\/fr\/wp-json\/wp\/v2\/media?parent=2422"}],"wp:term":[{"taxonomy":"product_cat","embeddable":true,"href":"https:\/\/chauvetdj-ils.com\/fr\/wp-json\/wp\/v2\/product_cat?post=2422"},{"taxonomy":"product_tag","embeddable":true,"href":"https:\/\/chauvetdj-ils.com\/fr\/wp-json\/wp\/v2\/product_tag?post=2422"}],"curies":[{"name":"wp","href":"https:\/\/api.w.org\/{rel}","templated":true}]}}