{"id":3799,"date":"2024-01-11T20:43:49","date_gmt":"2024-01-11T20:43:49","guid":{"rendered":"http:\/\/chauvetdj-ils.com\/?post_type=product&#038;p=3799"},"modified":"2024-04-25T16:18:51","modified_gmt":"2024-04-25T16:18:51","slug":"ils-command","status":"publish","type":"product","link":"https:\/\/chauvetdj-ils.com\/fr\/produit\/ils-command\/","title":{"rendered":"ILS Command"},"content":{"rendered":"<p>Illuminez la nuit sans y passer toute la journ\u00e9e avec ILS : cr\u00e9ez des shows lumi\u00e8re synchronis\u00e9s entre diff\u00e9rents types d\u2019appareils, rapidement et facilement, sans DMX. L\u2019univers ILS est d\u00e9sormais \u00e0 votre port\u00e9e gr\u00e2ce \u00e0 l\u2019ILS Command, un puissant contr\u00f4leur capable de programmer n\u2019importe quel produit compatible ILS. Ce contr\u00f4leur poss\u00e8de un \u00e9metteur D-Fi int\u00e9gr\u00e9 qui pilote sans fil un nombre illimit\u00e9 d\u2019appareils compatibles ILS. Profitez d\u2019une cr\u00e9ativit\u00e9 illimit\u00e9e en personnalisant, sauvegardant et rappelant vos pr\u00e9sets, m\u00eame dans les environnements sombres : les boutons en silicone sont r\u00e9tro\u00e9clair\u00e9s et fournissent \u00e9galement une r\u00e9ponse tactile. 9 boutons d\u2019acc\u00e8s rapide aux couleurs permettent de modifier manuellement le spectacle \u00e0 la vol\u00e9e. Mettez en valeur les grandes entr\u00e9es avec le mode \u00ab Follow Spot \u00bb innovant, sans interrompre le reste du spectacle. Avec le connecteur audio int\u00e9gr\u00e9, votre d\u00e9clenchement des s\u00e9quences lumineuses est plus pr\u00e9cis et s\u2019adapte au rythme de la musique ! Transportez le contr\u00f4leur en toute s\u00e9curit\u00e9 dans sa mallette de transport incluse.<\/p>\n","protected":false},"excerpt":{"rendered":"<p>Illuminez la nuit sans y passer toute la journ\u00e9e avec ILS : cr\u00e9ez des shows lumi\u00e8re synchronis\u00e9s entre diff\u00e9rents types d\u2019appareils, rapidement et facilement, sans DMX. L\u2019univers ILS est d\u00e9sormais \u00e0 votre port\u00e9e gr\u00e2ce \u00e0 l\u2019ILS Command, un puissant contr\u00f4leur capable de programmer n\u2019importe quel produit compatible ILS. Ce contr\u00f4leur poss\u00e8de un \u00e9metteur D-Fi int\u00e9gr\u00e9 [&hellip;]<\/p>\n","protected":false},"featured_media":4307,"comment_status":"open","ping_status":"closed","template":"","meta":[],"product_cat":[58],"product_tag":[76],"class_list":{"0":"post-3799","1":"product","2":"type-product","3":"status-publish","4":"has-post-thumbnail","6":"product_cat-ils-fr","7":"product_tag-leaders-fr","9":"first","10":"instock","11":"product-type-simple"},"acf":[],"yoast_head":"<!-- This site is optimized with the Yoast SEO plugin v27.1.1 - https:\/\/yoast.com\/product\/yoast-seo-wordpress\/ -->\n<title>ILS Command - CHAUVET DJ | Instant Light Shows<\/title>\n<meta name=\"robots\" content=\"index, follow, max-snippet:-1, max-image-preview:large, max-video-preview:-1\" \/>\n<link rel=\"canonical\" href=\"https:\/\/chauvetdj-ils.com\/fr\/produit\/ils-command\/\" \/>\n<meta property=\"og:locale\" content=\"fr_FR\" \/>\n<meta property=\"og:type\" content=\"article\" \/>\n<meta property=\"og:title\" content=\"ILS Command - CHAUVET DJ | Instant Light Shows\" \/>\n<meta property=\"og:description\" content=\"Illuminez la nuit sans y passer toute la journ\u00e9e avec ILS : cr\u00e9ez des shows lumi\u00e8re synchronis\u00e9s entre diff\u00e9rents types d\u2019appareils, rapidement et facilement, sans DMX. L\u2019univers ILS est d\u00e9sormais \u00e0 votre port\u00e9e gr\u00e2ce \u00e0 l\u2019ILS Command, un puissant contr\u00f4leur capable de programmer n\u2019importe quel produit compatible ILS. Ce contr\u00f4leur poss\u00e8de un \u00e9metteur D-Fi int\u00e9gr\u00e9 [&hellip;]\" \/>\n<meta property=\"og:url\" content=\"https:\/\/chauvetdj-ils.com\/fr\/produit\/ils-command\/\" \/>\n<meta property=\"og:site_name\" content=\"CHAUVET DJ | Instant Light Shows\" \/>\n<meta property=\"article:modified_time\" content=\"2024-04-25T16:18:51+00:00\" \/>\n<meta property=\"og:image\" content=\"https:\/\/chauvetdj-ils.com\/wp-content\/uploads\/2024\/01\/ILS-COMMAND-FRONT-OFF-1.png\" \/>\n\t<meta property=\"og:image:width\" content=\"800\" \/>\n\t<meta property=\"og:image:height\" content=\"800\" \/>\n\t<meta property=\"og:image:type\" content=\"image\/png\" \/>\n<meta name=\"twitter:card\" content=\"summary_large_image\" \/>\n<meta name=\"twitter:label1\" content=\"Est. reading time\" \/>\n\t<meta name=\"twitter:data1\" content=\"1 minute\" \/>\n<script type=\"application\/ld+json\" class=\"yoast-schema-graph\">{\"@context\":\"https:\/\/schema.org\",\"@graph\":[{\"@type\":\"WebPage\",\"@id\":\"https:\/\/chauvetdj-ils.com\/fr\/produit\/ils-command\/\",\"url\":\"https:\/\/chauvetdj-ils.com\/fr\/produit\/ils-command\/\",\"name\":\"ILS Command - CHAUVET DJ | Instant Light Shows\",\"isPartOf\":{\"@id\":\"https:\/\/chauvetdj-ils.com\/#website\"},\"primaryImageOfPage\":{\"@id\":\"https:\/\/chauvetdj-ils.com\/fr\/produit\/ils-command\/#primaryimage\"},\"image\":{\"@id\":\"https:\/\/chauvetdj-ils.com\/fr\/produit\/ils-command\/#primaryimage\"},\"thumbnailUrl\":\"https:\/\/chauvetdj-ils.com\/wp-content\/uploads\/2024\/01\/ILS-COMMAND-FRONT-OFF-1.png\",\"datePublished\":\"2024-01-11T20:43:49+00:00\",\"dateModified\":\"2024-04-25T16:18:51+00:00\",\"breadcrumb\":{\"@id\":\"https:\/\/chauvetdj-ils.com\/fr\/produit\/ils-command\/#breadcrumb\"},\"inLanguage\":\"fr-FR\",\"potentialAction\":[{\"@type\":\"ReadAction\",\"target\":[\"https:\/\/chauvetdj-ils.com\/fr\/produit\/ils-command\/\"]}]},{\"@type\":\"ImageObject\",\"inLanguage\":\"fr-FR\",\"@id\":\"https:\/\/chauvetdj-ils.com\/fr\/produit\/ils-command\/#primaryimage\",\"url\":\"https:\/\/chauvetdj-ils.com\/wp-content\/uploads\/2024\/01\/ILS-COMMAND-FRONT-OFF-1.png\",\"contentUrl\":\"https:\/\/chauvetdj-ils.com\/wp-content\/uploads\/2024\/01\/ILS-COMMAND-FRONT-OFF-1.png\",\"width\":800,\"height\":800},{\"@type\":\"BreadcrumbList\",\"@id\":\"https:\/\/chauvetdj-ils.com\/fr\/produit\/ils-command\/#breadcrumb\",\"itemListElement\":[{\"@type\":\"ListItem\",\"position\":1,\"name\":\"Home\",\"item\":\"https:\/\/chauvetdj-ils.com\/fr\/\"},{\"@type\":\"ListItem\",\"position\":2,\"name\":\"Home\",\"item\":\"https:\/\/chauvetdj-ils.com\/fr\/\"},{\"@type\":\"ListItem\",\"position\":3,\"name\":\"ILS Command\"}]},{\"@type\":\"WebSite\",\"@id\":\"https:\/\/chauvetdj-ils.com\/#website\",\"url\":\"https:\/\/chauvetdj-ils.com\/\",\"name\":\"CHAUVET DJ | Instant Light Shows\",\"description\":\"\",\"publisher\":{\"@id\":\"https:\/\/chauvetdj-ils.com\/#organization\"},\"potentialAction\":[{\"@type\":\"SearchAction\",\"target\":{\"@type\":\"EntryPoint\",\"urlTemplate\":\"https:\/\/chauvetdj-ils.com\/?s={search_term_string}\"},\"query-input\":{\"@type\":\"PropertyValueSpecification\",\"valueRequired\":true,\"valueName\":\"search_term_string\"}}],\"inLanguage\":\"fr-FR\"},{\"@type\":\"Organization\",\"@id\":\"https:\/\/chauvetdj-ils.com\/#organization\",\"name\":\"CHAUVET DJ | Instant Light Shows\",\"url\":\"https:\/\/chauvetdj-ils.com\/\",\"logo\":{\"@type\":\"ImageObject\",\"inLanguage\":\"fr-FR\",\"@id\":\"https:\/\/chauvetdj-ils.com\/#\/schema\/logo\/image\/\",\"url\":\"https:\/\/chauvetdj-ils.com\/wp-content\/uploads\/2023\/11\/dj-logo.png\",\"contentUrl\":\"https:\/\/chauvetdj-ils.com\/wp-content\/uploads\/2023\/11\/dj-logo.png\",\"width\":253,\"height\":100,\"caption\":\"CHAUVET DJ | Instant Light Shows\"},\"image\":{\"@id\":\"https:\/\/chauvetdj-ils.com\/#\/schema\/logo\/image\/\"}}]}<\/script>\n<!-- \/ Yoast SEO plugin. -->","yoast_head_json":{"title":"ILS Command - CHAUVET DJ | Instant Light Shows","robots":{"index":"index","follow":"follow","max-snippet":"max-snippet:-1","max-image-preview":"max-image-preview:large","max-video-preview":"max-video-preview:-1"},"canonical":"https:\/\/chauvetdj-ils.com\/fr\/produit\/ils-command\/","og_locale":"fr_FR","og_type":"article","og_title":"ILS Command - CHAUVET DJ | Instant Light Shows","og_description":"Illuminez la nuit sans y passer toute la journ\u00e9e avec ILS : cr\u00e9ez des shows lumi\u00e8re synchronis\u00e9s entre diff\u00e9rents types d\u2019appareils, rapidement et facilement, sans DMX. L\u2019univers ILS est d\u00e9sormais \u00e0 votre port\u00e9e gr\u00e2ce \u00e0 l\u2019ILS Command, un puissant contr\u00f4leur capable de programmer n\u2019importe quel produit compatible ILS. Ce contr\u00f4leur poss\u00e8de un \u00e9metteur D-Fi int\u00e9gr\u00e9 [&hellip;]","og_url":"https:\/\/chauvetdj-ils.com\/fr\/produit\/ils-command\/","og_site_name":"CHAUVET DJ | Instant Light Shows","article_modified_time":"2024-04-25T16:18:51+00:00","og_image":[{"width":800,"height":800,"url":"https:\/\/chauvetdj-ils.com\/wp-content\/uploads\/2024\/01\/ILS-COMMAND-FRONT-OFF-1.png","type":"image\/png"}],"twitter_card":"summary_large_image","twitter_misc":{"Est. reading time":"1 minute"},"schema":{"@context":"https:\/\/schema.org","@graph":[{"@type":"WebPage","@id":"https:\/\/chauvetdj-ils.com\/fr\/produit\/ils-command\/","url":"https:\/\/chauvetdj-ils.com\/fr\/produit\/ils-command\/","name":"ILS Command - CHAUVET DJ | Instant Light Shows","isPartOf":{"@id":"https:\/\/chauvetdj-ils.com\/#website"},"primaryImageOfPage":{"@id":"https:\/\/chauvetdj-ils.com\/fr\/produit\/ils-command\/#primaryimage"},"image":{"@id":"https:\/\/chauvetdj-ils.com\/fr\/produit\/ils-command\/#primaryimage"},"thumbnailUrl":"https:\/\/chauvetdj-ils.com\/wp-content\/uploads\/2024\/01\/ILS-COMMAND-FRONT-OFF-1.png","datePublished":"2024-01-11T20:43:49+00:00","dateModified":"2024-04-25T16:18:51+00:00","breadcrumb":{"@id":"https:\/\/chauvetdj-ils.com\/fr\/produit\/ils-command\/#breadcrumb"},"inLanguage":"fr-FR","potentialAction":[{"@type":"ReadAction","target":["https:\/\/chauvetdj-ils.com\/fr\/produit\/ils-command\/"]}]},{"@type":"ImageObject","inLanguage":"fr-FR","@id":"https:\/\/chauvetdj-ils.com\/fr\/produit\/ils-command\/#primaryimage","url":"https:\/\/chauvetdj-ils.com\/wp-content\/uploads\/2024\/01\/ILS-COMMAND-FRONT-OFF-1.png","contentUrl":"https:\/\/chauvetdj-ils.com\/wp-content\/uploads\/2024\/01\/ILS-COMMAND-FRONT-OFF-1.png","width":800,"height":800},{"@type":"BreadcrumbList","@id":"https:\/\/chauvetdj-ils.com\/fr\/produit\/ils-command\/#breadcrumb","itemListElement":[{"@type":"ListItem","position":1,"name":"Home","item":"https:\/\/chauvetdj-ils.com\/fr\/"},{"@type":"ListItem","position":2,"name":"Home","item":"https:\/\/chauvetdj-ils.com\/fr\/"},{"@type":"ListItem","position":3,"name":"ILS Command"}]},{"@type":"WebSite","@id":"https:\/\/chauvetdj-ils.com\/#website","url":"https:\/\/chauvetdj-ils.com\/","name":"CHAUVET DJ | Instant Light Shows","description":"","publisher":{"@id":"https:\/\/chauvetdj-ils.com\/#organization"},"potentialAction":[{"@type":"SearchAction","target":{"@type":"EntryPoint","urlTemplate":"https:\/\/chauvetdj-ils.com\/?s={search_term_string}"},"query-input":{"@type":"PropertyValueSpecification","valueRequired":true,"valueName":"search_term_string"}}],"inLanguage":"fr-FR"},{"@type":"Organization","@id":"https:\/\/chauvetdj-ils.com\/#organization","name":"CHAUVET DJ | Instant Light Shows","url":"https:\/\/chauvetdj-ils.com\/","logo":{"@type":"ImageObject","inLanguage":"fr-FR","@id":"https:\/\/chauvetdj-ils.com\/#\/schema\/logo\/image\/","url":"https:\/\/chauvetdj-ils.com\/wp-content\/uploads\/2023\/11\/dj-logo.png","contentUrl":"https:\/\/chauvetdj-ils.com\/wp-content\/uploads\/2023\/11\/dj-logo.png","width":253,"height":100,"caption":"CHAUVET DJ | Instant Light Shows"},"image":{"@id":"https:\/\/chauvetdj-ils.com\/#\/schema\/logo\/image\/"}}]}},"_links":{"self":[{"href":"https:\/\/chauvetdj-ils.com\/fr\/wp-json\/wp\/v2\/product\/3799","targetHints":{"allow":["GET"]}}],"collection":[{"href":"https:\/\/chauvetdj-ils.com\/fr\/wp-json\/wp\/v2\/product"}],"about":[{"href":"https:\/\/chauvetdj-ils.com\/fr\/wp-json\/wp\/v2\/types\/product"}],"replies":[{"embeddable":true,"href":"https:\/\/chauvetdj-ils.com\/fr\/wp-json\/wp\/v2\/comments?post=3799"}],"wp:featuredmedia":[{"embeddable":true,"href":"https:\/\/chauvetdj-ils.com\/fr\/wp-json\/wp\/v2\/media\/4307"}],"wp:attachment":[{"href":"https:\/\/chauvetdj-ils.com\/fr\/wp-json\/wp\/v2\/media?parent=3799"}],"wp:term":[{"taxonomy":"product_cat","embeddable":true,"href":"https:\/\/chauvetdj-ils.com\/fr\/wp-json\/wp\/v2\/product_cat?post=3799"},{"taxonomy":"product_tag","embeddable":true,"href":"https:\/\/chauvetdj-ils.com\/fr\/wp-json\/wp\/v2\/product_tag?post=3799"}],"curies":[{"name":"wp","href":"https:\/\/api.w.org\/{rel}","templated":true}]}}