{"id":3873,"date":"2024-01-17T22:10:12","date_gmt":"2024-01-17T22:10:12","guid":{"rendered":"http:\/\/chauvetdj-ils.com\/product\/intimidator-free-spot-60-ils\/"},"modified":"2024-04-11T14:56:18","modified_gmt":"2024-04-11T14:56:18","slug":"intimidator-free-spot-60-ils","status":"publish","type":"product","link":"https:\/\/chauvetdj-ils.com\/fr\/produit\/intimidator-free-spot-60-ils\/","title":{"rendered":"Intimidator Free Spot 60 ILS"},"content":{"rendered":"<p>Projecteur 100% sans fil, 100% libre, sur batterie avec ILS \/ Dfi \/ RF int\u00e9gr\u00e9.<br \/>\nLa batterie s\u2019adapte \u00e0 la dur\u00e9e de votre \u00e9v\u00e9nement : choisissez l\u2019autonomie d\u00e9sir\u00e9e dans les presets de l\u2019appareil.<br \/>\nAvec la mise au point motoris\u00e9e, projetez des gobos nets \u00e0 presque n\u2019importe quelle distance. Couvrez une plus grande surface sur le dancefloor en utilisant son prisme \u00e0 trois faces. Prolongez la dur\u00e9e de vie du projecteur gr\u00e2ce \u00e0 la protection contre la charge et la d\u00e9charge int\u00e9gr\u00e9e. Et avec sa position Home, les faisceaux restent orient\u00e9s l\u00e0 o\u00f9 il faut.<br \/>\nIntimidator Free Spot 60 ILS. Intimidator. Freedom. Puissant.<\/p>\n","protected":false},"excerpt":{"rendered":"<p>Projecteur 100% sans fil, 100% libre, sur batterie avec ILS \/ Dfi \/ RF int\u00e9gr\u00e9. La batterie s\u2019adapte \u00e0 la dur\u00e9e de votre \u00e9v\u00e9nement : choisissez l\u2019autonomie d\u00e9sir\u00e9e dans les presets de l\u2019appareil. Avec la mise au point motoris\u00e9e, projetez des gobos nets \u00e0 presque n\u2019importe quelle distance. Couvrez une plus grande surface sur le [&hellip;]<\/p>\n","protected":false},"featured_media":4296,"comment_status":"open","ping_status":"closed","template":"","meta":[],"product_cat":[58,103],"product_tag":[66],"class_list":{"0":"post-3873","1":"product","2":"type-product","3":"status-publish","4":"has-post-thumbnail","6":"product_cat-ils-fr","7":"product_cat-nouveau","8":"product_tag-lyres-asservies-fr","10":"first","11":"instock","12":"shipping-taxable","13":"product-type-simple"},"acf":[],"yoast_head":"<!-- This site is optimized with the Yoast SEO plugin v27.1.1 - https:\/\/yoast.com\/product\/yoast-seo-wordpress\/ -->\n<title>Intimidator Free Spot 60 ILS - CHAUVET DJ | Instant Light Shows<\/title>\n<meta name=\"robots\" content=\"index, follow, max-snippet:-1, max-image-preview:large, max-video-preview:-1\" \/>\n<link rel=\"canonical\" href=\"https:\/\/chauvetdj-ils.com\/fr\/produit\/intimidator-free-spot-60-ils\/\" \/>\n<meta property=\"og:locale\" content=\"fr_FR\" \/>\n<meta property=\"og:type\" content=\"article\" \/>\n<meta property=\"og:title\" content=\"Intimidator Free Spot 60 ILS - CHAUVET DJ | Instant Light Shows\" \/>\n<meta property=\"og:description\" content=\"Projecteur 100% sans fil, 100% libre, sur batterie avec ILS \/ Dfi \/ RF int\u00e9gr\u00e9. La batterie s\u2019adapte \u00e0 la dur\u00e9e de votre \u00e9v\u00e9nement : choisissez l\u2019autonomie d\u00e9sir\u00e9e dans les presets de l\u2019appareil. Avec la mise au point motoris\u00e9e, projetez des gobos nets \u00e0 presque n\u2019importe quelle distance. Couvrez une plus grande surface sur le [&hellip;]\" \/>\n<meta property=\"og:url\" content=\"https:\/\/chauvetdj-ils.com\/fr\/produit\/intimidator-free-spot-60-ils\/\" \/>\n<meta property=\"og:site_name\" content=\"CHAUVET DJ | Instant Light Shows\" \/>\n<meta property=\"article:modified_time\" content=\"2024-04-11T14:56:18+00:00\" \/>\n<meta property=\"og:image\" content=\"https:\/\/chauvetdj-ils.com\/wp-content\/uploads\/2024\/01\/INTIMIDATOR-FREE-SPOT-60-ILS-FRONT-OFF.png\" \/>\n\t<meta property=\"og:image:width\" content=\"800\" \/>\n\t<meta property=\"og:image:height\" content=\"800\" \/>\n\t<meta property=\"og:image:type\" content=\"image\/png\" \/>\n<meta name=\"twitter:card\" content=\"summary_large_image\" \/>\n<meta name=\"twitter:label1\" content=\"Est. reading time\" \/>\n\t<meta name=\"twitter:data1\" content=\"1 minute\" \/>\n<script type=\"application\/ld+json\" class=\"yoast-schema-graph\">{\"@context\":\"https:\/\/schema.org\",\"@graph\":[{\"@type\":\"WebPage\",\"@id\":\"https:\/\/chauvetdj-ils.com\/fr\/produit\/intimidator-free-spot-60-ils\/\",\"url\":\"https:\/\/chauvetdj-ils.com\/fr\/produit\/intimidator-free-spot-60-ils\/\",\"name\":\"Intimidator Free Spot 60 ILS - CHAUVET DJ | Instant Light Shows\",\"isPartOf\":{\"@id\":\"https:\/\/chauvetdj-ils.com\/#website\"},\"primaryImageOfPage\":{\"@id\":\"https:\/\/chauvetdj-ils.com\/fr\/produit\/intimidator-free-spot-60-ils\/#primaryimage\"},\"image\":{\"@id\":\"https:\/\/chauvetdj-ils.com\/fr\/produit\/intimidator-free-spot-60-ils\/#primaryimage\"},\"thumbnailUrl\":\"https:\/\/chauvetdj-ils.com\/wp-content\/uploads\/2024\/01\/INTIMIDATOR-FREE-SPOT-60-ILS-FRONT-OFF.png\",\"datePublished\":\"2024-01-17T22:10:12+00:00\",\"dateModified\":\"2024-04-11T14:56:18+00:00\",\"breadcrumb\":{\"@id\":\"https:\/\/chauvetdj-ils.com\/fr\/produit\/intimidator-free-spot-60-ils\/#breadcrumb\"},\"inLanguage\":\"fr-FR\",\"potentialAction\":[{\"@type\":\"ReadAction\",\"target\":[\"https:\/\/chauvetdj-ils.com\/fr\/produit\/intimidator-free-spot-60-ils\/\"]}]},{\"@type\":\"ImageObject\",\"inLanguage\":\"fr-FR\",\"@id\":\"https:\/\/chauvetdj-ils.com\/fr\/produit\/intimidator-free-spot-60-ils\/#primaryimage\",\"url\":\"https:\/\/chauvetdj-ils.com\/wp-content\/uploads\/2024\/01\/INTIMIDATOR-FREE-SPOT-60-ILS-FRONT-OFF.png\",\"contentUrl\":\"https:\/\/chauvetdj-ils.com\/wp-content\/uploads\/2024\/01\/INTIMIDATOR-FREE-SPOT-60-ILS-FRONT-OFF.png\",\"width\":800,\"height\":800},{\"@type\":\"BreadcrumbList\",\"@id\":\"https:\/\/chauvetdj-ils.com\/fr\/produit\/intimidator-free-spot-60-ils\/#breadcrumb\",\"itemListElement\":[{\"@type\":\"ListItem\",\"position\":1,\"name\":\"Home\",\"item\":\"https:\/\/chauvetdj-ils.com\/fr\/\"},{\"@type\":\"ListItem\",\"position\":2,\"name\":\"Home\",\"item\":\"https:\/\/chauvetdj-ils.com\/fr\/\"},{\"@type\":\"ListItem\",\"position\":3,\"name\":\"Intimidator Free Spot 60 ILS\"}]},{\"@type\":\"WebSite\",\"@id\":\"https:\/\/chauvetdj-ils.com\/#website\",\"url\":\"https:\/\/chauvetdj-ils.com\/\",\"name\":\"CHAUVET DJ | Instant Light Shows\",\"description\":\"\",\"publisher\":{\"@id\":\"https:\/\/chauvetdj-ils.com\/#organization\"},\"potentialAction\":[{\"@type\":\"SearchAction\",\"target\":{\"@type\":\"EntryPoint\",\"urlTemplate\":\"https:\/\/chauvetdj-ils.com\/?s={search_term_string}\"},\"query-input\":{\"@type\":\"PropertyValueSpecification\",\"valueRequired\":true,\"valueName\":\"search_term_string\"}}],\"inLanguage\":\"fr-FR\"},{\"@type\":\"Organization\",\"@id\":\"https:\/\/chauvetdj-ils.com\/#organization\",\"name\":\"CHAUVET DJ | Instant Light Shows\",\"url\":\"https:\/\/chauvetdj-ils.com\/\",\"logo\":{\"@type\":\"ImageObject\",\"inLanguage\":\"fr-FR\",\"@id\":\"https:\/\/chauvetdj-ils.com\/#\/schema\/logo\/image\/\",\"url\":\"https:\/\/chauvetdj-ils.com\/wp-content\/uploads\/2023\/11\/dj-logo.png\",\"contentUrl\":\"https:\/\/chauvetdj-ils.com\/wp-content\/uploads\/2023\/11\/dj-logo.png\",\"width\":253,\"height\":100,\"caption\":\"CHAUVET DJ | Instant Light Shows\"},\"image\":{\"@id\":\"https:\/\/chauvetdj-ils.com\/#\/schema\/logo\/image\/\"}}]}<\/script>\n<!-- \/ Yoast SEO plugin. -->","yoast_head_json":{"title":"Intimidator Free Spot 60 ILS - CHAUVET DJ | Instant Light Shows","robots":{"index":"index","follow":"follow","max-snippet":"max-snippet:-1","max-image-preview":"max-image-preview:large","max-video-preview":"max-video-preview:-1"},"canonical":"https:\/\/chauvetdj-ils.com\/fr\/produit\/intimidator-free-spot-60-ils\/","og_locale":"fr_FR","og_type":"article","og_title":"Intimidator Free Spot 60 ILS - CHAUVET DJ | Instant Light Shows","og_description":"Projecteur 100% sans fil, 100% libre, sur batterie avec ILS \/ Dfi \/ RF int\u00e9gr\u00e9. La batterie s\u2019adapte \u00e0 la dur\u00e9e de votre \u00e9v\u00e9nement : choisissez l\u2019autonomie d\u00e9sir\u00e9e dans les presets de l\u2019appareil. Avec la mise au point motoris\u00e9e, projetez des gobos nets \u00e0 presque n\u2019importe quelle distance. Couvrez une plus grande surface sur le [&hellip;]","og_url":"https:\/\/chauvetdj-ils.com\/fr\/produit\/intimidator-free-spot-60-ils\/","og_site_name":"CHAUVET DJ | Instant Light Shows","article_modified_time":"2024-04-11T14:56:18+00:00","og_image":[{"width":800,"height":800,"url":"https:\/\/chauvetdj-ils.com\/wp-content\/uploads\/2024\/01\/INTIMIDATOR-FREE-SPOT-60-ILS-FRONT-OFF.png","type":"image\/png"}],"twitter_card":"summary_large_image","twitter_misc":{"Est. reading time":"1 minute"},"schema":{"@context":"https:\/\/schema.org","@graph":[{"@type":"WebPage","@id":"https:\/\/chauvetdj-ils.com\/fr\/produit\/intimidator-free-spot-60-ils\/","url":"https:\/\/chauvetdj-ils.com\/fr\/produit\/intimidator-free-spot-60-ils\/","name":"Intimidator Free Spot 60 ILS - CHAUVET DJ | Instant Light Shows","isPartOf":{"@id":"https:\/\/chauvetdj-ils.com\/#website"},"primaryImageOfPage":{"@id":"https:\/\/chauvetdj-ils.com\/fr\/produit\/intimidator-free-spot-60-ils\/#primaryimage"},"image":{"@id":"https:\/\/chauvetdj-ils.com\/fr\/produit\/intimidator-free-spot-60-ils\/#primaryimage"},"thumbnailUrl":"https:\/\/chauvetdj-ils.com\/wp-content\/uploads\/2024\/01\/INTIMIDATOR-FREE-SPOT-60-ILS-FRONT-OFF.png","datePublished":"2024-01-17T22:10:12+00:00","dateModified":"2024-04-11T14:56:18+00:00","breadcrumb":{"@id":"https:\/\/chauvetdj-ils.com\/fr\/produit\/intimidator-free-spot-60-ils\/#breadcrumb"},"inLanguage":"fr-FR","potentialAction":[{"@type":"ReadAction","target":["https:\/\/chauvetdj-ils.com\/fr\/produit\/intimidator-free-spot-60-ils\/"]}]},{"@type":"ImageObject","inLanguage":"fr-FR","@id":"https:\/\/chauvetdj-ils.com\/fr\/produit\/intimidator-free-spot-60-ils\/#primaryimage","url":"https:\/\/chauvetdj-ils.com\/wp-content\/uploads\/2024\/01\/INTIMIDATOR-FREE-SPOT-60-ILS-FRONT-OFF.png","contentUrl":"https:\/\/chauvetdj-ils.com\/wp-content\/uploads\/2024\/01\/INTIMIDATOR-FREE-SPOT-60-ILS-FRONT-OFF.png","width":800,"height":800},{"@type":"BreadcrumbList","@id":"https:\/\/chauvetdj-ils.com\/fr\/produit\/intimidator-free-spot-60-ils\/#breadcrumb","itemListElement":[{"@type":"ListItem","position":1,"name":"Home","item":"https:\/\/chauvetdj-ils.com\/fr\/"},{"@type":"ListItem","position":2,"name":"Home","item":"https:\/\/chauvetdj-ils.com\/fr\/"},{"@type":"ListItem","position":3,"name":"Intimidator Free Spot 60 ILS"}]},{"@type":"WebSite","@id":"https:\/\/chauvetdj-ils.com\/#website","url":"https:\/\/chauvetdj-ils.com\/","name":"CHAUVET DJ | Instant Light Shows","description":"","publisher":{"@id":"https:\/\/chauvetdj-ils.com\/#organization"},"potentialAction":[{"@type":"SearchAction","target":{"@type":"EntryPoint","urlTemplate":"https:\/\/chauvetdj-ils.com\/?s={search_term_string}"},"query-input":{"@type":"PropertyValueSpecification","valueRequired":true,"valueName":"search_term_string"}}],"inLanguage":"fr-FR"},{"@type":"Organization","@id":"https:\/\/chauvetdj-ils.com\/#organization","name":"CHAUVET DJ | Instant Light Shows","url":"https:\/\/chauvetdj-ils.com\/","logo":{"@type":"ImageObject","inLanguage":"fr-FR","@id":"https:\/\/chauvetdj-ils.com\/#\/schema\/logo\/image\/","url":"https:\/\/chauvetdj-ils.com\/wp-content\/uploads\/2023\/11\/dj-logo.png","contentUrl":"https:\/\/chauvetdj-ils.com\/wp-content\/uploads\/2023\/11\/dj-logo.png","width":253,"height":100,"caption":"CHAUVET DJ | Instant Light Shows"},"image":{"@id":"https:\/\/chauvetdj-ils.com\/#\/schema\/logo\/image\/"}}]}},"_links":{"self":[{"href":"https:\/\/chauvetdj-ils.com\/fr\/wp-json\/wp\/v2\/product\/3873","targetHints":{"allow":["GET"]}}],"collection":[{"href":"https:\/\/chauvetdj-ils.com\/fr\/wp-json\/wp\/v2\/product"}],"about":[{"href":"https:\/\/chauvetdj-ils.com\/fr\/wp-json\/wp\/v2\/types\/product"}],"replies":[{"embeddable":true,"href":"https:\/\/chauvetdj-ils.com\/fr\/wp-json\/wp\/v2\/comments?post=3873"}],"wp:featuredmedia":[{"embeddable":true,"href":"https:\/\/chauvetdj-ils.com\/fr\/wp-json\/wp\/v2\/media\/4296"}],"wp:attachment":[{"href":"https:\/\/chauvetdj-ils.com\/fr\/wp-json\/wp\/v2\/media?parent=3873"}],"wp:term":[{"taxonomy":"product_cat","embeddable":true,"href":"https:\/\/chauvetdj-ils.com\/fr\/wp-json\/wp\/v2\/product_cat?post=3873"},{"taxonomy":"product_tag","embeddable":true,"href":"https:\/\/chauvetdj-ils.com\/fr\/wp-json\/wp\/v2\/product_tag?post=3873"}],"curies":[{"name":"wp","href":"https:\/\/api.w.org\/{rel}","templated":true}]}}