{"id":4750,"date":"2024-07-30T19:19:10","date_gmt":"2024-07-30T19:19:10","guid":{"rendered":"https:\/\/chauvetdj-ils.com\/product\/colorstrip-pix-ils\/"},"modified":"2024-10-17T16:39:25","modified_gmt":"2024-10-17T16:39:25","slug":"colorstrip-pix-ils","status":"publish","type":"product","link":"https:\/\/chauvetdj-ils.com\/fr\/produit\/colorstrip-pix-ils\/","title":{"rendered":"COLORstrip PiX ILS"},"content":{"rendered":"<p>Cr\u00e9ez des visuels remarquables pour vos \u00e9v\u00e9nements avec COLORstrip PiX ILS. Ce strip LED mont\u00e9 sur une barre est dot\u00e9 d\u2019un tout nouveau syst\u00e8me de lentilles vous permettant de cr\u00e9er des wash sublimes ainsi que des effets captivants, comme vous n\u2019en avez jamais vu avec ses 40 LEDs trois couleurs (Rouge, Vert, Bleu). Comme elle est compatible ILS, vous pouvez d\u00e9clencher des s\u00e9quences lumineuses coordonn\u00e9es avec d\u2019autres projecteurs. C\u2019est aussi simple que de compter jusqu\u2019\u00e0 3 ! Un projecteur avec une optique innovante et des couleurs magnifiques pour \u00e9gayer toutes vos prestations.<\/p>\n","protected":false},"excerpt":{"rendered":"<p>Cr\u00e9ez des visuels remarquables pour vos \u00e9v\u00e9nements avec COLORstrip PiX ILS. Ce strip LED mont\u00e9 sur une barre est dot\u00e9 d\u2019un tout nouveau syst\u00e8me de lentilles vous permettant de cr\u00e9er des wash sublimes ainsi que des effets captivants, comme vous n\u2019en avez jamais vu avec ses 40 LEDs trois couleurs (Rouge, Vert, Bleu). Comme elle [&hellip;]<\/p>\n","protected":false},"featured_media":4735,"comment_status":"open","ping_status":"closed","template":"","meta":[],"product_cat":[58,103],"product_tag":[],"class_list":{"0":"post-4750","1":"product","2":"type-product","3":"status-publish","4":"has-post-thumbnail","6":"product_cat-ils-fr","7":"product_cat-nouveau","9":"first","10":"instock","11":"shipping-taxable","12":"product-type-simple"},"acf":[],"yoast_head":"<!-- This site is optimized with the Yoast SEO plugin v27.1.1 - https:\/\/yoast.com\/product\/yoast-seo-wordpress\/ -->\n<title>COLORstrip PiX ILS - CHAUVET DJ | Instant Light Shows<\/title>\n<meta name=\"robots\" content=\"index, follow, max-snippet:-1, max-image-preview:large, max-video-preview:-1\" \/>\n<link rel=\"canonical\" href=\"https:\/\/chauvetdj-ils.com\/fr\/produit\/colorstrip-pix-ils\/\" \/>\n<meta property=\"og:locale\" content=\"fr_FR\" \/>\n<meta property=\"og:type\" content=\"article\" \/>\n<meta property=\"og:title\" content=\"COLORstrip PiX ILS - CHAUVET DJ | Instant Light Shows\" \/>\n<meta property=\"og:description\" content=\"Cr\u00e9ez des visuels remarquables pour vos \u00e9v\u00e9nements avec COLORstrip PiX ILS. Ce strip LED mont\u00e9 sur une barre est dot\u00e9 d\u2019un tout nouveau syst\u00e8me de lentilles vous permettant de cr\u00e9er des wash sublimes ainsi que des effets captivants, comme vous n\u2019en avez jamais vu avec ses 40 LEDs trois couleurs (Rouge, Vert, Bleu). Comme elle [&hellip;]\" \/>\n<meta property=\"og:url\" content=\"https:\/\/chauvetdj-ils.com\/fr\/produit\/colorstrip-pix-ils\/\" \/>\n<meta property=\"og:site_name\" content=\"CHAUVET DJ | Instant Light Shows\" \/>\n<meta property=\"article:modified_time\" content=\"2024-10-17T16:39:25+00:00\" \/>\n<meta property=\"og:image\" content=\"https:\/\/chauvetdj-ils.com\/wp-content\/uploads\/2024\/07\/COLORSTRIP-PIX-ILS-FRONT-OFF.jpg\" \/>\n\t<meta property=\"og:image:width\" content=\"800\" \/>\n\t<meta property=\"og:image:height\" content=\"800\" \/>\n\t<meta property=\"og:image:type\" content=\"image\/jpeg\" \/>\n<meta name=\"twitter:card\" content=\"summary_large_image\" \/>\n<meta name=\"twitter:label1\" content=\"Est. reading time\" \/>\n\t<meta name=\"twitter:data1\" content=\"1 minute\" \/>\n<script type=\"application\/ld+json\" class=\"yoast-schema-graph\">{\"@context\":\"https:\/\/schema.org\",\"@graph\":[{\"@type\":\"WebPage\",\"@id\":\"https:\/\/chauvetdj-ils.com\/fr\/produit\/colorstrip-pix-ils\/\",\"url\":\"https:\/\/chauvetdj-ils.com\/fr\/produit\/colorstrip-pix-ils\/\",\"name\":\"COLORstrip PiX ILS - CHAUVET DJ | Instant Light Shows\",\"isPartOf\":{\"@id\":\"https:\/\/chauvetdj-ils.com\/#website\"},\"primaryImageOfPage\":{\"@id\":\"https:\/\/chauvetdj-ils.com\/fr\/produit\/colorstrip-pix-ils\/#primaryimage\"},\"image\":{\"@id\":\"https:\/\/chauvetdj-ils.com\/fr\/produit\/colorstrip-pix-ils\/#primaryimage\"},\"thumbnailUrl\":\"https:\/\/chauvetdj-ils.com\/wp-content\/uploads\/2024\/07\/COLORSTRIP-PIX-ILS-FRONT-OFF.jpg\",\"datePublished\":\"2024-07-30T19:19:10+00:00\",\"dateModified\":\"2024-10-17T16:39:25+00:00\",\"breadcrumb\":{\"@id\":\"https:\/\/chauvetdj-ils.com\/fr\/produit\/colorstrip-pix-ils\/#breadcrumb\"},\"inLanguage\":\"fr-FR\",\"potentialAction\":[{\"@type\":\"ReadAction\",\"target\":[\"https:\/\/chauvetdj-ils.com\/fr\/produit\/colorstrip-pix-ils\/\"]}]},{\"@type\":\"ImageObject\",\"inLanguage\":\"fr-FR\",\"@id\":\"https:\/\/chauvetdj-ils.com\/fr\/produit\/colorstrip-pix-ils\/#primaryimage\",\"url\":\"https:\/\/chauvetdj-ils.com\/wp-content\/uploads\/2024\/07\/COLORSTRIP-PIX-ILS-FRONT-OFF.jpg\",\"contentUrl\":\"https:\/\/chauvetdj-ils.com\/wp-content\/uploads\/2024\/07\/COLORSTRIP-PIX-ILS-FRONT-OFF.jpg\",\"width\":800,\"height\":800},{\"@type\":\"BreadcrumbList\",\"@id\":\"https:\/\/chauvetdj-ils.com\/fr\/produit\/colorstrip-pix-ils\/#breadcrumb\",\"itemListElement\":[{\"@type\":\"ListItem\",\"position\":1,\"name\":\"Home\",\"item\":\"https:\/\/chauvetdj-ils.com\/fr\/\"},{\"@type\":\"ListItem\",\"position\":2,\"name\":\"Home\",\"item\":\"https:\/\/chauvetdj-ils.com\/fr\/\"},{\"@type\":\"ListItem\",\"position\":3,\"name\":\"COLORstrip PiX ILS\"}]},{\"@type\":\"WebSite\",\"@id\":\"https:\/\/chauvetdj-ils.com\/#website\",\"url\":\"https:\/\/chauvetdj-ils.com\/\",\"name\":\"CHAUVET DJ | Instant Light Shows\",\"description\":\"\",\"publisher\":{\"@id\":\"https:\/\/chauvetdj-ils.com\/#organization\"},\"potentialAction\":[{\"@type\":\"SearchAction\",\"target\":{\"@type\":\"EntryPoint\",\"urlTemplate\":\"https:\/\/chauvetdj-ils.com\/?s={search_term_string}\"},\"query-input\":{\"@type\":\"PropertyValueSpecification\",\"valueRequired\":true,\"valueName\":\"search_term_string\"}}],\"inLanguage\":\"fr-FR\"},{\"@type\":\"Organization\",\"@id\":\"https:\/\/chauvetdj-ils.com\/#organization\",\"name\":\"CHAUVET DJ | Instant Light Shows\",\"url\":\"https:\/\/chauvetdj-ils.com\/\",\"logo\":{\"@type\":\"ImageObject\",\"inLanguage\":\"fr-FR\",\"@id\":\"https:\/\/chauvetdj-ils.com\/#\/schema\/logo\/image\/\",\"url\":\"https:\/\/chauvetdj-ils.com\/wp-content\/uploads\/2023\/11\/dj-logo.png\",\"contentUrl\":\"https:\/\/chauvetdj-ils.com\/wp-content\/uploads\/2023\/11\/dj-logo.png\",\"width\":253,\"height\":100,\"caption\":\"CHAUVET DJ | Instant Light Shows\"},\"image\":{\"@id\":\"https:\/\/chauvetdj-ils.com\/#\/schema\/logo\/image\/\"}}]}<\/script>\n<!-- \/ Yoast SEO plugin. -->","yoast_head_json":{"title":"COLORstrip PiX ILS - CHAUVET DJ | Instant Light Shows","robots":{"index":"index","follow":"follow","max-snippet":"max-snippet:-1","max-image-preview":"max-image-preview:large","max-video-preview":"max-video-preview:-1"},"canonical":"https:\/\/chauvetdj-ils.com\/fr\/produit\/colorstrip-pix-ils\/","og_locale":"fr_FR","og_type":"article","og_title":"COLORstrip PiX ILS - CHAUVET DJ | Instant Light Shows","og_description":"Cr\u00e9ez des visuels remarquables pour vos \u00e9v\u00e9nements avec COLORstrip PiX ILS. Ce strip LED mont\u00e9 sur une barre est dot\u00e9 d\u2019un tout nouveau syst\u00e8me de lentilles vous permettant de cr\u00e9er des wash sublimes ainsi que des effets captivants, comme vous n\u2019en avez jamais vu avec ses 40 LEDs trois couleurs (Rouge, Vert, Bleu). Comme elle [&hellip;]","og_url":"https:\/\/chauvetdj-ils.com\/fr\/produit\/colorstrip-pix-ils\/","og_site_name":"CHAUVET DJ | Instant Light Shows","article_modified_time":"2024-10-17T16:39:25+00:00","og_image":[{"width":800,"height":800,"url":"https:\/\/chauvetdj-ils.com\/wp-content\/uploads\/2024\/07\/COLORSTRIP-PIX-ILS-FRONT-OFF.jpg","type":"image\/jpeg"}],"twitter_card":"summary_large_image","twitter_misc":{"Est. reading time":"1 minute"},"schema":{"@context":"https:\/\/schema.org","@graph":[{"@type":"WebPage","@id":"https:\/\/chauvetdj-ils.com\/fr\/produit\/colorstrip-pix-ils\/","url":"https:\/\/chauvetdj-ils.com\/fr\/produit\/colorstrip-pix-ils\/","name":"COLORstrip PiX ILS - CHAUVET DJ | Instant Light Shows","isPartOf":{"@id":"https:\/\/chauvetdj-ils.com\/#website"},"primaryImageOfPage":{"@id":"https:\/\/chauvetdj-ils.com\/fr\/produit\/colorstrip-pix-ils\/#primaryimage"},"image":{"@id":"https:\/\/chauvetdj-ils.com\/fr\/produit\/colorstrip-pix-ils\/#primaryimage"},"thumbnailUrl":"https:\/\/chauvetdj-ils.com\/wp-content\/uploads\/2024\/07\/COLORSTRIP-PIX-ILS-FRONT-OFF.jpg","datePublished":"2024-07-30T19:19:10+00:00","dateModified":"2024-10-17T16:39:25+00:00","breadcrumb":{"@id":"https:\/\/chauvetdj-ils.com\/fr\/produit\/colorstrip-pix-ils\/#breadcrumb"},"inLanguage":"fr-FR","potentialAction":[{"@type":"ReadAction","target":["https:\/\/chauvetdj-ils.com\/fr\/produit\/colorstrip-pix-ils\/"]}]},{"@type":"ImageObject","inLanguage":"fr-FR","@id":"https:\/\/chauvetdj-ils.com\/fr\/produit\/colorstrip-pix-ils\/#primaryimage","url":"https:\/\/chauvetdj-ils.com\/wp-content\/uploads\/2024\/07\/COLORSTRIP-PIX-ILS-FRONT-OFF.jpg","contentUrl":"https:\/\/chauvetdj-ils.com\/wp-content\/uploads\/2024\/07\/COLORSTRIP-PIX-ILS-FRONT-OFF.jpg","width":800,"height":800},{"@type":"BreadcrumbList","@id":"https:\/\/chauvetdj-ils.com\/fr\/produit\/colorstrip-pix-ils\/#breadcrumb","itemListElement":[{"@type":"ListItem","position":1,"name":"Home","item":"https:\/\/chauvetdj-ils.com\/fr\/"},{"@type":"ListItem","position":2,"name":"Home","item":"https:\/\/chauvetdj-ils.com\/fr\/"},{"@type":"ListItem","position":3,"name":"COLORstrip PiX ILS"}]},{"@type":"WebSite","@id":"https:\/\/chauvetdj-ils.com\/#website","url":"https:\/\/chauvetdj-ils.com\/","name":"CHAUVET DJ | Instant Light Shows","description":"","publisher":{"@id":"https:\/\/chauvetdj-ils.com\/#organization"},"potentialAction":[{"@type":"SearchAction","target":{"@type":"EntryPoint","urlTemplate":"https:\/\/chauvetdj-ils.com\/?s={search_term_string}"},"query-input":{"@type":"PropertyValueSpecification","valueRequired":true,"valueName":"search_term_string"}}],"inLanguage":"fr-FR"},{"@type":"Organization","@id":"https:\/\/chauvetdj-ils.com\/#organization","name":"CHAUVET DJ | Instant Light Shows","url":"https:\/\/chauvetdj-ils.com\/","logo":{"@type":"ImageObject","inLanguage":"fr-FR","@id":"https:\/\/chauvetdj-ils.com\/#\/schema\/logo\/image\/","url":"https:\/\/chauvetdj-ils.com\/wp-content\/uploads\/2023\/11\/dj-logo.png","contentUrl":"https:\/\/chauvetdj-ils.com\/wp-content\/uploads\/2023\/11\/dj-logo.png","width":253,"height":100,"caption":"CHAUVET DJ | Instant Light Shows"},"image":{"@id":"https:\/\/chauvetdj-ils.com\/#\/schema\/logo\/image\/"}}]}},"_links":{"self":[{"href":"https:\/\/chauvetdj-ils.com\/fr\/wp-json\/wp\/v2\/product\/4750","targetHints":{"allow":["GET"]}}],"collection":[{"href":"https:\/\/chauvetdj-ils.com\/fr\/wp-json\/wp\/v2\/product"}],"about":[{"href":"https:\/\/chauvetdj-ils.com\/fr\/wp-json\/wp\/v2\/types\/product"}],"replies":[{"embeddable":true,"href":"https:\/\/chauvetdj-ils.com\/fr\/wp-json\/wp\/v2\/comments?post=4750"}],"wp:featuredmedia":[{"embeddable":true,"href":"https:\/\/chauvetdj-ils.com\/fr\/wp-json\/wp\/v2\/media\/4735"}],"wp:attachment":[{"href":"https:\/\/chauvetdj-ils.com\/fr\/wp-json\/wp\/v2\/media?parent=4750"}],"wp:term":[{"taxonomy":"product_cat","embeddable":true,"href":"https:\/\/chauvetdj-ils.com\/fr\/wp-json\/wp\/v2\/product_cat?post=4750"},{"taxonomy":"product_tag","embeddable":true,"href":"https:\/\/chauvetdj-ils.com\/fr\/wp-json\/wp\/v2\/product_tag?post=4750"}],"curies":[{"name":"wp","href":"https:\/\/api.w.org\/{rel}","templated":true}]}}