{"id":5064,"date":"2025-09-09T15:53:46","date_gmt":"2025-09-09T15:53:46","guid":{"rendered":"https:\/\/chauvetdj-ils.com\/product\/slimpar-56-ils\/"},"modified":"2025-09-09T15:55:32","modified_gmt":"2025-09-09T15:55:32","slug":"slimpar-56-ils","status":"publish","type":"product","link":"https:\/\/chauvetdj-ils.com\/fr\/produit\/slimpar-56-ils\/","title":{"rendered":"SlimPAR 56 ILS"},"content":{"rendered":"<p>Des exp\u00e9riences inoubliables et pleines de couleurs pour vos \u00e9v\u00e9nements avec SlimPAR 56 ILS. Facile et rapide \u00e0 mettre en place, c\u2019est l\u2019\u00e9clairage DJ polyvalent qui convient \u00e0 toute sc\u00e9nographie. Compact et l\u00e9ger, ce wash est \u00e9quip\u00e9 108 LED tricolores (rouge, vert et bleu). Cr\u00e9ez des show lumineux instantan\u00e9ment synchronis\u00e9 sans fil et sans DMX gr\u00e2ce \u00e0 la a compatibilit\u00e9 ILS : 1, 2, 3\u2026 Partez ! Pour une utilisation statique, l\u2019acc\u00e8s pratique aux menus int\u00e9gr\u00e9s est pr\u00e9vu. Reliez plusieurs unit\u00e9s entre elles, et cr\u00e9ez des moments inoubliables dans n\u2019importe quel espace avec \u00e0 ce projecteur \u00e9l\u00e9gant.<\/p>\n","protected":false},"excerpt":{"rendered":"<p>Des exp\u00e9riences inoubliables et pleines de couleurs pour vos \u00e9v\u00e9nements avec SlimPAR 56 ILS. Facile et rapide \u00e0 mettre en place, c\u2019est l\u2019\u00e9clairage DJ polyvalent qui convient \u00e0 toute sc\u00e9nographie. Compact et l\u00e9ger, ce wash est \u00e9quip\u00e9 108 LED tricolores (rouge, vert et bleu). Cr\u00e9ez des show lumineux instantan\u00e9ment synchronis\u00e9 sans fil et sans DMX [&hellip;]<\/p>\n","protected":false},"featured_media":5061,"comment_status":"open","ping_status":"closed","template":"","meta":[],"product_cat":[58,103],"product_tag":[],"class_list":{"0":"post-5064","1":"product","2":"type-product","3":"status-publish","4":"has-post-thumbnail","6":"product_cat-ils-fr","7":"product_cat-nouveau","9":"first","10":"instock","11":"shipping-taxable","12":"product-type-simple"},"acf":[],"yoast_head":"<!-- This site is optimized with the Yoast SEO plugin v27.1.1 - https:\/\/yoast.com\/product\/yoast-seo-wordpress\/ -->\n<title>SlimPAR 56 ILS - CHAUVET DJ | Instant Light Shows<\/title>\n<meta name=\"robots\" content=\"index, follow, max-snippet:-1, max-image-preview:large, max-video-preview:-1\" \/>\n<link rel=\"canonical\" href=\"https:\/\/chauvetdj-ils.com\/fr\/produit\/slimpar-56-ils\/\" \/>\n<meta property=\"og:locale\" content=\"fr_FR\" \/>\n<meta property=\"og:type\" content=\"article\" \/>\n<meta property=\"og:title\" content=\"SlimPAR 56 ILS - CHAUVET DJ | Instant Light Shows\" \/>\n<meta property=\"og:description\" content=\"Des exp\u00e9riences inoubliables et pleines de couleurs pour vos \u00e9v\u00e9nements avec SlimPAR 56 ILS. Facile et rapide \u00e0 mettre en place, c\u2019est l\u2019\u00e9clairage DJ polyvalent qui convient \u00e0 toute sc\u00e9nographie. Compact et l\u00e9ger, ce wash est \u00e9quip\u00e9 108 LED tricolores (rouge, vert et bleu). Cr\u00e9ez des show lumineux instantan\u00e9ment synchronis\u00e9 sans fil et sans DMX [&hellip;]\" \/>\n<meta property=\"og:url\" content=\"https:\/\/chauvetdj-ils.com\/fr\/produit\/slimpar-56-ils\/\" \/>\n<meta property=\"og:site_name\" content=\"CHAUVET DJ | Instant Light Shows\" \/>\n<meta property=\"article:modified_time\" content=\"2025-09-09T15:55:32+00:00\" \/>\n<meta property=\"og:image\" content=\"https:\/\/chauvetdj-ils.com\/wp-content\/uploads\/2024\/07\/SlimPAR-56-ILS-FRONT-OFF-Featured.jpg\" \/>\n\t<meta property=\"og:image:width\" content=\"800\" \/>\n\t<meta property=\"og:image:height\" content=\"800\" \/>\n\t<meta property=\"og:image:type\" content=\"image\/jpeg\" \/>\n<meta name=\"twitter:card\" content=\"summary_large_image\" \/>\n<meta name=\"twitter:label1\" content=\"Est. reading time\" \/>\n\t<meta name=\"twitter:data1\" content=\"1 minute\" \/>\n<script type=\"application\/ld+json\" class=\"yoast-schema-graph\">{\"@context\":\"https:\/\/schema.org\",\"@graph\":[{\"@type\":\"WebPage\",\"@id\":\"https:\/\/chauvetdj-ils.com\/fr\/produit\/slimpar-56-ils\/\",\"url\":\"https:\/\/chauvetdj-ils.com\/fr\/produit\/slimpar-56-ils\/\",\"name\":\"SlimPAR 56 ILS - CHAUVET DJ | Instant Light Shows\",\"isPartOf\":{\"@id\":\"https:\/\/chauvetdj-ils.com\/#website\"},\"primaryImageOfPage\":{\"@id\":\"https:\/\/chauvetdj-ils.com\/fr\/produit\/slimpar-56-ils\/#primaryimage\"},\"image\":{\"@id\":\"https:\/\/chauvetdj-ils.com\/fr\/produit\/slimpar-56-ils\/#primaryimage\"},\"thumbnailUrl\":\"https:\/\/chauvetdj-ils.com\/wp-content\/uploads\/2024\/07\/SlimPAR-56-ILS-FRONT-OFF-Featured.jpg\",\"datePublished\":\"2025-09-09T15:53:46+00:00\",\"dateModified\":\"2025-09-09T15:55:32+00:00\",\"breadcrumb\":{\"@id\":\"https:\/\/chauvetdj-ils.com\/fr\/produit\/slimpar-56-ils\/#breadcrumb\"},\"inLanguage\":\"fr-FR\",\"potentialAction\":[{\"@type\":\"ReadAction\",\"target\":[\"https:\/\/chauvetdj-ils.com\/fr\/produit\/slimpar-56-ils\/\"]}]},{\"@type\":\"ImageObject\",\"inLanguage\":\"fr-FR\",\"@id\":\"https:\/\/chauvetdj-ils.com\/fr\/produit\/slimpar-56-ils\/#primaryimage\",\"url\":\"https:\/\/chauvetdj-ils.com\/wp-content\/uploads\/2024\/07\/SlimPAR-56-ILS-FRONT-OFF-Featured.jpg\",\"contentUrl\":\"https:\/\/chauvetdj-ils.com\/wp-content\/uploads\/2024\/07\/SlimPAR-56-ILS-FRONT-OFF-Featured.jpg\",\"width\":800,\"height\":800},{\"@type\":\"BreadcrumbList\",\"@id\":\"https:\/\/chauvetdj-ils.com\/fr\/produit\/slimpar-56-ils\/#breadcrumb\",\"itemListElement\":[{\"@type\":\"ListItem\",\"position\":1,\"name\":\"Home\",\"item\":\"https:\/\/chauvetdj-ils.com\/fr\/\"},{\"@type\":\"ListItem\",\"position\":2,\"name\":\"Home\",\"item\":\"https:\/\/chauvetdj-ils.com\/fr\/\"},{\"@type\":\"ListItem\",\"position\":3,\"name\":\"SlimPAR 56 ILS\"}]},{\"@type\":\"WebSite\",\"@id\":\"https:\/\/chauvetdj-ils.com\/#website\",\"url\":\"https:\/\/chauvetdj-ils.com\/\",\"name\":\"CHAUVET DJ | Instant Light Shows\",\"description\":\"\",\"publisher\":{\"@id\":\"https:\/\/chauvetdj-ils.com\/#organization\"},\"potentialAction\":[{\"@type\":\"SearchAction\",\"target\":{\"@type\":\"EntryPoint\",\"urlTemplate\":\"https:\/\/chauvetdj-ils.com\/?s={search_term_string}\"},\"query-input\":{\"@type\":\"PropertyValueSpecification\",\"valueRequired\":true,\"valueName\":\"search_term_string\"}}],\"inLanguage\":\"fr-FR\"},{\"@type\":\"Organization\",\"@id\":\"https:\/\/chauvetdj-ils.com\/#organization\",\"name\":\"CHAUVET DJ | Instant Light Shows\",\"url\":\"https:\/\/chauvetdj-ils.com\/\",\"logo\":{\"@type\":\"ImageObject\",\"inLanguage\":\"fr-FR\",\"@id\":\"https:\/\/chauvetdj-ils.com\/#\/schema\/logo\/image\/\",\"url\":\"https:\/\/chauvetdj-ils.com\/wp-content\/uploads\/2023\/11\/dj-logo.png\",\"contentUrl\":\"https:\/\/chauvetdj-ils.com\/wp-content\/uploads\/2023\/11\/dj-logo.png\",\"width\":253,\"height\":100,\"caption\":\"CHAUVET DJ | Instant Light Shows\"},\"image\":{\"@id\":\"https:\/\/chauvetdj-ils.com\/#\/schema\/logo\/image\/\"}}]}<\/script>\n<!-- \/ Yoast SEO plugin. -->","yoast_head_json":{"title":"SlimPAR 56 ILS - CHAUVET DJ | Instant Light Shows","robots":{"index":"index","follow":"follow","max-snippet":"max-snippet:-1","max-image-preview":"max-image-preview:large","max-video-preview":"max-video-preview:-1"},"canonical":"https:\/\/chauvetdj-ils.com\/fr\/produit\/slimpar-56-ils\/","og_locale":"fr_FR","og_type":"article","og_title":"SlimPAR 56 ILS - CHAUVET DJ | Instant Light Shows","og_description":"Des exp\u00e9riences inoubliables et pleines de couleurs pour vos \u00e9v\u00e9nements avec SlimPAR 56 ILS. Facile et rapide \u00e0 mettre en place, c\u2019est l\u2019\u00e9clairage DJ polyvalent qui convient \u00e0 toute sc\u00e9nographie. Compact et l\u00e9ger, ce wash est \u00e9quip\u00e9 108 LED tricolores (rouge, vert et bleu). Cr\u00e9ez des show lumineux instantan\u00e9ment synchronis\u00e9 sans fil et sans DMX [&hellip;]","og_url":"https:\/\/chauvetdj-ils.com\/fr\/produit\/slimpar-56-ils\/","og_site_name":"CHAUVET DJ | Instant Light Shows","article_modified_time":"2025-09-09T15:55:32+00:00","og_image":[{"width":800,"height":800,"url":"https:\/\/chauvetdj-ils.com\/wp-content\/uploads\/2024\/07\/SlimPAR-56-ILS-FRONT-OFF-Featured.jpg","type":"image\/jpeg"}],"twitter_card":"summary_large_image","twitter_misc":{"Est. reading time":"1 minute"},"schema":{"@context":"https:\/\/schema.org","@graph":[{"@type":"WebPage","@id":"https:\/\/chauvetdj-ils.com\/fr\/produit\/slimpar-56-ils\/","url":"https:\/\/chauvetdj-ils.com\/fr\/produit\/slimpar-56-ils\/","name":"SlimPAR 56 ILS - CHAUVET DJ | Instant Light Shows","isPartOf":{"@id":"https:\/\/chauvetdj-ils.com\/#website"},"primaryImageOfPage":{"@id":"https:\/\/chauvetdj-ils.com\/fr\/produit\/slimpar-56-ils\/#primaryimage"},"image":{"@id":"https:\/\/chauvetdj-ils.com\/fr\/produit\/slimpar-56-ils\/#primaryimage"},"thumbnailUrl":"https:\/\/chauvetdj-ils.com\/wp-content\/uploads\/2024\/07\/SlimPAR-56-ILS-FRONT-OFF-Featured.jpg","datePublished":"2025-09-09T15:53:46+00:00","dateModified":"2025-09-09T15:55:32+00:00","breadcrumb":{"@id":"https:\/\/chauvetdj-ils.com\/fr\/produit\/slimpar-56-ils\/#breadcrumb"},"inLanguage":"fr-FR","potentialAction":[{"@type":"ReadAction","target":["https:\/\/chauvetdj-ils.com\/fr\/produit\/slimpar-56-ils\/"]}]},{"@type":"ImageObject","inLanguage":"fr-FR","@id":"https:\/\/chauvetdj-ils.com\/fr\/produit\/slimpar-56-ils\/#primaryimage","url":"https:\/\/chauvetdj-ils.com\/wp-content\/uploads\/2024\/07\/SlimPAR-56-ILS-FRONT-OFF-Featured.jpg","contentUrl":"https:\/\/chauvetdj-ils.com\/wp-content\/uploads\/2024\/07\/SlimPAR-56-ILS-FRONT-OFF-Featured.jpg","width":800,"height":800},{"@type":"BreadcrumbList","@id":"https:\/\/chauvetdj-ils.com\/fr\/produit\/slimpar-56-ils\/#breadcrumb","itemListElement":[{"@type":"ListItem","position":1,"name":"Home","item":"https:\/\/chauvetdj-ils.com\/fr\/"},{"@type":"ListItem","position":2,"name":"Home","item":"https:\/\/chauvetdj-ils.com\/fr\/"},{"@type":"ListItem","position":3,"name":"SlimPAR 56 ILS"}]},{"@type":"WebSite","@id":"https:\/\/chauvetdj-ils.com\/#website","url":"https:\/\/chauvetdj-ils.com\/","name":"CHAUVET DJ | Instant Light Shows","description":"","publisher":{"@id":"https:\/\/chauvetdj-ils.com\/#organization"},"potentialAction":[{"@type":"SearchAction","target":{"@type":"EntryPoint","urlTemplate":"https:\/\/chauvetdj-ils.com\/?s={search_term_string}"},"query-input":{"@type":"PropertyValueSpecification","valueRequired":true,"valueName":"search_term_string"}}],"inLanguage":"fr-FR"},{"@type":"Organization","@id":"https:\/\/chauvetdj-ils.com\/#organization","name":"CHAUVET DJ | Instant Light Shows","url":"https:\/\/chauvetdj-ils.com\/","logo":{"@type":"ImageObject","inLanguage":"fr-FR","@id":"https:\/\/chauvetdj-ils.com\/#\/schema\/logo\/image\/","url":"https:\/\/chauvetdj-ils.com\/wp-content\/uploads\/2023\/11\/dj-logo.png","contentUrl":"https:\/\/chauvetdj-ils.com\/wp-content\/uploads\/2023\/11\/dj-logo.png","width":253,"height":100,"caption":"CHAUVET DJ | Instant Light Shows"},"image":{"@id":"https:\/\/chauvetdj-ils.com\/#\/schema\/logo\/image\/"}}]}},"_links":{"self":[{"href":"https:\/\/chauvetdj-ils.com\/fr\/wp-json\/wp\/v2\/product\/5064","targetHints":{"allow":["GET"]}}],"collection":[{"href":"https:\/\/chauvetdj-ils.com\/fr\/wp-json\/wp\/v2\/product"}],"about":[{"href":"https:\/\/chauvetdj-ils.com\/fr\/wp-json\/wp\/v2\/types\/product"}],"replies":[{"embeddable":true,"href":"https:\/\/chauvetdj-ils.com\/fr\/wp-json\/wp\/v2\/comments?post=5064"}],"wp:featuredmedia":[{"embeddable":true,"href":"https:\/\/chauvetdj-ils.com\/fr\/wp-json\/wp\/v2\/media\/5061"}],"wp:attachment":[{"href":"https:\/\/chauvetdj-ils.com\/fr\/wp-json\/wp\/v2\/media?parent=5064"}],"wp:term":[{"taxonomy":"product_cat","embeddable":true,"href":"https:\/\/chauvetdj-ils.com\/fr\/wp-json\/wp\/v2\/product_cat?post=5064"},{"taxonomy":"product_tag","embeddable":true,"href":"https:\/\/chauvetdj-ils.com\/fr\/wp-json\/wp\/v2\/product_tag?post=5064"}],"curies":[{"name":"wp","href":"https:\/\/api.w.org\/{rel}","templated":true}]}}