{"id":5274,"date":"2026-01-09T14:51:15","date_gmt":"2026-01-09T14:51:15","guid":{"rendered":"https:\/\/chauvetdj-ils.com\/product\/colorband-spectra-ils\/"},"modified":"2026-01-09T15:08:23","modified_gmt":"2026-01-09T15:08:23","slug":"colorband-spectra-ils","status":"publish","type":"product","link":"https:\/\/chauvetdj-ils.com\/fr\/produit\/colorband-spectra-ils\/","title":{"rendered":"COLORband Spectra ILS"},"content":{"rendered":"<p>Ne faites pas qu\u2019\u00e9clairer un espace : animez-le. COLORband Spectra ILS est un strip LED motoris\u00e9, \u00e0 int\u00e9grer discr\u00e8tement dans vos prestations pour en sublimer chaque instant. Laissez la lumi\u00e8re faire le show avec ses balayages \u00e9nergiques, ses explosions de couleurs et effets de pixels captivants. Avec ses 40 sources LED matri\u00e7ables, m\u00e9langez blancs chauds et teintes vibrantes. Gardez le contr\u00f4le de l\u2019ambiance avec son tilt de 180\u00b0, et agissez sur votre \u00e9clairage avec ILS Command pour d\u00e9clencher des s\u00e9quences lumineuses parfaitement synchronis\u00e9es \u00e0 travers votre kit CHAUVET DJ. Pour une ambiance de mariage romantique, dans une discoth\u00e8que ou sur un toit, COLORband Spectra ILS vous offre un arsenal cr\u00e9atif qui marque les esprits.<\/p>\n","protected":false},"excerpt":{"rendered":"<p>Ne faites pas qu\u2019\u00e9clairer un espace : animez-le. COLORband Spectra ILS est un strip LED motoris\u00e9, \u00e0 int\u00e9grer discr\u00e8tement dans vos prestations pour en sublimer chaque instant. Laissez la lumi\u00e8re faire le show avec ses balayages \u00e9nergiques, ses explosions de couleurs et effets de pixels captivants. Avec ses 40 sources LED matri\u00e7ables, m\u00e9langez blancs chauds [&hellip;]<\/p>\n","protected":false},"featured_media":5251,"comment_status":"open","ping_status":"closed","template":"","meta":[],"product_cat":[58,103],"product_tag":[],"class_list":{"0":"post-5274","1":"product","2":"type-product","3":"status-publish","4":"has-post-thumbnail","6":"product_cat-ils-fr","7":"product_cat-nouveau","9":"first","10":"instock","11":"shipping-taxable","12":"product-type-simple"},"acf":[],"yoast_head":"<!-- This site is optimized with the Yoast SEO plugin v27.1.1 - https:\/\/yoast.com\/product\/yoast-seo-wordpress\/ -->\n<title>COLORband Spectra ILS - CHAUVET DJ | Instant Light Shows<\/title>\n<meta name=\"robots\" content=\"index, follow, max-snippet:-1, max-image-preview:large, max-video-preview:-1\" \/>\n<link rel=\"canonical\" href=\"https:\/\/chauvetdj-ils.com\/fr\/produit\/colorband-spectra-ils\/\" \/>\n<meta property=\"og:locale\" content=\"fr_FR\" \/>\n<meta property=\"og:type\" content=\"article\" \/>\n<meta property=\"og:title\" content=\"COLORband Spectra ILS - CHAUVET DJ | Instant Light Shows\" \/>\n<meta property=\"og:description\" content=\"Ne faites pas qu\u2019\u00e9clairer un espace : animez-le. COLORband Spectra ILS est un strip LED motoris\u00e9, \u00e0 int\u00e9grer discr\u00e8tement dans vos prestations pour en sublimer chaque instant. Laissez la lumi\u00e8re faire le show avec ses balayages \u00e9nergiques, ses explosions de couleurs et effets de pixels captivants. Avec ses 40 sources LED matri\u00e7ables, m\u00e9langez blancs chauds [&hellip;]\" \/>\n<meta property=\"og:url\" content=\"https:\/\/chauvetdj-ils.com\/fr\/produit\/colorband-spectra-ils\/\" \/>\n<meta property=\"og:site_name\" content=\"CHAUVET DJ | Instant Light Shows\" \/>\n<meta property=\"article:modified_time\" content=\"2026-01-09T15:08:23+00:00\" \/>\n<meta property=\"og:image\" content=\"https:\/\/chauvetdj-ils.com\/wp-content\/uploads\/2026\/01\/COLORband-Spectra-ILS-FRONT-FEAT.png\" \/>\n\t<meta property=\"og:image:width\" content=\"800\" \/>\n\t<meta property=\"og:image:height\" content=\"800\" \/>\n\t<meta property=\"og:image:type\" content=\"image\/png\" \/>\n<meta name=\"twitter:card\" content=\"summary_large_image\" \/>\n<meta name=\"twitter:label1\" content=\"Est. reading time\" \/>\n\t<meta name=\"twitter:data1\" content=\"1 minute\" \/>\n<script type=\"application\/ld+json\" class=\"yoast-schema-graph\">{\"@context\":\"https:\/\/schema.org\",\"@graph\":[{\"@type\":\"WebPage\",\"@id\":\"https:\/\/chauvetdj-ils.com\/fr\/produit\/colorband-spectra-ils\/\",\"url\":\"https:\/\/chauvetdj-ils.com\/fr\/produit\/colorband-spectra-ils\/\",\"name\":\"COLORband Spectra ILS - CHAUVET DJ | Instant Light Shows\",\"isPartOf\":{\"@id\":\"https:\/\/chauvetdj-ils.com\/#website\"},\"primaryImageOfPage\":{\"@id\":\"https:\/\/chauvetdj-ils.com\/fr\/produit\/colorband-spectra-ils\/#primaryimage\"},\"image\":{\"@id\":\"https:\/\/chauvetdj-ils.com\/fr\/produit\/colorband-spectra-ils\/#primaryimage\"},\"thumbnailUrl\":\"https:\/\/chauvetdj-ils.com\/wp-content\/uploads\/2026\/01\/COLORband-Spectra-ILS-FRONT-FEAT.png\",\"datePublished\":\"2026-01-09T14:51:15+00:00\",\"dateModified\":\"2026-01-09T15:08:23+00:00\",\"breadcrumb\":{\"@id\":\"https:\/\/chauvetdj-ils.com\/fr\/produit\/colorband-spectra-ils\/#breadcrumb\"},\"inLanguage\":\"fr-FR\",\"potentialAction\":[{\"@type\":\"ReadAction\",\"target\":[\"https:\/\/chauvetdj-ils.com\/fr\/produit\/colorband-spectra-ils\/\"]}]},{\"@type\":\"ImageObject\",\"inLanguage\":\"fr-FR\",\"@id\":\"https:\/\/chauvetdj-ils.com\/fr\/produit\/colorband-spectra-ils\/#primaryimage\",\"url\":\"https:\/\/chauvetdj-ils.com\/wp-content\/uploads\/2026\/01\/COLORband-Spectra-ILS-FRONT-FEAT.png\",\"contentUrl\":\"https:\/\/chauvetdj-ils.com\/wp-content\/uploads\/2026\/01\/COLORband-Spectra-ILS-FRONT-FEAT.png\",\"width\":800,\"height\":800},{\"@type\":\"BreadcrumbList\",\"@id\":\"https:\/\/chauvetdj-ils.com\/fr\/produit\/colorband-spectra-ils\/#breadcrumb\",\"itemListElement\":[{\"@type\":\"ListItem\",\"position\":1,\"name\":\"Home\",\"item\":\"https:\/\/chauvetdj-ils.com\/fr\/\"},{\"@type\":\"ListItem\",\"position\":2,\"name\":\"Home\",\"item\":\"https:\/\/chauvetdj-ils.com\/fr\/\"},{\"@type\":\"ListItem\",\"position\":3,\"name\":\"COLORband Spectra ILS\"}]},{\"@type\":\"WebSite\",\"@id\":\"https:\/\/chauvetdj-ils.com\/#website\",\"url\":\"https:\/\/chauvetdj-ils.com\/\",\"name\":\"CHAUVET DJ | Instant Light Shows\",\"description\":\"\",\"publisher\":{\"@id\":\"https:\/\/chauvetdj-ils.com\/#organization\"},\"potentialAction\":[{\"@type\":\"SearchAction\",\"target\":{\"@type\":\"EntryPoint\",\"urlTemplate\":\"https:\/\/chauvetdj-ils.com\/?s={search_term_string}\"},\"query-input\":{\"@type\":\"PropertyValueSpecification\",\"valueRequired\":true,\"valueName\":\"search_term_string\"}}],\"inLanguage\":\"fr-FR\"},{\"@type\":\"Organization\",\"@id\":\"https:\/\/chauvetdj-ils.com\/#organization\",\"name\":\"CHAUVET DJ | Instant Light Shows\",\"url\":\"https:\/\/chauvetdj-ils.com\/\",\"logo\":{\"@type\":\"ImageObject\",\"inLanguage\":\"fr-FR\",\"@id\":\"https:\/\/chauvetdj-ils.com\/#\/schema\/logo\/image\/\",\"url\":\"https:\/\/chauvetdj-ils.com\/wp-content\/uploads\/2023\/11\/dj-logo.png\",\"contentUrl\":\"https:\/\/chauvetdj-ils.com\/wp-content\/uploads\/2023\/11\/dj-logo.png\",\"width\":253,\"height\":100,\"caption\":\"CHAUVET DJ | Instant Light Shows\"},\"image\":{\"@id\":\"https:\/\/chauvetdj-ils.com\/#\/schema\/logo\/image\/\"}}]}<\/script>\n<!-- \/ Yoast SEO plugin. -->","yoast_head_json":{"title":"COLORband Spectra ILS - CHAUVET DJ | Instant Light Shows","robots":{"index":"index","follow":"follow","max-snippet":"max-snippet:-1","max-image-preview":"max-image-preview:large","max-video-preview":"max-video-preview:-1"},"canonical":"https:\/\/chauvetdj-ils.com\/fr\/produit\/colorband-spectra-ils\/","og_locale":"fr_FR","og_type":"article","og_title":"COLORband Spectra ILS - CHAUVET DJ | Instant Light Shows","og_description":"Ne faites pas qu\u2019\u00e9clairer un espace : animez-le. COLORband Spectra ILS est un strip LED motoris\u00e9, \u00e0 int\u00e9grer discr\u00e8tement dans vos prestations pour en sublimer chaque instant. Laissez la lumi\u00e8re faire le show avec ses balayages \u00e9nergiques, ses explosions de couleurs et effets de pixels captivants. Avec ses 40 sources LED matri\u00e7ables, m\u00e9langez blancs chauds [&hellip;]","og_url":"https:\/\/chauvetdj-ils.com\/fr\/produit\/colorband-spectra-ils\/","og_site_name":"CHAUVET DJ | Instant Light Shows","article_modified_time":"2026-01-09T15:08:23+00:00","og_image":[{"width":800,"height":800,"url":"https:\/\/chauvetdj-ils.com\/wp-content\/uploads\/2026\/01\/COLORband-Spectra-ILS-FRONT-FEAT.png","type":"image\/png"}],"twitter_card":"summary_large_image","twitter_misc":{"Est. reading time":"1 minute"},"schema":{"@context":"https:\/\/schema.org","@graph":[{"@type":"WebPage","@id":"https:\/\/chauvetdj-ils.com\/fr\/produit\/colorband-spectra-ils\/","url":"https:\/\/chauvetdj-ils.com\/fr\/produit\/colorband-spectra-ils\/","name":"COLORband Spectra ILS - CHAUVET DJ | Instant Light Shows","isPartOf":{"@id":"https:\/\/chauvetdj-ils.com\/#website"},"primaryImageOfPage":{"@id":"https:\/\/chauvetdj-ils.com\/fr\/produit\/colorband-spectra-ils\/#primaryimage"},"image":{"@id":"https:\/\/chauvetdj-ils.com\/fr\/produit\/colorband-spectra-ils\/#primaryimage"},"thumbnailUrl":"https:\/\/chauvetdj-ils.com\/wp-content\/uploads\/2026\/01\/COLORband-Spectra-ILS-FRONT-FEAT.png","datePublished":"2026-01-09T14:51:15+00:00","dateModified":"2026-01-09T15:08:23+00:00","breadcrumb":{"@id":"https:\/\/chauvetdj-ils.com\/fr\/produit\/colorband-spectra-ils\/#breadcrumb"},"inLanguage":"fr-FR","potentialAction":[{"@type":"ReadAction","target":["https:\/\/chauvetdj-ils.com\/fr\/produit\/colorband-spectra-ils\/"]}]},{"@type":"ImageObject","inLanguage":"fr-FR","@id":"https:\/\/chauvetdj-ils.com\/fr\/produit\/colorband-spectra-ils\/#primaryimage","url":"https:\/\/chauvetdj-ils.com\/wp-content\/uploads\/2026\/01\/COLORband-Spectra-ILS-FRONT-FEAT.png","contentUrl":"https:\/\/chauvetdj-ils.com\/wp-content\/uploads\/2026\/01\/COLORband-Spectra-ILS-FRONT-FEAT.png","width":800,"height":800},{"@type":"BreadcrumbList","@id":"https:\/\/chauvetdj-ils.com\/fr\/produit\/colorband-spectra-ils\/#breadcrumb","itemListElement":[{"@type":"ListItem","position":1,"name":"Home","item":"https:\/\/chauvetdj-ils.com\/fr\/"},{"@type":"ListItem","position":2,"name":"Home","item":"https:\/\/chauvetdj-ils.com\/fr\/"},{"@type":"ListItem","position":3,"name":"COLORband Spectra ILS"}]},{"@type":"WebSite","@id":"https:\/\/chauvetdj-ils.com\/#website","url":"https:\/\/chauvetdj-ils.com\/","name":"CHAUVET DJ | Instant Light Shows","description":"","publisher":{"@id":"https:\/\/chauvetdj-ils.com\/#organization"},"potentialAction":[{"@type":"SearchAction","target":{"@type":"EntryPoint","urlTemplate":"https:\/\/chauvetdj-ils.com\/?s={search_term_string}"},"query-input":{"@type":"PropertyValueSpecification","valueRequired":true,"valueName":"search_term_string"}}],"inLanguage":"fr-FR"},{"@type":"Organization","@id":"https:\/\/chauvetdj-ils.com\/#organization","name":"CHAUVET DJ | Instant Light Shows","url":"https:\/\/chauvetdj-ils.com\/","logo":{"@type":"ImageObject","inLanguage":"fr-FR","@id":"https:\/\/chauvetdj-ils.com\/#\/schema\/logo\/image\/","url":"https:\/\/chauvetdj-ils.com\/wp-content\/uploads\/2023\/11\/dj-logo.png","contentUrl":"https:\/\/chauvetdj-ils.com\/wp-content\/uploads\/2023\/11\/dj-logo.png","width":253,"height":100,"caption":"CHAUVET DJ | Instant Light Shows"},"image":{"@id":"https:\/\/chauvetdj-ils.com\/#\/schema\/logo\/image\/"}}]}},"_links":{"self":[{"href":"https:\/\/chauvetdj-ils.com\/fr\/wp-json\/wp\/v2\/product\/5274","targetHints":{"allow":["GET"]}}],"collection":[{"href":"https:\/\/chauvetdj-ils.com\/fr\/wp-json\/wp\/v2\/product"}],"about":[{"href":"https:\/\/chauvetdj-ils.com\/fr\/wp-json\/wp\/v2\/types\/product"}],"replies":[{"embeddable":true,"href":"https:\/\/chauvetdj-ils.com\/fr\/wp-json\/wp\/v2\/comments?post=5274"}],"wp:featuredmedia":[{"embeddable":true,"href":"https:\/\/chauvetdj-ils.com\/fr\/wp-json\/wp\/v2\/media\/5251"}],"wp:attachment":[{"href":"https:\/\/chauvetdj-ils.com\/fr\/wp-json\/wp\/v2\/media?parent=5274"}],"wp:term":[{"taxonomy":"product_cat","embeddable":true,"href":"https:\/\/chauvetdj-ils.com\/fr\/wp-json\/wp\/v2\/product_cat?post=5274"},{"taxonomy":"product_tag","embeddable":true,"href":"https:\/\/chauvetdj-ils.com\/fr\/wp-json\/wp\/v2\/product_tag?post=5274"}],"curies":[{"name":"wp","href":"https:\/\/api.w.org\/{rel}","templated":true}]}}